{"id":52,"date":"2024-09-19T11:02:47","date_gmt":"2024-09-19T14:02:47","guid":{"rendered":"https:\/\/eventos.ifbaiano.edu.br\/portal\/snct-2024-alagoinhas\/?page_id=52"},"modified":"2024-11-06T17:10:02","modified_gmt":"2024-11-06T20:10:02","slug":"inscricoes","status":"publish","type":"page","link":"https:\/\/eventos.ifbaiano.edu.br\/portal\/snct-2024-alagoinhas\/inscricoes\/","title":{"rendered":"Inscri\u00e7\u00f5es"},"content":{"rendered":"\n<p>Temos o prazer de convid\u00e1-lo para participar da 21\u00aa Semana Nacional de Ci\u00eancia e Tecnologia (SNCT), do IF Baiano, <em>Campus <\/em>Alagoinhas! As inscri\u00e7\u00f5es para ouvintes estar\u00e3o abertas de 25 de outubro a 29 de novembro de 2024. Este \u00e9 um momento especial para se conectar com a comunidade acad\u00eamica, absorver conhecimentos valiosos e participar de uma discuss\u00e3o enriquecedora sobre educa\u00e7\u00e3o, ci\u00eancia e tecnologia.<\/p>\n\n\n\n<p>N\u00e3o perca a chance de fazer parte deste evento inspirador. As vagas s\u00e3o limitadas, ent\u00e3o garanta sua inscri\u00e7\u00e3o dentro do prazo!<\/p>\n\n\n\n<p><strong>Abertas as inscri\u00e7\u00f5es para o evento<\/strong>: <strong>de 25 a 29 de novembro de 2024<\/strong><\/p>\n\n\n\n<p><strong><em>Links <\/em>importantes:<\/strong><\/p>\n\n\n\n<ul>\n<li><a href=\"https:\/\/suap.ifbaiano.edu.br\/eventos\/inscricao\/2033\/\"><mark class=\"has-inline-color has-neve-link-hover-color-color\">Inscri\u00e7\u00e3o para ouvintes<\/mark><\/a><\/li>\n\n\n\n<li><a href=\"https:\/\/eventos.ifbaiano.edu.br\/portal\/snct-2024-alagoinhas\/submissao-de-trabalhos\/\" data-type=\"page\" data-id=\"114\"><mark class=\"has-inline-color has-neve-link-color-color\">Submiss\u00e3o de trabalhos<\/mark><\/a><\/li>\n\n\n\n<li><a href=\"https:\/\/suap.ifbaiano.edu.br\/eventos\/inscricao\/1968\/\">Inscri\u00e7\u00f5es para MInicursos e Oficinas<\/a><\/li>\n<\/ul>\n\n\n\n<p><strong>Contamos com sua presen\u00e7a para tornar este evento ainda mais significativo!<\/strong><\/p>\n\n\n\n<p><\/p>\n","protected":false},"excerpt":{"rendered":"<p>Temos o prazer de convid\u00e1-lo para participar da 21\u00aa Semana Nacional de Ci\u00eancia e Tecnologia (SNCT), do IF Baiano, Campus Alagoinhas! As inscri\u00e7\u00f5es para ouvintes estar\u00e3o abertas de 25 de outubro a 29 de novembro de 2024. Este \u00e9 um momento especial para se conectar com a comunidade acad\u00eamica, absorver conhecimentos valiosos e participar de&hellip;&nbsp;<a href=\"https:\/\/eventos.ifbaiano.edu.br\/portal\/snct-2024-alagoinhas\/inscricoes\/\" rel=\"bookmark\">Continue a ler &raquo;<span class=\"screen-reader-text\">Inscri\u00e7\u00f5es<\/span><\/a><\/p>\n","protected":false},"author":20,"featured_media":0,"parent":0,"menu_order":0,"comment_status":"closed","ping_status":"closed","template":"","meta":{"neve_meta_sidebar":"","neve_meta_container":"","neve_meta_enable_content_width":"","neve_meta_content_width":0,"neve_meta_title_alignment":"","neve_meta_author_avatar":"","neve_post_elements_order":"","neve_meta_disable_header":"","neve_meta_disable_footer":"","neve_meta_disable_title":"","footnotes":""},"_links":{"self":[{"href":"https:\/\/eventos.ifbaiano.edu.br\/portal\/snct-2024-alagoinhas\/wp-json\/wp\/v2\/pages\/52"}],"collection":[{"href":"https:\/\/eventos.ifbaiano.edu.br\/portal\/snct-2024-alagoinhas\/wp-json\/wp\/v2\/pages"}],"about":[{"href":"https:\/\/eventos.ifbaiano.edu.br\/portal\/snct-2024-alagoinhas\/wp-json\/wp\/v2\/types\/page"}],"author":[{"embeddable":true,"href":"https:\/\/eventos.ifbaiano.edu.br\/portal\/snct-2024-alagoinhas\/wp-json\/wp\/v2\/users\/20"}],"replies":[{"embeddable":true,"href":"https:\/\/eventos.ifbaiano.edu.br\/portal\/snct-2024-alagoinhas\/wp-json\/wp\/v2\/comments?post=52"}],"version-history":[{"count":7,"href":"https:\/\/eventos.ifbaiano.edu.br\/portal\/snct-2024-alagoinhas\/wp-json\/wp\/v2\/pages\/52\/revisions"}],"predecessor-version":[{"id":255,"href":"https:\/\/eventos.ifbaiano.edu.br\/portal\/snct-2024-alagoinhas\/wp-json\/wp\/v2\/pages\/52\/revisions\/255"}],"wp:attachment":[{"href":"https:\/\/eventos.ifbaiano.edu.br\/portal\/snct-2024-alagoinhas\/wp-json\/wp\/v2\/media?parent=52"}],"curies":[{"name":"wp","href":"https:\/\/api.w.org\/{rel}","templated":true}]}}