{"id":282,"date":"2024-11-22T15:03:05","date_gmt":"2024-11-22T18:03:05","guid":{"rendered":"https:\/\/eventos.ifbaiano.edu.br\/portal\/snct-2024-alagoinhas\/?page_id=282"},"modified":"2024-11-25T21:00:48","modified_gmt":"2024-11-26T00:00:48","slug":"gincana-da-semana-nacional-de-ciencia-e-tecnologia-2024","status":"publish","type":"page","link":"https:\/\/eventos.ifbaiano.edu.br\/portal\/snct-2024-alagoinhas\/gincana-da-semana-nacional-de-ciencia-e-tecnologia-2024\/","title":{"rendered":"Gincana da Semana Nacional de Ci\u00eancia e Tecnologia 2024"},"content":{"rendered":"\n<p>Prezados estudantes, estamos nos aproximando da realiza\u00e7\u00e3o da Semana Nacional de Ci\u00eancia e Tecnologia no nosso campus e uma gincana est\u00e1 sendo carinhosamente organizada para voc\u00eas. A equipe vencedora ser\u00e1 super premiada!!!<\/p>\n\n\n\n<p><strong>Orienta\u00e7\u00f5es<\/strong> <\/p>\n\n\n\n<p>A gincana ter\u00e1 diversas atividades e a pontua\u00e7\u00e3o geral \u00e9 1.550 (mil e quinhentos) pontos, distribu\u00eddos em 6 momentos. Ser\u00e1 consagrada vencedora a equipe que obtiver maior n\u00famero de pontos nas atividades. Fique atento! Ser\u00e1 importante prestar bastante aten\u00e7\u00e3o em tudo que ocorrer\u00e1 durante a nossa SNCT para conseguir pontuar em algumas etapas. <\/p>\n\n\n\n<p><strong>Para fazer a inscri\u00e7\u00e3o.<\/strong>&#8230;<\/p>\n\n\n\n<ol>\n<li>Organize uma equipe com, no m\u00ednimo 25 (vinte e cinco) componentes e, no m\u00e1ximo, 30 (trinta). <\/li>\n\n\n\n<li>Crie um nome para sua Equipe.<\/li>\n\n\n\n<li>Organize um documento com os dados principais: nome da equipe, nome do capit\u00e3o ou capita, dados da sala, curso, ano e nome dos integrantes.<\/li>\n\n\n\n<li>O capit\u00e3o ou capit\u00e3 deve fazer a inscri\u00e7\u00e3o. <a href=\"https:\/\/suap.ifbaiano.edu.br\/eventos\/inscricao\/2033\/\">Clique aqui<\/a>.<\/li>\n\n\n\n<li>Crie um documento com as informa\u00e7\u00f5es da equipe, salve em PDF e submeta. <a href=\"https:\/\/suap.ifbaiano.edu.br\/eventos\/submissao\/2059\/submeter_trabalho\/1\/\">Clique aqui<\/a><\/li>\n<\/ol>\n\n\n\n<p><strong>Para ganhar pontos<\/strong>&#8230;<\/p>\n\n\n\n<p>1. Equipe com maior percentual de frequ\u00eancia durante a SNCT: 200 (duzentos) pontos.<\/p>\n\n\n\n<p>2. Equipe que formular maior n\u00famero de quest\u00f5es durantes as palestras: 200 (duzentos) pontos.<\/p>\n\n\n\n<p>Obs 1: Nesse quesito, valer\u00e1 perguntas que tenham relev\u00e2ncia para o desenvolvimento do conhecimento sobre o tema discutido.<\/p>\n\n\n\n<p>Obs 2: Haver\u00e1 uma <strong>pontua\u00e7\u00e3o b\u00f4nus<\/strong> caso a equipe consiga convencer um(a) servidor(a) a participar da batalha: 50 (cinquenta) pontos <strong>por servidor(a)<\/strong> batalhando!!!<\/p>\n\n\n\n<p><strong>Eis as atividades<\/strong>:<\/p>\n\n\n\n<p>1. Ache o item!!!! As equipes deveram localizar, no campus, itens escondidos que caracterizam os biomas. Ser\u00e3o escondidos 40 (quarenta) itens, valendo, cada, 05 (cinco) pontos, totalizando 200 (duzentos) pontos.<\/p>\n\n\n\n<p>2. Batalha de Naipe: 03 (tr\u00eas) equipes ser\u00e3o pontuadas: 300 (trezentos) pontos, para o primeiro lugar, 200 (duzentos) pontos, para o segundo lugar e 100 (cem) pontos para o terceiro lugar. As equipes dever\u00e3o encaminhar previamente \u00e0 comiss\u00e3o a m\u00fasica que ser\u00e1 utilizada na batalha, para aprecia\u00e7\u00e3o. Est\u00e3o vedadas m\u00fasicas que depreciem quaisquer pessoas, estimulem preconceitos e utilizem linguagem inadequada ao contexto.<strong> O texto deve ser encaminhado ao e-mail do evento: <\/strong><\/p>\n\n\n\n<p>3. Quiz do SNCT: perguntas e respostas. Important\u00edssimo acompanhar tudo o que acontecer durante a SNCT. As perguntas advir\u00e3o da nossa semana: 400 (quatrocentos) pontos.<\/p>\n\n\n\n<p><\/p>\n","protected":false},"excerpt":{"rendered":"<p>Prezados estudantes, estamos nos aproximando da realiza\u00e7\u00e3o da Semana Nacional de Ci\u00eancia e Tecnologia no nosso campus e uma gincana est\u00e1 sendo carinhosamente organizada para voc\u00eas. A equipe vencedora ser\u00e1 super premiada!!! Orienta\u00e7\u00f5es A gincana ter\u00e1 diversas atividades e a pontua\u00e7\u00e3o geral \u00e9 1.550 (mil e quinhentos) pontos, distribu\u00eddos em 6 momentos. Ser\u00e1 consagrada vencedora&hellip;&nbsp;<a href=\"https:\/\/eventos.ifbaiano.edu.br\/portal\/snct-2024-alagoinhas\/gincana-da-semana-nacional-de-ciencia-e-tecnologia-2024\/\" rel=\"bookmark\">Continue a ler &raquo;<span class=\"screen-reader-text\">Gincana da Semana Nacional de Ci\u00eancia e Tecnologia 2024<\/span><\/a><\/p>\n","protected":false},"author":69,"featured_media":0,"parent":0,"menu_order":0,"comment_status":"closed","ping_status":"closed","template":"","meta":{"neve_meta_sidebar":"","neve_meta_container":"","neve_meta_enable_content_width":"","neve_meta_content_width":0,"neve_meta_title_alignment":"","neve_meta_author_avatar":"","neve_post_elements_order":"","neve_meta_disable_header":"","neve_meta_disable_footer":"","neve_meta_disable_title":"","footnotes":""},"_links":{"self":[{"href":"https:\/\/eventos.ifbaiano.edu.br\/portal\/snct-2024-alagoinhas\/wp-json\/wp\/v2\/pages\/282"}],"collection":[{"href":"https:\/\/eventos.ifbaiano.edu.br\/portal\/snct-2024-alagoinhas\/wp-json\/wp\/v2\/pages"}],"about":[{"href":"https:\/\/eventos.ifbaiano.edu.br\/portal\/snct-2024-alagoinhas\/wp-json\/wp\/v2\/types\/page"}],"author":[{"embeddable":true,"href":"https:\/\/eventos.ifbaiano.edu.br\/portal\/snct-2024-alagoinhas\/wp-json\/wp\/v2\/users\/69"}],"replies":[{"embeddable":true,"href":"https:\/\/eventos.ifbaiano.edu.br\/portal\/snct-2024-alagoinhas\/wp-json\/wp\/v2\/comments?post=282"}],"version-history":[{"count":6,"href":"https:\/\/eventos.ifbaiano.edu.br\/portal\/snct-2024-alagoinhas\/wp-json\/wp\/v2\/pages\/282\/revisions"}],"predecessor-version":[{"id":293,"href":"https:\/\/eventos.ifbaiano.edu.br\/portal\/snct-2024-alagoinhas\/wp-json\/wp\/v2\/pages\/282\/revisions\/293"}],"wp:attachment":[{"href":"https:\/\/eventos.ifbaiano.edu.br\/portal\/snct-2024-alagoinhas\/wp-json\/wp\/v2\/media?parent=282"}],"curies":[{"name":"wp","href":"https:\/\/api.w.org\/{rel}","templated":true}]}}