{"id":114,"date":"2024-10-26T14:29:55","date_gmt":"2024-10-26T17:29:55","guid":{"rendered":"https:\/\/eventos.ifbaiano.edu.br\/portal\/snct-2024-alagoinhas\/?page_id=114"},"modified":"2024-11-01T15:15:31","modified_gmt":"2024-11-01T18:15:31","slug":"submissao-de-trabalhos","status":"publish","type":"page","link":"https:\/\/eventos.ifbaiano.edu.br\/portal\/snct-2024-alagoinhas\/submissao-de-trabalhos\/","title":{"rendered":"Submiss\u00e3o de trabalhos"},"content":{"rendered":"\n<p><strong>Chamada para Submiss\u00e3o de Trabalhos \u2013 21\u00aa Semana Nacional de Ci\u00eancia e Tecnologia (SNCT)<\/strong><\/p>\n\n\n\n<p>Temos o prazer de convid\u00e1-lo a participar da Abertura Oficial da 21\u00aa Semana Nacional de Ci\u00eancia e Tecnologia (SNCT), promovida pelo IF Baiano, Campus Alagoinhas, que ocorrer\u00e1 de 25 a 29 de novembro de 2024. Este evento \u00e9 uma excelente oportunidade para se conectar com a comunidade acad\u00eamica, adquirir conhecimentos valiosos e participar de discuss\u00f5es enriquecedoras sobre educa\u00e7\u00e3o, ci\u00eancia e tecnologia.<\/p>\n\n\n\n<p>Convidamos pesquisadores, estudantes e profissionais a submeterem seus trabalhos! N\u00e3o perca a chance de apresentar suas ideias em um ambiente colaborativo e inspirador. Seguem normas, modelos\/templates e documentos orientadores para auxiliar na prepara\u00e7\u00e3o das submiss\u00f5es.<\/p>\n\n\n\n<p>As vagas s\u00e3o limitadas, ent\u00e3o garanta sua inscri\u00e7\u00e3o e a submiss\u00e3o do seu trabalho o quanto antes! As submiss\u00f5es ser\u00e3o aceitas at\u00e9 dia 20 de novembro de 2024.<\/p>\n\n\n\n<p><strong>Participe e fa\u00e7a parte deste importante evento!<\/strong> <a href=\"https:\/\/suap.ifbaiano.edu.br\/eventos\/submissao\/1968\/submeter_trabalho\/1\/\">Clique aqui e submeta seu resumo!<\/a><\/p>\n\n\n\n<p><a href=\"https:\/\/eventos.ifbaiano.edu.br\/portal\/snct-2024-alagoinhas\/files\/2024\/10\/template-de-resumo.odt\">Modelo de resumo para submiss\u00e3o<\/a><\/p>\n\n\n\n<p><a href=\"https:\/\/eventos.ifbaiano.edu.br\/portal\/snct-2024-alagoinhas\/files\/2024\/10\/Modelo-de-Slide.pptx\">Modelo de slides<\/a> &#8211; Modelo para apresenta\u00e7\u00e3o<\/p>\n\n\n\n<p><a href=\"https:\/\/eventos.ifbaiano.edu.br\/portal\/snct-2024-alagoinhas\/files\/2024\/10\/modelo-banner-SNCT-2024.pptx\">Modelo de p\u00f4ster<\/a> &#8211; Modelo para quem for confeccionar<\/p>\n","protected":false},"excerpt":{"rendered":"<p>Chamada para Submiss\u00e3o de Trabalhos \u2013 21\u00aa Semana Nacional de Ci\u00eancia e Tecnologia (SNCT) Temos o prazer de convid\u00e1-lo a participar da Abertura Oficial da 21\u00aa Semana Nacional de Ci\u00eancia e Tecnologia (SNCT), promovida pelo IF Baiano, Campus Alagoinhas, que ocorrer\u00e1 de 25 a 29 de novembro de 2024. Este evento \u00e9 uma excelente oportunidade&hellip;&nbsp;<a href=\"https:\/\/eventos.ifbaiano.edu.br\/portal\/snct-2024-alagoinhas\/submissao-de-trabalhos\/\" rel=\"bookmark\">Continue a ler &raquo;<span class=\"screen-reader-text\">Submiss\u00e3o de trabalhos<\/span><\/a><\/p>\n","protected":false},"author":69,"featured_media":0,"parent":0,"menu_order":0,"comment_status":"closed","ping_status":"closed","template":"","meta":{"neve_meta_sidebar":"","neve_meta_container":"","neve_meta_enable_content_width":"","neve_meta_content_width":0,"neve_meta_title_alignment":"","neve_meta_author_avatar":"","neve_post_elements_order":"","neve_meta_disable_header":"","neve_meta_disable_footer":"","neve_meta_disable_title":"","footnotes":""},"_links":{"self":[{"href":"https:\/\/eventos.ifbaiano.edu.br\/portal\/snct-2024-alagoinhas\/wp-json\/wp\/v2\/pages\/114"}],"collection":[{"href":"https:\/\/eventos.ifbaiano.edu.br\/portal\/snct-2024-alagoinhas\/wp-json\/wp\/v2\/pages"}],"about":[{"href":"https:\/\/eventos.ifbaiano.edu.br\/portal\/snct-2024-alagoinhas\/wp-json\/wp\/v2\/types\/page"}],"author":[{"embeddable":true,"href":"https:\/\/eventos.ifbaiano.edu.br\/portal\/snct-2024-alagoinhas\/wp-json\/wp\/v2\/users\/69"}],"replies":[{"embeddable":true,"href":"https:\/\/eventos.ifbaiano.edu.br\/portal\/snct-2024-alagoinhas\/wp-json\/wp\/v2\/comments?post=114"}],"version-history":[{"count":9,"href":"https:\/\/eventos.ifbaiano.edu.br\/portal\/snct-2024-alagoinhas\/wp-json\/wp\/v2\/pages\/114\/revisions"}],"predecessor-version":[{"id":186,"href":"https:\/\/eventos.ifbaiano.edu.br\/portal\/snct-2024-alagoinhas\/wp-json\/wp\/v2\/pages\/114\/revisions\/186"}],"wp:attachment":[{"href":"https:\/\/eventos.ifbaiano.edu.br\/portal\/snct-2024-alagoinhas\/wp-json\/wp\/v2\/media?parent=114"}],"curies":[{"name":"wp","href":"https:\/\/api.w.org\/{rel}","templated":true}]}}