{"id":58,"date":"2020-11-14T06:39:31","date_gmt":"2020-11-14T09:39:31","guid":{"rendered":"https:\/\/eventos.ifbaiano.edu.br\/portal\/scn-guanambi\/?page_id=58"},"modified":"2020-11-22T12:41:05","modified_gmt":"2020-11-22T15:41:05","slug":"momento-cultural","status":"publish","type":"page","link":"https:\/\/eventos.ifbaiano.edu.br\/portal\/scn-guanambi\/momento-cultural\/","title":{"rendered":"Momento Cultural"},"content":{"rendered":"\n<h2 class=\"wp-block-heading\"><strong>Biografia dos artistas<\/strong><\/h2>\n\n\n\n<div class=\"wp-block-media-text alignwide is-stacked-on-mobile\" style=\"grid-template-columns:18% auto\"><figure class=\"wp-block-media-text__media\"><img loading=\"lazy\" decoding=\"async\" width=\"225\" height=\"244\" src=\"https:\/\/eventos.ifbaiano.edu.br\/portal\/scn-guanambi\/files\/2020\/11\/cassia-1.jpg\" alt=\"\" class=\"wp-image-64\" \/><\/figure><div class=\"wp-block-media-text__content\">\n<p class=\"has-large-font-size\">Artista convidada: <strong>C\u00e1ssia Cotrim<\/strong> <\/p>\n\n\n\n<p><\/p>\n\n\n\n<p>Licenciada em Artes\/M\u00fasica com habilita\u00e7\u00e3o em Canto pelo Unimontes \u2013 Universidade Estadual de Montes Claros. Especialista em Metodologias do Ensino das Artes pela Funorte e mestra em M\u00fasica, \u00e1rea de concentra\u00e7\u00e3o Educa\u00e7\u00e3o Musical pela UFRGS, Universidade Federal do Rio Grande do Sul. Fez master class com professores de canto da Bahia, Minas Gerais, Rio de Janeiro e S\u00e3o Paulo em festivais e congressos de m\u00fasica e Educa\u00e7\u00e3o Musical. Atuou e atua como regente e preparadora vocal de corais infantis e adultos, professora de canto e cantora.<\/p>\n<\/div><\/div>\n\n\n\n<div class=\"wp-block-media-text alignwide is-stacked-on-mobile\" style=\"grid-template-columns:18% auto\"><figure class=\"wp-block-media-text__media\"><img loading=\"lazy\" decoding=\"async\" width=\"428\" height=\"507\" src=\"https:\/\/eventos.ifbaiano.edu.br\/portal\/scn-guanambi\/files\/2020\/11\/jorge.jpg\" alt=\"\" class=\"wp-image-65\" srcset=\"https:\/\/eventos.ifbaiano.edu.br\/portal\/scn-guanambi\/files\/2020\/11\/jorge.jpg 428w, https:\/\/eventos.ifbaiano.edu.br\/portal\/scn-guanambi\/files\/2020\/11\/jorge-253x300.jpg 253w\" sizes=\"(max-width: 428px) 100vw, 428px\" \/><\/figure><div class=\"wp-block-media-text__content\">\n<p class=\"has-large-font-size\">Artista convidado: <strong>Jorge Lampa<\/strong><\/p>\n\n\n\n<p><\/p>\n\n\n\n<p>Professor, cantautor, cantador e cantator, sempre grudado no seu viol\u00e3o. Professor na UFRB (Universidade Federal do Rec\u00f4ncavo da Bahia), em Santo Amaro da Purifica\u00e7\u00e3o, onde pesquisa o samba, capoeira, candombl\u00e9 e a can\u00e7\u00e3o. Formado pela UNICAMP, da gradua\u00e7\u00e3o ao doutorado, tem f\u00e9 que a produ\u00e7\u00e3o acad\u00eamica e o trabalho art\u00edstico possam andar de bra\u00e7os dados, construindo coisas boas para a sociedade que lhes sustenta.<\/p>\n\n\n\n<p><\/p>\n<\/div><\/div>\n\n\n\n<div class=\"wp-block-media-text alignwide is-stacked-on-mobile\" style=\"grid-template-columns:18% auto\"><figure class=\"wp-block-media-text__media\"><img loading=\"lazy\" decoding=\"async\" width=\"540\" height=\"613\" src=\"https:\/\/eventos.ifbaiano.edu.br\/portal\/scn-guanambi\/files\/2020\/11\/juliano.jpg\" alt=\"\" class=\"wp-image-59\" srcset=\"https:\/\/eventos.ifbaiano.edu.br\/portal\/scn-guanambi\/files\/2020\/11\/juliano.jpg 540w, https:\/\/eventos.ifbaiano.edu.br\/portal\/scn-guanambi\/files\/2020\/11\/juliano-264x300.jpg 264w\" sizes=\"(max-width: 540px) 100vw, 540px\" \/><\/figure><div class=\"wp-block-media-text__content\">\n<p class=\"has-large-font-size\">Artista convidado: <strong>Juliano da Silva Vilas Boas<\/strong><\/p>\n\n\n\n<p><\/p>\n\n\n\n<p>Licenciado em Pedagogia da Terra &#8211; PRONERA\/INCRA\/UNEB. Especialista em Pr\u00e1ticas Docentes Interdisciplinares \/ UNEB. Coordenador T\u00e9cnico de Projeto no Centro de Agroecologia no Semi\u00e1rido (CASA). Coordenador do F\u00f3rum Municipal de Educa\u00e7\u00e3o (FME) de Guanambi.<\/p>\n<\/div><\/div>\n\n\n\n<h2 class=\"wp-block-heading\"><strong>M\u00fasicas e Poesia <\/strong><\/h2>\n\n\n\n<p class=\"has-medium-font-size\"><\/p>\n\n\n\n<figure class=\"wp-block-embed-youtube wp-block-embed is-type-video is-provider-youtube wp-embed-aspect-16-9 wp-has-aspect-ratio\"><div class=\"wp-block-embed__wrapper\">\n<div class=\"nv-iframe-embed\"><iframe loading=\"lazy\" title=\"Olhos coloridos (Artistas: Sandra de S\u00e1, Z\u00e9 Ricardo)\" width=\"1200\" height=\"675\" src=\"https:\/\/www.youtube.com\/embed\/IEqgo9dEOEE?feature=oembed\" frameborder=\"0\" allow=\"accelerometer; autoplay; clipboard-write; encrypted-media; gyroscope; picture-in-picture\" allowfullscreen><\/iframe><\/div>\n<\/div><\/figure>\n\n\n\n<p class=\"has-medium-font-size\"><\/p>\n\n\n\n<figure class=\"wp-block-embed-youtube wp-block-embed is-type-video is-provider-youtube wp-embed-aspect-16-9 wp-has-aspect-ratio\"><div class=\"wp-block-embed__wrapper\">\n<div class=\"nv-iframe-embed\"><iframe loading=\"lazy\" title=\"Samba da B\u00ean\u00e7\u00e3o (Artista: Vinicius de Moraes)\" width=\"1200\" height=\"675\" src=\"https:\/\/www.youtube.com\/embed\/8NmwZJPDnf4?feature=oembed\" frameborder=\"0\" allow=\"accelerometer; autoplay; clipboard-write; encrypted-media; gyroscope; picture-in-picture\" allowfullscreen><\/iframe><\/div>\n<\/div><\/figure>\n\n\n\n<figure class=\"wp-block-embed-youtube wp-block-embed is-type-video is-provider-youtube wp-embed-aspect-16-9 wp-has-aspect-ratio\"><div class=\"wp-block-embed__wrapper\">\n<div class=\"nv-iframe-embed\"><iframe loading=\"lazy\" title=\"Canto das Tr\u00eas Ra\u00e7as (Artista: Clara Nunes)\" width=\"1200\" height=\"675\" src=\"https:\/\/www.youtube.com\/embed\/g9uuGUbQeBI?feature=oembed\" frameborder=\"0\" allow=\"accelerometer; autoplay; clipboard-write; encrypted-media; gyroscope; picture-in-picture\" allowfullscreen><\/iframe><\/div>\n<\/div><\/figure>\n\n\n\n<figure class=\"wp-block-embed-youtube wp-block-embed is-type-video is-provider-youtube wp-embed-aspect-16-9 wp-has-aspect-ratio\"><div class=\"wp-block-embed__wrapper\">\n<div class=\"nv-iframe-embed\"><iframe loading=\"lazy\" title=\"III SCN (NEABI \/ GBI) - M\u00fasicas e Poesias por Juliano Vilas Boas\" width=\"1200\" height=\"675\" src=\"https:\/\/www.youtube.com\/embed\/aDOn5CABcX4?feature=oembed\" frameborder=\"0\" allow=\"accelerometer; autoplay; clipboard-write; encrypted-media; gyroscope; picture-in-picture\" allowfullscreen><\/iframe><\/div>\n<\/div><\/figure>\n\n\n\n<figure class=\"wp-block-embed-youtube wp-block-embed is-type-video is-provider-youtube wp-embed-aspect-16-9 wp-has-aspect-ratio\"><div class=\"wp-block-embed__wrapper\">\n<div class=\"nv-iframe-embed\"><iframe loading=\"lazy\" title=\"Muito Obrigado, Ax\u00e9 (Carlinhos Brown)\" width=\"1200\" height=\"675\" src=\"https:\/\/www.youtube.com\/embed\/nQ5i_MB2l8c?feature=oembed\" frameborder=\"0\" allow=\"accelerometer; autoplay; clipboard-write; encrypted-media; gyroscope; picture-in-picture\" allowfullscreen><\/iframe><\/div>\n<\/div><\/figure>\n\n\n\n<figure class=\"wp-block-embed-youtube wp-block-embed is-type-video is-provider-youtube wp-embed-aspect-16-9 wp-has-aspect-ratio\"><div class=\"wp-block-embed__wrapper\">\n<div class=\"nv-iframe-embed\"><iframe loading=\"lazy\" title=\"Preta, Pretinha (Moraes, Galv\u00e3o)\" width=\"1200\" height=\"675\" src=\"https:\/\/www.youtube.com\/embed\/pDP55kf61As?feature=oembed\" frameborder=\"0\" allow=\"accelerometer; autoplay; clipboard-write; encrypted-media; gyroscope; picture-in-picture\" allowfullscreen><\/iframe><\/div>\n<\/div><\/figure>\n","protected":false},"excerpt":{"rendered":"<p>Biografia dos artistas Artista convidada: C\u00e1ssia Cotrim Licenciada em Artes\/M\u00fasica com habilita\u00e7\u00e3o em Canto pelo Unimontes \u2013 Universidade Estadual de Montes Claros. Especialista em Metodologias do Ensino das Artes pela Funorte e mestra em M\u00fasica, \u00e1rea de concentra\u00e7\u00e3o Educa\u00e7\u00e3o Musical pela UFRGS, Universidade Federal do Rio Grande do Sul. Fez master class com professores de&hellip;&nbsp;<a href=\"https:\/\/eventos.ifbaiano.edu.br\/portal\/scn-guanambi\/momento-cultural\/\" rel=\"bookmark\"><span class=\"screen-reader-text\">Momento Cultural<\/span><\/a><\/p>\n","protected":false},"author":68,"featured_media":0,"parent":0,"menu_order":0,"comment_status":"closed","ping_status":"closed","template":"","meta":{"neve_meta_sidebar":"full-width","neve_meta_container":"","neve_meta_enable_content_width":"on","neve_meta_content_width":100,"neve_meta_title_alignment":"","neve_meta_author_avatar":"","neve_post_elements_order":"","neve_meta_disable_header":"","neve_meta_disable_footer":"","neve_meta_disable_title":"","footnotes":""},"_links":{"self":[{"href":"https:\/\/eventos.ifbaiano.edu.br\/portal\/scn-guanambi\/wp-json\/wp\/v2\/pages\/58"}],"collection":[{"href":"https:\/\/eventos.ifbaiano.edu.br\/portal\/scn-guanambi\/wp-json\/wp\/v2\/pages"}],"about":[{"href":"https:\/\/eventos.ifbaiano.edu.br\/portal\/scn-guanambi\/wp-json\/wp\/v2\/types\/page"}],"author":[{"embeddable":true,"href":"https:\/\/eventos.ifbaiano.edu.br\/portal\/scn-guanambi\/wp-json\/wp\/v2\/users\/68"}],"replies":[{"embeddable":true,"href":"https:\/\/eventos.ifbaiano.edu.br\/portal\/scn-guanambi\/wp-json\/wp\/v2\/comments?post=58"}],"version-history":[{"count":32,"href":"https:\/\/eventos.ifbaiano.edu.br\/portal\/scn-guanambi\/wp-json\/wp\/v2\/pages\/58\/revisions"}],"predecessor-version":[{"id":285,"href":"https:\/\/eventos.ifbaiano.edu.br\/portal\/scn-guanambi\/wp-json\/wp\/v2\/pages\/58\/revisions\/285"}],"wp:attachment":[{"href":"https:\/\/eventos.ifbaiano.edu.br\/portal\/scn-guanambi\/wp-json\/wp\/v2\/media?parent=58"}],"curies":[{"name":"wp","href":"https:\/\/api.w.org\/{rel}","templated":true}]}}