{"id":34,"date":"2020-11-05T09:43:30","date_gmt":"2020-11-05T12:43:30","guid":{"rendered":"https:\/\/eventos.ifbaiano.edu.br\/portal\/scn-guanambi\/?page_id=34"},"modified":"2020-11-21T08:47:52","modified_gmt":"2020-11-21T11:47:52","slug":"comissao","status":"publish","type":"page","link":"https:\/\/eventos.ifbaiano.edu.br\/portal\/scn-guanambi\/comissao\/","title":{"rendered":"Membros do NEABI &#8211; GBI"},"content":{"rendered":"\n<p><strong>Membros do NEABI &#8211; <em>Campus<\/em> Guanambi<\/strong>\/ <strong>Comiss\u00e3o Organizadora<\/strong><\/p>\n\n\n\n<div class=\"wp-block-media-text alignwide has-media-on-the-right is-stacked-on-mobile\" style=\"grid-template-columns:auto 32%\"><figure class=\"wp-block-media-text__media\"><img loading=\"lazy\" decoding=\"async\" width=\"264\" height=\"277\" src=\"https:\/\/eventos.ifbaiano.edu.br\/portal\/scn-guanambi\/files\/2020\/11\/mediadora-aglair.jpg\" alt=\"\" class=\"wp-image-27\" \/><\/figure><div class=\"wp-block-media-text__content\">\n<p class=\"has-medium-font-size\"><strong><span style=\"color:#d19b1d\" class=\"has-inline-color\">Prof\u00aa. Dr\u00aa. Aglair Cardoso Alves<\/span><\/strong><\/p>\n\n\n\n<p>Engenheira Agr\u00f4noma pela Universidade Federal do Rec\u00f4ncavo da Bahia &#8211; UFRB (2012.2), mestrado em Agronomia (Solos e Qualidade de Ecossistemas &#8211; SQE) pela Universidade Federal do Rec\u00f4ncavo da Bahia &#8211; UFRB (2014.2) e doutorado em Agronomia (Ci\u00eancias do solo) pela Universidade Federal Rural de Pernambuco &#8211; UFRPE. Tem experi\u00eancia na \u00e1rea de Manejo de Nutrientes no Solo e em Plantas Cultivadas e Rela\u00e7\u00e3o solo \u00c1gua Planta, com \u00eanfase em qualidade de luz, nutri\u00e7\u00e3o mineral de plantas, plantas medicinais e extra\u00e7\u00e3o da fase aquosa do solo, e consequente caracteriza\u00e7\u00e3o qu\u00edmica . Foi monitora da disciplina G\u00eanese e Morfologia do Solo durante a gradua\u00e7\u00e3o. Atualmente atua como Professora substiuta do Instituto Federal de Educa\u00e7\u00e3o Ci\u00eancia e Tecnologia Baiano &#8211; Campus Guanambi.<\/p>\n\n\n\n<p><a href=\"http:\/\/lattes.cnpq.br\/4666659327763907\" data-type=\"URL\" data-id=\"http:\/\/lattes.cnpq.br\/4666659327763907\" target=\"_blank\" rel=\"noreferrer noopener\"><strong><span style=\"color:#d19b1d\" class=\"has-inline-color\">Curr\u00edculo Lattes<\/span><\/strong><\/a><\/p>\n<\/div><\/div>\n\n\n\n<div class=\"wp-block-media-text alignwide is-stacked-on-mobile\" style=\"grid-template-columns:32% auto\"><figure class=\"wp-block-media-text__media\"><img loading=\"lazy\" decoding=\"async\" width=\"869\" height=\"1024\" src=\"https:\/\/eventos.ifbaiano.edu.br\/portal\/scn-guanambi\/files\/2020\/11\/WhatsApp-Image-2020-11-14-at-07.08.12-869x1024.jpeg\" alt=\"\" class=\"wp-image-72\" srcset=\"https:\/\/eventos.ifbaiano.edu.br\/portal\/scn-guanambi\/files\/2020\/11\/WhatsApp-Image-2020-11-14-at-07.08.12-869x1024.jpeg 869w, https:\/\/eventos.ifbaiano.edu.br\/portal\/scn-guanambi\/files\/2020\/11\/WhatsApp-Image-2020-11-14-at-07.08.12-255x300.jpeg 255w, https:\/\/eventos.ifbaiano.edu.br\/portal\/scn-guanambi\/files\/2020\/11\/WhatsApp-Image-2020-11-14-at-07.08.12-768x905.jpeg 768w, https:\/\/eventos.ifbaiano.edu.br\/portal\/scn-guanambi\/files\/2020\/11\/WhatsApp-Image-2020-11-14-at-07.08.12.jpeg 1067w\" sizes=\"(max-width: 869px) 100vw, 869px\" \/><\/figure><div class=\"wp-block-media-text__content\">\n<p class=\"has-medium-font-size\"><span style=\"color:#daa11d\" class=\"has-inline-color\"><strong>Prof\u00aa. Dr\u00aa<\/strong>. <strong>Daniele de Brito Trindade<\/strong><\/span><\/p>\n\n\n\n<p>Professora efetiva EBTT do Instituto Federal de Educa\u00e7\u00e3o, Ci\u00eancia e Tecnologia Baiano (IF Baiano) &#8211; <em>Campus<\/em> Guanambi. Professora colaboradora do Mestrado Profissional Produ\u00e7\u00e3o Vegetal no Semi\u00e1rido (MPPVS) do Instituto Federal de Educa\u00e7\u00e3o, Ci\u00eancia e Tecnologia Baiano (IF Baiano) &#8211; <em>Campus<\/em> Guanambi. L\u00edder do GPEAHIL_IFBaiano: Grupo de Pesquisa e Extens\u00e3o em An\u00e1lise, Hist\u00f3rico e Identidades das Licenciaturas do IF Baiano. Membro do N\u00facleo de Estudos Afro-Brasileiros e Ind\u00edgenas (NEABI) do IF Baiano &#8211; <em>Campus Guanambi<\/em>. Graduada no curso de Bacharelado em Estat\u00edstica pela Universidade Federal da Bahia (UFBA), em 2011. Mestra em Estat\u00edstica pela Universidade Federal de Pernambuco (UFPE), em 2014. Doutora em Estat\u00edstica pela Universidade Federal de Pernambuco (UFPE), em 2018.<\/p>\n\n\n\n<p><strong><a rel=\"noreferrer noopener\" href=\"http:\/\/lattes.cnpq.br\/2762049608974570\" data-type=\"URL\" data-id=\"http:\/\/lattes.cnpq.br\/2762049608974570\" target=\"_blank\"><span style=\"color:#d9a221\" class=\"has-inline-color\">Curr\u00edculo Latte<\/span><\/a><\/strong><a rel=\"noreferrer noopener\" href=\"http:\/\/lattes.cnpq.br\/2762049608974570\" data-type=\"URL\" data-id=\"http:\/\/lattes.cnpq.br\/2762049608974570\" target=\"_blank\"><strong><span style=\"color:#d9a221\" class=\"has-inline-color\">s<\/span><\/strong><\/a><\/p>\n<\/div><\/div>\n\n\n\n<div class=\"wp-block-media-text alignwide has-media-on-the-right is-stacked-on-mobile\" style=\"grid-template-columns:auto 32%\"><figure class=\"wp-block-media-text__media\"><img loading=\"lazy\" decoding=\"async\" width=\"245\" height=\"250\" src=\"https:\/\/eventos.ifbaiano.edu.br\/portal\/scn-guanambi\/files\/2020\/11\/image.png\" alt=\"\" class=\"wp-image-17\" \/><\/figure><div class=\"wp-block-media-text__content\">\n<p class=\"has-medium-font-size\"><strong><span style=\"color:#dca41f\" class=\"has-inline-color\">Prof\u00aa. Ma. Debora Sim\u00f5es de Souza Mendel<\/span><\/strong><\/p>\n\n\n\n<p>Doutoranda pelo Programa de P\u00f3s-Gradua\u00e7\u00e3o em Antropologia Social da Universidade Federal do Rio de Janeiro pertencente ao Museu Nacional (PPGAS\/UFRJ\/MN). Professora de Hist\u00f3ria do IF Baiano. \u00c9 integrante do Grupo de Pesquisa de Antropologia da Devo\u00e7\u00e3o (Gpad) e do Laborat\u00f3rio de Antropologia do L\u00fadico e do Sagrado (Ludens) vinculados ao PPGAS. .  \u00c9 mestre (2014) em Hist\u00f3ria Social, pela Universidade do Estado do Rio de Janeiro (UERJ\/FFP). Em 2014, foi bolsista de treinamento e capacita\u00e7\u00e3o t\u00e9cnica da Faperj atuando no projeto Caixa de Hist\u00f3ria: Hist\u00f3ria Local e patrim\u00f4nio de munic\u00edpios do Estado do Rio de Janeiro. Possui p\u00f3s-gradua\u00e7\u00e3o lato sensu em Ensino Ensino de Hist\u00f3ria e Cultura Africana e Afro-brasileira, pelo Instituto Federal do Rio de Janeiro (IFRJ). Licenciou-se em Hist\u00f3ria pela Universidade do Estado do Rio de Janeiro, na Faculdade de Forma\u00e7\u00e3o de Professores (UERJ\/FFP, 2011). Durante a gradua\u00e7\u00e3o foi bolsista de extens\u00e3o do Projeto de Pesquisa: Hist\u00f3ria e Mem\u00f3ria do Munic\u00edpio de S\u00e3o Gon\u00e7alo na pesquisa sobre identidade e cultura negra. Tem interesse nos debates sobre g\u00eanero, rela\u00e7\u00f5es \u00e9tnicos raciais, materialidades, patrim\u00f4nio imaterial, devo\u00e7\u00e3o e festividades.<\/p>\n\n\n\n<p><strong><a rel=\"noreferrer noopener\" href=\"http:\/\/lattes.cnpq.br\/2762049608974570\" target=\"_blank\"><span style=\"color:#d19b1d\" class=\"has-inline-color\">Curr\u00edculo <\/span><\/a><a href=\"http:\/\/lattes.cnpq.br\/2221563416682703\" data-type=\"URL\" data-id=\"http:\/\/lattes.cnpq.br\/2221563416682703\" target=\"_blank\" rel=\"noreferrer noopener\"><span style=\"color:#d19b1d\" class=\"has-inline-color\">Lattes<\/span><\/a><\/strong><\/p>\n<\/div><\/div>\n\n\n\n<div class=\"wp-block-media-text alignwide is-stacked-on-mobile\" style=\"grid-template-columns:27% auto\"><figure class=\"wp-block-media-text__media\"><img loading=\"lazy\" decoding=\"async\" width=\"606\" height=\"737\" src=\"https:\/\/eventos.ifbaiano.edu.br\/portal\/scn-guanambi\/files\/2020\/11\/WhatsApp-Image-2020-11-14-at-08.07.32.jpeg\" alt=\"\" class=\"wp-image-96\" srcset=\"https:\/\/eventos.ifbaiano.edu.br\/portal\/scn-guanambi\/files\/2020\/11\/WhatsApp-Image-2020-11-14-at-08.07.32.jpeg 606w, https:\/\/eventos.ifbaiano.edu.br\/portal\/scn-guanambi\/files\/2020\/11\/WhatsApp-Image-2020-11-14-at-08.07.32-247x300.jpeg 247w\" sizes=\"(max-width: 606px) 100vw, 606px\" \/><\/figure><div class=\"wp-block-media-text__content\">\n<p class=\"has-medium-font-size\"><strong><span style=\"color:#d19b1d\" class=\"has-inline-color\">Prof\u00aa. Dr\u00aa. Hilma Concei\u00e7\u00e3o Fonseca Santos<\/span><\/strong><\/p>\n\n\n\n<p>Possui gradua\u00e7\u00e3o em Licenciatura em Qu\u00edmica pela Universidade do Estado da Bahia (2008), mestrado em Qu\u00edmica pela Universidade Federal da Bahia (2011) e doutorado em Qu\u00edmica pela Universidade Federal da Bahia (2017). Tem experi\u00eancia na \u00e1rea de Qu\u00edmica, com \u00eanfase em F\u00edsico-Qu\u00edmica, atuando principalmente nos seguintes temas: ferro, lant\u00e2nio, cobalto, \u00f3xido do tipo perovskita, Water Gas Shift Reaction (WGSR), reforma a seco, reforma a vapor e oxida\u00e7\u00e3o do metano, estocagem de oxig\u00eanio e troca isot\u00f3pica e caracteriza\u00e7\u00e3o de catalisadores.<\/p>\n\n\n\n<p><strong><a rel=\"noreferrer noopener\" href=\"http:\/\/lattes.cnpq.br\/8367020189590800\" data-type=\"URL\" data-id=\"http:\/\/lattes.cnpq.br\/8367020189590800\" target=\"_blank\"><span style=\"color:#d19b1d\" class=\"has-inline-color\">Curr\u00edculo <\/span><\/a><a rel=\"noreferrer noopener\" href=\"http:\/\/lattes.cnpq.br\/2762049608974570\" target=\"_blank\"><span style=\"color:#d19b1d\" class=\"has-inline-color\">Latte<\/span><\/a><\/strong><a rel=\"noreferrer noopener\" href=\"http:\/\/lattes.cnpq.br\/2762049608974570\" target=\"_blank\"><strong><span style=\"color:#d19b1d\" class=\"has-inline-color\">s<\/span><\/strong><\/a><\/p>\n<\/div><\/div>\n\n\n\n<p><\/p>\n\n\n\n<div class=\"wp-block-media-text alignwide has-media-on-the-right is-stacked-on-mobile\" style=\"grid-template-columns:auto 27%\"><figure class=\"wp-block-media-text__media\"><img loading=\"lazy\" decoding=\"async\" width=\"272\" height=\"273\" src=\"https:\/\/eventos.ifbaiano.edu.br\/portal\/scn-guanambi\/files\/2020\/11\/moderadora-Rosangela.jpg\" alt=\"\" class=\"wp-image-26\" srcset=\"https:\/\/eventos.ifbaiano.edu.br\/portal\/scn-guanambi\/files\/2020\/11\/moderadora-Rosangela.jpg 272w, https:\/\/eventos.ifbaiano.edu.br\/portal\/scn-guanambi\/files\/2020\/11\/moderadora-Rosangela-150x150.jpg 150w\" sizes=\"(max-width: 272px) 100vw, 272px\" \/><\/figure><div class=\"wp-block-media-text__content\">\n<p class=\"has-medium-font-size\"><strong><span style=\"color:#d19b1d\" class=\"has-inline-color\">Prof\u00aa. Dr\u00aa. Ros\u00e2ngela Figueiredo Miranda<\/span><\/strong><\/p>\n\n\n\n<p>Doutorado em Hist\u00f3ria Social do Brasil pela Universidade Federal da Bahia. Possui gradua\u00e7\u00e3o em Licenciatura em Hist\u00f3ria pela Universidade do Estado da Bahia (2001) e mestrado em Hist\u00f3ria Regional e Local pela UNIVERSIDADE DO ESTADO DA BAHIA &#8211; CAMPUS V (2011). Atualmente \u00e9 professora do Instituto Federal de Educa\u00e7\u00e3o, Ci\u00eancia e Tecnologia &#8211; IF Baiano &#8211; <em>Campus<\/em> Guanambi. Tem experi\u00eancia na \u00e1rea de Hist\u00f3ria, com \u00eanfase em hist\u00f3ria da \u00c1frica e afro-brasileira, atuando principalmente nos seguintes temas: escravid\u00e3o, liberdade e p\u00f3s-aboli\u00e7\u00e3o, sert\u00f5es, acervos, mem\u00f3ria e g\u00eanero &#8211; resist\u00eancia e cotidiano.<\/p>\n\n\n\n<p><strong><a href=\"http:\/\/lattes.cnpq.br\/2236272135884214\" data-type=\"URL\" data-id=\"http:\/\/lattes.cnpq.br\/2236272135884214\" target=\"_blank\" rel=\"noreferrer noopener\"><span style=\"color:#d19b1d\" class=\"has-inline-color\">Curr\u00edculo <\/span><\/a><a rel=\"noreferrer noopener\" href=\"http:\/\/lattes.cnpq.br\/2762049608974570\" target=\"_blank\"><span style=\"color:#d19b1d\" class=\"has-inline-color\">Latte<\/span><\/a><\/strong><a rel=\"noreferrer noopener\" href=\"http:\/\/lattes.cnpq.br\/2762049608974570\" target=\"_blank\"><strong><span style=\"color:#d19b1d\" class=\"has-inline-color\">s<\/span><\/strong><\/a><\/p>\n<\/div><\/div>\n\n\n\n<div class=\"wp-block-media-text alignwide is-stacked-on-mobile\" style=\"grid-template-columns:29% auto\"><figure class=\"wp-block-media-text__media\"><img loading=\"lazy\" decoding=\"async\" width=\"1022\" height=\"1024\" src=\"https:\/\/eventos.ifbaiano.edu.br\/portal\/scn-guanambi\/files\/2020\/11\/WhatsApp-Image-2020-11-14-at-07.28.27-1022x1024.jpeg\" alt=\"\" class=\"wp-image-77\" srcset=\"https:\/\/eventos.ifbaiano.edu.br\/portal\/scn-guanambi\/files\/2020\/11\/WhatsApp-Image-2020-11-14-at-07.28.27-1022x1024.jpeg 1022w, https:\/\/eventos.ifbaiano.edu.br\/portal\/scn-guanambi\/files\/2020\/11\/WhatsApp-Image-2020-11-14-at-07.28.27-300x300.jpeg 300w, https:\/\/eventos.ifbaiano.edu.br\/portal\/scn-guanambi\/files\/2020\/11\/WhatsApp-Image-2020-11-14-at-07.28.27-150x150.jpeg 150w, https:\/\/eventos.ifbaiano.edu.br\/portal\/scn-guanambi\/files\/2020\/11\/WhatsApp-Image-2020-11-14-at-07.28.27-768x769.jpeg 768w, https:\/\/eventos.ifbaiano.edu.br\/portal\/scn-guanambi\/files\/2020\/11\/WhatsApp-Image-2020-11-14-at-07.28.27.jpeg 1080w\" sizes=\"(max-width: 1022px) 100vw, 1022px\" \/><\/figure><div class=\"wp-block-media-text__content\">\n<p class=\"has-text-align-left has-medium-font-size\"><strong><span style=\"color:#d49f22\" class=\"has-inline-color\">Prof\u00aa. Ma. Samylle Bomfim Souza<\/span><\/strong><\/p>\n\n\n\n<p>Concluiu a gradua\u00e7\u00e3o em L\u00edngua Estrangeira Moderna (Espanhol) no ano de 2010 pela Universidade Federal da Bahia (UFBA), reingressando para dar continuidade aos estudos no curso de Letras Vern\u00e1culas, graduando-se em 2012 (UFBA). Ao final desse ano foi aprovada na sele\u00e7\u00e3o do Instituto de Letras (ILUFBA) para atuar como professora substituta de L\u00edngua Espanhola. Em 2013 ingressou no mestrado e tornou-se membro do grupo de pesquisa PROELE: forma\u00e7\u00e3o de professores de espanhol em contexto latino-americano. No ano de 2015 obteve o t\u00edtulo de Mestre pelo Programa de P\u00f3s-gradua\u00e7\u00e3o em L\u00edngua e Cultura do ILUFBA sob a orienta\u00e7\u00e3o da Prof\u00aa Dr.\u00aa Marcia Paraquett. Atualmente \u00e9 professora de l\u00edngua espanhola no Instituto Federal de Educa\u00e7\u00e3o Ci\u00eancia e Tecnologia Baiano, <em>Campus<\/em> Guanambi.<\/p>\n\n\n\n<p><strong><a href=\"http:\/\/lattes.cnpq.br\/2366797076959857\" data-type=\"URL\" data-id=\"http:\/\/lattes.cnpq.br\/2366797076959857\" target=\"_blank\" rel=\"noreferrer noopener\"><span style=\"color:#d39d20\" class=\"has-inline-color\">Curr\u00edculo Lattes<\/span><\/a><\/strong><\/p>\n<\/div><\/div>\n\n\n\n<div class=\"wp-block-media-text alignwide has-media-on-the-right is-stacked-on-mobile\" style=\"grid-template-columns:auto 30%\"><figure class=\"wp-block-media-text__media\"><img loading=\"lazy\" decoding=\"async\" width=\"263\" height=\"245\" src=\"https:\/\/eventos.ifbaiano.edu.br\/portal\/scn-guanambi\/files\/2020\/11\/Palestrante-Veronica.jpg\" alt=\"\" class=\"wp-image-25\" \/><\/figure><div class=\"wp-block-media-text__content\">\n<p class=\"has-medium-font-size\"><strong><span style=\"color:#d69f1d\" class=\"has-inline-color\">Prof\u00aa. Ma. Ver\u00f4nica da Cruz Oliveira<\/span><\/strong><\/p>\n\n\n\n<p> Especialista em Metodologia de Ensino de L\u00edngua Portuguesa, Literatura e Artes, FAVENI- MG, P\u00f3s- graduanda em Lingu\u00edstica Aplicada pela FAVENI-MG. Licenciada pela UFBA, ano 2016. Foi aluna Especial no Programa de P\u00f3s- gradua\u00e7\u00e3o em Gest\u00e3o e Tecnologia Aplicados \u00e0 Educa\u00e7\u00e3o, na Universidade do Estado da Bahia (DEDIC, UNEB). Durante a Gradua\u00e7\u00e3o foi Bolsista de Inicia\u00e7\u00e3o Cient\u00edfica pelo Programa de A\u00e7\u00f5es Afirmativas da UFBA, no Departamento de Letras da UFBA, ILUFBA, pesquisadora do ALIB- Atlas Lingu\u00edstico do Brasil. Atualmente \u00e9 professora substituta de L\u00edngua Portuguesa e Literatura Brasileira, em Rede P\u00fablica Federal, no Instituto Federal de Educa\u00e7\u00e3o, Ci\u00eancia e Tecnologia Baiano (IFBAIANO) &#8211; <em>Campus<\/em> Guanambi-Bahia.<\/p>\n\n\n\n<p><strong><a rel=\"noreferrer noopener\" href=\"http:\/\/lattes.cnpq.br\/2236272135884214\" target=\"_blank\"><span style=\"color:#d69e1d\" class=\"has-inline-color\">Curr\u00edculo <\/span><\/a><a href=\"http:\/\/lattes.cnpq.br\/5819909913137801\" data-type=\"URL\" data-id=\"http:\/\/lattes.cnpq.br\/5819909913137801\" target=\"_blank\" rel=\"noreferrer noopener\"><span style=\"color:#d69e1d\" class=\"has-inline-color\">Latte<\/span><\/a><\/strong><a rel=\"noreferrer noopener\" href=\"http:\/\/lattes.cnpq.br\/2762049608974570\" target=\"_blank\"><strong><span style=\"color:#d69e1d\" class=\"has-inline-color\">s<\/span><\/strong><\/a><\/p>\n<\/div><\/div>\n\n\n\n<p><\/p>\n\n\n\n<p><\/p>\n","protected":false},"excerpt":{"rendered":"<p>Membros do NEABI &#8211; Campus Guanambi\/ Comiss\u00e3o Organizadora Prof\u00aa. Dr\u00aa. Aglair Cardoso Alves Engenheira Agr\u00f4noma pela Universidade Federal do Rec\u00f4ncavo da Bahia &#8211; UFRB (2012.2), mestrado em Agronomia (Solos e Qualidade de Ecossistemas &#8211; SQE) pela Universidade Federal do Rec\u00f4ncavo da Bahia &#8211; UFRB (2014.2) e doutorado em Agronomia (Ci\u00eancias do solo) pela Universidade Federal&hellip;&nbsp;<a href=\"https:\/\/eventos.ifbaiano.edu.br\/portal\/scn-guanambi\/comissao\/\" rel=\"bookmark\"><span class=\"screen-reader-text\">Membros do NEABI &#8211; GBI<\/span><\/a><\/p>\n","protected":false},"author":48,"featured_media":0,"parent":0,"menu_order":0,"comment_status":"closed","ping_status":"closed","template":"","meta":{"neve_meta_sidebar":"","neve_meta_container":"","neve_meta_enable_content_width":"","neve_meta_content_width":0,"neve_meta_title_alignment":"","neve_meta_author_avatar":"","neve_post_elements_order":"","neve_meta_disable_header":"","neve_meta_disable_footer":"","neve_meta_disable_title":"on","footnotes":""},"_links":{"self":[{"href":"https:\/\/eventos.ifbaiano.edu.br\/portal\/scn-guanambi\/wp-json\/wp\/v2\/pages\/34"}],"collection":[{"href":"https:\/\/eventos.ifbaiano.edu.br\/portal\/scn-guanambi\/wp-json\/wp\/v2\/pages"}],"about":[{"href":"https:\/\/eventos.ifbaiano.edu.br\/portal\/scn-guanambi\/wp-json\/wp\/v2\/types\/page"}],"author":[{"embeddable":true,"href":"https:\/\/eventos.ifbaiano.edu.br\/portal\/scn-guanambi\/wp-json\/wp\/v2\/users\/48"}],"replies":[{"embeddable":true,"href":"https:\/\/eventos.ifbaiano.edu.br\/portal\/scn-guanambi\/wp-json\/wp\/v2\/comments?post=34"}],"version-history":[{"count":69,"href":"https:\/\/eventos.ifbaiano.edu.br\/portal\/scn-guanambi\/wp-json\/wp\/v2\/pages\/34\/revisions"}],"predecessor-version":[{"id":263,"href":"https:\/\/eventos.ifbaiano.edu.br\/portal\/scn-guanambi\/wp-json\/wp\/v2\/pages\/34\/revisions\/263"}],"wp:attachment":[{"href":"https:\/\/eventos.ifbaiano.edu.br\/portal\/scn-guanambi\/wp-json\/wp\/v2\/media?parent=34"}],"curies":[{"name":"wp","href":"https:\/\/api.w.org\/{rel}","templated":true}]}}