{"id":215,"date":"2020-11-21T06:31:40","date_gmt":"2020-11-21T09:31:40","guid":{"rendered":"https:\/\/eventos.ifbaiano.edu.br\/portal\/scn-guanambi\/?page_id=215"},"modified":"2020-11-21T14:50:11","modified_gmt":"2020-11-21T17:50:11","slug":"novos-talentos","status":"publish","type":"page","link":"https:\/\/eventos.ifbaiano.edu.br\/portal\/scn-guanambi\/novos-talentos\/","title":{"rendered":"Novos talentos"},"content":{"rendered":"\n<div class=\"wp-block-media-text alignwide is-stacked-on-mobile\" style=\"grid-template-columns:29% auto\"><figure class=\"wp-block-media-text__media\"><img loading=\"lazy\" decoding=\"async\" width=\"730\" height=\"1024\" src=\"https:\/\/eventos.ifbaiano.edu.br\/portal\/scn-guanambi\/files\/2020\/11\/WhatsApp-Image-2020-11-21-at-06.25.14-730x1024.jpeg\" alt=\"\" class=\"wp-image-223\" srcset=\"https:\/\/eventos.ifbaiano.edu.br\/portal\/scn-guanambi\/files\/2020\/11\/WhatsApp-Image-2020-11-21-at-06.25.14-730x1024.jpeg 730w, https:\/\/eventos.ifbaiano.edu.br\/portal\/scn-guanambi\/files\/2020\/11\/WhatsApp-Image-2020-11-21-at-06.25.14-214x300.jpeg 214w, https:\/\/eventos.ifbaiano.edu.br\/portal\/scn-guanambi\/files\/2020\/11\/WhatsApp-Image-2020-11-21-at-06.25.14-768x1077.jpeg 768w, https:\/\/eventos.ifbaiano.edu.br\/portal\/scn-guanambi\/files\/2020\/11\/WhatsApp-Image-2020-11-21-at-06.25.14.jpeg 913w\" sizes=\"(max-width: 730px) 100vw, 730px\" \/><\/figure><div class=\"wp-block-media-text__content\">\n<h2 class=\"wp-block-heading\"><strong>Tallyson Alves Porto Gon\u00e7alves<\/strong><\/h2>\n\n\n\n<p><strong>Idade: 16 anos.<br>Curso: Inform\u00e1tica para internet \/ IF Baiano, <em>Campus<\/em> Guanambi.<br>Turma: 1Bii<\/strong><\/p>\n\n\n\n<p><strong>Instagram:<\/strong> <a href=\"https:\/\/www.instagram.com\/sir_.tall\/?hl=pt-br\" target=\"_blank\" rel=\"noreferrer noopener\">@sir_.tall<\/a><\/p>\n\n\n\n<p class=\"has-normal-font-size\">&#8220;Prazer, me chamo Tallyson. Tenho 16 anos e o desenho e pintura estiveram presentes em cada um desses anos da minha vida. Sabe quando voc\u00ea \u00e9 crian\u00e7a, ganha um folha de papel e um l\u00e1pis e tenta por em tra\u00e7os tudo que tu imaginas? Pois \u00e9, eu meio que nunca sa\u00ed dessa fase. A arte pra mim \u00e9 um jeito de se expressar, \u00e9 um meio de comunica\u00e7\u00e3o, terapia e lazer. Eu migrei da folha e da tinta para o digital h\u00e1 6 meses, os quais eu usei pra treinar cada fundamento do desenho. Eu me inspiro bastante na arte conceitual, nas pinturas do Marc Simonetti, em pintores renascentistas, na literatura, em anima\u00e7\u00f5es, animes e a inspira\u00e7\u00e3o de quase todo mundo que desenha, quadrinhos. Pretendo evoluir cada dia mais com o que eu gosto, que \u00e9 dar forma \u00e0s minhas ideias e talvez at\u00e9 viver disso. Eu sei que existe muita gente boa e extremamente talentosa por a\u00ed, que treinou anos e anos pra chegar onde est\u00e1. Mas se eles podem, eu tamb\u00e9m posso.&#8221;<\/p>\n<\/div><\/div>\n\n\n\n<h2 class=\"wp-block-heading\">Obra: <strong>Black Medeuses<\/strong><\/h2>\n\n\n\n<div class=\"wp-block-media-text alignwide is-stacked-on-mobile\" style=\"grid-template-columns:58% auto\"><figure class=\"wp-block-media-text__media\"><img loading=\"lazy\" decoding=\"async\" width=\"1000\" height=\"1000\" src=\"https:\/\/eventos.ifbaiano.edu.br\/portal\/scn-guanambi\/files\/2020\/11\/WhatsApp-Image-2020-11-20-at-17.08.38.jpeg\" alt=\"\" class=\"wp-image-216\" srcset=\"https:\/\/eventos.ifbaiano.edu.br\/portal\/scn-guanambi\/files\/2020\/11\/WhatsApp-Image-2020-11-20-at-17.08.38.jpeg 1000w, https:\/\/eventos.ifbaiano.edu.br\/portal\/scn-guanambi\/files\/2020\/11\/WhatsApp-Image-2020-11-20-at-17.08.38-300x300.jpeg 300w, https:\/\/eventos.ifbaiano.edu.br\/portal\/scn-guanambi\/files\/2020\/11\/WhatsApp-Image-2020-11-20-at-17.08.38-150x150.jpeg 150w, https:\/\/eventos.ifbaiano.edu.br\/portal\/scn-guanambi\/files\/2020\/11\/WhatsApp-Image-2020-11-20-at-17.08.38-768x768.jpeg 768w\" sizes=\"(max-width: 1000px) 100vw, 1000px\" \/><\/figure><div class=\"wp-block-media-text__content\">\n<p class=\"has-normal-font-size\"><strong>Tipo de pintura:<\/strong> Digital.&nbsp; <\/p>\n\n\n\n<p class=\"has-normal-font-size\"><strong>T\u00e9cnica:<\/strong> Escultura de m\u00e1rmore.&nbsp;<\/p>\n\n\n\n<h2 class=\"has-medium-font-size wp-block-heading\"><strong>Descri\u00e7\u00e3o de imagem <\/strong><\/h2>\n\n\n\n<p class=\"has-normal-font-size\">&#8220;Duas pessoas paralelamente posicionadas. \u00c0 direita, uma mulher negra com vestimentas formais: um terno azul escuro decotado com uma camisa de tom roxo por baixo. Tem seus cabelos constitu\u00eddos por cobras verdes com linhas e escamas em dourado, amarrados em dois coques. Olhos dourados, sendo o da direita fendado. Uma pequena parte da direita de seu rosto est\u00e1 &#8220;petrificada&#8221;.  A figura da esquerda \u00e9 um homem alto, de ombros largos e tamb\u00e9m negro, tem suas vestimentas caracterizadas casuais, com uma jaqueta cinza com topos de pelos, e uma camisa roxa por baixo. Usa um brinco dourado na orelha direita, um colar branco e um <em>piercing<\/em> em seu nariz. Seus olhos s\u00e3o dourados e seu cabelo \u00e9 um emaranhado de cobras postas para tr\u00e1s.&#8221; <strong>Gon\u00e7alves, T.A.P, 2020.<\/strong><\/p>\n<\/div><\/div>\n\n\n\n<h2 class=\"wp-block-heading\"><strong>Interpreta\u00e7\u00e3o do artista<\/strong><\/h2>\n\n\n\n<p>&#8220;Essa arte foi feita com o intuito de mesclar o mito grego da medusa com os dias atuais e com a cultura negra. A medusa em seu mito foi invejada pela sua beleza, violentada e punida, tirada de seu cotidiano, expulsa de seu lar e desfigurada. Com a mistura de conceitos gregos e da cultura afrodescendente, eu pretendia trazer um paralelo entre o conto mitol\u00f3gico e a hist\u00f3ria, infelizmente, presenciada pela popula\u00e7\u00e3o nativa negra.<br>A beleza das comunidades e do povo negro cessou com a chegada e explora\u00e7\u00e3o do homem branco em suas terras, os mesmos tiveram suas vilas assaltadas, suas fam\u00edlias separadas, foram arrancados de sua realidade e sequestrados para outro lado do globo, onde sofreram ainda mais agress\u00f5es e mutila\u00e7\u00f5es. Ambos os conceitos retratados t\u00eam caracter\u00edsticas em comum:<\/p>\n\n\n\n<ul><li>a beleza pura atacada pela cobi\u00e7a, material e sexual, do homem externo;<\/li><li>o ser tratado como objeto e ferramenta de interesses; e<\/li><li>a luta para sobreviverem num mundo que est\u00e1 contra eles.\u201d <strong>Gon\u00e7alves, T.A.P, 2020<\/strong>.<\/li><\/ul>\n\n\n\n<pre class=\"wp-block-verse\"><\/pre>\n","protected":false},"excerpt":{"rendered":"<p>Tallyson Alves Porto Gon\u00e7alves Idade: 16 anos.Curso: Inform\u00e1tica para internet \/ IF Baiano, Campus Guanambi.Turma: 1Bii Instagram: @sir_.tall &#8220;Prazer, me chamo Tallyson. Tenho 16 anos e o desenho e pintura estiveram presentes em cada um desses anos da minha vida. Sabe quando voc\u00ea \u00e9 crian\u00e7a, ganha um folha de papel e um l\u00e1pis e tenta&hellip;&nbsp;<a href=\"https:\/\/eventos.ifbaiano.edu.br\/portal\/scn-guanambi\/novos-talentos\/\" rel=\"bookmark\"><span class=\"screen-reader-text\">Novos talentos<\/span><\/a><\/p>\n","protected":false},"author":68,"featured_media":227,"parent":0,"menu_order":0,"comment_status":"closed","ping_status":"closed","template":"","meta":{"neve_meta_sidebar":"full-width","neve_meta_container":"","neve_meta_enable_content_width":"on","neve_meta_content_width":100,"neve_meta_title_alignment":"","neve_meta_author_avatar":"","neve_post_elements_order":"","neve_meta_disable_header":"","neve_meta_disable_footer":"","neve_meta_disable_title":"","footnotes":""},"_links":{"self":[{"href":"https:\/\/eventos.ifbaiano.edu.br\/portal\/scn-guanambi\/wp-json\/wp\/v2\/pages\/215"}],"collection":[{"href":"https:\/\/eventos.ifbaiano.edu.br\/portal\/scn-guanambi\/wp-json\/wp\/v2\/pages"}],"about":[{"href":"https:\/\/eventos.ifbaiano.edu.br\/portal\/scn-guanambi\/wp-json\/wp\/v2\/types\/page"}],"author":[{"embeddable":true,"href":"https:\/\/eventos.ifbaiano.edu.br\/portal\/scn-guanambi\/wp-json\/wp\/v2\/users\/68"}],"replies":[{"embeddable":true,"href":"https:\/\/eventos.ifbaiano.edu.br\/portal\/scn-guanambi\/wp-json\/wp\/v2\/comments?post=215"}],"version-history":[{"count":21,"href":"https:\/\/eventos.ifbaiano.edu.br\/portal\/scn-guanambi\/wp-json\/wp\/v2\/pages\/215\/revisions"}],"predecessor-version":[{"id":281,"href":"https:\/\/eventos.ifbaiano.edu.br\/portal\/scn-guanambi\/wp-json\/wp\/v2\/pages\/215\/revisions\/281"}],"wp:featuredmedia":[{"embeddable":true,"href":"https:\/\/eventos.ifbaiano.edu.br\/portal\/scn-guanambi\/wp-json\/wp\/v2\/media\/227"}],"wp:attachment":[{"href":"https:\/\/eventos.ifbaiano.edu.br\/portal\/scn-guanambi\/wp-json\/wp\/v2\/media?parent=215"}],"curies":[{"name":"wp","href":"https:\/\/api.w.org\/{rel}","templated":true}]}}