{"id":2,"date":"2020-10-21T11:25:58","date_gmt":"2020-10-21T14:25:58","guid":{"rendered":"https:\/\/eventos.ifbaiano.edu.br\/portal\/scn-guanambi\/?page_id=2"},"modified":"2020-11-22T15:11:53","modified_gmt":"2020-11-22T18:11:53","slug":"pagina-exemplo","status":"publish","type":"page","link":"https:\/\/eventos.ifbaiano.edu.br\/portal\/scn-guanambi\/","title":{"rendered":"O evento"},"content":{"rendered":"\n<figure class=\"wp-block-image size-large\"><img loading=\"lazy\" decoding=\"async\" width=\"1024\" height=\"266\" src=\"https:\/\/eventos.ifbaiano.edu.br\/portal\/scn-guanambi\/files\/2020\/11\/SCN-Guanambi-1024x266.png\" alt=\"\" class=\"wp-image-7\" srcset=\"https:\/\/eventos.ifbaiano.edu.br\/portal\/scn-guanambi\/files\/2020\/11\/SCN-Guanambi-1024x266.png 1024w, https:\/\/eventos.ifbaiano.edu.br\/portal\/scn-guanambi\/files\/2020\/11\/SCN-Guanambi-300x78.png 300w, https:\/\/eventos.ifbaiano.edu.br\/portal\/scn-guanambi\/files\/2020\/11\/SCN-Guanambi-768x200.png 768w, https:\/\/eventos.ifbaiano.edu.br\/portal\/scn-guanambi\/files\/2020\/11\/SCN-Guanambi.png 1199w\" sizes=\"(max-width: 1024px) 100vw, 1024px\" \/><\/figure>\n\n\n\n<p><strong>Sobre o NEABI<\/strong><\/p>\n\n\n\n<p>O <strong>N\u00facleo de Estudos Afro-Brasileiros e Ind\u00edgenas<\/strong> <strong>(NEABI)<\/strong> \u00e9 um programa institucional que visa fortalecer as a\u00e7\u00f5es afirmativas nas \u00e1reas de ensino, pesquisa e extens\u00e3o no que tange \u00e0 hist\u00f3ria e cultura afro-brasileira e ind\u00edgenas. Tal atribui\u00e7\u00e3o est\u00e1 em cumprimento a Lei n\u00ba 11.645\/2008 e a Lei n\u00ba10.639\/ 2003 que versa sobre a obrigatoriedade da inser\u00e7\u00e3o dos temas \u00c1frica, Cultura Negra e Hist\u00f3ria do Negro no Brasil, cujo objetivo maior \u00e9 reafirmar o car\u00e1ter multicultural da sociedade brasileira pautando-se em uma educa\u00e7\u00e3o tamb\u00e9m multicultural.<\/p>\n\n\n\n<p>Nesse sentido, o NEABI tem como fun\u00e7\u00e3o promover a\u00e7\u00f5es que se fundem nos princ\u00edpios de igualdade, respeito e prote\u00e7\u00e3o dos direitos desses grupos \u00e9tnicos, tornando efetivo o combate a atos discriminat\u00f3rios como o racismo. Com prop\u00f3sito de desenvolver uma pol\u00edtica antirracista, o NEABI <em>campus <\/em>Guanambi procura promover no m\u00eas de novembro a SEMANA DA CONSCI\u00caNCIA NEGRA que se encontra na terceira edi\u00e7\u00e3o.<\/p>\n\n\n\n<p><strong>Sobre a SEMANA DA CONSCI\u00caNCIA NEGRA<\/strong> &#8211; IF Baiano, <em>Campus<\/em> Guanambi<\/p>\n\n\n\n<p>A comemora\u00e7\u00e3o da SEMANA DA CONSCI\u00caNCIA NEGRA (SCN) surgiu como uma das a\u00e7\u00f5es do NEABI &#8211;<em>Campus<\/em> Guanambi para propiciar o conhecimento da hist\u00f3ria e cultura afro-brasileiras, assim como discuss\u00e3o sobre os problemas enfrentados pelos (as) negros (as) na atualidade. Al\u00e9m disso, o objetivo da SCN \u00e9 contribuir no processo de autoidentifica\u00e7\u00e3o e valoriza\u00e7\u00e3o da cultura e identidade afro-brasileiras.<\/p>\n\n\n\n<p>A primeira edi\u00e7\u00e3o da SCN ocorreu no m\u00eas de novembro, de 2018, que trouxe como tema \u201c<strong>Cultura Afro-Brasileira: hist\u00f3ria, artes e cren\u00e7as<\/strong>\u201d, foi criado com o objetivo de enaltecer a beleza negra, atrav\u00e9s de oficinas, debates e apresenta\u00e7\u00f5es culturais<\/p>\n\n\n\n<p>A II SCN foi em novembro de 2019 e contou com a participa\u00e7\u00e3o de v\u00e1rios (as) servidores e todos(as) os (as) discentes da institui\u00e7\u00e3o, bem como diversos convidados, convidadas e palestrantes de outras institui\u00e7\u00f5es de ensino. Durante o evento a hist\u00f3ria, cultura e identidade foram contadas atrav\u00e9s de salas tem\u00e1ticas, dan\u00e7as e mesas de conversas. A segunda edi\u00e7\u00e3o contemplou a tem\u00e1tica: \u201c<strong>A \u00c1frica que existe em n\u00f3s: hist\u00f3ria, cultura e identidade<\/strong>\u201d.<\/p>\n\n\n\n<p> Nesse ano de 2020, tamb\u00e9m celebraremos a III SEMANA DA CONSCI\u00caNCIA NEGRA, no m\u00eas de novembro.&nbsp;A proposta da terceira edi\u00e7\u00e3o da SCN \u00e9 trazer uma discuss\u00e3o sobre o seguinte tema: \u201c<strong>Constru\u00e7\u00e3o da identidade negra: racismo e antirracismo<\/strong>\u201d. Devido \u00e0 pandemia do COVID-19, a edi\u00e7\u00e3o 2020 acontecer\u00e1 no formato online, nos dias <strong>19 e 20 de novembro de 2020<\/strong>. A programa\u00e7\u00e3o do evento compreende uma palestra de abertura e duas mesas com discuss\u00f5es de diferentes tem\u00e1ticas. As inscri\u00e7\u00f5es estar\u00e3o abertas at\u00e9 <strong>19 de novembro de 2020<\/strong>, \u00e0s 13:00 h.<\/p>\n\n\n\n<p><a href=\"https:\/\/eventos.ifbaiano.edu.br\/portal\/scn-guanambi\/comissao\/\" data-type=\"URL\" data-id=\"https:\/\/eventos.ifbaiano.edu.br\/portal\/scn-guanambi\/comissao\/\" target=\"_blank\" rel=\"noreferrer noopener\">Comiss\u00e3o Organizadora<\/a>.<\/p>\n\n\n\n<p><strong>P\u00fablico-alvo<\/strong>: estudantes do ensino m\u00e9dio (integrado e subsequente) e da gradua\u00e7\u00e3o do IF Baiano <em>campus<\/em> Guanambi.<\/p>\n\n\n\n<h2 class=\"has-medium-font-size wp-block-heading\"><strong>Hist\u00f3ria do NEABI IF Baiano, Campus Guanambi (2018 &#8211; 2020)<\/strong><\/h2>\n\n\n\n<p class=\"has-normal-font-size\">O N\u00facleo de Estudos Afro-Brasileiros e Ind\u00edgenas IF Baiano, <em>Campus<\/em> Guanambi (<strong>NEABI-GBI<\/strong>) conta a sua pequena e curta, por\u00e9m promissora hist\u00f3ria, atrav\u00e9s de um v\u00eddeo que apresenta a trajet\u00f3ria do n\u00facleo nos \u00faltimos dois anos.<\/p>\n\n\n\n<figure class=\"wp-block-embed-youtube wp-block-embed is-type-video is-provider-youtube wp-embed-aspect-16-9 wp-has-aspect-ratio\"><div class=\"wp-block-embed__wrapper\">\n<div class=\"nv-iframe-embed\"><iframe loading=\"lazy\" title=\"A hist\u00f3ria do NEABI IF Baiano, Campus Guanambi (2018 - 2020)\" width=\"1200\" height=\"675\" src=\"https:\/\/www.youtube.com\/embed\/P-kG4NSYAx0?feature=oembed\" frameborder=\"0\" allow=\"accelerometer; autoplay; clipboard-write; encrypted-media; gyroscope; picture-in-picture\" allowfullscreen><\/iframe><\/div>\n<\/div><\/figure>\n\n\n\n<p><strong>Programa\u00e7\u00e3o<\/strong><\/p>\n\n\n\n<p>A programa\u00e7\u00e3o ser\u00e1 realizada ao vivo e online no canal do YouTube <a href=\"https:\/\/www.youtube.com\/channel\/UCK-EZ18WrjXuMYKqPtLBbKw\" data-type=\"URL\" data-id=\"https:\/\/www.youtube.com\/channel\/UCK-EZ18WrjXuMYKqPtLBbKw\" target=\"_blank\" rel=\"noreferrer noopener\">IF Baiano &#8211; <em>Campus<\/em> Guanambi<\/a>. Os v\u00eddeos estar\u00e3o dispon\u00edveis nesta p\u00e1gina.<\/p>\n\n\n\n<p><a href=\"https:\/\/eventos.ifbaiano.edu.br\/portal\/scn-guanambi\/programacao\/\" target=\"_blank\" rel=\"noreferrer noopener\">Confira a programa\u00e7\u00e3o completa<\/a><\/p>\n\n\n\n<p><strong>Momento Cultural<\/strong><\/p>\n\n\n\n<p>Confira os artistas convidados para abrilhantar a <strong>III Semana da Consci\u00eancia Negra<\/strong>.<\/p>\n\n\n\n<p><a href=\"https:\/\/eventos.ifbaiano.edu.br\/portal\/scn-guanambi\/momento-cultural\/\" data-type=\"URL\" data-id=\"https:\/\/eventos.ifbaiano.edu.br\/portal\/scn-guanambi\/momento-cultural\/\" target=\"_blank\" rel=\"noreferrer noopener\">Veja as atra\u00e7\u00f5es do evento<\/a><\/p>\n\n\n\n<p><strong>Novos Talentos<\/strong><\/p>\n\n\n\n<p>Aprecie a obra de arte do artista <a rel=\"noreferrer noopener\" href=\"https:\/\/eventos.ifbaiano.edu.br\/portal\/scn-guanambi\/novos-talentos\/\" target=\"_blank\"><strong>Tallyson Alves Porto Gon\u00e7alves<\/strong><\/a>. <\/p>\n","protected":false},"excerpt":{"rendered":"<p>Sobre o NEABI O N\u00facleo de Estudos Afro-Brasileiros e Ind\u00edgenas (NEABI) \u00e9 um programa institucional que visa fortalecer as a\u00e7\u00f5es afirmativas nas \u00e1reas de ensino, pesquisa e extens\u00e3o no que tange \u00e0 hist\u00f3ria e cultura afro-brasileira e ind\u00edgenas. Tal atribui\u00e7\u00e3o est\u00e1 em cumprimento a Lei n\u00ba 11.645\/2008 e a Lei n\u00ba10.639\/ 2003 que versa sobre&hellip;&nbsp;<a href=\"https:\/\/eventos.ifbaiano.edu.br\/portal\/scn-guanambi\/\" rel=\"bookmark\"><span class=\"screen-reader-text\">O evento<\/span><\/a><\/p>\n","protected":false},"author":20,"featured_media":0,"parent":0,"menu_order":0,"comment_status":"closed","ping_status":"closed","template":"","meta":{"neve_meta_sidebar":"","neve_meta_container":"","neve_meta_enable_content_width":"","neve_meta_content_width":0,"neve_meta_title_alignment":"","neve_meta_author_avatar":"","neve_post_elements_order":"","neve_meta_disable_header":"","neve_meta_disable_footer":"","neve_meta_disable_title":"off","footnotes":""},"_links":{"self":[{"href":"https:\/\/eventos.ifbaiano.edu.br\/portal\/scn-guanambi\/wp-json\/wp\/v2\/pages\/2"}],"collection":[{"href":"https:\/\/eventos.ifbaiano.edu.br\/portal\/scn-guanambi\/wp-json\/wp\/v2\/pages"}],"about":[{"href":"https:\/\/eventos.ifbaiano.edu.br\/portal\/scn-guanambi\/wp-json\/wp\/v2\/types\/page"}],"author":[{"embeddable":true,"href":"https:\/\/eventos.ifbaiano.edu.br\/portal\/scn-guanambi\/wp-json\/wp\/v2\/users\/20"}],"replies":[{"embeddable":true,"href":"https:\/\/eventos.ifbaiano.edu.br\/portal\/scn-guanambi\/wp-json\/wp\/v2\/comments?post=2"}],"version-history":[{"count":40,"href":"https:\/\/eventos.ifbaiano.edu.br\/portal\/scn-guanambi\/wp-json\/wp\/v2\/pages\/2\/revisions"}],"predecessor-version":[{"id":286,"href":"https:\/\/eventos.ifbaiano.edu.br\/portal\/scn-guanambi\/wp-json\/wp\/v2\/pages\/2\/revisions\/286"}],"wp:attachment":[{"href":"https:\/\/eventos.ifbaiano.edu.br\/portal\/scn-guanambi\/wp-json\/wp\/v2\/media?parent=2"}],"curies":[{"name":"wp","href":"https:\/\/api.w.org\/{rel}","templated":true}]}}