{"id":197,"date":"2020-11-19T13:31:46","date_gmt":"2020-11-19T16:31:46","guid":{"rendered":"https:\/\/eventos.ifbaiano.edu.br\/portal\/scn-guanambi\/?page_id=197"},"modified":"2020-11-23T20:13:34","modified_gmt":"2020-11-23T23:13:34","slug":"sala-de-video","status":"publish","type":"page","link":"https:\/\/eventos.ifbaiano.edu.br\/portal\/scn-guanambi\/sala-de-video\/","title":{"rendered":"Sala de V\u00eddeo"},"content":{"rendered":"\n<h2 class=\"wp-block-heading\">20 de novembro<\/h2>\n\n\n\n<p><strong>Debate \u2013 Constru\u00e7\u00e3o da Identidade Negra: racismo e antirracismo<\/strong>\u00a0II<\/p>\n\n\n\n<figure class=\"wp-block-embed-youtube wp-block-embed is-type-video is-provider-youtube wp-embed-aspect-16-9 wp-has-aspect-ratio\"><div class=\"wp-block-embed__wrapper\">\n<div class=\"nv-iframe-embed\"><iframe loading=\"lazy\" title=\"III Semana da Consci\u00eancia Negra - Constru\u00e7\u00e3o da Identidade Negra: racismo e antirracismo II\" width=\"1200\" height=\"675\" src=\"https:\/\/www.youtube.com\/embed\/u30umCFsorc?feature=oembed\" frameborder=\"0\" allow=\"accelerometer; autoplay; clipboard-write; encrypted-media; gyroscope; picture-in-picture\" allowfullscreen><\/iframe><\/div>\n<\/div><\/figure>\n\n\n\n<p><a rel=\"noreferrer noopener\" href=\"https:\/\/docs.google.com\/forms\/d\/e\/1FAIpQLScHqo17QNJH-os8-R_B5MQ8nw2Csj0YJp92K4oOrYb1kFomtQ\/closedform\" target=\"_blank\">Lista de presen\u00e7a<\/a><\/p>\n\n\n\n<h2 class=\"wp-block-heading\">19 de novembro<\/h2>\n\n\n\n<h4 class=\"wp-block-heading\">Abertura Oficial<\/h4>\n\n\n\n<h4 class=\"wp-block-heading\"><strong>Palestra de Abertura: Monumentos escravistas e constru\u00e7\u00e3o de identidade<\/strong> &#8211; <strong>Palestrante: Jorge Amilcar de Castro Santana<\/strong><\/h4>\n\n\n\n<p><strong>Debate \u2013 Constru\u00e7\u00e3o da Identidade Negra: racismo e antirracismo<\/strong>&nbsp;I<\/p>\n\n\n\n<figure class=\"wp-block-embed-youtube wp-block-embed is-type-video is-provider-youtube wp-embed-aspect-16-9 wp-has-aspect-ratio\"><div class=\"wp-block-embed__wrapper\">\n<div class=\"nv-iframe-embed\"><iframe loading=\"lazy\" title=\"III Semana da Consci\u00eancia Negra - IF Baiano Campus Guanambi\" width=\"1200\" height=\"675\" src=\"https:\/\/www.youtube.com\/embed\/fAysHKeS7lI?feature=oembed\" frameborder=\"0\" allow=\"accelerometer; autoplay; clipboard-write; encrypted-media; gyroscope; picture-in-picture\" allowfullscreen><\/iframe><\/div>\n<\/div><\/figure>\n\n\n\n<p><a rel=\"noreferrer noopener\" href=\"https:\/\/docs.google.com\/forms\/d\/e\/1FAIpQLSehUVBQ5hltBc5fbqWH-LSJnti0FRAecyeuc9cOYdTHZ-vBOw\/closedform\" target=\"_blank\">Lista de presen\u00e7a<\/a> &#8211; Abertura <strong>(A lista de presenta ser\u00e1 fechada no dia 20\/11\/2020, \u00e0s 11h.)<\/strong><\/p>\n\n\n\n<p><a rel=\"noreferrer noopener\" href=\"https:\/\/docs.google.com\/forms\/d\/e\/1FAIpQLSekWSReVzvWF44AJWGHVJBt7ZQ1ZgX_i5pDkXkG5DnZZl4gaQ\/closedform\" target=\"_blank\">Lista de presen\u00e7a<\/a> &#8211; Debate <strong>(A lista de presenta ser\u00e1 fechada no dia 20\/11\/2020, \u00e0s 11h.)<\/strong><\/p>\n\n\n\n<p><\/p>\n\n\n\n<p><a href=\"https:\/\/eventos.ifbaiano.edu.br\/portal\/scn-guanambi\/programacao\/\">Veja a programa\u00e7\u00e3o completa<\/a><\/p>\n","protected":false},"excerpt":{"rendered":"<p>20 de novembro Debate \u2013 Constru\u00e7\u00e3o da Identidade Negra: racismo e antirracismo\u00a0II Lista de presen\u00e7a 19 de novembro Abertura Oficial Palestra de Abertura: Monumentos escravistas e constru\u00e7\u00e3o de identidade &#8211; Palestrante: Jorge Amilcar de Castro Santana Debate \u2013 Constru\u00e7\u00e3o da Identidade Negra: racismo e antirracismo&nbsp;I Lista de presen\u00e7a &#8211; Abertura (A lista de presenta ser\u00e1&hellip;&nbsp;<a href=\"https:\/\/eventos.ifbaiano.edu.br\/portal\/scn-guanambi\/sala-de-video\/\" rel=\"bookmark\"><span class=\"screen-reader-text\">Sala de V\u00eddeo<\/span><\/a><\/p>\n","protected":false},"author":48,"featured_media":0,"parent":0,"menu_order":0,"comment_status":"closed","ping_status":"closed","template":"","meta":{"neve_meta_sidebar":"full-width","neve_meta_container":"","neve_meta_enable_content_width":"on","neve_meta_content_width":100,"neve_meta_title_alignment":"","neve_meta_author_avatar":"","neve_post_elements_order":"","neve_meta_disable_header":"","neve_meta_disable_footer":"","neve_meta_disable_title":"on","footnotes":""},"_links":{"self":[{"href":"https:\/\/eventos.ifbaiano.edu.br\/portal\/scn-guanambi\/wp-json\/wp\/v2\/pages\/197"}],"collection":[{"href":"https:\/\/eventos.ifbaiano.edu.br\/portal\/scn-guanambi\/wp-json\/wp\/v2\/pages"}],"about":[{"href":"https:\/\/eventos.ifbaiano.edu.br\/portal\/scn-guanambi\/wp-json\/wp\/v2\/types\/page"}],"author":[{"embeddable":true,"href":"https:\/\/eventos.ifbaiano.edu.br\/portal\/scn-guanambi\/wp-json\/wp\/v2\/users\/48"}],"replies":[{"embeddable":true,"href":"https:\/\/eventos.ifbaiano.edu.br\/portal\/scn-guanambi\/wp-json\/wp\/v2\/comments?post=197"}],"version-history":[{"count":6,"href":"https:\/\/eventos.ifbaiano.edu.br\/portal\/scn-guanambi\/wp-json\/wp\/v2\/pages\/197\/revisions"}],"predecessor-version":[{"id":287,"href":"https:\/\/eventos.ifbaiano.edu.br\/portal\/scn-guanambi\/wp-json\/wp\/v2\/pages\/197\/revisions\/287"}],"wp:attachment":[{"href":"https:\/\/eventos.ifbaiano.edu.br\/portal\/scn-guanambi\/wp-json\/wp\/v2\/media?parent=197"}],"curies":[{"name":"wp","href":"https:\/\/api.w.org\/{rel}","templated":true}]}}