{"id":11,"date":"2020-11-05T09:34:10","date_gmt":"2020-11-05T12:34:10","guid":{"rendered":"https:\/\/eventos.ifbaiano.edu.br\/portal\/scn-guanambi\/?page_id=11"},"modified":"2020-11-19T18:19:42","modified_gmt":"2020-11-19T21:19:42","slug":"programacao","status":"publish","type":"page","link":"https:\/\/eventos.ifbaiano.edu.br\/portal\/scn-guanambi\/programacao\/","title":{"rendered":"Programa\u00e7\u00e3o"},"content":{"rendered":"\n<h3 class=\"wp-block-heading\">19 de Novembro de 2020 &#8211; 14h00 \u00e0s 16h40<\/h3>\n\n\n\n<p class=\"has-medium-font-size\"><strong>14h00 &#8211; Momento Cultural &#8211; C\u00e1ssia Cotrim e Jorge Lampa <\/strong><\/p>\n\n\n\n<p class=\"has-medium-font-size\"><strong>14h10 &#8211; Solenidade de Abertura<\/strong><\/p>\n\n\n\n<div class=\"wp-block-media-text alignwide is-stacked-on-mobile\" style=\"grid-template-columns:27% auto\"><figure class=\"wp-block-media-text__media\"><img loading=\"lazy\" decoding=\"async\" width=\"264\" height=\"261\" src=\"https:\/\/eventos.ifbaiano.edu.br\/portal\/scn-guanambi\/files\/2020\/11\/palestra-de-abertura.jpg\" alt=\"\" class=\"wp-image-12\" \/><\/figure><div class=\"wp-block-media-text__content\">\n<h4 class=\"wp-block-heading\"><strong>Palestra de Abertura: Monumentos escravistas e constru\u00e7\u00e3o de identidade.<\/strong><\/h4>\n\n\n\n<p><strong>Palestrante: Jorge Amilcar de Castro Santana<\/strong><\/p>\n\n\n\n<p>Gradua\u00e7\u00e3o em Hist\u00f3ria pela Universidade do Estado do Rio de Janeiro (2011) e mestrado em Ci\u00eancias Sociais pela Universidade do Estado do Rio de Janeiro (2016). Tem experi\u00eancia na \u00e1rea de Antropologia, com \u00eanfase em Antropologia. Atualmente desenvolvo a pesquisa de doutorado em Ci\u00eancias Sociais (PPCIS), na Universidade do Estado Rio deJaneiro sobre uma ocupa\u00e7\u00e3o de sem-tetos na favela da Mangueira.<\/p>\n\n\n\n<p class=\"has-large-font-size\"><a rel=\"noreferrer noopener\" href=\"https:\/\/docs.google.com\/forms\/d\/e\/1FAIpQLSehUVBQ5hltBc5fbqWH-LSJnti0FRAecyeuc9cOYdTHZ-vBOw\/closedform\" target=\"_blank\"><span style=\"color:#d1911b\" class=\"has-inline-color\">Lista de presen\u00e7a<\/span><\/a> <\/p>\n\n\n\n<p class=\"has-normal-font-size\"><strong>(A lista de presenta ser\u00e1 fechada no dia 20\/11\/2020, \u00e0s 11h.)<\/strong><\/p>\n<\/div><\/div>\n\n\n\n<h4 class=\"wp-block-heading\"><strong>Debate &#8211; Constru\u00e7\u00e3o da Identidade Negra: racismo e antirracismo<\/strong> I<\/h4>\n\n\n\n<div class=\"wp-block-media-text alignwide is-stacked-on-mobile\" style=\"grid-template-columns:27% auto\"><figure class=\"wp-block-media-text__media\"><img loading=\"lazy\" decoding=\"async\" width=\"264\" height=\"265\" src=\"https:\/\/eventos.ifbaiano.edu.br\/portal\/scn-guanambi\/files\/2020\/11\/Palestrante-Luiz-Gustavo.jpg\" alt=\"\" class=\"wp-image-13\" srcset=\"https:\/\/eventos.ifbaiano.edu.br\/portal\/scn-guanambi\/files\/2020\/11\/Palestrante-Luiz-Gustavo.jpg 264w, https:\/\/eventos.ifbaiano.edu.br\/portal\/scn-guanambi\/files\/2020\/11\/Palestrante-Luiz-Gustavo-150x150.jpg 150w\" sizes=\"(max-width: 264px) 100vw, 264px\" \/><\/figure><div class=\"wp-block-media-text__content\">\n<h4 class=\"wp-block-heading\"><strong>Constru\u00e7\u00e3o de Identidade Nacional e o lugar do Negro.<\/strong><\/h4>\n\n\n\n<p><strong>Convidado:<\/strong> <strong>Luiz Gustavo Mendel Souza <\/strong> <\/p>\n\n\n\n<p>Gradua\u00e7\u00e3o em licenciatura em Hist\u00f3ria pela Universidade do Estado do Rio de Janeiro na Faculdade de Forma\u00e7\u00e3o de Professores (2010). Mestrado (2012) em Hist\u00f3ria Social pela Universidade do Estado do Rio de Janeiro. Doutor pelo Programa de P\u00f3s-Gradua\u00e7\u00e3o em Antropologia da Universidade Federal Fluminense. Pesquisador vinculado ao N\u00facleo de Estudos de Artes, Rituais e Sociabilidades Urbanas (NARUA-UFF) e ao Grupo de Pesquisa em Antropologia da Devo\u00e7\u00e3o (GPAD) e Laborat\u00f3rio de Antropologia do L\u00fadico e do Sagrado (Ludens) da Universidade Federal do Rio de Janeiro\/ Museu Nacional.<\/p>\n<\/div><\/div>\n\n\n\n<div class=\"wp-block-media-text alignwide is-stacked-on-mobile\" style=\"grid-template-columns:27% auto\"><figure class=\"wp-block-media-text__media\"><img loading=\"lazy\" decoding=\"async\" width=\"247\" height=\"273\" src=\"https:\/\/eventos.ifbaiano.edu.br\/portal\/scn-guanambi\/files\/2020\/11\/Palestrante-Josane-1.jpg\" alt=\"\" class=\"wp-image-15\" \/><\/figure><div class=\"wp-block-media-text__content\">\n<h4 class=\"wp-block-heading\"><strong>O<strong> que habita em voc\u00ea: racismo ou antirracismo?<\/strong><\/strong><\/h4>\n\n\n\n<p><strong>Convidada:<\/strong> <strong>Josane Silva Souza<\/strong><\/p>\n\n\n\n<p>Gradua\u00e7\u00e3o em Letras\/Espanhol pela UNEB (2012). Especializa\u00e7\u00e3o em Estudos Lingu\u00edsticos e Liter\u00e1rios pela UFBA (2014). Mestrado em L\u00edngua e Cultura pela UFBA (2016). Professora Assistente\/Visitante \u2013 UESC. Doutoranda no Programa de P\u00f3s-Gradua\u00e7\u00e3o em Letras: Linguagens e Representa\u00e7\u00f5es \u2013 UESC. O tema da sua pesquisa \u00e9 <strong>\u201cAs representa\u00e7\u00f5es de identidades afro-diasp\u00f3ricas nas obras da cubana Teresa C\u00e1rdenas: uma po\u00e9tica da resist\u00eancia\u201d<\/strong>.<\/p>\n<\/div><\/div>\n\n\n\n<div class=\"wp-block-media-text alignwide is-stacked-on-mobile\" style=\"grid-template-columns:27% auto\"><figure class=\"wp-block-media-text__media\"><img loading=\"lazy\" decoding=\"async\" width=\"245\" height=\"250\" src=\"https:\/\/eventos.ifbaiano.edu.br\/portal\/scn-guanambi\/files\/2020\/11\/Palestra-Debora.jpg\" alt=\"\" class=\"wp-image-18\" \/><\/figure><div class=\"wp-block-media-text__content\">\n<h4 class=\"wp-block-heading\"><strong>Racismo e antirracismo na sociedade brasileira<\/strong>.<\/h4>\n\n\n\n<p><strong>Convidada:<\/strong> <strong>Debora Sim\u00f5es de Souza Mendel<\/strong> <\/p>\n\n\n\n<p>Doutoranda pelo Programa de P\u00f3s-Gradua\u00e7\u00e3o em Antropologia Social da Universidade Federal do Rio de Janeiro pertencente ao Museu Nacional (PPGAS\/UFRJ\/MN). Professora de Hist\u00f3ria do IF Baiano &#8211; <em>Campus<\/em> Guanambi. \u00c9 integrante do Grupo de Pesquisa de Antropologia da Devo\u00e7\u00e3o (Gpad) e do Laborat\u00f3rio de Antropologia do L\u00fadico e do Sagrado (Ludens) vinculados ao PPGAS. \u00c9 mestre (2014) em Hist\u00f3ria Social, pela Universidade do Estado do Rio de Janeiro (UERJ\/FFP). Licenciou-se em Hist\u00f3ria pela Universidade do Estado do Rio de Janeiro, na Faculdade de Forma\u00e7\u00e3o de Professores (UERJ\/FFP, 2011).<\/p>\n<\/div><\/div>\n\n\n\n<div class=\"wp-block-media-text alignwide is-stacked-on-mobile\" style=\"grid-template-columns:27% auto\"><figure class=\"wp-block-media-text__media\"><img loading=\"lazy\" decoding=\"async\" width=\"272\" height=\"273\" src=\"https:\/\/eventos.ifbaiano.edu.br\/portal\/scn-guanambi\/files\/2020\/11\/moderadora-Rosangela.jpg\" alt=\"\" class=\"wp-image-26\" srcset=\"https:\/\/eventos.ifbaiano.edu.br\/portal\/scn-guanambi\/files\/2020\/11\/moderadora-Rosangela.jpg 272w, https:\/\/eventos.ifbaiano.edu.br\/portal\/scn-guanambi\/files\/2020\/11\/moderadora-Rosangela-150x150.jpg 150w\" sizes=\"(max-width: 272px) 100vw, 272px\" \/><\/figure><div class=\"wp-block-media-text__content\">\n<h4 class=\"wp-block-heading\">Mediadora<\/h4>\n\n\n\n<p><strong>Ros\u00e2ngela Figueiredo Miranda<\/strong><\/p>\n\n\n\n<p>Doutorado em Hist\u00f3ria Social do Brasil pela Universidade Federal da Bahia. Possui gradua\u00e7\u00e3o em Licenciatura em Hist\u00f3ria pela Universidade do Estado da Bahia (2001) e mestrado em Hist\u00f3ria Regional e Local pela UNIVERSIDADE DO ESTADO DA BAHIA &#8211; CAMPUS V (2011). Atualmente \u00e9 professora do Instituto Federal de Educa\u00e7\u00e3o, Ci\u00eancia e Tecnologia (IF Baiano) &#8211; <em>Campus<\/em> Guanambi. Tem experi\u00eancia na \u00e1rea de Hist\u00f3ria, com \u00eanfase em hist\u00f3ria da \u00c1frica e afro-brasileira, atuando principalmente nos seguintes temas: escravid\u00e3o, liberdade e p\u00f3s-aboli\u00e7\u00e3o, sert\u00f5es, acervos, mem\u00f3ria e g\u00eanero &#8211; resist\u00eancia e cotidiano.<\/p>\n\n\n\n<p class=\"has-large-font-size\"><a rel=\"noreferrer noopener\" href=\"https:\/\/docs.google.com\/forms\/d\/e\/1FAIpQLSekWSReVzvWF44AJWGHVJBt7ZQ1ZgX_i5pDkXkG5DnZZl4gaQ\/closedform\" target=\"_blank\"><span style=\"color:#d1911b\" class=\"has-inline-color\">Lista de presen\u00e7a<\/span><\/a><\/p>\n\n\n\n<p><strong><strong>(A lista de presenta ser\u00e1 fechada no dia 20\/11\/2020, \u00e0s 11h.)<\/strong><\/strong><\/p>\n<\/div><\/div>\n\n\n\n<h3 class=\"wp-block-heading\">20 de Novembro de 2020 &#8211; 14h00 \u00e0s 16h40<\/h3>\n\n\n\n<p class=\"has-medium-font-size\"><strong>14h00 &#8211; Momento Cultural &#8211; Juliano Vilas Boas \/ C\u00e1ssia Cotrim e Jorge Lampa<\/strong><\/p>\n\n\n\n<h4 class=\"wp-block-heading\"><strong>Debate &#8211; Constru\u00e7\u00e3o da Identidade Negra: racismo e antirracismo<\/strong> II<\/h4>\n\n\n\n<div class=\"wp-block-media-text alignwide is-stacked-on-mobile\" style=\"grid-template-columns:27% auto\"><figure class=\"wp-block-media-text__media\"><img loading=\"lazy\" decoding=\"async\" width=\"227\" height=\"276\" src=\"https:\/\/eventos.ifbaiano.edu.br\/portal\/scn-guanambi\/files\/2020\/11\/Palestrante-Izanete.jpg\" alt=\"\" class=\"wp-image-20\" \/><\/figure><div class=\"wp-block-media-text__content\">\n<h4 class=\"wp-block-heading\"><strong>A\u00e7\u00f5es afirmativas nas institui\u00e7\u00f5es de Ensino Superior.<\/strong><\/h4>\n\n\n\n<p><strong>Convidada: Izanete Marques Souza<\/strong> <\/p>\n\n\n\n<p>Mulher autodeclarada preta, mestra em Educa\u00e7\u00e3o e Diversidade pelo Programa de P\u00f3s-Gradua\u00e7\u00e3o em Educa\u00e7\u00e3o e Diversidade no Campus IV da UNEB &#8211; Universidade do Estado da Bahia. Graduada em Letras pela UNEB (1998). Professora efetiva do IF Baiano &#8211; <em>Campus<\/em> Itapetinga. No IF Baiano, exerceu, dentre outras fun\u00e7\u00f5es, a de Coordenadora do NEABI &#8211; N\u00facleo de Estudos Afro-brasileiros e Ind\u00edgenas (Local e Geral). Foi pesquisadora do NEAB &#8211; IF Baiano, atuando na linha Ra\u00e7a, Etnicidade e Cultura, de 2011 a 2016. Hoje, atua na linha Produ\u00e7\u00e3o de Conhecimento, etnicidade e forma\u00e7\u00e3o profissional do NEABI. L\u00edder do Grupo de Pesquisa em Educa\u00e7\u00e3o, Diversidades, Linguagens e Tecnologias (GEPEDET), criado em 2017.<\/p>\n<\/div><\/div>\n\n\n\n<div class=\"wp-block-media-text alignwide is-stacked-on-mobile\" style=\"grid-template-columns:27% auto\"><figure class=\"wp-block-media-text__media\"><img loading=\"lazy\" decoding=\"async\" width=\"247\" height=\"258\" src=\"https:\/\/eventos.ifbaiano.edu.br\/portal\/scn-guanambi\/files\/2020\/11\/Palestrante-Helem.jpg\" alt=\"\" class=\"wp-image-24\" \/><\/figure><div class=\"wp-block-media-text__content\">\n<h4 class=\"wp-block-heading\"><strong>O Racismo e suas reprodu\u00e7\u00f5es no cotidiano brasileiro.<\/strong> &nbsp; <\/h4>\n\n\n\n<p><strong>Convidada:<\/strong> <strong>Helen Dalila Ara\u00fajo Esquivel<\/strong><\/p>\n\n\n\n<p>Assistente social no munic\u00edpio de Itabuna &#8211; BA, Secretaria de Assist\u00eancia Social, Departamento de Alta Complexidade, Divis\u00e3o de Combate \u00e0 Viol\u00eancia Contra a Mulher. Atualmente Cursando Mestrado Profissional em Ensino e Rela\u00e7\u00f5es \u00c9tnico Raciais na Universidade Federal do Sul da Bahia, p\u00f3s gradua\u00e7\u00e3o lato sensu em Psicopedagogia Cl\u00ednica e Institucional. Gradua\u00e7\u00e3o em Servi\u00e7o Social pela Universidade Cat\u00f3lica do Salvador (2011).<\/p>\n<\/div><\/div>\n\n\n\n<div class=\"wp-block-media-text alignwide is-stacked-on-mobile\" style=\"grid-template-columns:27% auto\"><figure class=\"wp-block-media-text__media\"><img loading=\"lazy\" decoding=\"async\" width=\"275\" height=\"278\" src=\"https:\/\/eventos.ifbaiano.edu.br\/portal\/scn-guanambi\/files\/2020\/11\/Palestrante-Janine.jpg\" alt=\"\" class=\"wp-image-21\" \/><\/figure><div class=\"wp-block-media-text__content\">\n<h4 class=\"wp-block-heading\"><strong>Do ato de tornar-se negra(o) e da responsabilidade da branquitude nesse processo<\/strong>.<\/h4>\n\n\n\n<p><strong>Convidada: Janine Couto Cruz Macedo<\/strong> <\/p>\n\n\n\n<p>Pedagoga e membro do NEABI no IF Baiano &#8211; <em>Campus<\/em> Itapetinga. Gradua\u00e7\u00e3o em Pedagogia pela Universidade Estadual do Sudoeste da Bahia \u2013 UESB (2011).&nbsp; Mestre em Educa\u00e7\u00e3o pela Universidade Estadual do Sudoeste da Bahia \u2013 UESB (2019). Integrante do Gedin &#8211; Grupo de Pesquisa em Educa\u00e7\u00e3o, Interculturalidade e Linguagem, do NUPE Grupo de pesquisa em Educa\u00e7\u00e3o Paulo Freire e do GEPEDS &#8211; Grupo de Pesquisa em Educa\u00e7\u00e3o, Linguagens, Anticolonialismo e Subjetividades.<\/p>\n<\/div><\/div>\n\n\n\n<div class=\"wp-block-media-text alignwide is-stacked-on-mobile\" style=\"grid-template-columns:27% auto\"><figure class=\"wp-block-media-text__media\"><img loading=\"lazy\" decoding=\"async\" width=\"263\" height=\"245\" src=\"https:\/\/eventos.ifbaiano.edu.br\/portal\/scn-guanambi\/files\/2020\/11\/Palestrante-Veronica.jpg\" alt=\"\" class=\"wp-image-25\" \/><\/figure><div class=\"wp-block-media-text__content\">\n<h4 class=\"wp-block-heading\"><strong><strong>Representatividade Negra e o impacto nas rela\u00e7\u00f5es de consumo<\/strong><\/strong>.<\/h4>\n\n\n\n<p>&nbsp;<strong>Convidada:<\/strong> <strong>Ver\u00f4nica da Cruz Oliveira<\/strong> <\/p>\n\n\n\n<p>Especialista em Metodologia de Ensino de L\u00edngua Portuguesa, Literatura e Artes, FAVENI- MG, P\u00f3s- graduanda em Lingu\u00edstica Aplicada pela FAVENI-MG. Licenciada pela UFBA, ano 2016. Foi aluna Especial no Programa de P\u00f3s- gradua\u00e7\u00e3o em Gest\u00e3o e Tecnologia Aplicados \u00e0 Educa\u00e7\u00e3o, na Universidade do Estado da Bahia (DEDIC, UNEB). Durante a Gradua\u00e7\u00e3o foi Bolsista de Inicia\u00e7\u00e3o Cient\u00edfica pelo Programa de A\u00e7\u00f5es Afirmativas da UFBA, no Departamento de Letras da UFBA, ILUFBA, pesquisadora do ALIB- Atlas Lingu\u00edstico do Brasil. Atualmente \u00e9 professora substituta de L\u00edngua Portuguesa e Literatura Brasileira, em Rede P\u00fablica Federal, no Instituto de Educa\u00e7\u00e3o T\u00e9cnica e Tecnol\u00f3gica-IFBAIANO- <em>Campus<\/em> Guanambi-Bahia. <\/p>\n<\/div><\/div>\n\n\n\n<div class=\"wp-block-media-text alignwide is-stacked-on-mobile\" style=\"grid-template-columns:27% auto\"><figure class=\"wp-block-media-text__media\"><img loading=\"lazy\" decoding=\"async\" width=\"264\" height=\"277\" src=\"https:\/\/eventos.ifbaiano.edu.br\/portal\/scn-guanambi\/files\/2020\/11\/mediadora-aglair.jpg\" alt=\"\" class=\"wp-image-27\" \/><\/figure><div class=\"wp-block-media-text__content\">\n<h4 class=\"wp-block-heading\"><strong><strong>Mediadora<\/strong><\/strong><\/h4>\n\n\n\n<p><strong>Aglair Cardoso Alves<\/strong><\/p>\n\n\n\n<p>Engenheira Agr\u00f4noma pela Universidade Federal do Rec\u00f4ncavo da Bahia &#8211; UFRB (2012.2), mestrado em Agronomia (Solos e Qualidade de Ecossistemas &#8211; SQE) pela Universidade Federal do Rec\u00f4ncavo da Bahia &#8211; UFRB (2014.2) e doutorado em Agronomia (Ci\u00eancias do solo) pela Universidade Federal Rural de Pernambuco &#8211; UFRPE. Tem experi\u00eancia na \u00e1rea de Manejo de Nutrientes no Solo e em Plantas Cultivadas e Rela\u00e7\u00e3o solo \u00c1gua Planta, com \u00eanfase em qualidade de luz, nutri\u00e7\u00e3o mineral de plantas, plantas medicinais e extra\u00e7\u00e3o da fase aquosa do solo, e consequente caracteriza\u00e7\u00e3o qu\u00edmica. Atualmente atua como Professora substituta do Instituto Federal de Educa\u00e7\u00e3o Ci\u00eancia e Tecnologia Baiano &#8211; <em>Campus<\/em> Guanambi.<\/p>\n\n\n\n<p class=\"has-large-font-size\"><a rel=\"noreferrer noopener\" href=\"https:\/\/docs.google.com\/forms\/d\/e\/1FAIpQLScHqo17QNJH-os8-R_B5MQ8nw2Csj0YJp92K4oOrYb1kFomtQ\/closedform\" target=\"_blank\"><span style=\"color:#d2931e\" class=\"has-inline-color\">Lista de presen\u00e7a<\/span><\/a> <\/p>\n\n\n\n<p><strong>(A lista de presen\u00e7a ser\u00e1 liberada para a assinatura ap\u00f3s o debate.)<\/strong><\/p>\n<\/div><\/div>\n\n\n\n<p class=\"has-medium-font-size\"><strong>Encerramento &#8211; Membros do NEABI-GBI<\/strong><\/p>\n","protected":false},"excerpt":{"rendered":"<p>19 de Novembro de 2020 &#8211; 14h00 \u00e0s 16h40 14h00 &#8211; Momento Cultural &#8211; C\u00e1ssia Cotrim e Jorge Lampa 14h10 &#8211; Solenidade de Abertura Palestra de Abertura: Monumentos escravistas e constru\u00e7\u00e3o de identidade. Palestrante: Jorge Amilcar de Castro Santana Gradua\u00e7\u00e3o em Hist\u00f3ria pela Universidade do Estado do Rio de Janeiro (2011) e mestrado em Ci\u00eancias&hellip;&nbsp;<a href=\"https:\/\/eventos.ifbaiano.edu.br\/portal\/scn-guanambi\/programacao\/\" rel=\"bookmark\"><span class=\"screen-reader-text\">Programa\u00e7\u00e3o<\/span><\/a><\/p>\n","protected":false},"author":48,"featured_media":0,"parent":0,"menu_order":0,"comment_status":"closed","ping_status":"closed","template":"","meta":{"neve_meta_sidebar":"full-width","neve_meta_container":"","neve_meta_enable_content_width":"on","neve_meta_content_width":100,"neve_meta_title_alignment":"","neve_meta_author_avatar":"","neve_post_elements_order":"","neve_meta_disable_header":"","neve_meta_disable_footer":"","neve_meta_disable_title":"","footnotes":""},"_links":{"self":[{"href":"https:\/\/eventos.ifbaiano.edu.br\/portal\/scn-guanambi\/wp-json\/wp\/v2\/pages\/11"}],"collection":[{"href":"https:\/\/eventos.ifbaiano.edu.br\/portal\/scn-guanambi\/wp-json\/wp\/v2\/pages"}],"about":[{"href":"https:\/\/eventos.ifbaiano.edu.br\/portal\/scn-guanambi\/wp-json\/wp\/v2\/types\/page"}],"author":[{"embeddable":true,"href":"https:\/\/eventos.ifbaiano.edu.br\/portal\/scn-guanambi\/wp-json\/wp\/v2\/users\/48"}],"replies":[{"embeddable":true,"href":"https:\/\/eventos.ifbaiano.edu.br\/portal\/scn-guanambi\/wp-json\/wp\/v2\/comments?post=11"}],"version-history":[{"count":26,"href":"https:\/\/eventos.ifbaiano.edu.br\/portal\/scn-guanambi\/wp-json\/wp\/v2\/pages\/11\/revisions"}],"predecessor-version":[{"id":212,"href":"https:\/\/eventos.ifbaiano.edu.br\/portal\/scn-guanambi\/wp-json\/wp\/v2\/pages\/11\/revisions\/212"}],"wp:attachment":[{"href":"https:\/\/eventos.ifbaiano.edu.br\/portal\/scn-guanambi\/wp-json\/wp\/v2\/media?parent=11"}],"curies":[{"name":"wp","href":"https:\/\/api.w.org\/{rel}","templated":true}]}}