{"id":279,"date":"2015-02-16T14:39:49","date_gmt":"2015-02-16T14:39:49","guid":{"rendered":"http:\/\/eventos.ifbaiano.edu.br\/portal\/testetemplate2\/?page_id=279"},"modified":"2015-05-25T20:22:43","modified_gmt":"2015-05-25T20:22:43","slug":"campus-senhor-do-bonfim-licenciatura-em-ciencias-agrarias","status":"publish","type":"page","link":"https:\/\/eventos.ifbaiano.edu.br\/portal\/pibid\/equipe\/campus-senhor-do-bonfim-licenciatura-em-ciencias-agrarias\/","title":{"rendered":"Campus Senhor do Bonfim Licenciatura em Ci\u00eancias Agr\u00e1rias"},"content":{"rendered":"<h2>Coordenadores de \u00c1rea<\/h2>\n<p>Airam Oliveira Santos<br \/>\nAla\u00e9cio Santos Ribeiro<br \/>\nJuracir Silva Santos<\/p>\n<p>&nbsp;<\/p>\n<h2>Professores Supervisores<\/h2>\n<p>Adriano Pereira da Silva<br \/>\nArilma Souza de Araujo<br \/>\nDaniela Soares Cardoso<br \/>\nElisangela dos Santos Silva<br \/>\nIara Vieira de C. Oliveira<br \/>\nJoseni Brito Nery de Souza<br \/>\nMaria de F\u00e1tima Ribeiro<\/p>\n<p>&nbsp;<\/p>\n<h2>Escolas<\/h2>\n<p>Col\u00e9gio Estadual Senhor do Bonfim<br \/>\nCol\u00e9gio Municipal Dr. R\u00f4mulo Galv\u00e3o<br \/>\nCol\u00e9gio Municipal Dr. R\u00f4mulo Galv\u00e3o<br \/>\nCol\u00e9gio Municipal Herculano Almeida Lima<br \/>\nEscola Municipal de 1\u00b0 Grau de Tijua\u00e7u<br \/>\nEscola Municipal Professora Zenita e Maria C\u00e9lia\/ Escola<br \/>\nMunicipal da Umburana<\/p>\n<p>&nbsp;<\/p>\n<h2>Bolsistas<\/h2>\n<p>Adriana Ferreira Nascimento<br \/>\nAlessandra Gon\u00e7alves dos Santos<br \/>\nAnailton Serafim Dias<br \/>\nAnderson L. da Silva Braga<br \/>\nAnt\u00f4nio Ramires Lyra Souza<br \/>\nBeatriz da Silva Monteiro<br \/>\nBruno dos Santos Silva<br \/>\nCarolayne da Silva Martins<br \/>\nCristina Pereira dos Santos<br \/>\nDiego F. Do Vale<br \/>\nElvis Souza Silva<br \/>\nEster D. Da S. Ferreira<br \/>\nEugenia Alves Cardoso<br \/>\nFrancismar Evangelista de Freitas<br \/>\nHaiane Gald\u00eancio da Silva<br \/>\nIvanildo de Aguiar dos Santos<br \/>\nJailane dos Santos Batista<br \/>\nJanete de Medeiros Silva<br \/>\nJoel Antonio Silva<br \/>\nJoelma dos Santos Alves<br \/>\nJose Luiz dos Santos Silva<br \/>\nJosenilda F. Lopes<br \/>\nJosiane de Souza Carvalho da Silva<br \/>\nJuliana Silva Snantos<br \/>\nKatia Magalh\u00e3es Wilson<br \/>\nKrisleny Ferreira Alves<br \/>\nLaiane Aparecida de Souza Silva<br \/>\nLiliane Cruz Martins<br \/>\nLucas Almeida Bonfim Silva<br \/>\nLuciana Aparecida dos Reis Santos<br \/>\nMaiara Medeiros da Silva<br \/>\nManoel Adriano da Cruz<br \/>\nManoel Amorim Paix\u00e3o<br \/>\nMarcio de Jesus Cruz<br \/>\nMaria Bet\u00e2nia Gomes de Sousa<br \/>\nMaria Muritiba de Oliveira<br \/>\nMarinalva Batista Pereira<br \/>\nMarineide de Souza Carvalho Cruz<br \/>\nMarisvania Batista Lima<br \/>\nMatheus de J. Figueiredo da F.<br \/>\nPriscila de Jesus Oliveira Santos<br \/>\nQueila Talita Santana Santos<br \/>\nQuiara Roberta Brasileiro Teixeira<br \/>\nRenata Passos Maia<br \/>\nRobson Carlos Santos da Costa<br \/>\nRobson Evangelista de Souza<br \/>\nRosimar Souza da Silva Galv\u00e3o<br \/>\nRozilda Pereira dos Santos<br \/>\nSimone Pereira dos Santos<br \/>\nTaise da Silva<br \/>\nTamires da S. O. S. da Costa<br \/>\nThayllane Alc\u00e2ntara Matos<br \/>\nVarlei Soares da Silva Moreira<\/p>\n","protected":false},"excerpt":{"rendered":"<p>Coordenadores de \u00c1rea Airam Oliveira Santos Ala\u00e9cio Santos Ribeiro Juracir Silva Santos &nbsp; Professores Supervisores Adriano Pereira da Silva Arilma Souza de Araujo Daniela Soares Cardoso Elisangela dos Santos Silva Iara Vieira de C. Oliveira Joseni Brito Nery de Souza Maria de F\u00e1tima Ribeiro &nbsp; Escolas Col\u00e9gio Estadual Senhor do Bonfim Col\u00e9gio Municipal Dr. R\u00f4mulo [&hellip;]<\/p>\n","protected":false},"author":26,"featured_media":0,"parent":13,"menu_order":0,"comment_status":"open","ping_status":"open","template":"","meta":{"footnotes":""},"_links":{"self":[{"href":"https:\/\/eventos.ifbaiano.edu.br\/portal\/pibid\/wp-json\/wp\/v2\/pages\/279"}],"collection":[{"href":"https:\/\/eventos.ifbaiano.edu.br\/portal\/pibid\/wp-json\/wp\/v2\/pages"}],"about":[{"href":"https:\/\/eventos.ifbaiano.edu.br\/portal\/pibid\/wp-json\/wp\/v2\/types\/page"}],"author":[{"embeddable":true,"href":"https:\/\/eventos.ifbaiano.edu.br\/portal\/pibid\/wp-json\/wp\/v2\/users\/26"}],"replies":[{"embeddable":true,"href":"https:\/\/eventos.ifbaiano.edu.br\/portal\/pibid\/wp-json\/wp\/v2\/comments?post=279"}],"version-history":[{"count":0,"href":"https:\/\/eventos.ifbaiano.edu.br\/portal\/pibid\/wp-json\/wp\/v2\/pages\/279\/revisions"}],"up":[{"embeddable":true,"href":"https:\/\/eventos.ifbaiano.edu.br\/portal\/pibid\/wp-json\/wp\/v2\/pages\/13"}],"wp:attachment":[{"href":"https:\/\/eventos.ifbaiano.edu.br\/portal\/pibid\/wp-json\/wp\/v2\/media?parent=279"}],"curies":[{"name":"wp","href":"https:\/\/api.w.org\/{rel}","templated":true}]}}