{"id":54,"date":"2022-09-02T21:04:50","date_gmt":"2022-09-03T00:04:50","guid":{"rendered":"https:\/\/eventos.ifbaiano.edu.br\/portal\/geobonfim\/?page_id=54"},"modified":"2022-09-03T16:28:59","modified_gmt":"2022-09-03T19:28:59","slug":"sobre","status":"publish","type":"page","link":"https:\/\/eventos.ifbaiano.edu.br\/portal\/geobonfim\/","title":{"rendered":"SOBRE"},"content":{"rendered":"\n<p>O<strong> GEOBONFIM <\/strong>\u00e9 um evento de Geotecnologias, Extens\u00e3o e Inova\u00e7\u00e3o Tecnol\u00f3gica, realizado pelo Instituto Federal de Educa\u00e7\u00e3o, Ci\u00eancia e Tecnologia Baiano \u2013 Campus Senhor do Bonfim, atrav\u00e9s do grupo de pesquisa LABGEO-Labor em Geotecnologias (CNPQ), sob a coordena\u00e7\u00e3o geral do Prof. Dr. Vandemberg Salvador. Em 2022 o tema ser\u00e1 <strong>GEOTECNOLOGIAS PARA UM MUNDO MELHOR!<\/strong><\/p>\n\n\n\n<p>O objetivo do evento \u00e9 reunir estudantes, professores, pesquisadores, institui\u00e7\u00f5es de ensino, pesquisa e extens\u00e3o, gestores estaduais e municipais, empres\u00e1rios e a sociedade civil organizada da regi\u00e3o para &#8211; juntamente com professores e pesquisadores com expertise em Educa\u00e7\u00e3o, Ci\u00eancia e Geotecnologias &#8211; discutir os impactos positivos dos usos das Geotecnologias nos munic\u00edpios do Semi\u00e1rido Baiano.<\/p>\n\n\n\n<p>Na d\u00e9cima edi\u00e7\u00e3o o<strong>&nbsp;GEOBONFIM 2022&nbsp;acontecer\u00e1 nos dias 04, 05 e 06 de outubro de 2022<\/strong>, no <em>Campus<\/em> Senhor do Bonfim &#8211; IFBAIANO, com programa\u00e7\u00e3o para nove <strong>palestras e onze minicurso<\/strong>s sobre os seguintes eixos tem\u00e1ticos:&nbsp;Levantamento e monitoramento de obras com drone; Geotecnologias e an\u00e1lises espacial; Ensino, Pesquisa, Inova\u00e7\u00e3o e Extens\u00e3o nas \u00e1reas de Geod\u00e9sia e Geom\u00e1tica; Gest\u00e3o territorial integrada no Brasil; Posicionamento de Alta Precis\u00e3o; Controle de Qualidade de produtos oriundos de drones\/RPA\u2019s e Mapeamento com drones\/RPA\u2019s.<\/p>\n\n\n\n<p>Entre os palestrantes estar\u00e3o Emanuelle Traversari \u2013 CEO das Drones for Business; Prof\u00ba. Dr. Manoel Fernandes de Sousa Neto (USP-SP), Prof\u00ba.Dr. Jo\u00e3o Galera Monico (UNESP-SP), Prof\u00aa.Dra. Simone Sato (UFPE) Prof\u00aa. Mirele Viegas (UFBA\/INCRA-BA), Eng\u00ba. Miguel Pedro Neto (INCRA\/BA), Arq. Daniel Maekawa, Prof\u00ba. Dr. Urbano Nobre Nojosa (PUC\/SP). Prof\u00ba. Dr. Niel Nascimento (UESC\/BA); Prof\u00ba Dr. Eduardo Viana (UFPB)<\/p>\n\n\n\n<p>O GEOBONFIM 2022 tem o apoio institucional da USP-SP, PUC-SP, UFPE, UFPB, INCRA-BA, MUNDOGEO-PR.<\/p>\n\n\n\n<p><\/p>\n\n\n\n<div class=\"wp-block-image\"><figure class=\"aligncenter size-full is-resized\"><img loading=\"lazy\" decoding=\"async\" src=\"https:\/\/eventos.ifbaiano.edu.br\/portal\/geobonfim\/files\/2022\/09\/marca-if-baiano-campus-senhor-do-bonfim-horizontal-1.png\" alt=\"\" class=\"wp-image-149\" width=\"381\" height=\"136\" srcset=\"https:\/\/eventos.ifbaiano.edu.br\/portal\/geobonfim\/files\/2022\/09\/marca-if-baiano-campus-senhor-do-bonfim-horizontal-1.png 700w, https:\/\/eventos.ifbaiano.edu.br\/portal\/geobonfim\/files\/2022\/09\/marca-if-baiano-campus-senhor-do-bonfim-horizontal-1-300x107.png 300w\" sizes=\"(max-width: 381px) 100vw, 381px\" \/><\/figure><\/div>\n","protected":false},"excerpt":{"rendered":"<p>O GEOBONFIM \u00e9 um evento de Geotecnologias, Extens\u00e3o e Inova\u00e7\u00e3o Tecnol\u00f3gica, realizado pelo Instituto Federal de Educa\u00e7\u00e3o, Ci\u00eancia e Tecnologia Baiano \u2013 Campus Senhor do Bonfim, atrav\u00e9s do grupo de pesquisa LABGEO-Labor em Geotecnologias (CNPQ), sob a coordena\u00e7\u00e3o geral do Prof. Dr. Vandemberg Salvador. Em 2022 o tema ser\u00e1 GEOTECNOLOGIAS PARA UM MUNDO MELHOR! O&hellip;&nbsp;<a href=\"https:\/\/eventos.ifbaiano.edu.br\/portal\/geobonfim\/\" rel=\"bookmark\">Continue a ler &raquo;<span class=\"screen-reader-text\">SOBRE<\/span><\/a><\/p>\n","protected":false},"author":72,"featured_media":0,"parent":0,"menu_order":0,"comment_status":"closed","ping_status":"closed","template":"","meta":{"neve_meta_sidebar":"","neve_meta_container":"","neve_meta_enable_content_width":"","neve_meta_content_width":0,"neve_meta_title_alignment":"","neve_meta_author_avatar":"","neve_post_elements_order":"","neve_meta_disable_header":"off","neve_meta_disable_footer":"off","neve_meta_disable_title":"off","footnotes":""},"_links":{"self":[{"href":"https:\/\/eventos.ifbaiano.edu.br\/portal\/geobonfim\/wp-json\/wp\/v2\/pages\/54"}],"collection":[{"href":"https:\/\/eventos.ifbaiano.edu.br\/portal\/geobonfim\/wp-json\/wp\/v2\/pages"}],"about":[{"href":"https:\/\/eventos.ifbaiano.edu.br\/portal\/geobonfim\/wp-json\/wp\/v2\/types\/page"}],"author":[{"embeddable":true,"href":"https:\/\/eventos.ifbaiano.edu.br\/portal\/geobonfim\/wp-json\/wp\/v2\/users\/72"}],"replies":[{"embeddable":true,"href":"https:\/\/eventos.ifbaiano.edu.br\/portal\/geobonfim\/wp-json\/wp\/v2\/comments?post=54"}],"version-history":[{"count":15,"href":"https:\/\/eventos.ifbaiano.edu.br\/portal\/geobonfim\/wp-json\/wp\/v2\/pages\/54\/revisions"}],"predecessor-version":[{"id":152,"href":"https:\/\/eventos.ifbaiano.edu.br\/portal\/geobonfim\/wp-json\/wp\/v2\/pages\/54\/revisions\/152"}],"wp:attachment":[{"href":"https:\/\/eventos.ifbaiano.edu.br\/portal\/geobonfim\/wp-json\/wp\/v2\/media?parent=54"}],"curies":[{"name":"wp","href":"https:\/\/api.w.org\/{rel}","templated":true}]}}