{"id":2,"date":"2022-08-31T14:52:40","date_gmt":"2022-08-31T17:52:40","guid":{"rendered":"https:\/\/eventos.ifbaiano.edu.br\/portal\/geobonfim-2022\/?page_id=2"},"modified":"2022-09-03T13:30:27","modified_gmt":"2022-09-03T16:30:27","slug":"programacao","status":"publish","type":"page","link":"https:\/\/eventos.ifbaiano.edu.br\/portal\/geobonfim\/programacao\/","title":{"rendered":"PROGRAMA\u00c7\u00c3O"},"content":{"rendered":"\n<div class=\"wp-block-buttons is-layout-flex wp-block-buttons-is-layout-flex\">\n<div class=\"wp-block-button is-style-primary\"><a class=\"wp-block-button__link\" href=\"#palestra\">Palestras<\/a><\/div>\n\n\n\n<div class=\"wp-block-button is-style-primary\"><a class=\"wp-block-button__link\" href=\"#minicursos\">Minicursos<\/a><\/div>\n<\/div>\n\n\n\n<div class=\"wp-block-columns is-layout-flex wp-container-core-columns-is-layout-2 wp-block-columns-is-layout-flex\">\n<div class=\"wp-block-column is-layout-flow wp-block-column-is-layout-flow\" style=\"flex-basis:100%\">\n<div class=\"wp-block-group has-nv-dark-bg-color has-text-color\"><div class=\"wp-block-group__inner-container is-layout-flow wp-block-group-is-layout-flow\">\n<div class=\"wp-block-columns is-layout-flex wp-container-core-columns-is-layout-1 wp-block-columns-is-layout-flex\">\n<div class=\"wp-block-column is-vertically-aligned-top is-layout-flow wp-block-column-is-layout-flow\" style=\"flex-basis:100%\">\n<figure id=\"minicursos\" class=\"wp-block-table is-style-stripes\"><table><tbody><tr><td><br><strong><u>Data: 04\/10\/22 \u2013 Ter\u00e7a-feira<\/u><\/strong><br><strong>&nbsp;<\/strong><br><strong>Palestra 01 &#8211; Palestra de abertura:<\/strong><br>Tema:<strong> Geotecnologias: Desafios para criar um mundo melhor \u2013 PIX4D<\/strong><br>Palestrante: <strong>Emanuele Traversari<\/strong><br>Institui\u00e7\u00e3o: Drone for Bussines&#8211; Switzzerland<br>Hora: 08:30h<br>Local: Audit\u00f3rio do <em>Campus<\/em> Senhor do Bonfim<br>&nbsp;<br><strong>Palestra 02<\/strong><br>Tema:<strong> Levantamento e monitoramento de obras da constru\u00e7\u00e3o civil com drones.<\/strong><br>Palestrante: <strong>Prof\u00aa. Dr\u00aa. Simone Sayuri Sato<\/strong><br>Institui\u00e7\u00e3o: UFPE &#8211; Universidade Federal de Pernambuco \u2013 Recife-PE<br>Hora: 09:30h<br>Local: Audit\u00f3rio do <em>Campus<\/em> Senhor do Bonfim<br>&nbsp;<br><strong>Palestra 03<\/strong><br>Tema: <strong>Geotecnologias e An\u00e1lise Espacial<\/strong><br>Palestrante: <strong>Prof. Dr. Eduardo Viana<\/strong><br>Institui\u00e7\u00e3o: UFPB &#8211; Universidade Federal da Para\u00edba \u2013 Jo\u00e3o Pessoa &#8211; PB<br>Hora: 10:30h<br>Local: Audit\u00f3rio do <em>Campus<\/em> Senhor do Bonfim<br>&nbsp;<br><strong>&nbsp;Data: 05\/10\/22 \u2013 Quarta-feira<\/strong><br><strong>&nbsp;<\/strong><br><strong>Palestra 04<\/strong><br>Tema: <strong>Ensino, pesquisa, inova\u00e7\u00e3o e extens\u00e3o: perspectivas nas \u00e1reas de Geod\u00e9sia e Geom\u00e1tica<\/strong><br>Palestrante: <strong>Prof. Dr. Jo\u00e3o Galera Monico<\/strong><br>Institui\u00e7\u00e3o: UNESP \u2013 Universidade Estadual de S\u00e3o Paulo \u2013 Campus Presidente Prudente &#8211; SP<br>Hora: 08:00h<br>Local: Audit\u00f3rio do <em>Campus<\/em> Senhor do Bonfim<br><strong>&nbsp;<\/strong><br><strong>Palestra 05<\/strong><br>Tema: <strong>Cartografia dos sentidos<\/strong><br>Palestrante: <strong>Prof. Dr. Urbano Nobre Nojosa<\/strong><br>Institui\u00e7\u00e3o: PUC &#8211; Pontif\u00edcia Universidade Cat\u00f3lica de S\u00e3o Paulo \u2013 S\u00e3o Paulo &#8211; SP<br>Hora: 09:30h<br>Local: Audit\u00f3rio do <em>Campus<\/em> Senhor do Bonfim<br><strong>&nbsp;<\/strong><br><strong>Palestra 06<\/strong><br>Tema: <strong>Gest\u00e3o Territorial Integrada no Brasil.<\/strong><br>Palestrante: <strong>Eng. Msc. Miguel Pedro Neto<\/strong><br>Institui\u00e7\u00e3o: INCRA\/BA &#8211; Instituto Nacional de Coloniza\u00e7\u00e3o e reforma Agr\u00e1ria \u2013 Salvador &#8211; BA<br>Hora: 10:30h<br>Local: Audit\u00f3rio do <em>Campus<\/em> Senhor do Bonfim<br>&nbsp;<br><strong>Data: 06\/10\/22 \u2013 Quinta-feira<\/strong><br><strong>&nbsp;<\/strong><br>&nbsp;<br><strong>Palestra 07<\/strong><br>Tema: <strong>Posicionamento GNSS de Alta Precis\u00e3o com apenas um Receptor para fins de Certifica\u00e7\u00e3o de Im\u00f3veis Rurais<\/strong><br>Palestrante: <strong>Prof. Dr. Niel Nascimento<\/strong><br>Institui\u00e7\u00e3o: UESC \u2013 Universidade Estadual de Santa Cruz \u2013 Ilh\u00e9us &#8211; BA<br>Hora: 08:00h<br>Local: Audit\u00f3rio do <em>Campus<\/em> Senhor do Bonfim<br>&nbsp;<br>&nbsp;<br><strong>Palestra 08<\/strong><br><strong>&nbsp;<\/strong><br>Tema: <strong>Controle de Qualidade em produtos oriundos de RPAs<\/strong><br>Palestrante: <strong>Prof\u00aa. M.Sc. Mirelle Viegas<\/strong><br>Institui\u00e7\u00e3o: UFBA \/ INCRA\/BA &#8211; Instituto Nacional de Coloniza\u00e7\u00e3o e reforma Agr\u00e1ria \u2013 Salvador &#8211; BA<br>Hora: 09:30h<br>Local: Audit\u00f3rio do <em>Campus<\/em> Senhor do Bonfim<br>&nbsp;<br><strong>Palestra 09 \u2013 Palestra de encerramento<\/strong><br>Tema: <strong>A Arte de Medir o Mundo: mapas, roteiros, imagens&#8230;<\/strong><br>Palestrante: <strong>Prof. Dr. Manoel Fernandes de Souza Neto<\/strong><br>Institui\u00e7\u00e3o: USP \u2013 Universidade de S\u00e3o Paulo \u2013 S\u00e3o Paulo &#8211; SP<br>Hora: 10:30h<br>Local: Audit\u00f3rio do <em>Campus<\/em> Senhor do Bonfim<br>&nbsp;<br><strong>&nbsp;<br>MINICURSOS<\/strong><br><strong>Data: 04\/10\/22 \u2013 Ter\u00e7a-feira<\/strong><br><strong>&nbsp;<\/strong><br><strong>Minicurso 01<\/strong><br>Tema: <strong>Desafio: Geotecnologias &#8211; Conhecer o que existe para projetar o futuro.<\/strong><br>Instrutor: <strong>Emanuele Traversari<\/strong><br>Institui\u00e7\u00e3o: Institui\u00e7\u00e3o: DRONE FOR BUSINESS \u2013 Switzzerland<br>Hora: 14:30h \u00e0s 17:30 h&nbsp;<br>Local: DID\u00c1TICA 01 &#8211; SALA 01<br>N\u00famero de vagas: 10<br>Carga hor\u00e1ria: 03 h\/a<br>&nbsp;<br><strong>Minicurso 02<\/strong><br>Tema: <strong>Planos de voos para mapeamento 3D.<\/strong><br>Instrutor: <strong>Prof\u00aa. Dr\u00aa. Simone Sayuri Sato<\/strong><br>Institui\u00e7\u00e3o: UFPE \u2013 Recife\/PE<br>Hora: 13:30 h&nbsp; \u00e0s 17:30 h<br>Local: DID\u00c1TICA 01 &#8211; SALA 02<br>N\u00famero de vagas: 20<br>Carga hor\u00e1ria: 04 h\/a<br><strong>&nbsp;<\/strong><br><strong>Minicurso 03<\/strong><br>Tema: <strong>Ci\u00eancia, T\u00e9cnica e Pol\u00edtica: medidas e objetos e manuais de uso.<\/strong><br>Instrutor: <strong>Prof. Dr. Manoel Fernandes de Souza Neto<\/strong><br>Institui\u00e7\u00e3o: USP \u2013 S\u00e3o Paulo-SP<br>Hora: 13:30 h&nbsp; \u00e0s 17:30 h<br>Local: DID\u00c1TICA 01 &#8211; SALA 03<br>N\u00famero de vagas: 30<br>Carga hor\u00e1ria: 04 h\/a<br>&nbsp;<br><strong><u>Data: 05\/10\/22 \u2013 Quarta-feira<\/u><\/strong><br>&nbsp;<br><strong>&nbsp;Minicurso 04<\/strong><br>Tema: <strong>Desafio: Geotecnologias &#8211; Conhecer o que existe para projetar o futuro.<\/strong><br>Instrutor: <strong>Emanuele Traversari<\/strong><br>Institui\u00e7\u00e3o: DRONE FOR BUSINESS\u2014Switzzerland<br>Hora: 14:30h \u00e0s 17:30 h&nbsp;<br>Local: DID\u00c1TICA 01 &#8211; SALA 01<br>N\u00famero de vagas: 10<br>Carga hor\u00e1ria: 03 h\/a<br><strong>Minicurso 05<\/strong><br>Tema: <strong>Elementos da paisagem na cartografia<\/strong><br>Instrutor: <strong>Prof. Dr. Urbano Nobre<\/strong><br>Institui\u00e7\u00e3o: PUC \u2013 S\u00e3o Paulo &#8211; SP<br>Hora: 13:30 h&nbsp; \u00e0s 17:30 h<br>Local: DID\u00c1TICA 01 &#8211; SALA 02<br>N\u00famero de vagas: 30<br>Carga hor\u00e1ria: 04 h\/a<br><strong>&nbsp;<\/strong><br><strong>Minicurso 06<\/strong><br>Tema: <strong>Elabora\u00e7\u00e3o do Mapa do Campus Senhor do Bonfim \u2013 Parte 1.<\/strong><br>Instrutor: <strong>Eng\u00aa Miriam Say<\/strong><br>Hora: 13:30 h&nbsp; \u00e0s 17:30 h<br>Local:&nbsp;&nbsp; DID\u00c1TICA 01 &#8211; SALA 03<br>N\u00famero de vagas: 30<br>Carga hor\u00e1ria: 04 h\/a<br>&nbsp;<br><strong>Minicurso 07<\/strong><br>Tema: <strong>Mapeamento e topografia com drones\/RPAs \u2013 Parte 1.<\/strong><br>Instrutor: <strong>Arq. Daniel Maekawa<\/strong><br>Hora: 13:30 h&nbsp; \u00e0s 17:30 h<br>Local:&nbsp; DID\u00c1TICA 01 &#8211; SALA 04<br>N\u00famero de vagas: 20<br>Carga hor\u00e1ria: 04 h\/a<br><strong>&nbsp;<\/strong><br><strong><u>Data: 06\/10\/22 \u2013 Quinta-feira<\/u><\/strong><br><strong>&nbsp;<\/strong><br><strong>Minicurso 08<\/strong><br>Tema: <strong>Controle de Qualidade em produtos oriundos de RPAs no Georreferenciamento de Im\u00f3veis rurais<\/strong><br>Instrutor: <strong>Prof. MSc. Mirele Viegas<\/strong><br>Institui\u00e7\u00e3o: Institui\u00e7\u00e3o: UNIVERSIDADE FEDERAL DA BAHIA\/INCRA-BA<br>Hora: 13:30 h&nbsp; \u00e0s 17:30 h<br>&nbsp;&nbsp; Local: DID\u00c1TICA 01 &#8211; SALA 01<br>N\u00famero de vagas: 30<br>Carga hor\u00e1ria: 04 h\/a<br>&nbsp;<br><strong>Minicurso 09<\/strong><br>Tema: <strong>Procedimentos para Certifica\u00e7\u00e3o de Im\u00f3veis Rurais<\/strong><br>Instrutor: <strong>Eng. MSc. Miguel Pedro Neto<\/strong><br>Institui\u00e7\u00e3o: INCRA-BA<br>Hora: 13:30 h&nbsp; \u00e0s 17:30 h<br>Local: DID\u00c1TICA 01 &#8211; SALA 02<br>N\u00famero de vagas: 30<br>Carga hor\u00e1ria: 04 h\/a<br>&nbsp;<br><strong>Minicurso 10<\/strong><br>Tema: <strong>GNSS &#8211; Introdu\u00e7\u00e3o, M\u00e9todos de Posicionamento e Aplica\u00e7\u00f5es.<\/strong><br>Instrutor: <strong>Prof. Dr. Jo\u00e3o Galera<\/strong><br>Hora: 13:30 h&nbsp; \u00e0s 17:30 h&nbsp;<br>N\u00famero de vagas: 20<br>Local:&nbsp;&nbsp; DID\u00c1TICA 01 &#8211; SALA 05<br>Carga hor\u00e1ria: 04 h\/a<br><br><br><strong>Minicurso 06 \u2013 Continua\u00e7\u00e3o.<\/strong><br>Tema: <strong>Elabora\u00e7\u00e3o do Mapa do Campus Senhor do Bonfim \u2013 Parte 2<\/strong><br>Instrutor: <strong>Eng\u00aa Miriam Say<\/strong><br>Hora: 13:30 h&nbsp; \u00e0s 17:30 h<br>Local:&nbsp;&nbsp; DID\u00c1TICA 01 &#8211; SALA 03<br>N\u00famero de vagas: 30<br>Carga hor\u00e1ria: 04 h\/a<br>&nbsp;<br><strong>&nbsp;<\/strong><br><strong>Minicurso 07 &#8211; Continua\u00e7\u00e3o.<\/strong><br>Tema: <strong>Mapeamento e topografia com drones\/RPAs \u2013 Parte 2.<\/strong><br>Instrutor: <strong>Arq. Daniel Maekawa<\/strong><br>Hora: 13:30 h&nbsp; \u00e0s 17:30 h&nbsp;<br>N\u00famero de vagas: 20<br>Carga hor\u00e1ria: 04 h\/a<br>Local:&nbsp; DID\u00c1TICA 01 &#8211; SALA 04<br>Carga hor\u00e1ria: 04 h\/a<\/td><td><\/td><\/tr><tr><td><\/td><td><\/td><\/tr><\/tbody><\/table><\/figure>\n<\/div>\n<\/div>\n<\/div><\/div>\n<\/div>\n<\/div>\n","protected":false},"excerpt":{"rendered":"<p>Data: 04\/10\/22 \u2013 Ter\u00e7a-feira&nbsp;Palestra 01 &#8211; Palestra de abertura:Tema: Geotecnologias: Desafios para criar um mundo melhor \u2013 PIX4DPalestrante: Emanuele TraversariInstitui\u00e7\u00e3o: Drone for Bussines&#8211; SwitzzerlandHora: 08:30hLocal: Audit\u00f3rio do Campus Senhor do Bonfim&nbsp;Palestra 02Tema: Levantamento e monitoramento de obras da constru\u00e7\u00e3o civil com drones.Palestrante: Prof\u00aa. Dr\u00aa. Simone Sayuri SatoInstitui\u00e7\u00e3o: UFPE &#8211; Universidade Federal de Pernambuco \u2013 Recife-PEHora:&hellip;&nbsp;<a href=\"https:\/\/eventos.ifbaiano.edu.br\/portal\/geobonfim\/programacao\/\" rel=\"bookmark\">Continue a ler &raquo;<span class=\"screen-reader-text\">PROGRAMA\u00c7\u00c3O<\/span><\/a><\/p>\n","protected":false},"author":20,"featured_media":0,"parent":0,"menu_order":0,"comment_status":"closed","ping_status":"open","template":"","meta":{"neve_meta_sidebar":"","neve_meta_container":"","neve_meta_enable_content_width":"","neve_meta_content_width":0,"neve_meta_title_alignment":"","neve_meta_author_avatar":"","neve_post_elements_order":"","neve_meta_disable_header":"","neve_meta_disable_footer":"","neve_meta_disable_title":"","footnotes":""},"_links":{"self":[{"href":"https:\/\/eventos.ifbaiano.edu.br\/portal\/geobonfim\/wp-json\/wp\/v2\/pages\/2"}],"collection":[{"href":"https:\/\/eventos.ifbaiano.edu.br\/portal\/geobonfim\/wp-json\/wp\/v2\/pages"}],"about":[{"href":"https:\/\/eventos.ifbaiano.edu.br\/portal\/geobonfim\/wp-json\/wp\/v2\/types\/page"}],"author":[{"embeddable":true,"href":"https:\/\/eventos.ifbaiano.edu.br\/portal\/geobonfim\/wp-json\/wp\/v2\/users\/20"}],"replies":[{"embeddable":true,"href":"https:\/\/eventos.ifbaiano.edu.br\/portal\/geobonfim\/wp-json\/wp\/v2\/comments?post=2"}],"version-history":[{"count":24,"href":"https:\/\/eventos.ifbaiano.edu.br\/portal\/geobonfim\/wp-json\/wp\/v2\/pages\/2\/revisions"}],"predecessor-version":[{"id":141,"href":"https:\/\/eventos.ifbaiano.edu.br\/portal\/geobonfim\/wp-json\/wp\/v2\/pages\/2\/revisions\/141"}],"wp:attachment":[{"href":"https:\/\/eventos.ifbaiano.edu.br\/portal\/geobonfim\/wp-json\/wp\/v2\/media?parent=2"}],"curies":[{"name":"wp","href":"https:\/\/api.w.org\/{rel}","templated":true}]}}