{"id":142,"date":"2022-09-03T13:34:18","date_gmt":"2022-09-03T16:34:18","guid":{"rendered":"https:\/\/eventos.ifbaiano.edu.br\/portal\/geobonfim\/?page_id=142"},"modified":"2022-10-01T15:05:00","modified_gmt":"2022-10-01T18:05:00","slug":"inscricoes","status":"publish","type":"page","link":"https:\/\/eventos.ifbaiano.edu.br\/portal\/geobonfim\/inscricoes\/","title":{"rendered":"INSCRI\u00c7\u00d5ES"},"content":{"rendered":"\n<p><span class=\"has-inline-color has-nv-c-2-color\">Voc\u00ea ser\u00e1 redirecionado para outro site onde ser\u00e1 poss\u00edvel escolher as palestras e minicursos que deseja participar.<\/span><\/p>\n\n\n\n<div class=\"wp-block-buttons is-layout-flex wp-block-buttons-is-layout-flex\">\n<div class=\"wp-block-button is-style-primary\"><a class=\"wp-block-button__link\" href=\"https:\/\/suap.ifbaiano.edu.br\/eventos\/inscricao_publica\/631\/\">Clique aqui e fa\u00e7a sua inscri\u00e7\u00e3o<\/a><\/div>\n<\/div>\n\n\n\n<h5 class=\"has-text-align-left wp-block-heading\"><strong>Lista de Inscritos<\/strong><\/h5>\n\n\n\n<div class=\"wp-block-buttons is-layout-flex wp-block-buttons-is-layout-flex\">\n<div class=\"wp-block-button\"><a class=\"wp-block-button__link\">Palestra<\/a><\/div>\n\n\n\n<div class=\"wp-block-button is-style-default\"><a class=\"wp-block-button__link\" href=\"#minicurso\">Minicurso<\/a><\/div>\n<\/div>\n\n\n\n<p><a href=\"https:\/\/eventos.ifbaiano.edu.br\/portal\/geobonfim\/files\/2022\/10\/Palestra-Emanuele-Traversari.pdf\">Palestra de abertura: &#8220;Geotecnologias: Desafios para criar um mundo melhor \u2013 PIX4D&#8221;. Palestrante: Emanuele Traversari, Institui\u00e7\u00e3o:Drone for Bussines &#8211; Switzzerland<\/a><\/p>\n\n\n\n<p><a href=\"https:\/\/eventos.ifbaiano.edu.br\/portal\/geobonfim\/files\/2022\/10\/Palestra-Profa.-M.Sc.-Mirelle-Viegas-Instituicao.pdf\">Palestra &#8211; &#8220;Controle de Qualidade em produtos oriundos de RPAs&#8221;.Palestrante: Prof\u00aa. M.Sc. Mirelle Viegas Institui\u00e7\u00e3o: UFBA \/ INCRA\/BA -Instituto Nacional de Coloniza\u00e7\u00e3o e reforma Agr\u00e1ria<\/a><\/p>\n\n\n\n<p><a href=\"https:\/\/eventos.ifbaiano.edu.br\/portal\/geobonfim\/files\/2022\/10\/Palestra-Profa.-Dra.-Simone-Sayuri-Sato.pdf\">Palestra &#8211; &#8216;Levantamento e monitoramento de obras da constru\u00e7\u00e3o civil comdrones&#8221;. Palestrante: Prof\u00aa. Dr\u00aa. Simone Sayuri Sato Institui\u00e7\u00e3o: Universidade Federal de Pernambuco<\/a><\/p>\n\n\n\n<p><a href=\"https:\/\/eventos.ifbaiano.edu.br\/portal\/geobonfim\/files\/2022\/10\/Palestra-Prof.-Dr.-Niel-Nascimento.pdf\">Palestra &#8220;Posicionamento GNSS de Alta Precis\u00e3o com apenas um Receptor para fins de Certifica\u00e7\u00e3o de Im\u00f3veis Rurais&#8221;. Palestrante: Prof. Dr. Niel Nascimento Institui\u00e7\u00e3o: Universidade Estadual de Santa Cruz<\/a><\/p>\n\n\n\n<p><a href=\"https:\/\/eventos.ifbaiano.edu.br\/portal\/geobonfim\/files\/2022\/10\/Palestra-Prof.-Dr.-Joao-Galera-Monico.pdf\">Palestra &#8211; &#8220;Ensino, pesquisa, inova\u00e7\u00e3o e extens\u00e3o: perspectivas nas \u00e1reas deGeod\u00e9sia e Geom\u00e1tica&#8221;. Palestrante: Prof. Dr. Jo\u00e3o Galera Monico Institui\u00e7\u00e3o:Universidade Estadual de S\u00e3o Paulo \u2013 Campus Presidente Prudente<\/a><\/p>\n\n\n\n<p><a href=\"https:\/\/eventos.ifbaiano.edu.br\/portal\/geobonfim\/files\/2022\/10\/Palestra-Eng.-Msc.-Miguel-Pedro-Neto-Instituicao.pdf\">Palestra &#8211; &#8220;Gest\u00e3o Territorial Integrada no Brasil&#8221;. Palestrante: Eng. Msc.Miguel Pedro Neto Institui\u00e7\u00e3o: Instituto Nacional de Coloniza\u00e7\u00e3o e reformaAgr\u00e1ria<\/a><\/p>\n\n\n\n<p><a href=\"https:\/\/eventos.ifbaiano.edu.br\/portal\/geobonfim\/files\/2022\/10\/Palestra-Prof.-Dr.-Urbano-Nobre-Nojosa.pdf\">Palestra &#8211; &#8220;Cartografia dos sentidos&#8221;. Palestrante: Prof. Dr. Urbano Nobre Nojosa Institui\u00e7\u00e3o: Pontif\u00edcia Universidade Cat\u00f3lica de S\u00e3o Paulo<\/a><\/p>\n\n\n\n<p><a href=\"https:\/\/eventos.ifbaiano.edu.br\/portal\/geobonfim\/files\/2022\/10\/Palestra-Prof.-Dr.-Eduardo-Viana.pdf\">Palestra &#8211; &#8220;Geotecnologias e An\u00e1lise Espacial&#8221;. Palestrante: Prof. Dr. Eduardo Viana Institui\u00e7\u00e3o: Universidade Federal da Para\u00edba<\/a><\/p>\n\n\n\n<p><a href=\"https:\/\/eventos.ifbaiano.edu.br\/portal\/geobonfim\/files\/2022\/10\/Palestra-Prof.-Dr.-Manoel-Fernandes-de-Souza-Neto.pdf\">Palestra de encerramento: &#8220;A Arte de Medir o Mundo: mapas, roteiros, imagens\u2026&#8221;. Palestrante: Prof. Dr. Manoel Fernandes de Souza Neto. Institui\u00e7\u00e3o: Universidade de S\u00e3o Paulo<\/a><\/p>\n\n\n\n<hr class=\"wp-block-separator has-text-color has-background has-neve-link-hover-color-background-color has-neve-link-hover-color-color is-style-wide\" id=\"minicurso\" \/>\n\n\n\n<p><a href=\"https:\/\/eventos.ifbaiano.edu.br\/portal\/geobonfim\/files\/2022\/10\/MiniCruso-Profa.-Dra.-Simone-Sayuri-Sato-Dia-04.pdf\">Minicurso &#8211; Planos de voos para mapeamento 3D. Instrutora: Prof\u00aa. Dr\u00aa.Simone Sayuri Sato, Institui\u00e7\u00e3o: UFPE <\/a><\/p>\n\n\n\n<p><a href=\"https:\/\/eventos.ifbaiano.edu.br\/portal\/geobonfim\/files\/2022\/10\/MiniCruso-Prof.-Dr.-Urbano-Nobre-Dia-5.pdf\">Minicurso &#8211; Elementos da paisagem na cartografia. Instrutor: Prof. Dr. Urbano Nobre, Institui\u00e7\u00e3o: PUC-SP.<\/a><\/p>\n\n\n\n<p><a href=\"https:\/\/eventos.ifbaiano.edu.br\/portal\/geobonfim\/files\/2022\/10\/MiniCruso-Prof.-Dr.-Joao-Galera.pdf\">Minicurso Introdu\u00e7\u00e3o, M\u00e9todos de Posicionamento e Aplica\u00e7\u00f5es. Instrutor: Prof. Dr. Jo\u00e3o Galera, Institui\u00e7\u00e3o: UNESP-SP<\/a><\/p>\n\n\n\n<p><a href=\"https:\/\/eventos.ifbaiano.edu.br\/portal\/geobonfim\/files\/2022\/10\/MiniCruso-Eng.-MSc.-Miguel-Pedro-Neto.pdf\">Minicurso &#8211; Procedimentos para Certifica\u00e7\u00e3o de Im\u00f3veis Rurais. Instrutor: Eng.MSc. Miguel Pedro Neto, Institui\u00e7\u00e3o: INCRA-BA<\/a><\/p>\n\n\n\n<p><a href=\"https:\/\/eventos.ifbaiano.edu.br\/portal\/geobonfim\/files\/2022\/10\/MiniCruso-Emanuele-Traversari-Dia-5.pdf\">Minicurso &#8211;<\/a><a href=\"DRONE FOR BUSINESS -Switzzerland.-02\"> Desafio: Geotecnologias &#8211; Conhecer o que existe para projetar o futuro. Instrutor: Emanuele Traversari, Institui\u00e7\u00e3o: DRONE FOR BUSINESS -Switzzerland.-02<\/a><\/p>\n\n\n\n<p><a href=\"https:\/\/eventos.ifbaiano.edu.br\/portal\/geobonfim\/files\/2022\/10\/MiniCruso-Arq.-Daniel-Maekawa-Dia-5-e-6.pdf\">Minicurso &#8211; Mapeamento e topografia com drones\/RPAs. Instrutor: Arq. Daniel Maekawa<\/a><\/p>\n\n\n\n<p><a href=\"https:\/\/eventos.ifbaiano.edu.br\/portal\/geobonfim\/files\/2022\/10\/MiniCurso-Prof.-Dr.-Manoel-Fernandes-de-Souza-Neto-Dia-4.pdf\">Minicurso &#8211; Prof. Dr. Manoel Fernandes de Souza NetCi\u00eancia, T\u00e9cnica e Pol\u00edtica: medidas e objetos e manuais de uso.Instrutor: Prof. Dr. Manoel Fernandes de Souza Neto, Institui\u00e7\u00e3o: USP<\/a><\/p>\n\n\n\n<p><a href=\"https:\/\/eventos.ifbaiano.edu.br\/portal\/geobonfim\/files\/2022\/10\/MiniCurso-Enga-Miriam-Say-Dias-5-e-6.pdf\">Minicurso &#8211; Elabora\u00e7\u00e3o do Mapa do Campus Senhor do Bonfim. Instrutora: Eng\u00aa Miriam Say6<\/a><\/p>\n\n\n\n<p><a href=\"https:\/\/eventos.ifbaiano.edu.br\/portal\/geobonfim\/files\/2022\/10\/MiniCurso-Emanuele-Traversari-dia-4.pdf\">Minicurso <\/a><a href=\"DRONE FOR BUSINESS \u2013Switzzerland\">Desafio: Geotecnologias &#8211; Conhecer o que existe para projetar ofuturo. Instrutor: Emanuele Traversari, Institui\u00e7\u00e3o: DRONE FOR BUSINESS \u2013Switzzerland<\/a><\/p>\n\n\n\n<p><a href=\"https:\/\/eventos.ifbaiano.edu.br\/portal\/geobonfim\/files\/2022\/10\/MiniCruso-Profa.-MSc.-Mirele-Viegas.pdf\">Minicurso &#8211; Controle de Qualidade em produtos oriundos de RPAs no Georreferenciamento de Im\u00f3veis rurais Instrutora: Prof\u00aa. MSc. Mirele Viegas,Institui\u00e7\u00e3o: UFBA\/INCRA-BA<\/a><\/p>\n\n\n\n<p><\/p>\n","protected":false},"excerpt":{"rendered":"<p>Voc\u00ea ser\u00e1 redirecionado para outro site onde ser\u00e1 poss\u00edvel escolher as palestras e minicursos que deseja participar. Lista de Inscritos Palestra de abertura: &#8220;Geotecnologias: Desafios para criar um mundo melhor \u2013 PIX4D&#8221;. Palestrante: Emanuele Traversari, Institui\u00e7\u00e3o:Drone for Bussines &#8211; Switzzerland Palestra &#8211; &#8220;Controle de Qualidade em produtos oriundos de RPAs&#8221;.Palestrante: Prof\u00aa. M.Sc. Mirelle Viegas Institui\u00e7\u00e3o:&hellip;&nbsp;<a href=\"https:\/\/eventos.ifbaiano.edu.br\/portal\/geobonfim\/inscricoes\/\" rel=\"bookmark\">Continue a ler &raquo;<span class=\"screen-reader-text\">INSCRI\u00c7\u00d5ES<\/span><\/a><\/p>\n","protected":false},"author":72,"featured_media":0,"parent":0,"menu_order":0,"comment_status":"closed","ping_status":"closed","template":"","meta":{"neve_meta_sidebar":"","neve_meta_container":"","neve_meta_enable_content_width":"","neve_meta_content_width":0,"neve_meta_title_alignment":"","neve_meta_author_avatar":"","neve_post_elements_order":"","neve_meta_disable_header":"","neve_meta_disable_footer":"","neve_meta_disable_title":"","footnotes":""},"_links":{"self":[{"href":"https:\/\/eventos.ifbaiano.edu.br\/portal\/geobonfim\/wp-json\/wp\/v2\/pages\/142"}],"collection":[{"href":"https:\/\/eventos.ifbaiano.edu.br\/portal\/geobonfim\/wp-json\/wp\/v2\/pages"}],"about":[{"href":"https:\/\/eventos.ifbaiano.edu.br\/portal\/geobonfim\/wp-json\/wp\/v2\/types\/page"}],"author":[{"embeddable":true,"href":"https:\/\/eventos.ifbaiano.edu.br\/portal\/geobonfim\/wp-json\/wp\/v2\/users\/72"}],"replies":[{"embeddable":true,"href":"https:\/\/eventos.ifbaiano.edu.br\/portal\/geobonfim\/wp-json\/wp\/v2\/comments?post=142"}],"version-history":[{"count":28,"href":"https:\/\/eventos.ifbaiano.edu.br\/portal\/geobonfim\/wp-json\/wp\/v2\/pages\/142\/revisions"}],"predecessor-version":[{"id":215,"href":"https:\/\/eventos.ifbaiano.edu.br\/portal\/geobonfim\/wp-json\/wp\/v2\/pages\/142\/revisions\/215"}],"wp:attachment":[{"href":"https:\/\/eventos.ifbaiano.edu.br\/portal\/geobonfim\/wp-json\/wp\/v2\/media?parent=142"}],"curies":[{"name":"wp","href":"https:\/\/api.w.org\/{rel}","templated":true}]}}