{"id":2,"date":"2018-05-25T09:31:06","date_gmt":"2018-05-25T12:31:06","guid":{"rendered":"http:\/\/eventos.ifbaiano.edu.br\/portal\/encontrodecaprinoseovinos\/?page_id=2"},"modified":"2021-11-10T14:26:09","modified_gmt":"2021-11-10T17:26:09","slug":"pagina-exemplo","status":"publish","type":"page","link":"https:\/\/eventos.ifbaiano.edu.br\/portal\/encontrodecaprinoseovinos\/","title":{"rendered":"In\u00edcio"},"content":{"rendered":"\n<div class=\"wp-block-columns is-layout-flex wp-container-core-columns-is-layout-1 wp-block-columns-is-layout-flex\">\n<div class=\"wp-block-column is-layout-flow wp-block-column-is-layout-flow\">\n<div class=\"wp-block-image\"><figure class=\"aligncenter size-large is-resized\"><img loading=\"lazy\" decoding=\"async\" src=\"https:\/\/eventos.ifbaiano.edu.br\/portal\/encontrodecaprinoseovinos\/files\/2021\/10\/Card-encontro-caprinos-e-ovinos-final-1024x1024.jpg\" alt=\"\" class=\"wp-image-161\" width=\"552\" height=\"552\" srcset=\"https:\/\/eventos.ifbaiano.edu.br\/portal\/encontrodecaprinoseovinos\/files\/2021\/10\/Card-encontro-caprinos-e-ovinos-final-1024x1024.jpg 1024w, https:\/\/eventos.ifbaiano.edu.br\/portal\/encontrodecaprinoseovinos\/files\/2021\/10\/Card-encontro-caprinos-e-ovinos-final-300x300.jpg 300w, https:\/\/eventos.ifbaiano.edu.br\/portal\/encontrodecaprinoseovinos\/files\/2021\/10\/Card-encontro-caprinos-e-ovinos-final-150x150.jpg 150w, https:\/\/eventos.ifbaiano.edu.br\/portal\/encontrodecaprinoseovinos\/files\/2021\/10\/Card-encontro-caprinos-e-ovinos-final-768x768.jpg 768w, https:\/\/eventos.ifbaiano.edu.br\/portal\/encontrodecaprinoseovinos\/files\/2021\/10\/Card-encontro-caprinos-e-ovinos-final.jpg 1500w\" sizes=\"(max-width: 552px) 100vw, 552px\" \/><\/figure><\/div>\n<\/div>\n\n\n\n<div class=\"wp-block-column is-layout-flow wp-block-column-is-layout-flow\">\n<p><strong>O Evento<\/strong><\/p>\n\n\n\n<p><\/p>\n\n\n\n<p>O objetivo \u00e9 promover a discuss\u00e3o com os estudantes, professores, t\u00e9cnicos e profissionais ligados \u00e0 cadeia produtiva de caprinocultura e ovinocultura, promovendo o debate aberto sobre perspectivas da cria\u00e7\u00e3o, aprimoramento das ra\u00e7as e agrega\u00e7\u00e3o de valor aos produtos na regi\u00e3o de Guanambi.<\/p>\n\n\n\n<p>Desde de sua primeira edi\u00e7\u00e3o, em 2013, o Encontro sobre Caprinos e Ovinos acontece com programa\u00e7\u00e3o baseada no contexto e a realidade local, e contribui com as a\u00e7\u00f5es de aprimoramento das ra\u00e7as e incentivo \u00e0 produ\u00e7\u00e3o de caprinos e ovinos em todo territ\u00f3rio brasileiro. <\/p>\n\n\n\n<p><strong>P\u00fablico Alvo<\/strong><\/p>\n\n\n\n<p>Pecuaristas, Sociedade Civil, Docentes, Discentes,T\u00e9cnicos e Pesquisadores(as)<\/p>\n\n\n\n<p><a href=\"https:\/\/eventos.ifbaiano.edu.br\/portal\/encontrodecaprinoseovinos\/programacao\/\" target=\"_blank\" rel=\"noreferrer noopener\"><strong>Veja a programa\u00e7\u00e3o<\/strong><\/a><\/p>\n\n\n\n<p><strong><a href=\"https:\/\/www.even3.com.br\/vencontrocaprinoseovinos\/\" target=\"_blank\" rel=\"noreferrer noopener\">Fa\u00e7a a sua Inscri\u00e7\u00e3o<\/a><\/strong><\/p>\n<\/div>\n<\/div>\n\n\n\n<h2 class=\"wp-block-heading\">Acompanhe o evento<\/h2>\n\n\n\n<h4 class=\"wp-block-heading\"><strong>Primeira parte<\/strong> &#8211; 10 de novembro &#8211; 8h<\/h4>\n\n\n\n<figure class=\"wp-block-embed is-type-video is-provider-youtube wp-block-embed-youtube wp-embed-aspect-16-9 wp-has-aspect-ratio\"><div class=\"wp-block-embed__wrapper\">\n<div class=\"nv-iframe-embed\"><iframe loading=\"lazy\" title=\"V Encontro sobre Caprinos e Ovinos - IF Baiano - Campus Guanambi - Manh\u00e3\" width=\"1200\" height=\"675\" src=\"https:\/\/www.youtube.com\/embed\/h0JvMNGGtCc?feature=oembed\" frameborder=\"0\" allow=\"accelerometer; autoplay; clipboard-write; encrypted-media; gyroscope; picture-in-picture\" allowfullscreen><\/iframe><\/div>\n<\/div><\/figure>\n\n\n\n<p><a href=\"https:\/\/docs.google.com\/forms\/d\/e\/1FAIpQLSfhxXA1S2D0tQ_VbcEKjgOnLZPBUIPv23xmyEDLsILuNItBAQ\/viewform\" target=\"_blank\" rel=\"noreferrer noopener\">Lista de presen\u00e7a<\/a><\/p>\n\n\n\n<h4 class=\"wp-block-heading\">Segunda parte &#8211; 10 de novembro &#8211; 14 h<\/h4>\n\n\n\n<figure class=\"wp-block-embed is-type-video is-provider-youtube wp-block-embed-youtube wp-embed-aspect-16-9 wp-has-aspect-ratio\"><div class=\"wp-block-embed__wrapper\">\n<div class=\"nv-iframe-embed\"><iframe loading=\"lazy\" title=\"V Encontro sobre Caprinos e Ovinos - IF Baiano - Campus Guanambi - Tarde\" width=\"1200\" height=\"675\" src=\"https:\/\/www.youtube.com\/embed\/m0CJoZq99mY?feature=oembed\" frameborder=\"0\" allow=\"accelerometer; autoplay; clipboard-write; encrypted-media; gyroscope; picture-in-picture\" allowfullscreen><\/iframe><\/div>\n<\/div><\/figure>\n\n\n\n<p><a href=\"https:\/\/forms.gle\/PN5yXhMES2ZQGGPf9\" target=\"_blank\" rel=\"noreferrer noopener\">Lista de Presen\u00e7a<\/a><\/p>\n","protected":false},"excerpt":{"rendered":"<p>O Evento O objetivo \u00e9 promover a discuss\u00e3o com os estudantes, professores, t\u00e9cnicos e profissionais ligados \u00e0 cadeia produtiva de caprinocultura e ovinocultura, promovendo o debate aberto sobre perspectivas da cria\u00e7\u00e3o, aprimoramento das ra\u00e7as e agrega\u00e7\u00e3o de valor aos produtos na regi\u00e3o de Guanambi. Desde de sua primeira edi\u00e7\u00e3o, em 2013, o Encontro sobre Caprinos&hellip;&nbsp;<a href=\"https:\/\/eventos.ifbaiano.edu.br\/portal\/encontrodecaprinoseovinos\/\" rel=\"bookmark\"><span class=\"screen-reader-text\">In\u00edcio<\/span><\/a><\/p>\n","protected":false},"author":20,"featured_media":0,"parent":0,"menu_order":0,"comment_status":"closed","ping_status":"open","template":"","meta":{"neve_meta_sidebar":"","neve_meta_container":"","neve_meta_enable_content_width":"","neve_meta_content_width":0,"neve_meta_title_alignment":"","neve_meta_author_avatar":"","neve_post_elements_order":"","neve_meta_disable_header":"","neve_meta_disable_footer":"","neve_meta_disable_title":"on","footnotes":""},"_links":{"self":[{"href":"https:\/\/eventos.ifbaiano.edu.br\/portal\/encontrodecaprinoseovinos\/wp-json\/wp\/v2\/pages\/2"}],"collection":[{"href":"https:\/\/eventos.ifbaiano.edu.br\/portal\/encontrodecaprinoseovinos\/wp-json\/wp\/v2\/pages"}],"about":[{"href":"https:\/\/eventos.ifbaiano.edu.br\/portal\/encontrodecaprinoseovinos\/wp-json\/wp\/v2\/types\/page"}],"author":[{"embeddable":true,"href":"https:\/\/eventos.ifbaiano.edu.br\/portal\/encontrodecaprinoseovinos\/wp-json\/wp\/v2\/users\/20"}],"replies":[{"embeddable":true,"href":"https:\/\/eventos.ifbaiano.edu.br\/portal\/encontrodecaprinoseovinos\/wp-json\/wp\/v2\/comments?post=2"}],"version-history":[{"count":14,"href":"https:\/\/eventos.ifbaiano.edu.br\/portal\/encontrodecaprinoseovinos\/wp-json\/wp\/v2\/pages\/2\/revisions"}],"predecessor-version":[{"id":170,"href":"https:\/\/eventos.ifbaiano.edu.br\/portal\/encontrodecaprinoseovinos\/wp-json\/wp\/v2\/pages\/2\/revisions\/170"}],"wp:attachment":[{"href":"https:\/\/eventos.ifbaiano.edu.br\/portal\/encontrodecaprinoseovinos\/wp-json\/wp\/v2\/media?parent=2"}],"curies":[{"name":"wp","href":"https:\/\/api.w.org\/{rel}","templated":true}]}}