{"id":49,"date":"2025-05-08T11:22:39","date_gmt":"2025-05-08T14:22:39","guid":{"rendered":"https:\/\/eventos.ifbaiano.edu.br\/portal\/encontectx\/?page_id=49"},"modified":"2025-05-08T11:38:25","modified_gmt":"2025-05-08T14:38:25","slug":"organizacao-e-apoio","status":"publish","type":"page","link":"https:\/\/eventos.ifbaiano.edu.br\/portal\/encontectx\/organizacao-e-apoio\/","title":{"rendered":"Organiza\u00e7\u00e3o e Apoio"},"content":{"rendered":"\n<h2 class=\"wp-block-heading has-text-align-center\"><strong>Organiza\u00e7\u00e3o e Apoio<\/strong><\/h2>\n\n\n\n<p>A organiza\u00e7\u00e3o do <strong>V ECONTEC &#8211; Teixeira Farm Show<\/strong> possui uma comiss\u00e3o geral presidida pelo Prof\u00ba Joabe Jobson de Oliveira Pimentel e compostas por cinco subcomiss\u00f5es. O evento tem o apoio do <strong>SEBRAE<\/strong>, al\u00e9m de contar com contrapartidas do<strong> IF Baiano<\/strong>.<\/p>\n\n\n\n<p><strong>Presidente:<\/strong> Joabe J\u00f3bson de Oliveira Pimentel<\/p>\n\n\n\n<p><strong>Subcomiss\u00e3o de Parcerias e patroc\u00ednios:<\/strong><br>Charles Leonel Galv\u00e3o Sanch\u00eas<br>Elen S\u00f4nia Maria Duarte Rosa<br>Wezer Lismar Miranda<\/p>\n\n\n\n<p><strong>Subcomiss\u00e3o de Programa\u00e7\u00e3o Tecnico-Cientififca:<\/strong><br>Cl\u00eaidida Barros de Carvalho<br>Dionei Lima Santos<br>Marta Cristina Silva Carvalho<\/p>\n\n\n\n<p><strong>Subcomiss\u00e3o de Comunica\u00e7\u00e3o e Marketing:<\/strong><br>Ana Rosa Alves de Oliveira<br>Cec\u00edlia Freitas Martins<br>Daniel Silva Gon\u00e7alves<br>Patricia Ferreira Coimbra Pimentel<\/p>\n\n\n\n<p><strong>Subcomiss\u00e3o de Credenciamento e Certifica\u00e7\u00e3o:<\/strong><br>Gutto Monzelle Rios Marques<br>Erllens Eder Silva<br>Mauric\u00e9ia Costa Carvalho Barros<br>Neidiane Brito da Silva S\u00e1<\/p>\n\n\n\n<p><strong>Subcomiss\u00e3o de Infraestrutura e Logistica:<\/strong><br>Cristiano Lunardi Ribas<br>Luis Paulo Barbosa dos Santos<br>Rogerio Quinhones<\/p>\n\n\n\n<p><strong>Diagrama\u00e7\u00e3o e Designer Gr\u00e1fico:<\/strong> Daniel Sigo<\/p>\n","protected":false},"excerpt":{"rendered":"<p>Organiza\u00e7\u00e3o e Apoio A organiza\u00e7\u00e3o do V ECONTEC &#8211; Teixeira Farm Show possui uma comiss\u00e3o geral presidida pelo Prof\u00ba Joabe Jobson de Oliveira Pimentel e compostas por cinco subcomiss\u00f5es. O evento tem o apoio do SEBRAE, al\u00e9m de contar com contrapartidas do IF Baiano. Presidente: Joabe J\u00f3bson de Oliveira Pimentel Subcomiss\u00e3o de Parcerias e patroc\u00ednios:Charles &#8230; <a title=\"Organiza\u00e7\u00e3o e Apoio\" class=\"read-more\" href=\"https:\/\/eventos.ifbaiano.edu.br\/portal\/encontectx\/organizacao-e-apoio\/\" aria-label=\"Read more about Organiza\u00e7\u00e3o e Apoio\">Ler mais<\/a><\/p>\n","protected":false},"author":47,"featured_media":0,"parent":0,"menu_order":0,"comment_status":"closed","ping_status":"closed","template":"","meta":{"footnotes":""},"_links":{"self":[{"href":"https:\/\/eventos.ifbaiano.edu.br\/portal\/encontectx\/wp-json\/wp\/v2\/pages\/49"}],"collection":[{"href":"https:\/\/eventos.ifbaiano.edu.br\/portal\/encontectx\/wp-json\/wp\/v2\/pages"}],"about":[{"href":"https:\/\/eventos.ifbaiano.edu.br\/portal\/encontectx\/wp-json\/wp\/v2\/types\/page"}],"author":[{"embeddable":true,"href":"https:\/\/eventos.ifbaiano.edu.br\/portal\/encontectx\/wp-json\/wp\/v2\/users\/47"}],"replies":[{"embeddable":true,"href":"https:\/\/eventos.ifbaiano.edu.br\/portal\/encontectx\/wp-json\/wp\/v2\/comments?post=49"}],"version-history":[{"count":1,"href":"https:\/\/eventos.ifbaiano.edu.br\/portal\/encontectx\/wp-json\/wp\/v2\/pages\/49\/revisions"}],"predecessor-version":[{"id":50,"href":"https:\/\/eventos.ifbaiano.edu.br\/portal\/encontectx\/wp-json\/wp\/v2\/pages\/49\/revisions\/50"}],"wp:attachment":[{"href":"https:\/\/eventos.ifbaiano.edu.br\/portal\/encontectx\/wp-json\/wp\/v2\/media?parent=49"}],"curies":[{"name":"wp","href":"https:\/\/api.w.org\/{rel}","templated":true}]}}