{"id":37,"date":"2025-05-08T10:42:46","date_gmt":"2025-05-08T13:42:46","guid":{"rendered":"https:\/\/eventos.ifbaiano.edu.br\/portal\/encontectx\/?page_id=37"},"modified":"2025-05-08T10:53:43","modified_gmt":"2025-05-08T13:53:43","slug":"o-evento","status":"publish","type":"page","link":"https:\/\/eventos.ifbaiano.edu.br\/portal\/encontectx\/o-evento\/","title":{"rendered":"O Evento"},"content":{"rendered":"\n<h2 class=\"wp-block-heading has-text-align-center\"><strong>O Evento<\/strong><\/h2>\n\n\n\n<p class=\"p {   text-align: justify; }\">O <strong>Encontro de T\u00e9cnicos e Produtores Rurais \u2013 ENCONTEC Teixeira Farm Show<\/strong>, promovido pelo IF Baiano \u2013 Campus Teixeira de Freitas, \u00e9 um evento anual que visa promover o desenvolvimento sustent\u00e1vel do setor agropecu\u00e1rio e florestal no Extremo Sul da Bahia. Criado como um espa\u00e7o de <strong>integra\u00e7\u00e3o, capacita\u00e7\u00e3o e troca de experi\u00eancias<\/strong>, o ENCONTEC conecta agricultores, t\u00e9cnicos, estudantes, pesquisadores, empresas e a comunidade regional em torno de temas essenciais \u00e0 produ\u00e7\u00e3o rural moderna.<\/p>\n\n\n\n<p>Consolidado como uma refer\u00eancia na <strong>transfer\u00eancia de tecnologias e na dissemina\u00e7\u00e3o de pr\u00e1ticas sustent\u00e1veis<\/strong>, o evento oferece uma programa\u00e7\u00e3o diversificada com oficinas pr\u00e1ticas, palestras t\u00e9cnicas, pain\u00e9is de discurs\u00e3o, mesas redondas, minicursos, demonstra\u00e7\u00f5es de equipamentos, exposi\u00e7\u00f5es de produtos e tecnologias e visitas a unidades de campo. Sua proposta est\u00e1 fundamentada no fortalecimento das cadeias produtivas locais, na valoriza\u00e7\u00e3o do conhecimento cient\u00edfico e tradicional, e na promo\u00e7\u00e3o da agricultura familiar e da agroind\u00fastria regional.<\/p>\n\n\n\n<p>Em sua <strong>5\u00aa edi\u00e7\u00e3o, que acontecer\u00e1 de 12 a 14 de junho de 2025<\/strong>, o ENCONTEC reafirma seu compromisso com a <strong>forma\u00e7\u00e3o continuada, a inova\u00e7\u00e3o no campo e o desenvolvimento rural sustent\u00e1vel<\/strong>. A edi\u00e7\u00e3o de 2025 amplia sua atua\u00e7\u00e3o ao promover o <strong>Teixeira Farm Show<\/strong>, um espa\u00e7o estrat\u00e9gico de exposi\u00e7\u00e3o e demonstra\u00e7\u00e3o tecnol\u00f3gica voltado \u00e0 agropecu\u00e1ria e ao setor florestal, com foco em solu\u00e7\u00f5es inovadoras, tecnologias acess\u00edveis e pr\u00e1ticas de manejo sustent\u00e1veis.<\/p>\n\n\n\n<p>O evento \u00e9 pautado no trip\u00e9 <strong>ensino, pesquisa e extens\u00e3o<\/strong>, alinhado \u00e0s demandas reais do territ\u00f3rio, ao protagonismo dos sujeitos do campo e ao papel transformador da educa\u00e7\u00e3o p\u00fablica. Assim, o ENCONTEC n\u00e3o apenas contribui para o aprimoramento t\u00e9cnico dos participantes, mas tamb\u00e9m fortalece o di\u00e1logo entre o saber cient\u00edfico e os saberes populares, sendo uma <strong>ferramenta essencial para a inova\u00e7\u00e3o, sustentabilidade e cidadania no campo<\/strong>.<\/p>\n","protected":false},"excerpt":{"rendered":"<p>O Evento O Encontro de T\u00e9cnicos e Produtores Rurais \u2013 ENCONTEC Teixeira Farm Show, promovido pelo IF Baiano \u2013 Campus Teixeira de Freitas, \u00e9 um evento anual que visa promover o desenvolvimento sustent\u00e1vel do setor agropecu\u00e1rio e florestal no Extremo Sul da Bahia. Criado como um espa\u00e7o de integra\u00e7\u00e3o, capacita\u00e7\u00e3o e troca de experi\u00eancias, o &#8230; <a title=\"O Evento\" class=\"read-more\" href=\"https:\/\/eventos.ifbaiano.edu.br\/portal\/encontectx\/o-evento\/\" aria-label=\"Read more about O Evento\">Ler mais<\/a><\/p>\n","protected":false},"author":47,"featured_media":0,"parent":0,"menu_order":0,"comment_status":"closed","ping_status":"closed","template":"","meta":{"footnotes":""},"_links":{"self":[{"href":"https:\/\/eventos.ifbaiano.edu.br\/portal\/encontectx\/wp-json\/wp\/v2\/pages\/37"}],"collection":[{"href":"https:\/\/eventos.ifbaiano.edu.br\/portal\/encontectx\/wp-json\/wp\/v2\/pages"}],"about":[{"href":"https:\/\/eventos.ifbaiano.edu.br\/portal\/encontectx\/wp-json\/wp\/v2\/types\/page"}],"author":[{"embeddable":true,"href":"https:\/\/eventos.ifbaiano.edu.br\/portal\/encontectx\/wp-json\/wp\/v2\/users\/47"}],"replies":[{"embeddable":true,"href":"https:\/\/eventos.ifbaiano.edu.br\/portal\/encontectx\/wp-json\/wp\/v2\/comments?post=37"}],"version-history":[{"count":2,"href":"https:\/\/eventos.ifbaiano.edu.br\/portal\/encontectx\/wp-json\/wp\/v2\/pages\/37\/revisions"}],"predecessor-version":[{"id":45,"href":"https:\/\/eventos.ifbaiano.edu.br\/portal\/encontectx\/wp-json\/wp\/v2\/pages\/37\/revisions\/45"}],"wp:attachment":[{"href":"https:\/\/eventos.ifbaiano.edu.br\/portal\/encontectx\/wp-json\/wp\/v2\/media?parent=37"}],"curies":[{"name":"wp","href":"https:\/\/api.w.org\/{rel}","templated":true}]}}