{"id":10,"date":"2025-05-06T15:10:37","date_gmt":"2025-05-06T18:10:37","guid":{"rendered":"https:\/\/eventos.ifbaiano.edu.br\/portal\/encontec-2025\/?page_id=10"},"modified":"2025-06-11T18:23:47","modified_gmt":"2025-06-11T21:23:47","slug":"inicio","status":"publish","type":"page","link":"https:\/\/eventos.ifbaiano.edu.br\/portal\/encontectx\/","title":{"rendered":"In\u00edcio"},"content":{"rendered":"\n<p class=\"has-text-align-center has-background has-medium-font-size\" style=\"background-color:#ff9500\"><strong>VEM A\u00cd O V ENCONTEC<\/strong> &#8211; <strong>TEIXEIRA FARM SHOW!<\/strong><br>Um show de tecnologia e conhecimento<\/p>\n\n\n\n<p class=\"has-medium-font-size\">\ud83d\udcc5 <strong>12 a 14 de junho de 2025<\/strong><br>\ud83d\udccd <strong>IF Baiano \u2013 Campus Teixeira de Freitas<\/strong><\/p>\n\n\n\n<p><strong>Produtores, t\u00e9cnicos, estudantes e profissionais do Agro: esse convite \u00e9 para voc\u00eas!<\/strong><\/p>\n\n\n\n<p>O <strong>V Encontro de T\u00e9cnicos e Produtores Rurais (ENCONTEC \u2013 Teixeira Farm Show)<\/strong> j\u00e1 tem data marcada! De 12 a 14 de junho de 2025, o IF Baiano \u2013 Campus Teixeira de Freitas abre suas portas para mais uma edi\u00e7\u00e3o desse grande evento que movimenta o setor agropecu\u00e1rio e florestal do Extremo Sul da Bahia.<\/p>\n\n\n\n<p>Um evento j\u00e1 consolidado que promove a integra\u00e7\u00e3o dos atores envolvidos com a produ\u00e7\u00e3o agropecu\u00e1ria e florestal do Territ\u00f3rio Extremo Sul da Bahia e regi\u00f5es circunvizinhas, ofertando treinamentos, capacita\u00e7\u00f5es, mostras e transfer\u00eancia de tecnologias para o homem do campo, seus familiares, parceiros, estudantes, t\u00e9cnicos e outros profissionais das ci\u00eancias agr\u00e1rias e \u00e1reas afins. Abrangendo as principais cadeias produtivas dos segmentos do Agro, o evento pretende contribuir para o desenvolvimento social e econ\u00f4mico dos munic\u00edpios da Regi\u00e3o Extremo Sul da Bahia e seu entorno.<\/p>\n\n\n\n<p>Ser\u00e3o tr\u00eas dias de muito conhecimento, inova\u00e7\u00e3o e conex\u00f5es, com oficinas, treinamentos, capacita\u00e7\u00f5es, mostras tecnol\u00f3gicas e troca de experi\u00eancias entre todos que constroem o dia a dia do campo. Tudo isso com foco nas principais cadeias produtivas da nossa regi\u00e3o.<\/p>\n\n\n\n<p>\ud83c\udf31 <strong>Tecnologia, desenvolvimento e sustentabilidade no Agro.<\/strong><br>\ud83e\uddd1\u200d\ud83c\udf3e <strong>Participe e ajude a transformar o futuro do campo!<\/strong><\/p>\n\n\n\n<p>Em breve divulgaremos a programa\u00e7\u00e3o completa. Marque na agenda e venha com a gente!<\/p>\n\n\n\n<div class=\"wp-block-buttons is-content-justification-center is-layout-flex wp-container-core-buttons-is-layout-1 wp-block-buttons-is-layout-flex\">\n<div class=\"wp-block-button has-custom-font-size is-style-outline has-medium-font-size\"><a class=\"wp-block-button__link wp-element-button\" href=\"https:\/\/suap.ifbaiano.edu.br\/eventos\/inscricao\/2384\/\" style=\"border-radius:24px\"><strong>INSCREVA-SE NO IV ENCONTEC &#8211; TEIXEIRA FARM SHOW<\/strong><\/a><\/div>\n<\/div>\n\n\n\n<hr class=\"wp-block-separator has-text-color has-alpha-channel-opacity has-background\" style=\"background-color:#decfbf;color:#decfbf\" \/>\n\n\n\n<p><strong>Sua presen\u00e7a \u00e9 fundamental, esperamos voc\u00ea aqui<\/strong><\/p>\n\n\n\n<p><a href=\"https:\/\/eventos.ifbaiano.edu.br\/portal\/encontectx\/o-evento\/\" data-type=\"page\" data-id=\"37\"><strong>Clique aqui para saber mais sobre o V ENCONTEC &#8211; Teixeira Farm Show<\/strong><\/a><\/p>\n","protected":false},"excerpt":{"rendered":"<p>VEM A\u00cd O V ENCONTEC &#8211; TEIXEIRA FARM SHOW!Um show de tecnologia e conhecimento \ud83d\udcc5 12 a 14 de junho de 2025\ud83d\udccd IF Baiano \u2013 Campus Teixeira de Freitas Produtores, t\u00e9cnicos, estudantes e profissionais do Agro: esse convite \u00e9 para voc\u00eas! O V Encontro de T\u00e9cnicos e Produtores Rurais (ENCONTEC \u2013 Teixeira Farm Show) j\u00e1 &#8230; <a title=\"In\u00edcio\" class=\"read-more\" href=\"https:\/\/eventos.ifbaiano.edu.br\/portal\/encontectx\/\" aria-label=\"Read more about In\u00edcio\">Ler mais<\/a><\/p>\n","protected":false},"author":20,"featured_media":0,"parent":0,"menu_order":0,"comment_status":"closed","ping_status":"closed","template":"","meta":{"footnotes":""},"_links":{"self":[{"href":"https:\/\/eventos.ifbaiano.edu.br\/portal\/encontectx\/wp-json\/wp\/v2\/pages\/10"}],"collection":[{"href":"https:\/\/eventos.ifbaiano.edu.br\/portal\/encontectx\/wp-json\/wp\/v2\/pages"}],"about":[{"href":"https:\/\/eventos.ifbaiano.edu.br\/portal\/encontectx\/wp-json\/wp\/v2\/types\/page"}],"author":[{"embeddable":true,"href":"https:\/\/eventos.ifbaiano.edu.br\/portal\/encontectx\/wp-json\/wp\/v2\/users\/20"}],"replies":[{"embeddable":true,"href":"https:\/\/eventos.ifbaiano.edu.br\/portal\/encontectx\/wp-json\/wp\/v2\/comments?post=10"}],"version-history":[{"count":16,"href":"https:\/\/eventos.ifbaiano.edu.br\/portal\/encontectx\/wp-json\/wp\/v2\/pages\/10\/revisions"}],"predecessor-version":[{"id":127,"href":"https:\/\/eventos.ifbaiano.edu.br\/portal\/encontectx\/wp-json\/wp\/v2\/pages\/10\/revisions\/127"}],"wp:attachment":[{"href":"https:\/\/eventos.ifbaiano.edu.br\/portal\/encontectx\/wp-json\/wp\/v2\/media?parent=10"}],"curies":[{"name":"wp","href":"https:\/\/api.w.org\/{rel}","templated":true}]}}