{"id":77,"date":"2020-11-27T08:40:29","date_gmt":"2020-11-27T11:40:29","guid":{"rendered":"https:\/\/eventos.ifbaiano.edu.br\/portal\/congresso\/?page_id=77"},"modified":"2024-05-07T16:09:06","modified_gmt":"2024-05-07T19:09:06","slug":"contato","status":"publish","type":"page","link":"https:\/\/eventos.ifbaiano.edu.br\/portal\/congresso\/contato\/","title":{"rendered":"Contato"},"content":{"rendered":"\n<p>Instituto Federal de Educa\u00e7\u00e3o, Ci\u00eancia e Tecnologia Baiano<\/p>\n\n\n\n<p>Reitoria: Rua do Rouxinol, n\u00ba 115, Imbu\u00ed, Salvador-BA. <\/p>\n\n\n\n<p>CEP: 41720-052. <\/p>\n\n\n\n<p>CNPJ: 10.724.903\/0001-79 <\/p>\n\n\n\n<p>Telefone: (71) 3186-0001 <\/p>\n\n\n\n<p>Para poss\u00edveis esclarecimentos e d\u00favidas, entre em contato com nosso e-mail: <a href=\"mailto:pibic@gmail.com\">congresso.ifbaiano@reitoria.ifbaiano.edu.br<\/a><\/p>\n\n\n\n<p><\/p>\n\n\n\n<p><\/p>\n\n\n\n<p><\/p>\n","protected":false},"excerpt":{"rendered":"<p>Instituto Federal de Educa\u00e7\u00e3o, Ci\u00eancia e Tecnologia Baiano Reitoria: Rua do Rouxinol, n\u00ba 115, Imbu\u00ed, Salvador-BA. CEP: 41720-052. CNPJ: 10.724.903\/0001-79 Telefone: (71) 3186-0001 Para poss\u00edveis esclarecimentos e d\u00favidas, entre em contato com nosso e-mail: congresso.ifbaiano@reitoria.ifbaiano.edu.br<\/p>\n","protected":false},"author":20,"featured_media":0,"parent":0,"menu_order":0,"comment_status":"closed","ping_status":"closed","template":"","meta":{"neve_meta_sidebar":"full-width","neve_meta_container":"","neve_meta_enable_content_width":"on","neve_meta_content_width":100,"neve_meta_title_alignment":"","neve_meta_author_avatar":"","neve_post_elements_order":"","neve_meta_disable_header":"","neve_meta_disable_footer":"","neve_meta_disable_title":"","footnotes":""},"_links":{"self":[{"href":"https:\/\/eventos.ifbaiano.edu.br\/portal\/congresso\/wp-json\/wp\/v2\/pages\/77"}],"collection":[{"href":"https:\/\/eventos.ifbaiano.edu.br\/portal\/congresso\/wp-json\/wp\/v2\/pages"}],"about":[{"href":"https:\/\/eventos.ifbaiano.edu.br\/portal\/congresso\/wp-json\/wp\/v2\/types\/page"}],"author":[{"embeddable":true,"href":"https:\/\/eventos.ifbaiano.edu.br\/portal\/congresso\/wp-json\/wp\/v2\/users\/20"}],"replies":[{"embeddable":true,"href":"https:\/\/eventos.ifbaiano.edu.br\/portal\/congresso\/wp-json\/wp\/v2\/comments?post=77"}],"version-history":[{"count":12,"href":"https:\/\/eventos.ifbaiano.edu.br\/portal\/congresso\/wp-json\/wp\/v2\/pages\/77\/revisions"}],"predecessor-version":[{"id":3177,"href":"https:\/\/eventos.ifbaiano.edu.br\/portal\/congresso\/wp-json\/wp\/v2\/pages\/77\/revisions\/3177"}],"wp:attachment":[{"href":"https:\/\/eventos.ifbaiano.edu.br\/portal\/congresso\/wp-json\/wp\/v2\/media?parent=77"}],"curies":[{"name":"wp","href":"https:\/\/api.w.org\/{rel}","templated":true}]}}