{"id":637,"date":"2021-10-26T10:16:47","date_gmt":"2021-10-26T13:16:47","guid":{"rendered":"https:\/\/eventos.ifbaiano.edu.br\/portal\/congresso\/?page_id=637"},"modified":"2025-06-17T10:01:10","modified_gmt":"2025-06-17T13:01:10","slug":"perguntas-frequentes","status":"publish","type":"page","link":"https:\/\/eventos.ifbaiano.edu.br\/portal\/congresso\/perguntas-frequentes\/","title":{"rendered":"Perguntas frequentes"},"content":{"rendered":"\n<h3 class=\"wp-block-heading\">1) N\u00e3o consigo me inscrever. O que fa\u00e7o?<\/h3>\n\n\n\n<p><em>Tente outros navegadores. Caso ainda n\u00e3o consiga, entre em contato pelo correio eletr\u00f4nico\u00a0<a href=\"mailto:congresso.ifbaiano@reitoria.ifbaiano.edu.br\">congresso.ifbaiano@reitoria.ifbaiano.edu.br<\/a><\/em><\/p>\n\n\n\n<p><\/p>\n\n\n\n<h3 class=\"wp-block-heading\">2) N\u00e3o consigo submeter meu trabalho. O que fa\u00e7o?<\/h3>\n\n\n\n<p><em> Tente outros navegadores. Caso ainda n\u00e3o consiga, entre em contato pelo correio eletr\u00f4nico\u00a0<a href=\"mailto:congresso.ifbaiano@reitoria.ifbaiano.edu.br\" target=\"_blank\" rel=\"noreferrer noopener\">congresso.ifbaiano@reitoria.ifbaiano.edu.br<\/a><\/em><\/p>\n\n\n\n<p><\/p>\n\n\n\n<h3 class=\"wp-block-heading\">3) O&nbsp;<em>template<\/em>&nbsp;n\u00e3o abre. O que fa\u00e7o?<\/h3>\n\n\n\n<p><em>Acesse os documentos pelo&nbsp;link&nbsp;<\/em><a href=\"https:\/\/eventos.ifbaiano.edu.br\/portal\/congresso\/normas\/\">https:\/\/eventos.ifbaiano.edu.br\/portal\/congresso\/normas\/<\/a><em>, o modelos est\u00e3o dispon\u00edveis em formatos  DOC e PPT, atrav\u00e9s de alguns sites, voc\u00ea pode converter os arquivos fechados em um formato que seja compat\u00edvel com sistema operacional de seu computador. Atente para formata\u00e7\u00e3o, siga as orienta\u00e7\u00f5es quanto \u00e0 fonte e tamanho. <\/em><\/p>\n\n\n\n<p><em>Caso o erro persista,\u00a0entre em contato pelo correio eletr\u00f4nico\u00a0<a href=\"mailto:congresso.ifbaiano@reitoria.ifbaiano.edu.br\" target=\"_blank\" rel=\"noreferrer noopener\">congresso.ifbaiano@reitoria.ifbaiano.edu.br<\/a><\/em><\/p>\n\n\n\n<p><\/p>\n\n\n\n<h3 class=\"wp-block-heading\">4) Eu n\u00e3o participo de projetos Pesquisa e Extens\u00e3o do IF Baiano, posso participar do evento? Como posso participar<\/h3>\n\n\n\n<p><em>Sim. Na categoria ouvinte.<\/em><\/p>\n\n\n\n<p><\/p>\n\n\n\n<h3 class=\"wp-block-heading\">5) Eu me inscrevi como ouvinte. Posso mudar a categoria para submeter trabalho?<\/h3>\n\n\n\n<p><em>A inscri\u00e7\u00e3o dispon\u00edvel pelo Sistema Unificado de Administra\u00e7\u00e3o P\u00fablica (SUAP) \u00e9 para a\u00a0categoria\u00a0 de ouvinte. Para submeter trabalho voc\u00ea deve estar registrado em algum projeto de pesquisa e\/ou de extens\u00e3o e fazer a submiss\u00e3o pelo\u00a0link: <\/em><\/p>\n\n\n\n<p><\/p>\n\n\n\n<h3 class=\"wp-block-heading\">6) Estudantes de outras institui\u00e7\u00f5es podem participar?<\/h3>\n\n\n\n<p><em>Sim. Podem se inscrever  <em>como ouvintes<\/em><\/em>, at\u00e9 <em>o per\u00edodo de\u00a016 de setembro\u00a0de 2025.<\/em><\/p>\n\n\n\n<p><\/p>\n\n\n\n<h3 class=\"wp-block-heading\">7) Terei certificado de participa\u00e7\u00e3o?<\/h3>\n\n\n\n<p><em>Sim. Ao final do Congresso do IF Baiano, voc\u00ea receber\u00e1 o Certificado de participa\u00e7\u00e3o no evento no e-mail informado no ato da inscri\u00e7\u00e3o.<\/em><\/p>\n\n\n\n<p><\/p>\n\n\n\n<h3 class=\"wp-block-heading\">8) O certificado conta como carga hor\u00e1ria em minhas atividades curriculares?<\/h3>\n\n\n\n<p><em>Sim.<\/em> <em>As atividades propostas no evento fazem parte das atividades acad\u00eamicas institucionais.<\/em><\/p>\n\n\n\n<p><\/p>\n\n\n\n<h3 class=\"wp-block-heading\">9) Qual \u00e9 o contato da organiza\u00e7\u00e3o do IV Congresso do IF Baiano?<\/h3>\n\n\n\n<p><em>Envie suas d\u00favidas pelo correio eletr\u00f4nico:&nbsp;&nbsp;<a href=\"mailto:congresso.ifbaiano@reitoria.ifbaiano.edu.br\" target=\"_blank\" rel=\"noreferrer noopener\">congresso.ifbaiano@reitoria.ifbaiano.edu.br<\/a>&nbsp;<\/em><\/p>\n","protected":false},"excerpt":{"rendered":"<p>1) N\u00e3o consigo me inscrever. O que fa\u00e7o? Tente outros navegadores. Caso ainda n\u00e3o consiga, entre em contato pelo correio eletr\u00f4nico\u00a0congresso.ifbaiano@reitoria.ifbaiano.edu.br 2) N\u00e3o consigo submeter meu trabalho. O que fa\u00e7o? Tente outros navegadores. Caso ainda n\u00e3o consiga, entre em contato pelo correio eletr\u00f4nico\u00a0congresso.ifbaiano@reitoria.ifbaiano.edu.br 3) O&nbsp;template&nbsp;n\u00e3o abre. O que fa\u00e7o? Acesse os documentos pelo&nbsp;link&nbsp;https:\/\/eventos.ifbaiano.edu.br\/portal\/congresso\/normas\/, o modelos&hellip;&nbsp;<a href=\"https:\/\/eventos.ifbaiano.edu.br\/portal\/congresso\/perguntas-frequentes\/\" rel=\"bookmark\">Continue a ler &raquo;<span class=\"screen-reader-text\">Perguntas frequentes<\/span><\/a><\/p>\n","protected":false},"author":20,"featured_media":0,"parent":0,"menu_order":0,"comment_status":"closed","ping_status":"closed","template":"","meta":{"neve_meta_sidebar":"full-width","neve_meta_container":"","neve_meta_enable_content_width":"on","neve_meta_content_width":100,"neve_meta_title_alignment":"","neve_meta_author_avatar":"","neve_post_elements_order":"","neve_meta_disable_header":"","neve_meta_disable_footer":"","neve_meta_disable_title":"","footnotes":""},"_links":{"self":[{"href":"https:\/\/eventos.ifbaiano.edu.br\/portal\/congresso\/wp-json\/wp\/v2\/pages\/637"}],"collection":[{"href":"https:\/\/eventos.ifbaiano.edu.br\/portal\/congresso\/wp-json\/wp\/v2\/pages"}],"about":[{"href":"https:\/\/eventos.ifbaiano.edu.br\/portal\/congresso\/wp-json\/wp\/v2\/types\/page"}],"author":[{"embeddable":true,"href":"https:\/\/eventos.ifbaiano.edu.br\/portal\/congresso\/wp-json\/wp\/v2\/users\/20"}],"replies":[{"embeddable":true,"href":"https:\/\/eventos.ifbaiano.edu.br\/portal\/congresso\/wp-json\/wp\/v2\/comments?post=637"}],"version-history":[{"count":23,"href":"https:\/\/eventos.ifbaiano.edu.br\/portal\/congresso\/wp-json\/wp\/v2\/pages\/637\/revisions"}],"predecessor-version":[{"id":4656,"href":"https:\/\/eventos.ifbaiano.edu.br\/portal\/congresso\/wp-json\/wp\/v2\/pages\/637\/revisions\/4656"}],"wp:attachment":[{"href":"https:\/\/eventos.ifbaiano.edu.br\/portal\/congresso\/wp-json\/wp\/v2\/media?parent=637"}],"curies":[{"name":"wp","href":"https:\/\/api.w.org\/{rel}","templated":true}]}}