{"id":58,"date":"2020-11-27T08:35:19","date_gmt":"2020-11-27T11:35:19","guid":{"rendered":"https:\/\/eventos.ifbaiano.edu.br\/portal\/congresso\/?page_id=58"},"modified":"2021-10-20T20:55:59","modified_gmt":"2021-10-20T23:55:59","slug":"i-seminario-institucional-de-pos-graduacao-2020","status":"publish","type":"page","link":"https:\/\/eventos.ifbaiano.edu.br\/portal\/congresso\/submissao-de-trabalhos-2020\/i-seminario-institucional-de-pos-graduacao-2020\/","title":{"rendered":"I Semin\u00e1rio Institucional de P\u00f3s-Gradua\u00e7\u00e3o"},"content":{"rendered":"\n<p>O Instituto Federal de Educa\u00e7\u00e3o Ci\u00eancia e Tecnologia Baiano oferece cursos de p\u00f3s-gradua\u00e7\u00e3o em diversas \u00e1reas do conhecimento, desde 2011, com o in\u00edcio do curso de Desenvolvimento Sustent\u00e1vel no Semi\u00e1rido com \u00canfase em Recursos H\u00eddricos do <em>campus <\/em>Senhor do Bonfim. De l\u00e1 pra c\u00e1, 34 outros cursos distribu\u00eddos em diferentes <em>campi <\/em>j\u00e1 foram abertos. No primeiro semestre de 2015, o IF Baiano iniciou sua turma do Mestrado Profissional em Produ\u00e7\u00e3o Vegetal no Semi\u00e1rido, em 2017 foi a vez do estabelecimento do curso em rede de Mestrado Profissional em Educa\u00e7\u00e3o Profissional e Tecnol\u00f3gica, no <em>campus <\/em>Catu. J\u00e1 em 2020, no <em>campus <\/em>Serrinha, foi iniciada a primeira turma do Mestrado Profissional em Ci\u00eancia Ambientais. Fez-se necess\u00e1rio um espa\u00e7o de intera\u00e7\u00e3o e discuss\u00e3o neste ambiente de pesquisa e inova\u00e7\u00e3o.<\/p>\n\n\n\n<p>O Semin\u00e1rio Institucional de P\u00f3s-Gradua\u00e7\u00e3o tem como objetivo promover essa intera\u00e7\u00e3o entre os diferentes atores da p\u00f3s-gradua\u00e7\u00e3o no Instituto, permitindo a troca de experi\u00eancias, tecnologias, a gera\u00e7\u00e3o de colabora\u00e7\u00f5es, al\u00e9m de garantir um espa\u00e7o para a P\u00f3s-Gradua\u00e7\u00e3o no evento anual institucional. Idealizado para ocorrer presencialmente, seu formato foi adaptado \u00e0 conjuntura atual e contar\u00e1 com apresenta\u00e7\u00e3o de trabalhos de forma remota e uma Mesa-Tem\u00e1tica sobre a P\u00f3s-Gradua\u00e7\u00e3o.<\/p>\n\n\n\n<p><strong>Programa\u00e7\u00e3o:<\/strong><\/p>\n\n\n\n<p><strong>Abertura do I Semin\u00e1rio de P\u00f3s-Gradua\u00e7\u00e3o do IF Baiano<\/strong><\/p>\n\n\n\n<p>15\/12 \u00e0s 14:00 &#8211; Mesa-Tem\u00e1tica \u2013 Pesquisar e Inovar para recriar o viver: Desafios da P\u00f3s-Gradua\u00e7\u00e3o no Brasil<\/p>\n\n\n\n<p><strong>Giselle Ro\u00e7as (IFRJ): <a href=\"https:\/\/eventos.ifbaiano.edu.br\/portal\/congresso\/files\/2020\/12\/Inovacao-e-autonomia-docente_compressed.pdf\">Produtos Educativos e Processos Formativos &#8211; Uma Retomada da Autonomia Docente como Inova\u00e7\u00e3o <\/a><\/strong><\/p>\n\n\n\n<p>Possui gradua\u00e7\u00e3o em Ci\u00eancias Biol\u00f3gicas Modalidade Ecologia pela Universidade Federal do Rio de Janeiro (1995), mestrado em Ecologia pela Universidade Federal do Rio de Janeiro (1998) e doutorado em Ecologia pela Universidade Federal do Rio de Janeiro (2004). Desenvolvo pesquisa e junto aos professores da Educa\u00e7\u00e3o B\u00e1sica e Superior com o intuito de promover uma maior articula\u00e7\u00e3o entre os saberes advindos da Biologia e das chamadas Ci\u00eancias da Natureza com as pr\u00e1ticas do Ensino das Ci\u00eancias em espa\u00e7os formais de ensino. Professora Associada III do ensino superior do Instituto Federal de Educa\u00e7\u00e3o, Ci\u00eancia e Tecnologia do Rio de Janeiro, com livros e artigos publicados, al\u00e9m de orienta\u00e7\u00f5es de Inicia\u00e7\u00e3o Cient\u00edfica, Especializa\u00e7\u00e3o e Mestrado. Atualmente participo de projetos de pesquisa com \u00eanfase no Ensino de Ci\u00eancias, com apoio da FAPERJ, CAPES, IFRJ e CNPq. No per\u00edodo de junho de 2013 a fevereiro de 2015 atuei como Coordenadora Adjunta dos Mestrados Profissionais na \u00e1rea 46 &#8211; CAPES. Sou docente permanente do Programa de P\u00f3s-Gradua\u00e7\u00e3o Stricto Sensu em Ensino de Ci\u00eancias &#8211; PROPEC &#8211; do IFRJ.<\/p>\n\n\n\n<p><strong>T\u00e2nia Fischer (UFBA): A Produ\u00e7\u00e3o T\u00e9cnica e Tecnol\u00f3gica na P\u00f3s-Gradua\u00e7\u00e3o <\/strong><\/p>\n\n\n\n<p>Possui doutorado em Administra\u00e7\u00e3o com distin\u00e7\u00e3o e louvor pela Universidade de S\u00e3o Paulo (1984), mestrado em Administra\u00e7\u00e3o pela Universidade Federal do Rio Grande do Sul (1977) e gradua\u00e7\u00e3o em Pedagogia pela Universidade Federal do Rio Grande do Sul (1973) tendo realizado est\u00e1gios de p\u00f3s-doutorado na Fran\u00e7a, Estados Unidos, Canad\u00e1 e Espanha, com apoio da CAPES\/COFECUB, CNPq e CISYT. Atualmente \u00e9 professora titular da Universidade Federal da Bahia e coordenadora do Centro Interdisciplinar em Desenvolvimento e Gest\u00e3o Social (CIAGS). \u00c9 pesquisadora Em\u00e9rita do CNPq e membro titular da Academia Baiana de Ci\u00eancias e conselheira da Funda\u00e7\u00e3o Banco do Brasil, SEBRAE e FIEB. Coordenou projetos PR\u00d3-ADMINISTRA\u00c7\u00c3O, PRO-CULTURA da CAPES, PRONEX e CT\/INFRA. Foi presidente da Associa\u00e7\u00e3o Nacional de Programas de P\u00f3s-Gradua\u00e7\u00e3o Administra\u00e7\u00e3o (ANPAD) e diretora da Associa\u00e7\u00e3o Nacional de Programas de Planejamento Urbano e Regional (ANPUR) e Associa\u00e7\u00e3o Nacional de Programas de Ensino de Transportes (ANPET). Foi consultora da UNESCO, Banco Mundial e BID. Tem experi\u00eancia nas \u00e1reas de Administra\u00e7\u00e3o e Educa\u00e7\u00e3o, com \u00eanfase em Poderes Locais e Gest\u00e3o Social do Desenvolvimento Territorial, Organiza\u00e7\u00f5es e Interorganiza\u00e7\u00f5es, Gest\u00e3o e Educa\u00e7\u00e3o para a Gest\u00e3o e Educa\u00e7\u00e3o Profissional. Recebeu os seguintes pr\u00eamios e destin\u00e7\u00f5es: Medalha de Ouro 50 anos de P\u00f3s-Gradua\u00e7\u00e3o Brasileira concedida pela CAPES; Pesquisador de Destaque pela UFBA (2009) e Homenagem da ANPAD. Recebeu Pr\u00eamio de Pesquisador Em\u00e9rito do CNPq (2016) e Comenda Milton Santos (2018).<\/p>\n\n\n\n<p><strong>Vin\u00edcius Martins (IFSul): <a href=\"https:\/\/eventos.ifbaiano.edu.br\/portal\/congresso\/files\/2020\/12\/Verticalizando-da-especializacao-para-o-mestrado-Estrategias.pdf\">Verticalizando da especializa\u00e7\u00e3o para o mestrado &#8211; Estrat\u00e9gias <\/a><\/strong><\/p>\n\n\n\n<p>Professor Doutor do Instituto Federal de Educa\u00e7\u00e3o, ci\u00eancia e Tecnologia Sul-rio-grandense (IFSul) Possui gradua\u00e7\u00e3o em Tecnologia em Fabrica\u00e7\u00e3o Mec\u00e2nica pelo Centro Federal de Educa\u00e7\u00e3o Tecnol\u00f3gica (CEFET-RS) (2007), tendo mestrado no PPGEM\/UFRGS Programa de P\u00f3s-Gradua\u00e7\u00e3o em Eng Minas, Metal\u00fargica e Materiais pela Universidade Federal do Rio Grande do Sul (2010) e doutorado no PPGEM\/UFRGS Programa de P\u00f3s-Gradua\u00e7\u00e3o em Eng Minas, Metal\u00fargica e Materiais pela Universidade Federal do Rio Grande do Sul (2015). Pesquisas atuantes nos seguintes temas: Metalurgia do p\u00f3, Processamento de p\u00f3s e part\u00edculas, Moagem criog\u00eanica, Projeto de matrizes, Metal duro, Nitinol, Usinagem de materiais, conforma\u00e7\u00e3o mec\u00e2nica e de chapas, Reciclagem de materiais, desenvolvimento de ecomateriais e Nanotecnologia. Pr\u00f3-Reitor de Pesquisa do IFSul<\/p>\n\n\n\n<p class=\"has-text-align-center\"><strong>15\/12 \u00e0s 16:00 &#8211; <a href=\"https:\/\/conferenciaweb.rnp.br\/webconf\/cifbaiano13\">Semin\u00e1rio: Trabalhos dos Mestrados Profissionais<\/a><\/strong> &#8211; Sala <\/p>\n\n\n\n<figure class=\"wp-block-table is-style-regular\"><table><tbody><tr><td><strong>Trabalhos dos Mestrados Profissionais<\/strong><\/td><td><strong>Prelecionista<\/strong><\/td><td><strong>Orientador<\/strong><\/td><td><strong>Hora<\/strong><\/td><\/tr><tr><td><a href=\"https:\/\/eventos.ifbaiano.edu.br\/portal\/congresso\/files\/2020\/12\/15.1.pdf\">Imagin\u00e1rios estudantis na Educa\u00e7\u00e3o Profissional e Tecnol\u00f3gica: um olhar sobre o agr\u00edcola e o rural a<br>partir de estudantes do ensino m\u00e9dio integrado do IF Baiano <em>campus<\/em> Serrinha<\/a><\/td><td>Eliane Silva de Queiroz<\/td><td>Davi Silva da Costa<\/td><td>16:10<\/td><\/tr><tr><td><a href=\"https:\/\/eventos.ifbaiano.edu.br\/portal\/congresso\/files\/2020\/12\/15.2.pdf\">Contribui\u00e7\u00e3o do Pensamento Computacional na Forma\u00e7\u00e3o Continuada de Professores da Educa\u00e7\u00e3o<\/a><br><a href=\"https:\/\/eventos.ifbaiano.edu.br\/portal\/congresso\/files\/2020\/12\/15.2.pdf\">Profissional e Tecnol\u00f3gica<\/a><\/td><td>Di\u00eago Pereira da Concei\u00e7\u00e3o<\/td><td>Gilvan Martins Dur\u00e3es<\/td><td>16:20<\/td><\/tr><tr><td><a href=\"https:\/\/eventos.ifbaiano.edu.br\/portal\/congresso\/files\/2020\/12\/15.3.pdf\">Forma\u00e7\u00e3o Docente na Perspectiva da Oferta de Educa\u00e7\u00e3o Profissional e Tecnol\u00f3gica Junto ao <br>Sistema Prisional<\/a><\/td><td>Dimas Barros Da Silva J\u00fanior<\/td><td>Cristiane Brito Machado<\/td><td>16:30<\/td><\/tr><tr><td><a href=\"https:\/\/eventos.ifbaiano.edu.br\/portal\/congresso\/files\/2020\/12\/15.4.pdf\">Abordagem da Educa\u00e7\u00e3o em Sa\u00fade no Ensino M\u00e9dio Integrado<\/a><\/td><td>T\u00e1ssia Laine Ferreira Moura<\/td><td>Gilvan Martins Dur\u00e3es<\/td><td>16:40<\/td><\/tr><tr><td><a href=\"https:\/\/eventos.ifbaiano.edu.br\/portal\/congresso\/files\/2020\/12\/15.5.pdf\">Educa\u00e7\u00e3o Profissional e Servi\u00e7o Militar Obrigat\u00f3rio: Possibilidades e Desafios<\/a><\/td><td>Nadja de Assis Mendon\u00e7al<\/td><td>Cristiane Brito Machado<\/td><td>16:50<\/td><\/tr><tr><td><a href=\"https:\/\/eventos.ifbaiano.edu.br\/portal\/congresso\/files\/2020\/12\/15.6.pdf\">Produtividade de Mamoeiro Submetido a L\u00e2minas de Irriga\u00e7\u00e3o em Latossolo Vermelho Amarel<\/a>o<\/td><td>Elcivan Pereira Oliveira<\/td><td>Alexsandro dos Santos Brito<\/td><td>17:00<\/td><\/tr><tr><td><a href=\"https:\/\/eventos.ifbaiano.edu.br\/portal\/congresso\/files\/2020\/12\/15.7.pdf\">Est\u00e1gio de Viv\u00eancia na Educa\u00e7\u00e3o Profissional Tecnol\u00f3gica: Uma Experi\u00eancia com Estudantes do <br>Curso T\u00e9cnico em Agropecu\u00e1ria\/Agroecologia e Agricultores(As) Familiares do Munic\u00edpio de <br>Valen\u00e7a\/BA<\/a><\/td><td>Rosimere Silva Santos Lima<\/td><td>Davi Silva da Costa<\/td><td>17:10<\/td><\/tr><\/tbody><\/table><\/figure>\n\n\n\n<p class=\"has-text-align-center\"><strong>16\/12 \u00e0s 16:00 &#8211; <a href=\"https:\/\/conferenciaweb.rnp.br\/webconf\/cifbaiano13\">Semin\u00e1rio: Trabalhos de Pesquisa em Ensino<\/a><\/strong> &#8211; sala no link<\/p>\n\n\n\n<figure class=\"wp-block-table is-style-regular\"><table><tbody><tr><td><strong>TEMAS &#8211; Ensino<\/strong><\/td><td><strong>Prelecionista<\/strong><\/td><td><strong>Orienta\u00e7\u00e3o<\/strong><strong><\/strong><\/td><td><strong>HORA<\/strong><\/td><\/tr><tr><td><a href=\"https:\/\/eventos.ifbaiano.edu.br\/portal\/congresso\/files\/2020\/12\/16.1.pdf\">A Representa\u00e7\u00e3o de Valen\u00e7a nas Cr\u00f4nicas de Moacir Saraiva: Uma Proposta Did\u00e1tica na EJA<\/a><\/td><td>Antonia Maria da Concei\u00e7\u00e3o Pedra<\/td><td>Dislene Cardoso de Brito<\/td><td>16:10<\/td><\/tr><tr><td><a href=\"https:\/\/eventos.ifbaiano.edu.br\/portal\/congresso\/files\/2020\/12\/16.2.pdf\">Contribui\u00e7\u00f5es do Ensino Interdisciplinar no Processo se Letramento Liter\u00e1rio<\/a><\/td><td>Maria Jos\u00e9 Lopes Pedra<\/td><td>Eliaquim Santos Teixeira<\/td><td>16:20<\/td><\/tr><tr><td><a href=\"https:\/\/eventos.ifbaiano.edu.br\/portal\/congresso\/files\/2020\/12\/16.3.pdf\">Una Te Quero Una: Estrat\u00e9gias de Pr\u00e1ticas de Leitura e Escrita com Textos da Literatura Valenciana<\/a><\/td><td>Gilma L\u00facia Dos Santos Xavier<\/td><td>Dislene Cardoso de Brito<\/td><td>16:30<\/td><\/tr><tr><td><a href=\"https:\/\/eventos.ifbaiano.edu.br\/portal\/congresso\/files\/2020\/12\/16.4.pdf\">Pedagogia da Comunica\u00e7\u00e3o: Uma An\u00e1lise do Uso dos Meios de Comunica\u00e7\u00e3o nas Pr\u00e1ticas Metodol\u00f3gicas em Sala de Aula<\/a><\/td><td>Elisa Carla Salom\u00e3o Santos Bacelar<\/td><td>Elisio Jos\u00e9 da Silva Filho<\/td><td>16:40<\/td><\/tr><tr><td><a href=\"https:\/\/eventos.ifbaiano.edu.br\/portal\/congresso\/files\/2020\/12\/16.5.pdf\">Letramento Digital: Ressignificando Possibilidades Metodol\u00f3gicas para o Ensino da Educa\u00e7\u00e3o de Jovens e Adultos<\/a><\/td><td>Emanoele Ribeiro Viana<\/td><td>Diego Fernandes Coelho Nunes<\/td><td>16:50<\/td><\/tr><tr><td><a href=\"https:\/\/eventos.ifbaiano.edu.br\/portal\/congresso\/files\/2020\/12\/16.6.pdf\">Um Estudo Sobre os Espa\u00e7os de Educa\u00e7\u00e3o N\u00e3o Formal no Bairro do Port\u00e3o \u2013 Governador<br>Mangabeira-BA<\/a><\/td><td>Jadeilson Gomes de Oliveira<\/td><td>Elisio Jos\u00e9 da Silva Filho<\/td><td>17:00<\/td><\/tr><\/tbody><\/table><\/figure>\n\n\n\n<p class=\"has-text-align-center\"><strong>17\/12 \u00e0s 16:00 \u2013 <a href=\"https:\/\/conferenciaweb.rnp.br\/webconf\/cifbaiano13\">Semin\u00e1rio: Trabalhos em Hist\u00f3ria e Sociedade<\/a><\/strong> -Sala<\/p>\n\n\n\n<figure class=\"wp-block-table is-style-regular\"><table><tbody><tr><td><strong>TEMAS &#8211; Hist\u00f3ria e Sociedade<\/strong><\/td><td><strong>Apresentador<\/strong><\/td><td><strong>Orienta\u00e7\u00e3o<\/strong><strong><\/strong><\/td><td><strong>HORA<\/strong><\/td><\/tr><tr><td><a href=\"https:\/\/eventos.ifbaiano.edu.br\/portal\/congresso\/files\/2020\/12\/17.1.pdf\">Insubmissas L\u00e1grimas de Mulheres: Um Estudo Discursivo Sobre a Viol\u00eancia de G\u00eanero e Ra\u00e7a<\/a><\/td><td>Gesqua Daiane Caf\u00e9 dos Santos<\/td><td>Quezia dos Santos Lima<\/td><td>16:10<\/td><\/tr><tr><td><a href=\"https:\/\/eventos.ifbaiano.edu.br\/portal\/congresso\/files\/2020\/12\/17.2.pdf\">Pol\u00edtica P\u00fablica de Educa\u00e7\u00e3o Especial e os Desafios da Perspectiva Inclusiva no Munic\u00edpio de <br>Governador Mangabeira \u2013 Bahia<\/a>.<\/td><td>Nadirjane Nogueira Concei\u00e7\u00e3o <br>de Oliveira<\/td><td>M\u00e1rcio S\u00e3o Pedro<\/td><td>16:20<\/td><\/tr><tr><td><a href=\"https:\/\/eventos.ifbaiano.edu.br\/portal\/congresso\/files\/2020\/12\/17.3.pdf\">Imagens e Hist\u00f3rias da Fortaleza do Morro de S\u00e2o Paulo: O Patrim\u00f4nio Material e Imaterial<br>Sob o Olhar dos Guardi\u00f5es da Mem\u00f3ria Local \u00e0 Luz dos Estudantes do Zimbo<\/a><\/td><td>Rita do Desterro da Silva Rocha<\/td><td>Dislene Cardoso de Brito<\/td><td>16:30<\/td><\/tr><tr><td>O <a href=\"https:\/\/eventos.ifbaiano.edu.br\/portal\/congresso\/files\/2020\/12\/17.4.pdf\">Desmonte das Universidades P\u00fablicas Brasileiras<\/a><\/td><td>D\u00e9borah Gomes de Freitas<\/td><td>Sudelmar Dias Fernandes<\/td><td>16:40<\/td><\/tr><tr><td><a href=\"https:\/\/eventos.ifbaiano.edu.br\/portal\/congresso\/files\/2020\/12\/17.5.pdf\">Mem\u00f3rias e Hist\u00f3rias da Ditadura Militar na Literatura Valenciana: Uma An\u00e1lise da Obra <br>Cr\u00f4nicas das Pris\u00f5es e do Ex\u00edlio, De Araken Vaz Galv\u00e3o.<\/a><\/td><td>Luciano Silva Oliveira<\/td><td>Dislene Cardoso de Brito<\/td><td>16:50<\/td><\/tr><tr><td><a href=\"https:\/\/eventos.ifbaiano.edu.br\/portal\/congresso\/files\/2020\/12\/17.6.pdf\">Perman\u00eancia e \u00caxito Acad\u00eamico no Contexto das A\u00e7\u00f5es Afirmativas: O Caso da UFRB<\/a><\/td><td>Natanael Concei\u00e7\u00e3o Rocha<\/td><td>Sudelmar Dias Fernandes<\/td><td>17:00<\/td><\/tr><tr><td><a href=\"https:\/\/eventos.ifbaiano.edu.br\/portal\/congresso\/files\/2020\/12\/17.7.pdf\">O ENCCEJA no Munic\u00edpio de Valen\u00e7a: Entraves, Avan\u00e7os e Retrocessos no Exame Nacional <br>para Certifica\u00e7\u00e3o de Compet\u00eancia de Jovens e Adultos<\/a><\/td><td>Rosemary Rabelo de Sousa<\/td><td>Dislene Cardoso Brito<\/td><td>17:10<\/td><\/tr><\/tbody><\/table><\/figure>\n\n\n\n<p class=\"has-text-align-center\"><strong>18\/12 \u00e0s 14:00<\/strong> \u2013 <strong>Premia\u00e7\u00e3o dos Trabalhos avaliados em cada categoria.<\/strong><\/p>\n","protected":false},"excerpt":{"rendered":"<p>O Instituto Federal de Educa\u00e7\u00e3o Ci\u00eancia e Tecnologia Baiano oferece cursos de p\u00f3s-gradua\u00e7\u00e3o em diversas \u00e1reas do conhecimento, desde 2011, com o in\u00edcio do curso de Desenvolvimento Sustent\u00e1vel no Semi\u00e1rido com \u00canfase em Recursos H\u00eddricos do campus Senhor do Bonfim. De l\u00e1 pra c\u00e1, 34 outros cursos distribu\u00eddos em diferentes campi j\u00e1 foram abertos. No&hellip;&nbsp;<a href=\"https:\/\/eventos.ifbaiano.edu.br\/portal\/congresso\/submissao-de-trabalhos-2020\/i-seminario-institucional-de-pos-graduacao-2020\/\" rel=\"bookmark\">Continue a ler &raquo;<span class=\"screen-reader-text\">I Semin\u00e1rio Institucional de P\u00f3s-Gradua\u00e7\u00e3o<\/span><\/a><\/p>\n","protected":false},"author":20,"featured_media":0,"parent":56,"menu_order":0,"comment_status":"closed","ping_status":"closed","template":"","meta":{"neve_meta_sidebar":"full-width","neve_meta_container":"","neve_meta_enable_content_width":"on","neve_meta_content_width":100,"neve_meta_title_alignment":"","neve_meta_author_avatar":"","neve_post_elements_order":"","neve_meta_disable_header":"","neve_meta_disable_footer":"","neve_meta_disable_title":"","footnotes":""},"_links":{"self":[{"href":"https:\/\/eventos.ifbaiano.edu.br\/portal\/congresso\/wp-json\/wp\/v2\/pages\/58"}],"collection":[{"href":"https:\/\/eventos.ifbaiano.edu.br\/portal\/congresso\/wp-json\/wp\/v2\/pages"}],"about":[{"href":"https:\/\/eventos.ifbaiano.edu.br\/portal\/congresso\/wp-json\/wp\/v2\/types\/page"}],"author":[{"embeddable":true,"href":"https:\/\/eventos.ifbaiano.edu.br\/portal\/congresso\/wp-json\/wp\/v2\/users\/20"}],"replies":[{"embeddable":true,"href":"https:\/\/eventos.ifbaiano.edu.br\/portal\/congresso\/wp-json\/wp\/v2\/comments?post=58"}],"version-history":[{"count":15,"href":"https:\/\/eventos.ifbaiano.edu.br\/portal\/congresso\/wp-json\/wp\/v2\/pages\/58\/revisions"}],"predecessor-version":[{"id":470,"href":"https:\/\/eventos.ifbaiano.edu.br\/portal\/congresso\/wp-json\/wp\/v2\/pages\/58\/revisions\/470"}],"up":[{"embeddable":true,"href":"https:\/\/eventos.ifbaiano.edu.br\/portal\/congresso\/wp-json\/wp\/v2\/pages\/56"}],"wp:attachment":[{"href":"https:\/\/eventos.ifbaiano.edu.br\/portal\/congresso\/wp-json\/wp\/v2\/media?parent=58"}],"curies":[{"name":"wp","href":"https:\/\/api.w.org\/{rel}","templated":true}]}}