{"id":56,"date":"2020-11-27T08:34:33","date_gmt":"2020-11-27T11:34:33","guid":{"rendered":"https:\/\/eventos.ifbaiano.edu.br\/portal\/congresso\/?page_id=56"},"modified":"2021-10-20T20:55:55","modified_gmt":"2021-10-20T23:55:55","slug":"submissao-de-trabalhos-2020","status":"publish","type":"page","link":"https:\/\/eventos.ifbaiano.edu.br\/portal\/congresso\/submissao-de-trabalhos-2020\/","title":{"rendered":"Apresenta\u00e7\u00e3o de Trabalhos"},"content":{"rendered":"\n<p><strong>Como submeter o trabalho:<\/strong><\/p>\n\n\n\n<p><strong>Leia atentamente as&nbsp;<a href=\"https:\/\/eventos.ifbaiano.edu.br\/portal\/congresso\/files\/2020\/11\/ORIENTACOES-CONGRESSO.pdf\">ORIENTA\u00c7\u00d5ES<\/a><\/strong><\/p>\n\n\n\n<ol><li>Voc\u00ea dever\u00e1 elaborar o RESUMO sob orienta\u00e7\u00e3o do Coordenador do Projeto;<\/li><li>O Coordenador do projeto dever\u00e1 enviar em&nbsp;<strong>.doc <\/strong>(EDIT\u00c1VEL) para o endere\u00e7o eletr\u00f4nico: pibic.ifbaiano@gmail.com;<\/li><li>Anexar ao e-mail o RESUMO, o v\u00eddeo e a Apresenta\u00e7\u00e3o em&nbsp;<em>slides<\/em>, quando for o caso;<\/li><li>No campo \u201cAssunto\u201d do e-mail, coloque o programa de Inicia\u00e7\u00e3o Cient\u00edfica \u2013 EXEMPLO: \u201cCNPq PIBIC-EM\u201d; \u201cCNPq PIBIC\u201d; \u201cCNPq PIBITI\u201d OU \u201cFAPESB PIBIC\u201d;<\/li><li>Aguarde a confirma\u00e7\u00e3o de recebimento do e-mail.<\/li><\/ol>\n\n\n\n<p><strong>IMPORTANTE:<\/strong><\/p>\n\n\n\n<p>Os(as) bolsistas de IC-Jr (PIBIC-EM)  n\u00e3o precisam usar <em>slides<\/em>, basta o v\u00eddeo apresentando o trabalho. No entanto, os(as) bolsistas de Ensino Superior, al\u00e9m do v\u00eddeo, dever\u00e3o encaminhar os <em>slides <\/em>para o e-mail (pibic.ifbaiano@gmail.com). Os modelos a serem utilizados est\u00e3o na aba &#8220;DOCUMENTOS&#8221;<\/p>\n","protected":false},"excerpt":{"rendered":"<p>Como submeter o trabalho: Leia atentamente as&nbsp;ORIENTA\u00c7\u00d5ES Voc\u00ea dever\u00e1 elaborar o RESUMO sob orienta\u00e7\u00e3o do Coordenador do Projeto; O Coordenador do projeto dever\u00e1 enviar em&nbsp;.doc (EDIT\u00c1VEL) para o endere\u00e7o eletr\u00f4nico: pibic.ifbaiano@gmail.com; Anexar ao e-mail o RESUMO, o v\u00eddeo e a Apresenta\u00e7\u00e3o em&nbsp;slides, quando for o caso; No campo \u201cAssunto\u201d do e-mail, coloque o programa de&hellip;&nbsp;<a href=\"https:\/\/eventos.ifbaiano.edu.br\/portal\/congresso\/submissao-de-trabalhos-2020\/\" rel=\"bookmark\">Continue a ler &raquo;<span class=\"screen-reader-text\">Apresenta\u00e7\u00e3o de Trabalhos<\/span><\/a><\/p>\n","protected":false},"author":20,"featured_media":0,"parent":0,"menu_order":0,"comment_status":"closed","ping_status":"closed","template":"","meta":{"neve_meta_sidebar":"full-width","neve_meta_container":"","neve_meta_enable_content_width":"on","neve_meta_content_width":100,"neve_meta_title_alignment":"","neve_meta_author_avatar":"","neve_post_elements_order":"","neve_meta_disable_header":"","neve_meta_disable_footer":"","neve_meta_disable_title":"","footnotes":""},"_links":{"self":[{"href":"https:\/\/eventos.ifbaiano.edu.br\/portal\/congresso\/wp-json\/wp\/v2\/pages\/56"}],"collection":[{"href":"https:\/\/eventos.ifbaiano.edu.br\/portal\/congresso\/wp-json\/wp\/v2\/pages"}],"about":[{"href":"https:\/\/eventos.ifbaiano.edu.br\/portal\/congresso\/wp-json\/wp\/v2\/types\/page"}],"author":[{"embeddable":true,"href":"https:\/\/eventos.ifbaiano.edu.br\/portal\/congresso\/wp-json\/wp\/v2\/users\/20"}],"replies":[{"embeddable":true,"href":"https:\/\/eventos.ifbaiano.edu.br\/portal\/congresso\/wp-json\/wp\/v2\/comments?post=56"}],"version-history":[{"count":16,"href":"https:\/\/eventos.ifbaiano.edu.br\/portal\/congresso\/wp-json\/wp\/v2\/pages\/56\/revisions"}],"predecessor-version":[{"id":252,"href":"https:\/\/eventos.ifbaiano.edu.br\/portal\/congresso\/wp-json\/wp\/v2\/pages\/56\/revisions\/252"}],"wp:attachment":[{"href":"https:\/\/eventos.ifbaiano.edu.br\/portal\/congresso\/wp-json\/wp\/v2\/media?parent=56"}],"curies":[{"name":"wp","href":"https:\/\/api.w.org\/{rel}","templated":true}]}}