{"id":5073,"date":"2025-12-10T16:14:03","date_gmt":"2025-12-10T19:14:03","guid":{"rendered":"https:\/\/eventos.ifbaiano.edu.br\/portal\/congresso\/?page_id=5073"},"modified":"2026-03-25T16:11:11","modified_gmt":"2026-03-25T19:11:11","slug":"certificados-2025-2","status":"publish","type":"page","link":"https:\/\/eventos.ifbaiano.edu.br\/portal\/congresso\/certificados-2025-2\/","title":{"rendered":"Certificados 2025"},"content":{"rendered":"\n<div style=\"height:20px\" aria-hidden=\"true\" class=\"wp-block-spacer\"><\/div>\n\n\n\n<p class=\"has-medium-font-size\"><a href=\"https:\/\/eventos.ifbaiano.edu.br\/portal\/congresso\/premiados-2025\/\" data-type=\"link\" data-id=\"https:\/\/eventos.ifbaiano.edu.br\/portal\/congresso\/premiados-2025\/\">PREMIADOS<\/a><\/p>\n\n\n\n<p class=\"has-medium-font-size\"><a href=\"https:\/\/eventos.ifbaiano.edu.br\/portal\/congresso\/certificados-apresentacao-de-trabalhos-2024-2\/\" data-type=\"link\" data-id=\"https:\/\/eventos.ifbaiano.edu.br\/portal\/congresso\/certificados-apresentacao-de-trabalhos-2024-2\/\">APRESENTA\u00c7\u00c3O DE TRABALHOS<\/a><\/p>\n\n\n\n<div style=\"height:30px\" aria-hidden=\"true\" class=\"wp-block-spacer\"><\/div>\n\n\n\n<p>Informamos que os demais certificados deste congresso foram <strong>enviados pelo sistema SUAP para o e-mail<\/strong> cadastrado pelo participante durante a inscri\u00e7\u00e3o.<br>Em rela\u00e7\u00e3o aos certificados enviados por e-mail, solicitamos que verifiquem na caixa de entrada, spam e lixos eletr\u00f4nicos.<\/p>\n","protected":false},"excerpt":{"rendered":"<p>PREMIADOS APRESENTA\u00c7\u00c3O DE TRABALHOS Informamos que os demais certificados deste congresso foram enviados pelo sistema SUAP para o e-mail cadastrado pelo participante durante a inscri\u00e7\u00e3o.Em rela\u00e7\u00e3o aos certificados enviados por e-mail, solicitamos que verifiquem na caixa de entrada, spam e lixos eletr\u00f4nicos.<\/p>\n","protected":false},"author":103,"featured_media":0,"parent":0,"menu_order":0,"comment_status":"closed","ping_status":"closed","template":"","meta":{"neve_meta_sidebar":"","neve_meta_container":"","neve_meta_enable_content_width":"","neve_meta_content_width":0,"neve_meta_title_alignment":"","neve_meta_author_avatar":"","neve_post_elements_order":"","neve_meta_disable_header":"","neve_meta_disable_footer":"","neve_meta_disable_title":"","footnotes":""},"_links":{"self":[{"href":"https:\/\/eventos.ifbaiano.edu.br\/portal\/congresso\/wp-json\/wp\/v2\/pages\/5073"}],"collection":[{"href":"https:\/\/eventos.ifbaiano.edu.br\/portal\/congresso\/wp-json\/wp\/v2\/pages"}],"about":[{"href":"https:\/\/eventos.ifbaiano.edu.br\/portal\/congresso\/wp-json\/wp\/v2\/types\/page"}],"author":[{"embeddable":true,"href":"https:\/\/eventos.ifbaiano.edu.br\/portal\/congresso\/wp-json\/wp\/v2\/users\/103"}],"replies":[{"embeddable":true,"href":"https:\/\/eventos.ifbaiano.edu.br\/portal\/congresso\/wp-json\/wp\/v2\/comments?post=5073"}],"version-history":[{"count":9,"href":"https:\/\/eventos.ifbaiano.edu.br\/portal\/congresso\/wp-json\/wp\/v2\/pages\/5073\/revisions"}],"predecessor-version":[{"id":5801,"href":"https:\/\/eventos.ifbaiano.edu.br\/portal\/congresso\/wp-json\/wp\/v2\/pages\/5073\/revisions\/5801"}],"wp:attachment":[{"href":"https:\/\/eventos.ifbaiano.edu.br\/portal\/congresso\/wp-json\/wp\/v2\/media?parent=5073"}],"curies":[{"name":"wp","href":"https:\/\/api.w.org\/{rel}","templated":true}]}}