{"id":494,"date":"2021-10-20T21:14:03","date_gmt":"2021-10-21T00:14:03","guid":{"rendered":"https:\/\/eventos.ifbaiano.edu.br\/portal\/congresso\/?page_id=494"},"modified":"2022-10-18T14:49:02","modified_gmt":"2022-10-18T17:49:02","slug":"documentos-2021","status":"publish","type":"page","link":"https:\/\/eventos.ifbaiano.edu.br\/portal\/congresso\/documentos-2021\/","title":{"rendered":"Documentos"},"content":{"rendered":"\n<p><strong><a href=\"https:\/\/eventos.ifbaiano.edu.br\/portal\/congresso\/files\/2022\/10\/Orientacoes-congresso-2022.pdf\" data-type=\"URL\" data-id=\"https:\/\/eventos.ifbaiano.edu.br\/portal\/congresso\/files\/2022\/10\/Orientacoes-congresso-2022.pdf\" target=\"_blank\" rel=\"noreferrer noopener\">Orienta\u00e7\u00f5es para submiss\u00e3o<\/a><\/strong><\/p>\n\n\n\n<p>Caso ainda tenha d\u00favidas, entre em contato com a Comiss\u00e3o Organizadora  pelo e-mail: congresso.ifbaiano@reitoria.ifbaiano.edu.br. <\/p>\n\n\n\n<p><strong>MODELOS<\/strong><\/p>\n\n\n\n<p><a href=\"https:\/\/eventos.ifbaiano.edu.br\/portal\/congresso\/files\/2022\/10\/modelo-banner-congresso-2022.ppt\" data-type=\"URL\" data-id=\"https:\/\/eventos.ifbaiano.edu.br\/portal\/congresso\/files\/2022\/10\/modelo-banner-congresso-2022.ppt\" target=\"_blank\" rel=\"noreferrer noopener\"><em>Template &#8211; <\/em>Banner<\/a><\/p>\n","protected":false},"excerpt":{"rendered":"<p>Orienta\u00e7\u00f5es para submiss\u00e3o Caso ainda tenha d\u00favidas, entre em contato com a Comiss\u00e3o Organizadora pelo e-mail: congresso.ifbaiano@reitoria.ifbaiano.edu.br. MODELOS Template &#8211; Banner<\/p>\n","protected":false},"author":20,"featured_media":0,"parent":0,"menu_order":0,"comment_status":"closed","ping_status":"closed","template":"","meta":{"neve_meta_sidebar":"full-width","neve_meta_container":"","neve_meta_enable_content_width":"on","neve_meta_content_width":100,"neve_meta_title_alignment":"","neve_meta_author_avatar":"","neve_post_elements_order":"","neve_meta_disable_header":"","neve_meta_disable_footer":"","neve_meta_disable_title":"","footnotes":""},"_links":{"self":[{"href":"https:\/\/eventos.ifbaiano.edu.br\/portal\/congresso\/wp-json\/wp\/v2\/pages\/494"}],"collection":[{"href":"https:\/\/eventos.ifbaiano.edu.br\/portal\/congresso\/wp-json\/wp\/v2\/pages"}],"about":[{"href":"https:\/\/eventos.ifbaiano.edu.br\/portal\/congresso\/wp-json\/wp\/v2\/types\/page"}],"author":[{"embeddable":true,"href":"https:\/\/eventos.ifbaiano.edu.br\/portal\/congresso\/wp-json\/wp\/v2\/users\/20"}],"replies":[{"embeddable":true,"href":"https:\/\/eventos.ifbaiano.edu.br\/portal\/congresso\/wp-json\/wp\/v2\/comments?post=494"}],"version-history":[{"count":17,"href":"https:\/\/eventos.ifbaiano.edu.br\/portal\/congresso\/wp-json\/wp\/v2\/pages\/494\/revisions"}],"predecessor-version":[{"id":1736,"href":"https:\/\/eventos.ifbaiano.edu.br\/portal\/congresso\/wp-json\/wp\/v2\/pages\/494\/revisions\/1736"}],"wp:attachment":[{"href":"https:\/\/eventos.ifbaiano.edu.br\/portal\/congresso\/wp-json\/wp\/v2\/media?parent=494"}],"curies":[{"name":"wp","href":"https:\/\/api.w.org\/{rel}","templated":true}]}}