{"id":491,"date":"2021-10-20T21:13:36","date_gmt":"2021-10-21T00:13:36","guid":{"rendered":"https:\/\/eventos.ifbaiano.edu.br\/portal\/congresso\/?page_id=491"},"modified":"2022-10-14T11:36:08","modified_gmt":"2022-10-14T14:36:08","slug":"comissao-2021","status":"publish","type":"page","link":"https:\/\/eventos.ifbaiano.edu.br\/portal\/congresso\/comissao-2021\/","title":{"rendered":"Comiss\u00e3o"},"content":{"rendered":"\n<p><strong>Comiss\u00e3o Organizadora do II Congresso do IF Baiano<\/strong><\/p>\n\n\n\n<p>Calila Teixeira Santos<\/p>\n\n\n\n<p>Donizete Freire dos Santos J\u00fanior<\/p>\n\n\n\n<p>\u00c9rica Brand\u00e3o Silva Alc\u00e2ntara<\/p>\n\n\n\n<p>Fernanda Alves de Santana<\/p>\n\n\n\n<p>Gilvan Martins Dur\u00e3es<\/p>\n\n\n\n<p>Hildonice de Souza Batista<\/p>\n\n\n\n<p>Rafael Oliva Trocoli<\/p>\n\n\n\n<p>Rafaela Melo Magalh\u00e3es<\/p>\n\n\n\n<p>V\u00e2nia Pimentel Luz<\/p>\n\n\n\n<p><a href=\"https:\/\/suap.ifbaiano.edu.br\/documento_eletronico\/visualizar_documento\/364921\" data-type=\"URL\" data-id=\"https:\/\/suap.ifbaiano.edu.br\/documento_eletronico\/visualizar_documento\/364921\">PORTARIA 248\/2022 &#8211; RET-GAB\/RET\/IFBAIANO, de 16 de setembro de 2022.<\/a><\/p>\n\n\n\n<p><\/p>\n\n\n\n<p><strong>Comiss\u00e3o Avaliadora<\/strong><\/p>\n\n\n\n<p><strong>Coordenadores(as) de Extens\u00e3o<\/strong><\/p>\n\n\n\n<p>M\u00e1rcia Silveira Netto Machado \u2013 <em>Campus<\/em> Alagoinhas<br>Junio Batista Cust\u00f3dio &#8211; <em>Campus<\/em> Bom Jesus da Lapa<br>Kelly Cristina Oliveira da Silva \u2013 <em>Campus<\/em> Catu<br>Maria Asenate Concei\u00e7\u00e3o Franco \u2013 <em>Campus<\/em> Governador Mangabeira<br>Joilma Pereira dos Santos \u2013 <em>Campus<\/em> Guanambi<br>Erika Ferreira de Abreu Mac Conell &#8211; <em>Campus<\/em> Itapetinga<br>Juliana Carvalhais Brito &#8211; <em>Campus<\/em> Itaberaba<br>Patricia Moura Neves &#8211; <em>Campus<\/em> Santa In\u00eas<br>Juracir Silva Santos &#8211; <em>Campus<\/em> Senhor do Bonfim<br>Anadeje De Fran\u00e7a Camp\u00ealo &#8211; Campus Serrinha<br>Patr\u00edcia Correa Santos &#8211; <em>Campus<\/em> Teixeira de Freitas<br>Julianna Alves Torres &#8211; <em>Campus<\/em> Uru\u00e7uca<br>C\u00e9lia Maria Pedrosa &#8211; <em>Campus<\/em> Valen\u00e7a<br>Carolina Gonzales da Silva &#8211; <em>Campus<\/em> Xique-Xique<\/p>\n\n\n\n<p><strong>Coordenadores(as) de Pesquisa<\/strong><\/p>\n\n\n\n<p>Graziele Quintela de Carvalho \u2013 <em>Campus <\/em>Alagoinhas<br>Eurileny Lucas de Almeida &#8211; <em>Campus <\/em>Bom Jesus da Lapa<br>Gilvan Martins Dur\u00e3es  \u2013 <em>Campus <\/em>Catu<br>Daniela Garcia Silveira \u2013 <em>Campus <\/em>Governador Mangabeira<br>Pedro Ricardo Rocha Marques \u2013 <em>Campus<\/em> Guanambi<br>Alex Sandro Batista dos Santos &#8211; <em>Campus <\/em>Itaberaba<br>Camila Fonseca Lopes Brand\u00e3o &#8211; <em>Campus <\/em>Itapetinga<br>Wezer Lismar Miranda &#8211; <em>Campus <\/em>Santa In\u00eas<br>Airam Oliveira Santos &#8211; <em>Campus <\/em>Senhor do Bonfim<br>Leticia Lima de Sousa Fernandes &#8211; <em>Campus <\/em>Serrinha<br>Priscila Ferreira &#8211; <em>Campus <\/em>Teixeira de Freitas<br>Alzira Gabrielle Soares Saraiva Souza &#8211; <em>Campus <\/em>Uru\u00e7uca<br>Miqueias Feliciano de Almeida &#8211; <em>Campus <\/em>Valen\u00e7a<br>Roberta Machado Santos &#8211; <em>Campus <\/em>Xique-Xique<\/p>\n","protected":false},"excerpt":{"rendered":"<p>Comiss\u00e3o Organizadora do II Congresso do IF Baiano Calila Teixeira Santos Donizete Freire dos Santos J\u00fanior \u00c9rica Brand\u00e3o Silva Alc\u00e2ntara Fernanda Alves de Santana Gilvan Martins Dur\u00e3es Hildonice de Souza Batista Rafael Oliva Trocoli Rafaela Melo Magalh\u00e3es V\u00e2nia Pimentel Luz PORTARIA 248\/2022 &#8211; RET-GAB\/RET\/IFBAIANO, de 16 de setembro de 2022. Comiss\u00e3o Avaliadora Coordenadores(as) de Extens\u00e3o&hellip;&nbsp;<a href=\"https:\/\/eventos.ifbaiano.edu.br\/portal\/congresso\/comissao-2021\/\" rel=\"bookmark\">Continue a ler &raquo;<span class=\"screen-reader-text\">Comiss\u00e3o<\/span><\/a><\/p>\n","protected":false},"author":20,"featured_media":0,"parent":0,"menu_order":0,"comment_status":"closed","ping_status":"closed","template":"","meta":{"neve_meta_sidebar":"full-width","neve_meta_container":"","neve_meta_enable_content_width":"on","neve_meta_content_width":100,"neve_meta_title_alignment":"","neve_meta_author_avatar":"","neve_post_elements_order":"","neve_meta_disable_header":"","neve_meta_disable_footer":"","neve_meta_disable_title":"","footnotes":""},"_links":{"self":[{"href":"https:\/\/eventos.ifbaiano.edu.br\/portal\/congresso\/wp-json\/wp\/v2\/pages\/491"}],"collection":[{"href":"https:\/\/eventos.ifbaiano.edu.br\/portal\/congresso\/wp-json\/wp\/v2\/pages"}],"about":[{"href":"https:\/\/eventos.ifbaiano.edu.br\/portal\/congresso\/wp-json\/wp\/v2\/types\/page"}],"author":[{"embeddable":true,"href":"https:\/\/eventos.ifbaiano.edu.br\/portal\/congresso\/wp-json\/wp\/v2\/users\/20"}],"replies":[{"embeddable":true,"href":"https:\/\/eventos.ifbaiano.edu.br\/portal\/congresso\/wp-json\/wp\/v2\/comments?post=491"}],"version-history":[{"count":29,"href":"https:\/\/eventos.ifbaiano.edu.br\/portal\/congresso\/wp-json\/wp\/v2\/pages\/491\/revisions"}],"predecessor-version":[{"id":1706,"href":"https:\/\/eventos.ifbaiano.edu.br\/portal\/congresso\/wp-json\/wp\/v2\/pages\/491\/revisions\/1706"}],"wp:attachment":[{"href":"https:\/\/eventos.ifbaiano.edu.br\/portal\/congresso\/wp-json\/wp\/v2\/media?parent=491"}],"curies":[{"name":"wp","href":"https:\/\/api.w.org\/{rel}","templated":true}]}}