{"id":485,"date":"2021-10-20T21:12:22","date_gmt":"2021-10-21T00:12:22","guid":{"rendered":"https:\/\/eventos.ifbaiano.edu.br\/portal\/congresso\/?page_id=485"},"modified":"2021-11-30T13:28:44","modified_gmt":"2021-11-30T16:28:44","slug":"ii-seminario-institucional-de-pos-graduacao-2021","status":"publish","type":"page","link":"https:\/\/eventos.ifbaiano.edu.br\/portal\/congresso\/ii-seminario-institucional-de-pos-graduacao-2021\/","title":{"rendered":"II Semin\u00e1rio Institucional de P\u00f3s-Gradua\u00e7\u00e3o"},"content":{"rendered":"\n<p>O Instituto Federal de Educa\u00e7\u00e3o Ci\u00eancia e Tecnologia Baiano oferece cursos de p\u00f3s-gradua\u00e7\u00e3o em diversas \u00e1reas do conhecimento, desde 2011. De l\u00e1 pra c\u00e1, 37 cursos distribu\u00eddos em diferentes campi j\u00e1 foram abertos. No primeiro semestre de 2015, o IF Baiano iniciou a implanta\u00e7\u00e3o do Mestrado Profissional em Produ\u00e7\u00e3o Vegetal no Semi\u00e1rido sediado no campus Guanambi, j\u00e1 em 2017 foi implantado o curso em rede de Mestrado Profissional em Educa\u00e7\u00e3o Profissional e Tecnol\u00f3gica, no campus Catu. J\u00e1 em 2020, no campus Serrinha, foi iniciada a primeira turma do Mestrado Profissional em Ci\u00eancia Ambientais. Assim como no I SIP, faz-se necess\u00e1rio dar continuidade ao espa\u00e7o de intera\u00e7\u00e3o e discuss\u00e3o neste ambiente de pesquisa e inova\u00e7\u00e3o.<br>O Semin\u00e1rio Institucional de P\u00f3s-Gradua\u00e7\u00e3o tem como objetivo promover a intera\u00e7\u00e3o entre os diferentes atores da p\u00f3s-gradua\u00e7\u00e3o no Instituto, permitindo a troca de experi\u00eancias, tecnologias, a gera\u00e7\u00e3o de colabora\u00e7\u00f5es, al\u00e9m de garantir um espa\u00e7o para a P\u00f3s-Gradua\u00e7\u00e3o no evento anual institucional.<\/p>\n\n\n\n<p><\/p>\n\n\n\n<p><strong>Programa\u00e7\u00e3o:<\/strong><\/p>\n\n\n\n<p>Abertura do II Semin\u00e1rio de P\u00f3s-Gradua\u00e7\u00e3o do IF Baiano<\/p>\n\n\n\n<p><strong>24\/11 \u00e0s 19:30<\/strong> \u2013 <strong>Boas Pr\u00e1ticas na Ci\u00eancia: fuja de Revistas Predat\u00f3rias!<\/strong><\/p>\n\n\n\n<p><img loading=\"lazy\" decoding=\"async\" width=\"1280\" height=\"1209\" class=\"wp-image-695\" style=\"width: 150px\" src=\"https:\/\/eventos.ifbaiano.edu.br\/portal\/congresso\/files\/2021\/11\/WhatsApp-Image-2021-11-03-at-13.43.08.jpeg\" alt=\"\" srcset=\"https:\/\/eventos.ifbaiano.edu.br\/portal\/congresso\/files\/2021\/11\/WhatsApp-Image-2021-11-03-at-13.43.08.jpeg 1280w, https:\/\/eventos.ifbaiano.edu.br\/portal\/congresso\/files\/2021\/11\/WhatsApp-Image-2021-11-03-at-13.43.08-300x283.jpeg 300w, https:\/\/eventos.ifbaiano.edu.br\/portal\/congresso\/files\/2021\/11\/WhatsApp-Image-2021-11-03-at-13.43.08-1024x967.jpeg 1024w, https:\/\/eventos.ifbaiano.edu.br\/portal\/congresso\/files\/2021\/11\/WhatsApp-Image-2021-11-03-at-13.43.08-768x725.jpeg 768w\" sizes=\"(max-width: 1280px) 100vw, 1280px\" \/><\/p>\n\n\n\n<p><strong>Profa.<\/strong> <strong>Dra. Leoneide \u00c9rica Maduro Bouillet (UEPA)<\/strong><br>Possui Gradua\u00e7\u00e3o em Ci\u00eancias Biol\u00f3gicas, Mestrado e Doutorado em Microbiologia pela Universidade Federal de Minas Gerais (UFMG). Realizou 3 p\u00f3s-doutorados, sendo o primeiro na \u00e1rea de concentra\u00e7\u00e3o Vacinas recombinantes pelo Programa de P\u00f3s-gradua\u00e7\u00e3o em Ci\u00eancias Farmac\u00eauticas (CiPhama) da Universidade Federal de Ouro Preto (UFOP) e os outros na Universidade Federal do Oeste do Par\u00e1 (UFOPA), pelos Programas de P\u00f3s-gradua\u00e7\u00e3o Recursos Naturais da Amaz\u00f4nia e Bioci\u00eancias, ambos na \u00e1rea de Bioprospec\u00e7\u00e3o. Atuou como pesquisadora no Setor de Pesquisa &amp; Desenvolvimento da MicroVet, uma empresa especializada em vacinas aut\u00f3genas para uso veterin\u00e1rio. Vem atuando ativamente na doc\u00eancia do ensino superior. Foi Professora Adjunta Visitante do N\u00facleo de Pesquisas em Ci\u00eancias Biol\u00f3gicas (NUPEB\/UFOP) e atualmente \u00e9 docente na Universidade do Estado do Par\u00e1 (UEPA) e no Programa de P\u00f3s-Gradua\u00e7\u00e3o em Ci\u00eancias da Sa\u00fade\/UFOPA. Al\u00e9m de possuir v\u00e1rios artigos cient\u00edficos publicados em peri\u00f3dicos indexados, com \u00edndice H6, \u00e9 autora\/inventora de patente concedida na \u00e1rea de vacinologia (vetores adenovirais e prote\u00edna recombinante). Atrav\u00e9s da pesquisa e ensino vem atuando nos seguintes temas: Microbiologia aplicada \u00e0 sa\u00fade, Imunologia aplicada (vetores vacinais e testes diagn\u00f3sticos), Biologia Molecular, Bioprospec\u00e7\u00e3o de produtos naturais.<\/p>\n\n\n\n<p><strong>25\/11 \u00e0s 19:30<\/strong>&nbsp;\u2013&nbsp;<strong>Apresenta\u00e7\u00e3o de trabalhos da P\u00f3s-Gradua\u00e7\u00e3o<\/strong><\/p>\n\n\n\n<p class=\"has-text-align-center\"><strong>24 de novembro de 2021<\/strong><\/p>\n\n\n\n<figure class=\"wp-block-table\"><table><tbody><tr><td><\/td><td><strong>Sala 1 &#8211; <a href=\"https:\/\/conferenciaweb.rnp.br\/webconf\/cifbaiano13\">CIFBAIANO 13<\/a><\/strong><\/td><td><\/td><td><\/td><\/tr><tr><td><strong>Hor\u00e1rio<\/strong><\/td><td><strong>                               T\u00edtulo do trabalho<\/strong><\/td><td><strong>Prelecionista<\/strong><\/td><td><strong>Orientador<\/strong>(a)<\/td><\/tr><tr><td>13:30 <\/td><td><a href=\"https:\/\/eventos.ifbaiano.edu.br\/portal\/congresso\/files\/2021\/11\/Carolina-Ribeiro-Silva.pdf\">Ensino de Micol\u00f3gica em Cursos do Ifbaiano<\/a><\/td><td>Carolina Ribeiro Silva<\/td><td>Carla da Silva Sousa<\/td><\/tr><tr><td>13:45 <\/td><td><a href=\"https:\/\/eventos.ifbaiano.edu.br\/portal\/congresso\/files\/2021\/11\/Taiane-Brito-da-Silva.pdf\">Desafios no Processo de Ensino-Aprendizagem da Disciplina Biologia<\/a><\/td><td>Taiane Brito da Silva<\/td><td>Carla da Silva Sousa<\/td><\/tr><tr><td>14:00<\/td><td><a href=\"https:\/\/eventos.ifbaiano.edu.br\/portal\/congresso\/files\/2021\/11\/Flavia-e-Jaqueline.pdf\">S\u00edndrome de Burnout em Professores do Ensino Fundamental e M\u00e9dio: Fatores Associados, Consequ\u00eancias e Possibilidades de Interven\u00e7\u00e3o<\/a><\/td><td>Fl\u00e1via Bahia de Carvalho Farias; Jaqueline da Silva Moura; Mariana Nepomuceno Lima<\/td><td>Eliane Mahl<\/td><\/tr><tr><td>14:15<\/td><td><a href=\"https:\/\/eventos.ifbaiano.edu.br\/portal\/congresso\/files\/2021\/11\/Valdineia-e-Rosangela.pdf\">Gloss\u00e1rios Para Estudantes Surdos: Uma An\u00e1lise Bibliogr\u00e1fica Sob a Perspectiva do Ensino de Qu\u00edmica<\/a><\/td><td>Geisa Leslie Chagas Sousa; Ros\u00e2ngela da Silva Cerqueira; Valdinea Gon\u00e7alves dos Santos<\/td><td>Eliane Mahl<\/td><\/tr><tr><td>14:30<\/td><td><a href=\"https:\/\/eventos.ifbaiano.edu.br\/portal\/congresso\/files\/2021\/11\/Nanci.pdf\">Tratamento da Informa\u00e7\u00e3o: O Ensino de Estat\u00edstica no Ensino Fundamental II<\/a><\/td><td>Nanci das Neves Santana<\/td><td>Eliane Mahl<\/td><\/tr><tr><td>14:45<\/td><td><a href=\"https:\/\/eventos.ifbaiano.edu.br\/portal\/congresso\/files\/2021\/11\/Mirelle.pdf\">O Ensino de Geometria para Alunos Surdos: dos Obst\u00e1culos a Solu\u00e7\u00f5es<\/a><\/td><td>Mirelle Silva Mamona Vieira<\/td><td>Eliane Mahl<\/td><\/tr><\/tbody><\/table><\/figure>\n\n\n\n<figure class=\"wp-block-table\"><table><tbody><tr><td><\/td><td><strong>Sala 2 &#8211; <a href=\"https:\/\/conferenciaweb.rnp.br\/webconf\/cifbaiano14\">CIFBAIANO 14<\/a><\/strong><\/td><td><\/td><td><\/td><\/tr><tr><td><strong>Hor\u00e1rio<\/strong><\/td><td><strong>                               T\u00edtulo do trabalho<\/strong><\/td><td><strong>Prelecionista<\/strong><\/td><td><strong>Orientador(a)<\/strong><\/td><\/tr><tr><td>13:30 <\/td><td><a href=\"https:\/\/eventos.ifbaiano.edu.br\/portal\/congresso\/files\/2021\/11\/Luciana-Maria.pdf\">Sala de Aula Invertida: Uma Metodologia Ativa na Constru\u00e7\u00e3o do Ensino e Aprendizagem<\/a><\/td><td>Luciana Maria de Oliveira Souza<\/td><td>Roberto Souza Pereira<\/td><\/tr><tr><td>13:4<\/td><td><a href=\"https:\/\/eventos.ifbaiano.edu.br\/portal\/congresso\/files\/2021\/11\/Marcio.pdf\">Reflex\u00f5es e Perspectivas Neurocognitivas na Implementa\u00e7\u00e3o do \u201cProjeto + Estudo Monitoria\u201d no Ensino de Matem\u00e1tica na Rede Estadual de Educa\u00e7\u00e3o da Bahia<\/a><\/td><td>M\u00e1rcio Ponciano dos Santos<\/td><td>Roberto Souza Pereira<\/td><\/tr><tr><td>14:00<\/td><td><a href=\"https:\/\/eventos.ifbaiano.edu.br\/portal\/congresso\/files\/2021\/11\/Joalisson.pdf\">Educa\u00e7\u00e3o Ambiental na Forma\u00e7\u00e3o de Professores: Um Estudo com Institui\u00e7\u00f5es de Ensino Superior no Munic\u00edpio de Alagoinhas \u2013 Bahia<\/a><\/td><td>Joalisson Bahia Santana<\/td><td>Roberto Souza Pereira<\/td><\/tr><tr><td>14:15<\/td><td><a href=\"https:\/\/eventos.ifbaiano.edu.br\/portal\/congresso\/files\/2021\/11\/Jamile.pdf\">As Plataformas Educacionais On-Line e as Possibilidades de uso na Educa\u00e7\u00e3o B\u00e1sica<\/a><\/td><td>Jamille Nascimento da Cruz<\/td><td>Roberto Souza Pereira<\/td><\/tr><tr><td>14:30<\/td><td><a href=\"https:\/\/eventos.ifbaiano.edu.br\/portal\/congresso\/files\/2021\/11\/adelson.pdf\">Proposta de Uma Sequ\u00eancia Did\u00e1tica Para o Estudo de Alguns Objetos de Conhecimento da Astronomia na Educa\u00e7\u00e3o B\u00e1sica<\/a><\/td><td>Adelson Alves Oliveira<\/td><td>Tatiane Bitencourt Barreto<\/td><\/tr><tr><td>14:45<\/td><td><a href=\"https:\/\/eventos.ifbaiano.edu.br\/portal\/congresso\/files\/2021\/11\/Cleodiana.pdf\">Horta Escolar Agroecol\u00f3gica: Uma Proposta Transdisciplinar Para S\u00e9ries Finais do Ensino Fundamental da Educa\u00e7\u00e3o B\u00e1sica<\/a><\/td><td>Cleodiana Barbosa do Nascimento Liro Elienaide Ramos de Moraes Liro Valnise Christo da Costa Neves<\/td><td>Tatiane Bitencourt Barreto<\/td><\/tr><tr><td>15:00<\/td><td><a href=\"https:\/\/eventos.ifbaiano.edu.br\/portal\/congresso\/files\/2021\/11\/Adenilton.pdf\">Uma An\u00e1lise do Curr\u00edculo e da Aplica\u00e7\u00e3o Pr\u00e1tica da Matem\u00e1tica no Curso T\u00e9cnico Subsequente em Agroind\u00fastria do IFbaiano &#8211; Campus Alagoinhas<\/a><\/td><td>Adenilton Pereira de Barros Alex Brito le\u00e3o Ariane Doria de Carvalho<\/td><td>Roberto Souza Pereira<\/td><\/tr><\/tbody><\/table><\/figure>\n\n\n\n<figure class=\"wp-block-table\"><table><tbody><tr><td><\/td><td><strong>Sala 3 &#8211; <a href=\"https:\/\/conferenciaweb.rnp.br\/webconf\/cifbaiano15\">CIFBAIANO 15<\/a><\/strong><\/td><td><\/td><td><\/td><\/tr><tr><td><strong>Hor\u00e1rio<\/strong><\/td><td>                         <strong>T\u00edtulo do trabalho<\/strong><\/td><td><strong>Prelecionista<\/strong><\/td><td><strong>Orientador(a)<\/strong><\/td><\/tr><tr><td>13:30<\/td><td><a href=\"https:\/\/eventos.ifbaiano.edu.br\/portal\/congresso\/files\/2021\/11\/Cremilda.pdf\">Dificuldades dos Professores de Qu\u00edmica em Associar a Teoria a Pr\u00e1tica<\/a><\/td><td>Cremilda Jesus da Mata Gomes<\/td><td>Francisco de Assis dos Santos Silva<\/td><\/tr><tr><td>13:45 <\/td><td><a href=\"https:\/\/eventos.ifbaiano.edu.br\/portal\/congresso\/files\/2021\/11\/Enilma.pdf\">Ensino H\u00edbrido na Educa\u00e7\u00e3o de Jovens e Adultos: Desafios e Possibilidades<\/a><\/td><td>Enilma Lemos da Silva Tamires Rodrigues de Oliveira Santos<\/td><td>Dra Mirna Ribeiro Lima da Silva<\/td><\/tr><tr><td>14:00<\/td><td><a href=\"https:\/\/eventos.ifbaiano.edu.br\/portal\/congresso\/files\/2021\/11\/Victor.pdf\">O Uso de Ferramentas Digitais por Docentes de Ci\u00eancias Naturais da Rede de Ensino de Pedr\u00e3o \u2013 Bahia<\/a><\/td><td>Victor Adriel dos Santos<\/td><td>Graziele Quintela de Carvalho<\/td><\/tr><tr><td>14:15<\/td><td><a href=\"https:\/\/eventos.ifbaiano.edu.br\/portal\/congresso\/files\/2021\/11\/Iasmim.pdf\">Estrat\u00e9gias e Desafios Para o Ensino de Parasitoses: Uma Reflex\u00e3o da Pr\u00e1tica Docente em Concei\u00e7\u00e3o do Coit\u00e9 &#8211; Bahia<\/a><\/td><td>Iasmim Dantas dos Santos e Santos<\/td><td>Graziele Quintela de Carvalho<\/td><\/tr><tr><td>14:30<\/td><td><a href=\"https:\/\/eventos.ifbaiano.edu.br\/portal\/congresso\/files\/2021\/11\/hanna.pdf\">Sala de Aula Invertida: Uma Proposta que Possibilita Inovar e Motivar o Ensino de Qu\u00edmica<\/a><\/td><td>Hanna Pinheiro Mascarenhas Karine Najla Souza de Jesus Sinara Silva Neves Machado<\/td><td>Francisco de Assis dos Santos Silva<\/td><\/tr><tr><td>14:45<\/td><td><a href=\"https:\/\/eventos.ifbaiano.edu.br\/portal\/congresso\/files\/2021\/11\/Ana-Claudia.pdf\">Ensino de Ci\u00eancias na EJA: Uma Proposta Pedag\u00f3gica com Princ\u00edpios Freireanos<\/a><\/td><td>Ana Cl\u00e1udia Jesus dos Anjos<\/td><td>Yone Carvalho de Santana Gon\u00e7alves<\/td><\/tr><\/tbody><\/table><\/figure>\n\n\n\n<p class=\"has-text-align-center\"><strong>25 de novembro de 2021<\/strong><\/p>\n\n\n\n<figure class=\"wp-block-table\"><table><tbody><tr><td><strong>19h30<\/strong><\/td><td><strong>Sala<\/strong> <strong>4 <\/strong>&#8211; <a href=\"https:\/\/conferenciaweb.rnp.br\/webconf\/cifbaiano14\"><strong>CIFBAIANO 14<\/strong><\/a><\/td><td><\/td><td><\/td><\/tr><tr><td><\/td><td><strong> Projetos de P\u00f3s-Gradua\u00e7\u00e3o \u00e1rea: Agr\u00e1rias <\/strong><\/td><td><\/td><td><\/td><\/tr><tr><td><strong>Hor\u00e1rio<\/strong><\/td><td><strong>                                 T\u00edtulo do trabalho<\/strong><\/td><td><strong>Prelecionista<\/strong><\/td><td><strong>Orientador(a)<\/strong><\/td><\/tr><tr><td>25\/11\/2021<\/td><td><a href=\"https:\/\/eventos.ifbaiano.edu.br\/portal\/congresso\/files\/2021\/11\/Juma-Gomes-da-Silva.pdf\">Elabora\u00e7\u00e3o de Materiais Did\u00e1ticos a Partir da Observa\u00e7\u00e3o do Valor de Uso de Esp\u00e9cies Bot\u00e2nicas em Comunidade Ribeirinha no Semi\u00e1rido Baiano<\/a><\/td><td>Juma Gomes da Silva<\/td><td>Delfran Batista dos Santos<\/td><\/tr><tr><td>25\/11\/2021<\/td><td><a href=\"https:\/\/eventos.ifbaiano.edu.br\/portal\/congresso\/files\/2021\/11\/Rafael-Rodrigo-Ferreira-de-Lima-Banana.pdf\">Reaproveitamento de Res\u00edduos Agroindustriais: Banana<\/a><\/td><td>Rafael Rodrigo Ferreira de Lima<\/td><td>Abdon Santos Nogueira<\/td><\/tr><tr><td>25\/11\/2021<\/td><td><a href=\"https:\/\/eventos.ifbaiano.edu.br\/portal\/congresso\/files\/2021\/11\/Rafael-Rodrigo-Ferreira-de-Lima.pdf\">Tecnologias Aplicadas \u00e0 Gest\u00e3o da Qualidade das Hortali\u00e7as Comercializadas em Vias P\u00fablicas<\/a><\/td><td>Rafael Rodrigo Ferreira de Lima<\/td><td>Calila Teixeira Santos<\/td><\/tr><tr><td>25\/11\/2021<\/td><td><a href=\"https:\/\/eventos.ifbaiano.edu.br\/portal\/congresso\/files\/2021\/11\/Mikaele-do-Nascimento-Campos.pdf\">An\u00e1lise Espacial e Produ\u00e7\u00e3o de Mapa na Identifica\u00e7\u00e3o de \u00c1reas Potenciais para Implanta\u00e7\u00e3o de um Aterro Sanit\u00e1rio<\/a><\/td><td>Mikaele do Nascimento Campos<\/td><td>R\u00f4mulo Magno de Oliveira Freitas<\/td><\/tr><\/tbody><\/table><\/figure>\n\n\n\n<figure class=\"wp-block-table\"><table><tbody><tr><td><\/td><td><strong>Sala 5 &#8211; <a href=\"https:\/\/conferenciaweb.rnp.br\/webconf\/cifbaiano15\">CIFBAIANO 15<\/a><\/strong><\/td><td><\/td><td><\/td><\/tr><tr><td><\/td><td><strong> Projetos de P\u00f3s-Gradua\u00e7\u00e3o \u00e1rea: Sa\u00fade <\/strong><\/td><td><\/td><td><\/td><\/tr><tr><td><strong>Hor\u00e1rio<\/strong><\/td><td>                                                   <strong>T\u00edtulo do trabalho<\/strong><\/td><td><strong>Prelecionista<\/strong><\/td><td><strong>Orientador(a)<\/strong><\/td><\/tr><tr><td>25\/11\/2021<\/td><td><a href=\"https:\/\/eventos.ifbaiano.edu.br\/portal\/congresso\/files\/2021\/11\/Lorena-Benevides.pdf\">Um Olhar Reflexivo Sobre a BNCC com rela\u00e7\u00e3o \u00e0s Diretrizes de G\u00eanero e Sexualidade<\/a><\/td><td>Lorena Benevides Ramos<\/td><td>Sudelmar Fernandes<\/td><\/tr><tr><td>25\/11\/2021<\/td><td><a href=\"https:\/\/eventos.ifbaiano.edu.br\/portal\/congresso\/files\/2021\/11\/Oldair-Marques-da-Silva.pdf\">Exerc\u00edcio F\u00edsico Regular Periodizado Uma Alternativa Para Redu\u00e7\u00e3o da Taxa de Absente\u00edsmo no Sexto Batalh\u00e3o da PMBA<\/a><\/td><td>Oldair Marques da Silva<\/td><td>Jadson de Oliveira Lima<\/td><\/tr><tr><td>25\/11\/2021<\/td><td><a href=\"https:\/\/eventos.ifbaiano.edu.br\/portal\/congresso\/files\/2021\/11\/Fabiana-C.-Oliveira-de-Franca.pdf\">Corrida e Dieta Balanceada com Suplementa\u00e7\u00e3o de Pr\u00f3polis: Uma D\u00edade para o Fortalecimento do Sistema Imunol\u00f3gico e Manuten\u00e7\u00e3o da Qualidade de Vida<\/a><\/td><td>Fabiana C. Oliveira de Fran\u00e7a<\/td><td>Patr\u00ed\u00adcia Nat\u00e1lia Ribeiro Soares<\/td><\/tr><tr><td>25\/11\/2021<\/td><td><a href=\"https:\/\/eventos.ifbaiano.edu.br\/portal\/congresso\/files\/2021\/11\/Cleidenaldo-Augusto-da-S.Santos.pdf\">N\u00edvel de Atividade F\u00edsica e Qualidade de Vida de Idosos Atendidos no Centro de Refer\u00eancia Municipal de Sa\u00fade, Bahia, Brasil<\/a><\/td><td>Cleidenaldo Augusto da S.Santos<\/td><td>Jadson de Oliveira Lima<\/td><\/tr><\/tbody><\/table><\/figure>\n","protected":false},"excerpt":{"rendered":"<p>O Instituto Federal de Educa\u00e7\u00e3o Ci\u00eancia e Tecnologia Baiano oferece cursos de p\u00f3s-gradua\u00e7\u00e3o em diversas \u00e1reas do conhecimento, desde 2011. De l\u00e1 pra c\u00e1, 37 cursos distribu\u00eddos em diferentes campi j\u00e1 foram abertos. No primeiro semestre de 2015, o IF Baiano iniciou a implanta\u00e7\u00e3o do Mestrado Profissional em Produ\u00e7\u00e3o Vegetal no Semi\u00e1rido sediado no campus&hellip;&nbsp;<a href=\"https:\/\/eventos.ifbaiano.edu.br\/portal\/congresso\/ii-seminario-institucional-de-pos-graduacao-2021\/\" rel=\"bookmark\">Continue a ler &raquo;<span class=\"screen-reader-text\">II Semin\u00e1rio Institucional de P\u00f3s-Gradua\u00e7\u00e3o<\/span><\/a><\/p>\n","protected":false},"author":20,"featured_media":0,"parent":0,"menu_order":0,"comment_status":"closed","ping_status":"closed","template":"","meta":{"neve_meta_sidebar":"full-width","neve_meta_container":"","neve_meta_enable_content_width":"on","neve_meta_content_width":100,"neve_meta_title_alignment":"","neve_meta_author_avatar":"","neve_post_elements_order":"","neve_meta_disable_header":"","neve_meta_disable_footer":"","neve_meta_disable_title":"","footnotes":""},"_links":{"self":[{"href":"https:\/\/eventos.ifbaiano.edu.br\/portal\/congresso\/wp-json\/wp\/v2\/pages\/485"}],"collection":[{"href":"https:\/\/eventos.ifbaiano.edu.br\/portal\/congresso\/wp-json\/wp\/v2\/pages"}],"about":[{"href":"https:\/\/eventos.ifbaiano.edu.br\/portal\/congresso\/wp-json\/wp\/v2\/types\/page"}],"author":[{"embeddable":true,"href":"https:\/\/eventos.ifbaiano.edu.br\/portal\/congresso\/wp-json\/wp\/v2\/users\/20"}],"replies":[{"embeddable":true,"href":"https:\/\/eventos.ifbaiano.edu.br\/portal\/congresso\/wp-json\/wp\/v2\/comments?post=485"}],"version-history":[{"count":17,"href":"https:\/\/eventos.ifbaiano.edu.br\/portal\/congresso\/wp-json\/wp\/v2\/pages\/485\/revisions"}],"predecessor-version":[{"id":1090,"href":"https:\/\/eventos.ifbaiano.edu.br\/portal\/congresso\/wp-json\/wp\/v2\/pages\/485\/revisions\/1090"}],"wp:attachment":[{"href":"https:\/\/eventos.ifbaiano.edu.br\/portal\/congresso\/wp-json\/wp\/v2\/media?parent=485"}],"curies":[{"name":"wp","href":"https:\/\/api.w.org\/{rel}","templated":true}]}}