{"id":475,"date":"2021-10-20T20:59:35","date_gmt":"2021-10-20T23:59:35","guid":{"rendered":"https:\/\/eventos.ifbaiano.edu.br\/portal\/congresso\/?page_id=475"},"modified":"2022-02-10T13:20:19","modified_gmt":"2022-02-10T16:20:19","slug":"2020-2","status":"publish","type":"page","link":"https:\/\/eventos.ifbaiano.edu.br\/portal\/congresso\/2020-2\/","title":{"rendered":"Congresso do IF Baiano 2020"},"content":{"rendered":"\n<p><strong>APRESENTA\u00c7\u00c3O<\/strong><br>No Brasil, a pandemia desencadeada pela dissemina\u00e7\u00e3o do novo coronav\u00edrus trouxe in\u00fameros desafios, bem como retomou e agravou antigas problem\u00e1ticas sociais, inclusive no campo da Educa\u00e7\u00e3o. Contudo, ilustrou tamb\u00e9m a for\u00e7a do di\u00e1logo e o quanto podemos construir mais quando estamos unidos, ainda que socialmente distantes. No Instituto Federal de Educa\u00e7\u00e3o, Ci\u00eancia e Tecnologia Baiano \u2013 IF Baiano, manter atividades educacionais em meio ao necess\u00e1rio distanciamento social foi poss\u00edvel somente porque, juntos buscamos as melhores alternativas para desenvolver tais atividades e, assim, cuidarmos uns dos outros. O&nbsp;<strong>I Congresso do IF Baiano \u2013 Ensino e Pesquisa&nbsp;<\/strong>vem justamente fortalecer e solidificar as redes de contato e parcerias que se estabeleceram nesse per\u00edodo, evidenciando que, com muito esfor\u00e7o e colabora\u00e7\u00e3o de todos, nossas atividades n\u00e3o pararam.<\/p>\n\n\n\n<p><strong>O I Congresso do IF Baiano ocorrer\u00e1 de 15 a 18 de dezembro de 2020<\/strong>, em formato&nbsp;<em>on-line<\/em>, de modo s\u00edncrono e ass\u00edncrono, por meio da plataforma RNP. Nossa proposta \u00e9 promover um espa\u00e7o de intera\u00e7\u00e3o, favor\u00e1vel ao di\u00e1logo, debate, inova\u00e7\u00e3o e compartilhamento das viv\u00eancias acad\u00eamicas e melhores pr\u00e1ticas do Ensino e da Pesquisa no \u00e2mbito do IF Baiano. Mais especificamente, o evento ter\u00e1 como eixo o Ensino e a Pesquisa \u2013 duas perspectivas educacionais que se inter-relacionam a partir da aprendizagem e do desenvolvimento do conhecimento. Nesse sentido, interessa-nos promovermos, em diferentes inst\u00e2ncias, o incentivo \u00e0 promo\u00e7\u00e3o da alfabetiza\u00e7\u00e3o cient\u00edfica, considerados os n\u00edveis do ensino m\u00e9dio-t\u00e9cnico, superior e p\u00f3s-gradua\u00e7\u00e3o, vistos como um todo no qual se deve fomentar o processo educativo para um aprimoramento do Ensino e da Pesquisa.<\/p>\n\n\n\n<p>Organizado pela Pr\u00f3-Reitoria de Pesquisa e Inova\u00e7\u00e3o e pela Pr\u00f3-Reitoria de Ensino, o I Congresso do IF Baiano busca firmar-se como um evento anual direcionado \u00e0 comunidade do IF Baiano e \u00e0 sociedade em geral, congregando discentes, docentes, movimentos sociais e civis relacionados \u00e0 educa\u00e7\u00e3o e a tem\u00e1ticas que envolvam essas duas perspectivas da educa\u00e7\u00e3o. Em sua primeira edi\u00e7\u00e3o, no corrente ano, o I Congresso do IF Baiano conforma-se como espa\u00e7o congregador de m\u00faltiplas discuss\u00f5es e comportar\u00e1 cinco eventos simult\u00e2neos: o<strong>&nbsp;I Semin\u00e1rio Institucional de P\u00f3s-Gradua\u00e7\u00e3o \u2013 SIP<\/strong>; o&nbsp;<strong>I Semin\u00e1rio de Resid\u00eancia Pedag\u00f3gica \u2013 PRP<\/strong>; a<strong>&nbsp;VII Mostra de Inicia\u00e7\u00e3o Cient\u00edfica \u2013 MIC 2020<\/strong>; e tamb\u00e9m o<strong>&nbsp;VII Semin\u00e1rio do Programa Institucional de Bolsa de Inicia\u00e7\u00e3o \u00e0 Doc\u00eancia \u2013 PIBID<\/strong>&nbsp;e o&nbsp;<strong>I Semin\u00e1rio Interterritorial de Sanidade Animal<\/strong>. Voc\u00ea \u00e9 nosso\/a convidado\/a especial para compartilhar experi\u00eancias de aprendizagem, construir conhecimento e, sobretudo, contribuir com a edifica\u00e7\u00e3o de uma sociedade justa: antirracista, inclusiva e que respeite \u00e0s disson\u00e2ncias sexuais e de g\u00eanero.<\/p>\n\n\n\n<hr class=\"wp-block-separator has-text-color has-background has-nv-light-bg-background-color has-nv-light-bg-color is-style-wide\" \/>\n\n\n\n<div class=\"wp-block-columns is-layout-flex wp-container-core-columns-is-layout-1 wp-block-columns-is-layout-flex\">\n<div class=\"wp-block-column is-layout-flow wp-block-column-is-layout-flow\">\n<p><a href=\"https:\/\/eventos.ifbaiano.edu.br\/portal\/congresso\/programacao-2020\/\" target=\"_blank\" rel=\"noreferrer noopener\">Programa\u00e7\u00e3o<\/a><\/p>\n<\/div>\n\n\n\n<div class=\"wp-block-column is-layout-flow wp-block-column-is-layout-flow\">\n<p><a href=\"https:\/\/eventos.ifbaiano.edu.br\/portal\/congresso\/documentos-2020\/\" target=\"_blank\" rel=\"noreferrer noopener\">Documentos<\/a><\/p>\n<\/div>\n\n\n\n<div class=\"wp-block-column is-layout-flow wp-block-column-is-layout-flow\">\n<p><a href=\"https:\/\/eventos.ifbaiano.edu.br\/portal\/congresso\/submissao-de-trabalhos-2020\/\" target=\"_blank\" rel=\"noreferrer noopener\">Apresenta\u00e7\u00e3o de Trabalhos<\/a><br><a href=\"https:\/\/eventos.ifbaiano.edu.br\/portal\/congresso\/submissao-de-trabalhos-2020\/i-seminario-institucional-de-pos-graduacao-2020\/\" target=\"_blank\" rel=\"noreferrer noopener\">I Semin\u00e1rio Institucional de P\u00f3s-Gradua\u00e7\u00e3o<\/a><br><a href=\"https:\/\/eventos.ifbaiano.edu.br\/portal\/congresso\/submissao-de-trabalhos-2020\/vii-mostra-de-iniciacao-cientifica-2020\/\" target=\"_blank\" rel=\"noreferrer noopener\">VII Mostra de Inicia\u00e7\u00e3o Cient\u00edfica<\/a><\/p>\n<\/div>\n<\/div>\n\n\n\n<div class=\"wp-block-columns is-layout-flex wp-container-core-columns-is-layout-2 wp-block-columns-is-layout-flex\">\n<div class=\"wp-block-column is-layout-flow wp-block-column-is-layout-flow\">\n<p><a href=\"https:\/\/eventos.ifbaiano.edu.br\/portal\/congresso\/vii-seminario-do-pibid-2020\/\" target=\"_blank\" rel=\"noreferrer noopener\">VII Semin\u00e1rio do PIBID<\/a><br><a href=\"https:\/\/eventos.ifbaiano.edu.br\/portal\/congresso\/i-seminario-da-residencia-pedagogica-2020\/\" target=\"_blank\" rel=\"noreferrer noopener\">I Semin\u00e1rio de Resid\u00eancia Pedag\u00f3gica do IF Baiano<\/a><br><a href=\"https:\/\/eventos.ifbaiano.edu.br\/portal\/congresso\/i-seminario-interterritorial-da-sanidade-animal-2020\/\" target=\"_blank\" rel=\"noreferrer noopener\">I Semin\u00e1rio Interterritorial da Sanidade Animal<\/a><\/p>\n<\/div>\n\n\n\n<div class=\"wp-block-column is-layout-flow wp-block-column-is-layout-flow\">\n<p><a href=\"https:\/\/eventos.ifbaiano.edu.br\/portal\/congresso\/comissao-2020\/\" target=\"_blank\" rel=\"noreferrer noopener\">Comiss\u00e3o<\/a><\/p>\n<\/div>\n\n\n\n<div class=\"wp-block-column is-layout-flow wp-block-column-is-layout-flow\">\n<p><a href=\"https:\/\/eventos.ifbaiano.edu.br\/portal\/congresso\/anais-vii-mostra-de-iniciacao-cientifica\/\" data-type=\"URL\" data-id=\"https:\/\/eventos.ifbaiano.edu.br\/portal\/congresso\/anais-vii-mostra-de-iniciacao-cientifica\/\" target=\"_blank\" rel=\"noreferrer noopener\"> Anais VII Mostra de Inicia\u00e7\u00e3o Cient\u00edfica <\/a><\/p>\n<\/div>\n<\/div>\n","protected":false},"excerpt":{"rendered":"<p>APRESENTA\u00c7\u00c3ONo Brasil, a pandemia desencadeada pela dissemina\u00e7\u00e3o do novo coronav\u00edrus trouxe in\u00fameros desafios, bem como retomou e agravou antigas problem\u00e1ticas sociais, inclusive no campo da Educa\u00e7\u00e3o. Contudo, ilustrou tamb\u00e9m a for\u00e7a do di\u00e1logo e o quanto podemos construir mais quando estamos unidos, ainda que socialmente distantes. No Instituto Federal de Educa\u00e7\u00e3o, Ci\u00eancia e Tecnologia Baiano&hellip;&nbsp;<a href=\"https:\/\/eventos.ifbaiano.edu.br\/portal\/congresso\/2020-2\/\" rel=\"bookmark\">Continue a ler &raquo;<span class=\"screen-reader-text\">Congresso do IF Baiano 2020<\/span><\/a><\/p>\n","protected":false},"author":20,"featured_media":0,"parent":0,"menu_order":0,"comment_status":"closed","ping_status":"closed","template":"","meta":{"neve_meta_sidebar":"full-width","neve_meta_container":"","neve_meta_enable_content_width":"on","neve_meta_content_width":100,"neve_meta_title_alignment":"","neve_meta_author_avatar":"","neve_post_elements_order":"","neve_meta_disable_header":"","neve_meta_disable_footer":"","neve_meta_disable_title":"","footnotes":""},"_links":{"self":[{"href":"https:\/\/eventos.ifbaiano.edu.br\/portal\/congresso\/wp-json\/wp\/v2\/pages\/475"}],"collection":[{"href":"https:\/\/eventos.ifbaiano.edu.br\/portal\/congresso\/wp-json\/wp\/v2\/pages"}],"about":[{"href":"https:\/\/eventos.ifbaiano.edu.br\/portal\/congresso\/wp-json\/wp\/v2\/types\/page"}],"author":[{"embeddable":true,"href":"https:\/\/eventos.ifbaiano.edu.br\/portal\/congresso\/wp-json\/wp\/v2\/users\/20"}],"replies":[{"embeddable":true,"href":"https:\/\/eventos.ifbaiano.edu.br\/portal\/congresso\/wp-json\/wp\/v2\/comments?post=475"}],"version-history":[{"count":4,"href":"https:\/\/eventos.ifbaiano.edu.br\/portal\/congresso\/wp-json\/wp\/v2\/pages\/475\/revisions"}],"predecessor-version":[{"id":1207,"href":"https:\/\/eventos.ifbaiano.edu.br\/portal\/congresso\/wp-json\/wp\/v2\/pages\/475\/revisions\/1207"}],"wp:attachment":[{"href":"https:\/\/eventos.ifbaiano.edu.br\/portal\/congresso\/wp-json\/wp\/v2\/media?parent=475"}],"curies":[{"name":"wp","href":"https:\/\/api.w.org\/{rel}","templated":true}]}}