{"id":4615,"date":"2025-06-05T09:02:26","date_gmt":"2025-06-05T12:02:26","guid":{"rendered":"https:\/\/eventos.ifbaiano.edu.br\/portal\/congresso\/?page_id=4615"},"modified":"2025-06-05T09:02:27","modified_gmt":"2025-06-05T12:02:27","slug":"programacao-2024","status":"publish","type":"page","link":"https:\/\/eventos.ifbaiano.edu.br\/portal\/congresso\/cepex2024\/programacao-2024\/","title":{"rendered":"PROGRAMA\u00c7\u00c3O 2024"},"content":{"rendered":"\n<div class=\"wp-block-gutena-accordion gutena-accordion-block gutena-accordion-block-e880ee-dd is-layout-flow wp-block-accordion-is-layout-flow\" data-single=\"true\">\n<div class=\"wp-block-gutena-accordion-panel gutena-accordion-block__panel acc15\">\n<div class=\"wp-block-gutena-accordion-panel-title gutena-accordion-block__panel-title\"><div class=\"gutena-accordion-block__panel-title-inner\">\n<h2 class=\"wp-block-heading has-text-align-center has-large-font-size\" style=\"margin-top:0px;margin-right:0px;margin-bottom:0px;margin-left:0px\"><strong> 15 de outubro de 2024<\/strong><\/h2>\n<div class=\"trigger-up-down\"><div class=\"horizontal\"><\/div><div class=\"vertical\"><\/div><\/div><\/div><\/div>\n\n\n\n<div class=\"wp-block-gutena-accordion-panel-content gutena-accordion-block__panel-content\"><div class=\"gutena-accordion-block__panel-content-inner\">\n<h4 class=\"wp-block-heading has-text-align-center has-nv-dark-bg-color has-nv-light-bg-background-color has-text-color has-background has-link-color wp-elements-da3e595268669518c65e7a40a6153b62\">Mesa de Abertura do Evento (08h &#8211; 08h30)<\/h4>\n\n\n\n<p class=\"has-text-align-center has-nv-dark-bg-color has-text-color has-link-color wp-elements-b9a84ee42f8083f522a34f881d115ebc\"><\/p>\n\n\n\n<h4 class=\"wp-block-heading has-text-align-center has-nv-dark-bg-color has-nv-light-bg-background-color has-text-color has-background has-link-color wp-elements-7b91b91921b7f4dc8a56886af816bb83\">Palestra &#8211; Financiamento da Educa\u00e7\u00e3o e or\u00e7amento dos Institutos Federais (08h30 &#8211; 10h)<\/h4>\n\n\n\n<p class=\"has-text-align-center has-nv-dark-bg-color has-text-color has-link-color wp-elements-7db622871bc7753b6669dd6f3704cc61\">Palestrante: Jean Carlos Coelho de Alencar<\/p>\n\n\n\n<p class=\"has-text-align-center has-nv-dark-bg-color has-text-color has-link-color wp-elements-860df6e59dae6f1ac3a799f240c7fd8a\">Sala: Audit\u00f3rio do <em>Campus<\/em> Senhor do Bonfim<\/p>\n\n\n\n<h4 class=\"wp-block-heading has-text-align-center has-nv-dark-bg-color has-nv-light-bg-background-color has-text-color has-background has-link-color wp-elements-62678066f9ebcba5b64467f359761866\"><a href=\"https:\/\/eventos.ifbaiano.edu.br\/portal\/congresso\/ordem-de-apresentacoes\/\">Apresenta\u00e7\u00e3o de Trabalhos (10h &#8211; 12h)<\/a><\/h4>\n\n\n\n<p class=\"has-text-align-center has-nv-dark-bg-color has-text-color has-link-color wp-elements-b9a84ee42f8083f522a34f881d115ebc\"><\/p>\n\n\n\n<h4 class=\"wp-block-heading has-text-align-center has-nv-dark-bg-color has-nv-light-bg-background-color has-text-color has-background has-link-color wp-elements-4e1bb9a5a7be31850f7a82e5b7f5342f\">Almo\u00e7o (12h &#8211; 13h30)<\/h4>\n\n\n\n<h4 class=\"wp-block-heading has-text-align-center has-nv-dark-bg-color has-nv-light-bg-background-color has-text-color has-background has-link-color wp-elements-e63727e41beeb6acb782e617e204a404\">Oficinas (13h30 &#8211; 17h)<\/h4>\n\n\n\n<figure class=\"wp-block-table has-medium-font-size\"><table class=\"has-nv-dark-bg-color has-text-color has-link-color\"><tbody><tr><td><strong>#<\/strong><\/td><td><strong>OFICINA<\/strong><\/td><td><strong>Palestrante<\/strong><\/td><td><strong>Link de Inscri\u00e7\u00e3o<\/strong><\/td><td><strong>SALA<\/strong><\/td><\/tr><tr><td>1<\/td><td>Agricultura digital &#8211; sensores e atuadores<\/td><td>Leandro Gon\u00e7alves<\/td><td><a href=\"https:\/\/suap.ifbaiano.edu.br\/eventos\/inscricao\/1931\/\">Clique aqui<\/a><\/td><td>Sala 1<\/td><\/tr><tr><td>2<\/td><td>Orienta\u00e7\u00e3o Vocacional: escolha da carreira baseada na personalidade<\/td><td>Patr\u00edcia Vaz<\/td><td><a href=\"https:\/\/suap.ifbaiano.edu.br\/eventos\/inscricao\/1931\/\">Clique aqui<\/a><\/td><td>Sala 2<\/td><\/tr><tr><td>3<\/td><td>Avalia\u00e7\u00e3o da aprendizagem<\/td><td>Jose Aurimar dos Santos Angelim&nbsp;<\/td><td><a href=\"https:\/\/suap.ifbaiano.edu.br\/eventos\/inscricao\/1931\/\">Clique aqui<\/a><\/td><td>Sala 3<\/td><\/tr><tr><td>4<\/td><td>Heteroidentifica\u00e7\u00e3o: conhecer para defender!<\/td><td>Rafaela Magalh\u00e3es<\/td><td><a href=\"https:\/\/suap.ifbaiano.edu.br\/eventos\/inscricao\/1931\/\">Clique aqui<\/a><\/td><td>Sala 4<\/td><\/tr><tr><td>5<\/td><td>Cultivo de Bonsai<\/td><td>Antonio Sousa Silva<\/td><td><a href=\"https:\/\/suap.ifbaiano.edu.br\/eventos\/inscricao\/1931\/\">Clique aqui<\/a><\/td><td>Sala 5<\/td><\/tr><tr><td>6<\/td><td>Aprendizagem Criativa: Modelagem e Impress\u00e3o 3D<\/td><td>M\u00e1rio Pierre Jr, S\u00e9rgio Vin\u00edcius Nery da Silva e<br>Jo\u00e3o Bernardo dos Santos Silva<\/td><td><a href=\"https:\/\/suap.ifbaiano.edu.br\/eventos\/inscricao\/1931\/\">Clique aqui<\/a><\/td><td>Complexo de Laborat\u00f3rios<br>(LAB de Inform\u00e1tica I)<\/td><\/tr><tr><td>7<\/td><td>Desenvolvimento de jogos 2D no Unity<\/td><td>Jesse Nery Filho<\/td><td><a href=\"https:\/\/suap.ifbaiano.edu.br\/eventos\/inscricao\/1931\/\">Clique aqui<\/a><\/td><td>Complexo de Laborat\u00f3rios <br>(LAB de Inform\u00e1tica II)<\/td><\/tr><tr><td>8<\/td><td>Espanhol Para Viagens: Comunica\u00e7\u00f5es Essenciais<\/td><td>Debora Felix dos Santos<\/td><td><a href=\"https:\/\/suap.ifbaiano.edu.br\/eventos\/inscricao\/1931\/\">Clique aqui<\/a><\/td><td>Sala 6<\/td><\/tr><tr><td>9<\/td><td>G\u00eanero e Sexualidade na Escola: por uma educa\u00e7\u00e3o emancipadora<\/td><td>Iara Colina<\/td><td><a href=\"https:\/\/suap.ifbaiano.edu.br\/eventos\/inscricao\/1931\/\">Clique aqui<\/a><\/td><td>Sala 7<\/td><\/tr><tr><td>10<\/td><td>Reposit\u00f3rio Institucional: acesso e dep\u00f3sito de produ\u00e7\u00f5es<\/td><td>Josuel Ferreira<\/td><td><a href=\"https:\/\/suap.ifbaiano.edu.br\/eventos\/inscricao\/1931\/\">Clique aqui<\/a><\/td><td>Complexo de Laborat\u00f3rios<br> (LAB de Geoprocessamento)<\/td><\/tr><tr><td>11<\/td><td>Literatura negra, poesia e compromisso com a cidadania<\/td><td>Edna Fereira e Leonice Souza<\/td><td><a href=\"https:\/\/suap.ifbaiano.edu.br\/eventos\/inscricao\/1931\/\">Clique aqui<\/a><\/td><td>Sala 8<\/td><\/tr><tr><td>12<\/td><td>Do texto \u00e0 Cena: oficina de teatro<\/td><td>Junio Cust\u00f3dio<\/td><td><a href=\"https:\/\/suap.ifbaiano.edu.br\/eventos\/inscricao\/1931\/\">Clique aqui<\/a><\/td><td><\/td><\/tr><\/tbody><\/table><figcaption class=\"wp-element-caption\">Locais que ocorrer\u00e3o as OFICINAS: Complexo de Laborat\u00f3rios e Pavilh\u00e3o 02 de Salas de Aulas<\/figcaption><\/figure>\n\n\n\n<h4 class=\"wp-block-heading has-text-align-center has-nv-dark-bg-color has-nv-light-bg-background-color has-text-color has-background has-link-color wp-elements-298ba77b3ae87f0de261b146c634878d\">Abertura do FAMIF (17h &#8211; 19h30)<\/h4>\n<\/div><\/div>\n<\/div>\n\n\n\n<div class=\"wp-block-gutena-accordion-panel gutena-accordion-block__panel acc16\">\n<div class=\"wp-block-gutena-accordion-panel-title gutena-accordion-block__panel-title\"><div class=\"gutena-accordion-block__panel-title-inner\">\n<h2 class=\"wp-block-heading has-text-align-center has-large-font-size\" style=\"margin-top:0px;margin-right:0px;margin-bottom:0px;margin-left:0px\"><strong> 16 de outubro de 2024<\/strong><\/h2>\n<div class=\"trigger-up-down\"><div class=\"horizontal\"><\/div><div class=\"vertical\"><\/div><\/div><\/div><\/div>\n\n\n\n<div class=\"wp-block-gutena-accordion-panel-content gutena-accordion-block__panel-content\"><div class=\"gutena-accordion-block__panel-content-inner\">\n<h4 class=\"wp-block-heading has-text-align-center has-nv-dark-bg-color has-nv-light-bg-background-color has-text-color has-background has-link-color wp-elements-4bcc3584f38a1852015bb8113f94afc6\">Palestra Online &#8211; Conceito e pr\u00e1tica das Trilhas de Aprendizagem como estrat\u00e9gica pedag\u00f3gica na EaD (08h30 &#8211; 10h)<\/h4>\n\n\n\n<p class=\"has-text-align-center has-nv-dark-bg-color has-text-color has-link-color wp-elements-3fb06459899615ddba2a168e59124d63\">Palestrante: Josali do Amaral (IFPB)<\/p>\n\n\n\n<p class=\"has-text-align-center has-nv-dark-bg-color has-text-color has-link-color wp-elements-85ac27e013af066023aa9a744da8ae42\">Sala 12<\/p>\n\n\n\n<h4 class=\"wp-block-heading has-text-align-center has-nv-dark-bg-color has-nv-light-bg-background-color has-text-color has-background has-link-color wp-elements-6091dd1911c94dc102a42bdb5e7ba812\">Mesa Redonda &#8211; Ci\u00eancia por Elas: Meninas e Mulheres em Pesquisas Cient\u00edficas (08h30 &#8211; 10h)<\/h4>\n\n\n\n<p class=\"has-text-align-center has-nv-dark-bg-color has-text-color has-link-color wp-elements-5f752e0630ab3938b93b53eb6c5a4cdf\">Media\u00e7\u00e3o: Larissa Peixoto Silva<\/p>\n\n\n\n<p class=\"has-text-align-center has-nv-dark-bg-color has-text-color has-link-color wp-elements-738ad77eab2ca4931ee29d94fae76d7c\">Participa\u00e7\u00e3o: Patricia Oliveira dos Santos<br>Viviane Correa Santos<br>Rafaella Oliveira Baracho<br>Maria Iraildes de Almeida Silva Matias e Maria Auxiliadora<\/p>\n\n\n\n<p class=\"has-text-align-center has-nv-dark-bg-color has-text-color has-link-color wp-elements-860df6e59dae6f1ac3a799f240c7fd8a\">Sala: Audit\u00f3rio do <em>Campus<\/em> Senhor do Bonfim<\/p>\n\n\n\n<h4 class=\"wp-block-heading has-text-align-center has-nv-dark-bg-color has-nv-light-bg-background-color has-text-color has-background has-link-color wp-elements-f3cd8bc45e47aef5d1b5bd483245e69d\">Mesa Redonda &#8211; Experi\u00eancias exitosas do Programa de Extens\u00e3o Tecnol\u00f3gicas do IF Baiano (PET 2023\/2024) (08h30 &#8211; 10h)<\/h4>\n\n\n\n<p class=\"has-text-align-center has-nv-dark-bg-color has-text-color has-link-color wp-elements-651ec6773e20428f11ac32efedc30c9b\">Media\u00e7\u00e3o: Thais Lopes<\/p>\n\n\n\n<p class=\"has-text-align-center has-nv-dark-bg-color has-text-color has-link-color wp-elements-0c543d4be6b57606dc55cb8c8af400bb\">Participa\u00e7\u00e3o: Gustavo Sabry<br>Yug Lopes<br>Ivna Souza<br>Evanilton Alve<\/p>\n\n\n\n<p class=\"has-text-align-center has-nv-dark-bg-color has-text-color has-link-color wp-elements-a84f3b7d50e58eac5023bae6398377cc\">Sala 11<\/p>\n\n\n\n<h4 class=\"wp-block-heading has-text-align-center has-nv-dark-bg-color has-nv-light-bg-background-color has-text-color has-background has-link-color wp-elements-62678066f9ebcba5b64467f359761866\"><a href=\"https:\/\/eventos.ifbaiano.edu.br\/portal\/congresso\/ordem-de-apresentacoes\/\">Apresenta\u00e7\u00e3o de Trabalhos (10h &#8211; 12h)<\/a><\/h4>\n\n\n\n<h4 class=\"wp-block-heading has-text-align-center has-nv-dark-bg-color has-nv-light-bg-background-color has-text-color has-background has-link-color wp-elements-4e1bb9a5a7be31850f7a82e5b7f5342f\">Almo\u00e7o (12h &#8211; 13h30)<\/h4>\n\n\n\n<h4 class=\"wp-block-heading has-text-align-center has-nv-dark-bg-color has-nv-light-bg-background-color has-text-color has-background has-link-color wp-elements-94515bd34d1f17c694bbbc68ccb14903\">Roda de conversa &#8211; Estrat\u00e9gias para fortalecimento das Pol\u00edticas afirmativas no IF Baiano (13h30 &#8211; 15h)<\/h4>\n\n\n\n<p class=\"has-text-align-center has-nv-dark-bg-color has-text-color has-link-color wp-elements-aa1afe9a29531eccb73f18263a7abcd3\">Media\u00e7\u00e3o: Rafaela Magalh\u00e3es &#8211; (Proen-PAAED)<\/p>\n\n\n\n<p class=\"has-text-align-center has-nv-dark-bg-color has-text-color has-link-color wp-elements-2a380ee492ecaf3e176f32fbd6cfdd59\">Chintamani Santana Alves (NEABi)<\/p>\n\n\n\n<p class=\"has-text-align-center has-nv-dark-bg-color has-text-color has-link-color wp-elements-0a19c9bf18bb3fcf425d65b21d1d8693\">Iara colina (Geni)<\/p>\n\n\n\n<p class=\"has-text-align-center has-nv-dark-bg-color has-text-color has-link-color wp-elements-f36a34009ba0b8fb3f86399d2f5a80ea\">Patr\u00edcia Oliveira (NAPNE)<\/p>\n\n\n\n<p class=\"has-text-align-center has-nv-dark-bg-color has-text-color has-link-color wp-elements-860df6e59dae6f1ac3a799f240c7fd8a\">Sala: Audit\u00f3rio do <em>Campus<\/em> Senhor do Bonfim<\/p>\n\n\n\n<h4 class=\"wp-block-heading has-text-align-center has-nv-dark-bg-color has-nv-light-bg-background-color has-text-color has-background has-link-color wp-elements-55bd15ab6a37100dbc9204523cf38787\">F\u00f3rum das Coordena\u00e7\u00f5es de Pesquisa do IF Baiano e PROPES (13h30 &#8211; 15h)<\/h4>\n\n\n\n<p class=\"has-text-align-center has-nv-dark-bg-color has-text-color has-link-color wp-elements-bb4ec4a07644a386368c7adbd931d39a\">Media\u00e7\u00e3o: Rafael Oliva Trocoli<\/p>\n\n\n\n<p class=\"has-text-align-center has-nv-dark-bg-color has-text-color has-link-color wp-elements-a84f3b7d50e58eac5023bae6398377cc\">Sala 11<\/p>\n\n\n\n<h4 class=\"wp-block-heading has-text-align-center has-nv-dark-bg-color has-nv-light-bg-background-color has-text-color has-background has-link-color wp-elements-96b18f1e421b4fbfcf48674e054f445f\">F\u00f3rum das Coordena\u00e7\u00f5es de Extens\u00e3o do IF Baiano e PROEX (13h30 &#8211; 15h)<\/h4>\n\n\n\n<p class=\"has-text-align-center has-nv-dark-bg-color has-text-color has-link-color wp-elements-8cb230df671bfa8a8a7e96475291655d\">Media\u00e7\u00e3o: Lu\u00eds de Gomes<\/p>\n\n\n\n<p class=\"has-text-align-center has-nv-dark-bg-color has-text-color has-link-color wp-elements-c8f5a66ad233c90cba07a953f171a134\">Sala 10<\/p>\n\n\n\n<h4 class=\"wp-block-heading has-text-align-center has-nv-dark-bg-color has-nv-light-bg-background-color has-text-color has-background has-link-color wp-elements-0720bbedbe08fe07cd8aa21fe67a7632\">Semin\u00e1rio &#8211; A Internacionaliza\u00e7\u00e3o e a Mobilidade Acad\u00eamica no IF Baiano (14h30 &#8211; 15h30)<\/h4>\n\n\n\n<p class=\"has-text-align-center has-nv-dark-bg-color has-text-color has-link-color wp-elements-0008b2f60e4ea14804bf25dcb6299512\">Media\u00e7\u00e3o: V\u00e2nia Luz<\/p>\n\n\n\n<p class=\"has-text-align-center has-nv-dark-bg-color has-text-color has-link-color wp-elements-7c0f7f91929baeed58acfde7666ee71a\">Palestrante: Cinira de A. Fernandes<\/p>\n\n\n\n<p class=\"has-text-align-center has-nv-dark-bg-color has-text-color has-link-color wp-elements-85ac27e013af066023aa9a744da8ae42\">Sala 12<\/p>\n\n\n\n<h4 class=\"wp-block-heading has-text-align-center has-nv-dark-bg-color has-nv-light-bg-background-color has-text-color has-background has-link-color wp-elements-0d2120a6886537b4f4fcd434d57ff425\">Festival de Arte e M\u00fasica do IF Baiano &#8211;  FAMIF (15h30 &#8211; 19h00)<\/h4>\n<\/div><\/div>\n<\/div>\n\n\n\n<div class=\"wp-block-gutena-accordion-panel gutena-accordion-block__panel acc17\">\n<div class=\"wp-block-gutena-accordion-panel-title gutena-accordion-block__panel-title\"><div class=\"gutena-accordion-block__panel-title-inner\">\n<h2 class=\"wp-block-heading has-text-align-left has-large-font-size\" style=\"margin-top:0px;margin-right:0px;margin-bottom:0px;margin-left:0px\"><strong>17 de outubro de 2024<\/strong><\/h2>\n<div class=\"trigger-up-down\"><div class=\"horizontal\"><\/div><div class=\"vertical\"><\/div><\/div><\/div><\/div>\n\n\n\n<div class=\"wp-block-gutena-accordion-panel-content gutena-accordion-block__panel-content\"><div class=\"gutena-accordion-block__panel-content-inner\">\n<h4 class=\"wp-block-heading has-text-align-center has-nv-dark-bg-color has-nv-light-bg-background-color has-text-color has-background has-link-color wp-elements-146a13afef076a3c442154170190ec43\">Mesa Redonda &#8211; Forma\u00e7\u00e3o de professores para a EJA na perspectiva da Educa\u00e7\u00e3o Especial Inclusiva (08h30 &#8211; 10h)<\/h4>\n\n\n\n<p class=\"has-text-align-center has-nv-dark-bg-color has-text-color has-link-color wp-elements-ffb44a8cf42eba31b9882a3851e22842\">Media\u00e7\u00e3o: Martha de C\u00e1ssia<\/p>\n\n\n\n<p class=\"has-text-align-center has-nv-dark-bg-color has-text-color has-link-color wp-elements-ca46f6c3af1a2cfbb499e55b1f027b2d\">Palestrante: Neyla Reis<br>Patr\u00edcia Zutiao <br>Adevanucia Nere<br>Andreia Rego<\/p>\n\n\n\n<p class=\"has-text-align-center has-nv-dark-bg-color has-text-color has-link-color wp-elements-85ac27e013af066023aa9a744da8ae42\">Sala 12<\/p>\n\n\n\n<h4 class=\"wp-block-heading has-text-align-center has-nv-dark-bg-color has-nv-light-bg-background-color has-text-color has-background has-link-color wp-elements-811cbeb56658cb39035cc819771258d9\">Lan\u00e7amento PIBID 2024-2026 (08h30 &#8211; 10h)<\/h4>\n\n\n\n<p class=\"has-text-align-center has-nv-dark-bg-color has-text-color has-link-color wp-elements-476bc92296f919b47db989eccb7cf48b\">Media\u00e7\u00e3o: Jose Aurimar Angelim<\/p>\n\n\n\n<p class=\"has-text-align-center has-nv-dark-bg-color has-text-color has-link-color wp-elements-a84f3b7d50e58eac5023bae6398377cc\">Sala 11<\/p>\n\n\n\n<h4 class=\"wp-block-heading has-text-align-center has-nv-dark-bg-color has-nv-light-bg-background-color has-text-color has-background has-link-color wp-elements-fb48afb06fe38fcd3ed9f2d69eab3a81\">Lan\u00e7amento Programa Nacional de Forma\u00e7\u00e3o de Professores &#8211; PAFOR Equidade (08h30 &#8211; 10h)<\/h4>\n\n\n\n<p class=\"has-text-align-center has-nv-dark-bg-color has-text-color has-link-color wp-elements-155781a3f0b7196f3afa8713bb032b9e\">Media\u00e7\u00e3o: Gabriela Bello<\/p>\n\n\n\n<p class=\"has-text-align-center has-nv-dark-bg-color has-text-color has-link-color wp-elements-a84f3b7d50e58eac5023bae6398377cc\">Sala 11<\/p>\n\n\n\n<h4 class=\"wp-block-heading has-text-align-center has-nv-dark-bg-color has-nv-light-bg-background-color has-text-color has-background has-link-color wp-elements-704da0f605ed8bb877a1e0cf243ac0ae\">Mesa Redonda &#8211; Mulheres na Computa\u00e7\u00e3o: Desafios e Conquistas em Suas Trajet\u00f3rias (08h30 &#8211; 10h)<\/h4>\n\n\n\n<p class=\"has-text-align-center has-nv-dark-bg-color has-text-color has-link-color wp-elements-f8a78265f7719da1f8f456fc36cc3c47\">Media\u00e7\u00e3o: Sabrina Silva Dias<\/p>\n\n\n\n<p class=\"has-text-align-center has-nv-dark-bg-color has-text-color has-link-color wp-elements-0e392deea6ed5d0c8eca550c7db3276d\">Palestrante: Lilian Pereira da Silva Teixeira <br>Claudia Bocchese de Lima <br>Elane Souza da Silva<br><\/p>\n\n\n\n<p class=\"has-text-align-center has-nv-dark-bg-color has-text-color has-link-color wp-elements-0f2b6bbf4b8756219588da9721dc878d\">Sala 9<\/p>\n\n\n\n<h4 class=\"wp-block-heading has-text-align-center has-nv-dark-bg-color has-nv-light-bg-background-color has-text-color has-background has-link-color wp-elements-135bd4b1cb23e9f21aa7dbe1a846ed19\">Mesa Redonda &#8211; A extens\u00e3o no Ensino de P\u00f3s-Gradua\u00e7\u00e3o: caminhos e possibilidades, Projeto Angico PROEXT\/CAPES (08h30 &#8211; 10h)<\/h4>\n\n\n\n<p class=\"has-text-align-center has-nv-dark-bg-color has-text-color has-link-color wp-elements-35e22445a3476452f19cce2f6a8f43bc\">Media\u00e7\u00e3o: Fernanda Alves de Santana<\/p>\n\n\n\n<p class=\"has-text-align-center has-nv-dark-bg-color has-text-color has-link-color wp-elements-f26b593c83c95a19876b3ea347e7168a\">Palestrantes: Calila Teixeira<br>Rafael Trocoli <\/p>\n\n\n\n<p class=\"has-text-align-center has-nv-dark-bg-color has-text-color has-link-color wp-elements-860df6e59dae6f1ac3a799f240c7fd8a\">Sala: Audit\u00f3rio do <em>Campus<\/em> Senhor do Bonfim<\/p>\n\n\n\n<h4 class=\"wp-block-heading has-text-align-center has-nv-dark-bg-color has-nv-light-bg-background-color has-text-color has-background has-link-color wp-elements-7f976df3588ed84ac10fb4042905015c\">Roda de Conversa &#8211; Geni IF BAIANO: articula\u00e7\u00f5es, potencialidades e desafios (08h30 &#8211; 10h)<\/h4>\n\n\n\n<p class=\"has-text-align-center has-nv-dark-bg-color has-text-color has-link-color wp-elements-28872cc8a35af909b89aaa718742cd5b\">Media\u00e7\u00e3o: Rafaela Magalh\u00e3es<\/p>\n\n\n\n<p class=\"has-text-align-center has-nv-dark-bg-color has-text-color has-link-color wp-elements-c8f5a66ad233c90cba07a953f171a134\">Sala 10<\/p>\n\n\n\n<h4 class=\"wp-block-heading has-text-align-center has-nv-dark-bg-color has-nv-light-bg-background-color has-text-color has-background has-link-color wp-elements-62678066f9ebcba5b64467f359761866\"><a href=\"https:\/\/eventos.ifbaiano.edu.br\/portal\/congresso\/ordem-de-apresentacoes\/\">Apresenta\u00e7\u00e3o de Trabalhos (10h &#8211; 12h)<\/a><\/h4>\n\n\n\n<h4 class=\"wp-block-heading has-text-align-center has-nv-dark-bg-color has-nv-light-bg-background-color has-text-color has-background has-link-color wp-elements-4e1bb9a5a7be31850f7a82e5b7f5342f\">Almo\u00e7o (12h &#8211; 13h30)<\/h4>\n\n\n\n<h4 class=\"wp-block-heading has-text-align-center has-nv-dark-bg-color has-nv-light-bg-background-color has-text-color has-background has-link-color wp-elements-21740fbaaf3ce21073ceb240a63c3995\">Palestra &#8211; Forma\u00e7\u00e3o docente no IF Baiano (13h30 &#8211; 15h30)<\/h4>\n\n\n\n<p class=\"has-text-align-center has-nv-dark-bg-color has-text-color has-link-color wp-elements-ed4fb4d49b60dec31943e58c1ee1ed08\">Lan\u00e7amento da Chamada P\u00fablica: Cole\u00e7\u00e3o Experi\u00eancias de Forma\u00e7\u00e3o Docente: PIBID e PRP IF Baiano<\/p>\n\n\n\n<p class=\"has-text-align-center has-nv-dark-bg-color has-text-color has-link-color wp-elements-71002d12b18909a894ae443be096543c\">Palestrante: K\u00e1tia Vilela<\/p>\n\n\n\n<p class=\"has-text-align-center has-nv-dark-bg-color has-text-color has-link-color wp-elements-34844df94e9110414ad308f67f2f3cf8\">A Forma\u00e7\u00e3o inicial como balizadora da\/na constru\u00e7\u00e3o da identidade docente: aproxima\u00e7\u00f5es e distanciamentos<\/p>\n\n\n\n<p class=\"has-text-align-center has-nv-dark-bg-color has-text-color has-link-color wp-elements-a22176b9f137f60805d85bebbaa19c0c\">Palestrante: Iv\u00e2nia Paula<\/p>\n\n\n\n<p class=\"has-text-align-center has-nv-dark-bg-color has-text-color has-link-color wp-elements-476bc92296f919b47db989eccb7cf48b\">Media\u00e7\u00e3o: Jose Aurimar Angelim<\/p>\n\n\n\n<p class=\"has-text-align-center has-nv-dark-bg-color has-text-color has-link-color wp-elements-860df6e59dae6f1ac3a799f240c7fd8a\">Sala: Audit\u00f3rio do <em>Campus<\/em> Senhor do Bonfim<\/p>\n\n\n\n<h4 class=\"wp-block-heading has-text-align-center has-nv-dark-bg-color has-nv-light-bg-background-color has-text-color has-background has-link-color wp-elements-778034ffa4286ba78236f3714e7c65c2\">Mesa Redonda &#8211; <strong>TAEs e a produ\u00e7\u00e3o cient\u00edfica no IF Baiano<\/strong> (13h30 &#8211; 14h30h)<\/h4>\n\n\n\n<p class=\"has-text-align-center has-nv-dark-bg-color has-text-color has-link-color wp-elements-95dd17fa4c0bf747ed6090d5c8526fcc\">Media\u00e7\u00e3o: Jorge Bispo<\/p>\n\n\n\n<p class=\"has-text-align-center has-nv-dark-bg-color has-text-color has-link-color wp-elements-b0bed1a063efd33b6ed34d5c51e8911b\">Palestrantes: Yslai Peixouto e Rosimere Lima<\/p>\n\n\n\n<p class=\"has-text-align-center has-nv-dark-bg-color has-text-color has-link-color wp-elements-85ac27e013af066023aa9a744da8ae42\">Sala 12<\/p>\n\n\n\n<h4 class=\"wp-block-heading has-text-align-center has-nv-dark-bg-color has-nv-light-bg-background-color has-text-color has-background has-link-color wp-elements-88f2ab3bd0702d60a8740ee20a813aac\">Mesa Redonda &#8211; <strong>O Programa Mulheres Mil no IF Baiano<\/strong> (14h30 &#8211; 15h30)<\/h4>\n\n\n\n<p class=\"has-text-align-center has-nv-dark-bg-color has-text-color has-link-color wp-elements-5d990e1d253a61a8c95c1bf980f06cb7\">Media\u00e7\u00e3o: Amanda Nogueira<\/p>\n\n\n\n<p class=\"has-text-align-center has-nv-dark-bg-color has-text-color has-link-color wp-elements-2cc57192c067c3ed831b33f020cbe1d1\">Palestrante: Uilma Reis, Milena Vergne e Calila Teixeira<\/p>\n\n\n\n<p class=\"has-text-align-center has-nv-dark-bg-color has-text-color has-link-color wp-elements-85ac27e013af066023aa9a744da8ae42\">Sala 12<\/p>\n\n\n\n<h4 class=\"wp-block-heading has-text-align-center has-nv-dark-bg-color has-nv-light-bg-background-color has-text-color has-background has-link-color wp-elements-17527a5ddfc0a388b8428c5c7e44c983\">Encerramento e Premia\u00e7\u00f5es &#8211; Festival de Arte e M\u00fasica do IF Baiano &#8211; FAMIF (15h30 &#8211; 19h00)<\/h4>\n<\/div><\/div>\n<\/div>\n<\/div>\n","protected":false},"excerpt":{"rendered":"","protected":false},"author":74,"featured_media":0,"parent":4607,"menu_order":0,"comment_status":"closed","ping_status":"closed","template":"","meta":{"neve_meta_sidebar":"","neve_meta_container":"","neve_meta_enable_content_width":"","neve_meta_content_width":0,"neve_meta_title_alignment":"","neve_meta_author_avatar":"","neve_post_elements_order":"","neve_meta_disable_header":"","neve_meta_disable_footer":"","neve_meta_disable_title":"","footnotes":""},"_links":{"self":[{"href":"https:\/\/eventos.ifbaiano.edu.br\/portal\/congresso\/wp-json\/wp\/v2\/pages\/4615"}],"collection":[{"href":"https:\/\/eventos.ifbaiano.edu.br\/portal\/congresso\/wp-json\/wp\/v2\/pages"}],"about":[{"href":"https:\/\/eventos.ifbaiano.edu.br\/portal\/congresso\/wp-json\/wp\/v2\/types\/page"}],"author":[{"embeddable":true,"href":"https:\/\/eventos.ifbaiano.edu.br\/portal\/congresso\/wp-json\/wp\/v2\/users\/74"}],"replies":[{"embeddable":true,"href":"https:\/\/eventos.ifbaiano.edu.br\/portal\/congresso\/wp-json\/wp\/v2\/comments?post=4615"}],"version-history":[{"count":1,"href":"https:\/\/eventos.ifbaiano.edu.br\/portal\/congresso\/wp-json\/wp\/v2\/pages\/4615\/revisions"}],"predecessor-version":[{"id":4616,"href":"https:\/\/eventos.ifbaiano.edu.br\/portal\/congresso\/wp-json\/wp\/v2\/pages\/4615\/revisions\/4616"}],"up":[{"embeddable":true,"href":"https:\/\/eventos.ifbaiano.edu.br\/portal\/congresso\/wp-json\/wp\/v2\/pages\/4607"}],"wp:attachment":[{"href":"https:\/\/eventos.ifbaiano.edu.br\/portal\/congresso\/wp-json\/wp\/v2\/media?parent=4615"}],"curies":[{"name":"wp","href":"https:\/\/api.w.org\/{rel}","templated":true}]}}