{"id":3857,"date":"2024-10-30T16:27:27","date_gmt":"2024-10-30T19:27:27","guid":{"rendered":"https:\/\/eventos.ifbaiano.edu.br\/portal\/congresso\/?page_id=3857"},"modified":"2024-10-30T16:32:36","modified_gmt":"2024-10-30T19:32:36","slug":"mediadores-2024","status":"publish","type":"page","link":"https:\/\/eventos.ifbaiano.edu.br\/portal\/congresso\/mediadores-2024\/","title":{"rendered":"MEDIADORES 2024"},"content":{"rendered":"\n<figure class=\"wp-block-table is-style-stripes\"><table><tbody><tr><td><strong>Mesa\/Palestra\/Roda\/Oficina\/Semin\u00e1rio<\/strong><\/td><td><strong>Nome da Atividade<\/strong><\/td><td><strong>Nome do Respons\u00e1vel<\/strong><\/td><\/tr><tr><td>Oficina<\/td><td>Agricultura digital \u2013 sensores e atuadores<\/td><td><a href=\"https:\/\/eventos.ifbaiano.edu.br\/portal\/congresso\/files\/2024\/10\/Certificado-Palestrante-Leandro-Goncalves.docx.pdf\">Leandro Gon\u00e7alves<\/a><\/td><\/tr><tr><td>Oficina<\/td><td>Orienta\u00e7\u00e3o Vocacional: escolha da carreira baseada na personalidade<\/td><td><a href=\"https:\/\/eventos.ifbaiano.edu.br\/portal\/congresso\/files\/2024\/10\/Certificado-Palestrante-Patricia-Vaz.docx.pdf\">Patricia Vaz<\/a><\/td><\/tr><tr><td>Oficina<\/td><td>Avalia\u00e7\u00e3o da aprendizagem<\/td><td><a href=\"https:\/\/eventos.ifbaiano.edu.br\/portal\/congresso\/files\/2024\/10\/Certificado-Palestrante-Jose-Aurimar.docx.pdf\">Jose Aurimar dos Santos Angelim<\/a><\/td><\/tr><tr><td>Oficina<\/td><td>Heteroidentifica\u00e7\u00e3o: conhecer para defender!<\/td><td><a href=\"https:\/\/eventos.ifbaiano.edu.br\/portal\/congresso\/files\/2024\/10\/Certificado-Palestrante-Rafaela-Magalhaes.docx.pdf\">Rafaela Magalh\u00e3es<\/a><\/td><\/tr><tr><td>Oficina<\/td><td>Cultivo de Bonsai<\/td><td><a href=\"https:\/\/eventos.ifbaiano.edu.br\/portal\/congresso\/files\/2024\/10\/Certificado-Palestrante-Antonio-Sousa-Silva.docx.pdf\">Antonio Sousa Silva<\/a><\/td><\/tr><tr><td>Oficina<\/td><td rowspan=\"3\">Aprendizagem Criativa: Modelagem e Impress\u00e3o 3D<\/td><td><a href=\"https:\/\/eventos.ifbaiano.edu.br\/portal\/congresso\/files\/2024\/10\/Certificado-Palestrante-Mario-Pierre-Jr.docx.pdf\">M\u00e1rio Pierre Jr<\/a><\/td><\/tr><tr><td>Oficina<\/td><td><a href=\"https:\/\/eventos.ifbaiano.edu.br\/portal\/congresso\/files\/2024\/10\/Certificado-Palestrante-Sergio-Vinicius-Nery-da-Silva-.docx.pdf\">S\u00e9rgio Vin\u00edcius Nery da Silva<\/a><\/td><\/tr><tr><td>Oficina<\/td><td><a href=\"https:\/\/eventos.ifbaiano.edu.br\/portal\/congresso\/files\/2024\/10\/Certificado-Palestrante-Joao-Bernardo-dos-Santos-Silva.docx.pdf\">Jo\u00e3o Bernardo dos Santos Silva<\/a><\/td><\/tr><tr><td>Oficina<\/td><td>Desenvolvimento de jogos 2D no Unity<\/td><td><a href=\"https:\/\/eventos.ifbaiano.edu.br\/portal\/congresso\/files\/2024\/10\/Certificado-Palestrante-Jesse-Nery.docx.pdf\">Jesse Nery Filho<\/a><\/td><\/tr><tr><td>Oficina<\/td><td>Espanhol Para Viagens: Comunica\u00e7\u00f5es Essenciais<\/td><td><a href=\"https:\/\/eventos.ifbaiano.edu.br\/portal\/congresso\/files\/2024\/10\/Certificado-Palestrante-Antonio-Sousa-Silva.docx.pdf\">Debora Felix dos Santos<\/a><\/td><\/tr><tr><td>Oficina<\/td><td>G\u00eanero e Sexualidade na Escola: por uma educa\u00e7\u00e3o emancipadora<\/td><td><a href=\"https:\/\/eventos.ifbaiano.edu.br\/portal\/congresso\/files\/2024\/10\/Certificado-Palestrante-Iara-Colina.docx.pdf\">Iara Colina<\/a><\/td><\/tr><tr><td>Oficina<\/td><td>Reposit\u00f3rio Institucional: acesso e dep\u00f3sito de produ\u00e7\u00f5es<\/td><td><a href=\"https:\/\/eventos.ifbaiano.edu.br\/portal\/congresso\/files\/2024\/10\/Certificado-Palestrante-Josuel-Ferreira.docx.pdf\">Josuel Ferreira<\/a><\/td><\/tr><tr><td>Oficina<\/td><td>Literatura negra, poesia e compromisso com a cidadania<\/td><td><a href=\"https:\/\/eventos.ifbaiano.edu.br\/portal\/congresso\/files\/2024\/10\/Certificado-Palestrante-Edna-Ferreira.docx.pdf\">Edna Ferreira<\/a> e <a href=\"https:\/\/eventos.ifbaiano.edu.br\/portal\/congresso\/files\/2024\/10\/Certificado-Palestrante-Leonice-Souza.docx.pdf\">Leonice Souza<\/a><\/td><\/tr><tr><td>Oficina<\/td><td>Do texto \u00e0 Cena: oficina de teatro<\/td><td><a href=\"https:\/\/eventos.ifbaiano.edu.br\/portal\/congresso\/files\/2024\/10\/Certificado-Palestrante-Junio-Custodio.docx.pdf\">Junio Custodio<\/a><\/td><\/tr><tr><td>Mesa Redonda<\/td><td>Ci\u00eancia por Elas: Meninas e Mulheres em Pesquisas Cient\u00edficas<\/td><td><a href=\"https:\/\/eventos.ifbaiano.edu.br\/portal\/congresso\/files\/2024\/10\/Certificado-Mediadora-Larissa-Mesa-Redonda-.docx.pdf\">Larissa Peixoto Silva<\/a><\/td><\/tr><tr><td>Mesa Redonda<\/td><td>Experi\u00eancias exitosas do Programa de Extens\u00e3o Tecnol\u00f3gicas do IF Baiano (PET 2023\/2024)<\/td><td><a href=\"https:\/\/eventos.ifbaiano.edu.br\/portal\/congresso\/files\/2024\/10\/Certificado-Mediadora-Thais-Mesa-Redonda.docx.pdf\">Thais Lopes<\/a><\/td><\/tr><tr><td>Roda de Conversa<\/td><td>Estrat\u00e9gias para fortalecimento das Pol\u00edticas afirmativas no IF Baiano<\/td><td><a href=\"https:\/\/eventos.ifbaiano.edu.br\/portal\/congresso\/files\/2024\/10\/Certificado-Mediadora-Rafaela-Roda-de-Conversa.docx.pdf\">Rafaela Magalh\u00e3es \u2013 (Proen-PAAED)<\/a><\/td><\/tr><tr><td>Semin\u00e1rio<\/td><td>A Internacionaliza\u00e7\u00e3o e a Mobilidade Acad\u00eamica no IF Baiano<\/td><td><a href=\"https:\/\/eventos.ifbaiano.edu.br\/portal\/congresso\/files\/2024\/10\/Certificado-Mediadora-Vania-Seminario.docx.pdf\">V\u00e2nia Luz<\/a><\/td><\/tr><tr><td>Mesa Redonda<\/td><td>Forma\u00e7\u00e3o de professores para a EJA na perspectiva da Educa\u00e7\u00e3o Especial Inclusiva<\/td><td><a href=\"https:\/\/eventos.ifbaiano.edu.br\/portal\/congresso\/files\/2024\/10\/Certificado-Mediadora-Martha-Mesa-Redonda.docx.pdf\">Martha de C\u00e1ssia<\/a><\/td><\/tr><tr><td rowspan=\"2\">&#8211;<\/td><td>Lan\u00e7amento PIBID 2024-2026<\/td><td>Jose Aurimar Angelim<\/td><\/tr><tr><td>Lan\u00e7amento Programa Nacional de Forma\u00e7\u00e3o de Professores \u2013 PAFOR Equidade<\/td><td>Gabriela Bello<\/td><\/tr><tr><td>Mesa Redonda<\/td><td>Mulheres na Computa\u00e7\u00e3o: Desafios e Conquistas em Suas Trajet\u00f3rias<\/td><td><a href=\"https:\/\/eventos.ifbaiano.edu.br\/portal\/congresso\/files\/2024\/10\/Certificado-Mediadora-Sabrina-Mesa-Redonda.docx.pdf\">Sabrina Silva Dias<\/a><\/td><\/tr><tr><td>Mesa Redonda<\/td><td>Geni IF BAIANO: articula\u00e7\u00f5es, potencialidades e desafios<\/td><td><a href=\"https:\/\/eventos.ifbaiano.edu.br\/portal\/congresso\/files\/2024\/10\/Certificado-Mediadora-Rafaela-Roda-de-Conversa-Geni.docx.pdf\">Rafaela Magalh\u00e3es<\/a><\/td><\/tr><tr><td>Palestra<\/td><td>Forma\u00e7\u00e3o docente no IF Baiano<\/td><td>Jose Aurimar Angelim<\/td><\/tr><tr><td>Mesa Redonda<\/td><td>TAEs e a produ\u00e7\u00e3o cient\u00edfica no IF Baiano<\/td><td><a href=\"https:\/\/eventos.ifbaiano.edu.br\/portal\/congresso\/files\/2024\/10\/Certificado-Mediador-Jorge-Mesa-Redonda.docx.pdf\">Jorge Bispo<\/a><\/td><\/tr><tr><td>Mesa Redonda<\/td><td>O Programa Mulheres Mil no IF Baiano<\/td><td><a href=\"https:\/\/eventos.ifbaiano.edu.br\/portal\/congresso\/files\/2024\/10\/Certificado-Mediadora-Amanda-Nogueira-Mesa-Redonda.docx.pdf\">Amanda Nogueira<\/a><\/td><\/tr><\/tbody><\/table><\/figure>\n","protected":false},"excerpt":{"rendered":"<p>Mesa\/Palestra\/Roda\/Oficina\/Semin\u00e1rio Nome da Atividade Nome do Respons\u00e1vel Oficina Agricultura digital \u2013 sensores e atuadores Leandro Gon\u00e7alves Oficina Orienta\u00e7\u00e3o Vocacional: escolha da carreira baseada na personalidade Patricia Vaz Oficina Avalia\u00e7\u00e3o da aprendizagem Jose Aurimar dos Santos Angelim Oficina Heteroidentifica\u00e7\u00e3o: conhecer para defender! Rafaela Magalh\u00e3es Oficina Cultivo de Bonsai Antonio Sousa Silva Oficina Aprendizagem Criativa: Modelagem e&hellip;&nbsp;<a href=\"https:\/\/eventos.ifbaiano.edu.br\/portal\/congresso\/mediadores-2024\/\" rel=\"bookmark\">Continue a ler &raquo;<span class=\"screen-reader-text\">MEDIADORES 2024<\/span><\/a><\/p>\n","protected":false},"author":96,"featured_media":0,"parent":0,"menu_order":0,"comment_status":"closed","ping_status":"closed","template":"","meta":{"neve_meta_sidebar":"","neve_meta_container":"","neve_meta_enable_content_width":"","neve_meta_content_width":0,"neve_meta_title_alignment":"","neve_meta_author_avatar":"","neve_post_elements_order":"","neve_meta_disable_header":"","neve_meta_disable_footer":"","neve_meta_disable_title":"","footnotes":""},"_links":{"self":[{"href":"https:\/\/eventos.ifbaiano.edu.br\/portal\/congresso\/wp-json\/wp\/v2\/pages\/3857"}],"collection":[{"href":"https:\/\/eventos.ifbaiano.edu.br\/portal\/congresso\/wp-json\/wp\/v2\/pages"}],"about":[{"href":"https:\/\/eventos.ifbaiano.edu.br\/portal\/congresso\/wp-json\/wp\/v2\/types\/page"}],"author":[{"embeddable":true,"href":"https:\/\/eventos.ifbaiano.edu.br\/portal\/congresso\/wp-json\/wp\/v2\/users\/96"}],"replies":[{"embeddable":true,"href":"https:\/\/eventos.ifbaiano.edu.br\/portal\/congresso\/wp-json\/wp\/v2\/comments?post=3857"}],"version-history":[{"count":2,"href":"https:\/\/eventos.ifbaiano.edu.br\/portal\/congresso\/wp-json\/wp\/v2\/pages\/3857\/revisions"}],"predecessor-version":[{"id":3861,"href":"https:\/\/eventos.ifbaiano.edu.br\/portal\/congresso\/wp-json\/wp\/v2\/pages\/3857\/revisions\/3861"}],"wp:attachment":[{"href":"https:\/\/eventos.ifbaiano.edu.br\/portal\/congresso\/wp-json\/wp\/v2\/media?parent=3857"}],"curies":[{"name":"wp","href":"https:\/\/api.w.org\/{rel}","templated":true}]}}