{"id":3801,"date":"2024-10-30T16:05:01","date_gmt":"2024-10-30T19:05:01","guid":{"rendered":"https:\/\/eventos.ifbaiano.edu.br\/portal\/congresso\/?page_id=3801"},"modified":"2025-02-12T11:55:25","modified_gmt":"2025-02-12T14:55:25","slug":"palestrante-2024","status":"publish","type":"page","link":"https:\/\/eventos.ifbaiano.edu.br\/portal\/congresso\/palestrante-2024\/","title":{"rendered":"PALESTRANTE 2024"},"content":{"rendered":"\n<figure class=\"wp-block-table is-style-stripes\"><table><tbody><tr><td><strong>Palestra\/Mesa\/Roda\/Semin\u00e1rio<\/strong><\/td><td><strong>Nome da Palestra<\/strong><\/td><td><strong>Nome do Palestrante<\/strong><\/td><\/tr><tr><td>Palestra<\/td><td>Financiamento da Educa\u00e7\u00e3o e or\u00e7amento dos Institutos Federais<\/td><td><a href=\"https:\/\/eventos.ifbaiano.edu.br\/portal\/congresso\/files\/2024\/10\/Certificado-Palestrante-Jean-Carlos.docx.pdf\">Jean Carlos Coelho de Alencar<\/a><\/td><\/tr><tr><td>Palestra Online<\/td><td>Conceito e pr\u00e1tica das Trilhas de Aprendizagem como estrat\u00e9gica pedag\u00f3gica na EaD<\/td><td><a href=\"https:\/\/eventos.ifbaiano.edu.br\/portal\/congresso\/files\/2024\/10\/Certificado-Palestrante-Josali.docx.pdf\">Josali do Amaral (IFPB)<\/a><\/td><\/tr><tr><td rowspan=\"5\">Mesa Redonda<\/td><td rowspan=\"5\">Ci\u00eancia por Elas: Meninas e Mulheres em Pesquisas Cient\u00edficas<\/td><td><a href=\"https:\/\/eventos.ifbaiano.edu.br\/portal\/congresso\/files\/2024\/10\/Certificado-Palestrante-Patricia-Oliveira.docx.pdf\">Patricia Oliveira dos Santos<\/a><\/td><\/tr><tr><td><a href=\"https:\/\/eventos.ifbaiano.edu.br\/portal\/congresso\/files\/2024\/10\/Certificado-Palestrante-Viviane-correa.docx.pdf\">Viviane Correa Santos<\/a><\/td><\/tr><tr><td><a href=\"https:\/\/eventos.ifbaiano.edu.br\/portal\/congresso\/files\/2024\/10\/Certificado-Palestrante-Rafaella-.docx.pdf\">Rafaella Oliveira Baracho<\/a><\/td><\/tr><tr><td><a href=\"https:\/\/eventos.ifbaiano.edu.br\/portal\/congresso\/files\/2024\/10\/Certificado-Palestrante-Maria-Iraildes.docx.pdf\">Maria Iraildes de Almeida Silva Matias<\/a><\/td><\/tr><tr><td><a href=\"https:\/\/eventos.ifbaiano.edu.br\/portal\/congresso\/files\/2024\/10\/Certificado-Palestrante-Maria-Auxiliadora.docx.pdf\">Maria Auxiliadora<\/a><\/td><\/tr><tr><td rowspan=\"4\">Mesa Redonda<\/td><td rowspan=\"4\">Experi\u00eancias exitosas do Programa de Extens\u00e3o Tecnol\u00f3gicas do IF Baiano (PET 2023\/2024)<\/td><td><a href=\"https:\/\/eventos.ifbaiano.edu.br\/portal\/congresso\/files\/2024\/10\/Certificado-Palestrante-Gustavo-Sabry.docx.pdf\">Gustavo Sabry<\/a><\/td><\/tr><tr><td><a href=\"https:\/\/eventos.ifbaiano.edu.br\/portal\/congresso\/files\/2024\/10\/Certificado-Palestrante-Yug-Lopes.docx.pdf\">Yug Lopes<\/a><\/td><\/tr><tr><td><a href=\"https:\/\/eventos.ifbaiano.edu.br\/portal\/congresso\/files\/2024\/10\/Certificado-Palestrante-Ivna.docx.pdf\">Ivna Souza<\/a><\/td><\/tr><tr><td><a href=\"https:\/\/eventos.ifbaiano.edu.br\/portal\/congresso\/files\/2024\/10\/Certificado-Palestrante-Evanilton.docx.pdf\">Evanilton Alves<\/a><\/td><\/tr><tr><td rowspan=\"3\">Roda de Conversa<\/td><td rowspan=\"3\">Estrat\u00e9gias para fortalecimento das Pol\u00edticas afirmativas no IF Baiano<\/td><td><a href=\"https:\/\/eventos.ifbaiano.edu.br\/portal\/congresso\/files\/2024\/10\/Certificado-Palestrante-chintamani.docx.pdf\">Chintamani Santana Alves (NEABi)<\/a><\/td><\/tr><tr><td><a href=\"https:\/\/eventos.ifbaiano.edu.br\/portal\/congresso\/files\/2024\/10\/Certificado-Palestrante-Iara-Colina.docx.pdf\">Iara colina (Geni)<\/a><\/td><\/tr><tr><td><a href=\"https:\/\/eventos.ifbaiano.edu.br\/portal\/congresso\/files\/2025\/02\/Certificado-Palestrante-Patricia-Oliveira.pdf\">Patr\u00edcia Oliveira (NAPNE)<\/a><\/td><\/tr><tr><td>Semin\u00e1rio<\/td><td>A Internacionaliza\u00e7\u00e3o e a Mobilidade Acad\u00eamica no IF Baiano<\/td><td><a href=\"https:\/\/eventos.ifbaiano.edu.br\/portal\/congresso\/files\/2024\/10\/Certificado-Palestrante-Cinira.docx.pdf\">Cinira de A. Fernandes<\/a><\/td><\/tr><tr><td rowspan=\"4\">Mesa Redonda<\/td><td rowspan=\"4\">Forma\u00e7\u00e3o de professores para a EJA na perspectiva da Educa\u00e7\u00e3o Especial Inclusiva<\/td><td><a href=\"https:\/\/eventos.ifbaiano.edu.br\/portal\/congresso\/files\/2024\/10\/Certificado-Palestrante-Neyla-Reis.docx.pdf\">Neyla Reis<\/a><\/td><\/tr><tr><td><a href=\"https:\/\/eventos.ifbaiano.edu.br\/portal\/congresso\/files\/2024\/10\/Certificado-Palestrante-Patricia-Zutiao-.docx.pdf\">Patr\u00edcia Zutiao<\/a><\/td><\/tr><tr><td><a href=\"https:\/\/eventos.ifbaiano.edu.br\/portal\/congresso\/files\/2024\/10\/Certificado-Palestrante-Adevanucia-Nere.docx.pdf\">Adevanucia Nere<\/a><\/td><\/tr><tr><td><a href=\"https:\/\/eventos.ifbaiano.edu.br\/portal\/congresso\/files\/2024\/10\/Certificado-Palestrante-Andreia-Rego.docx.pdf\">Andreia Rego<\/a><\/td><\/tr><tr><td rowspan=\"3\">Mesa Redonda<\/td><td rowspan=\"3\">Mulheres na Computa\u00e7\u00e3o: Desafios e Conquistas em Suas Trajet\u00f3rias<\/td><td><a href=\"https:\/\/eventos.ifbaiano.edu.br\/portal\/congresso\/files\/2024\/10\/Certificado-Palestrante-Lilian-Pereira-.docx.pdf\">Lilian Pereira da Silva Teixeira<\/a><\/td><\/tr><tr><td><a href=\"https:\/\/eventos.ifbaiano.edu.br\/portal\/congresso\/files\/2024\/10\/Certificado-Palestrante-Claudia.docx.pdf\">Claudia Bocchese de Lima<\/a><\/td><\/tr><tr><td><a href=\"https:\/\/eventos.ifbaiano.edu.br\/portal\/congresso\/files\/2024\/10\/Certificado-Palestrante-Elane-Souza-.docx.pdf\">Elane Souza da Silva<\/a><\/td><\/tr><tr><td>Mesa Redonda<\/td><td>A extens\u00e3o no Ensino de P\u00f3s-Gradua\u00e7\u00e3o: caminhos e possibilidades, Projeto Angico PROEXT\/CAPES<\/td><td><a href=\"https:\/\/eventos.ifbaiano.edu.br\/portal\/congresso\/files\/2024\/10\/Certificado-Palestrante-Calila-Teixeira.docx.pdf\">Calila Teixeira<\/a><\/td><\/tr><tr><td>Palestra<\/td><td>Forma\u00e7\u00e3o docente no IF Baiano<\/td><td><a href=\"https:\/\/eventos.ifbaiano.edu.br\/portal\/congresso\/files\/2025\/02\/Certificado-Palestrante-katia.pdf\">K\u00e1tia Vilela<\/a><\/td><\/tr><tr><td>Palestra<\/td><td>A Forma\u00e7\u00e3o inicial como balizadora da\/na constru\u00e7\u00e3o da identidade docente: aproxima\u00e7\u00f5es e distanciamentos<\/td><td><a href=\"https:\/\/eventos.ifbaiano.edu.br\/portal\/congresso\/files\/2025\/02\/Certificado-Palestrante-ivania.pdf\">Iv\u00e2nia Paula<\/a><\/td><\/tr><tr><td rowspan=\"2\">Mesa Redonda<\/td><td rowspan=\"2\">TAEs e a produ\u00e7\u00e3o cient\u00edfica no IF Baiano<\/td><td><a href=\"https:\/\/eventos.ifbaiano.edu.br\/portal\/congresso\/files\/2024\/10\/Certificado-Palestrante-Yslai.docx.pdf\">Yslai Peixouto<\/a><\/td><\/tr><tr><td><a href=\"https:\/\/eventos.ifbaiano.edu.br\/portal\/congresso\/files\/2024\/10\/Certificado-Palestrante-Rosimere.docx.pdf\">Rosimere Lima<\/a><\/td><\/tr><tr><td rowspan=\"3\">Mesa Redonda<\/td><td rowspan=\"3\">O Programa Mulheres Mil no IF Baiano<\/td><td><a href=\"https:\/\/eventos.ifbaiano.edu.br\/portal\/congresso\/files\/2024\/10\/Certificado-Palestrante-Uilma.docx.pdf\">Uilma Reis<\/a><\/td><\/tr><tr><td><a href=\"https:\/\/eventos.ifbaiano.edu.br\/portal\/congresso\/files\/2024\/10\/Certificado-Palestrante-Milena-Vergne.docx.pdf\">Milena Vergne<\/a><\/td><\/tr><tr><td><a href=\"https:\/\/eventos.ifbaiano.edu.br\/portal\/congresso\/files\/2024\/10\/Certificado-Palestrante-Calila-Teixeira-mulheres-mil.docx.pdf\">Calila Teixeira<\/a><\/td><\/tr><\/tbody><\/table><\/figure>\n","protected":false},"excerpt":{"rendered":"<p>Palestra\/Mesa\/Roda\/Semin\u00e1rio Nome da Palestra Nome do Palestrante Palestra Financiamento da Educa\u00e7\u00e3o e or\u00e7amento dos Institutos Federais Jean Carlos Coelho de Alencar Palestra Online Conceito e pr\u00e1tica das Trilhas de Aprendizagem como estrat\u00e9gica pedag\u00f3gica na EaD Josali do Amaral (IFPB) Mesa Redonda Ci\u00eancia por Elas: Meninas e Mulheres em Pesquisas Cient\u00edficas Patricia Oliveira dos Santos Viviane&hellip;&nbsp;<a href=\"https:\/\/eventos.ifbaiano.edu.br\/portal\/congresso\/palestrante-2024\/\" rel=\"bookmark\">Continue a ler &raquo;<span class=\"screen-reader-text\">PALESTRANTE 2024<\/span><\/a><\/p>\n","protected":false},"author":96,"featured_media":0,"parent":0,"menu_order":0,"comment_status":"closed","ping_status":"closed","template":"","meta":{"neve_meta_sidebar":"","neve_meta_container":"","neve_meta_enable_content_width":"","neve_meta_content_width":0,"neve_meta_title_alignment":"","neve_meta_author_avatar":"","neve_post_elements_order":"","neve_meta_disable_header":"","neve_meta_disable_footer":"","neve_meta_disable_title":"","footnotes":""},"_links":{"self":[{"href":"https:\/\/eventos.ifbaiano.edu.br\/portal\/congresso\/wp-json\/wp\/v2\/pages\/3801"}],"collection":[{"href":"https:\/\/eventos.ifbaiano.edu.br\/portal\/congresso\/wp-json\/wp\/v2\/pages"}],"about":[{"href":"https:\/\/eventos.ifbaiano.edu.br\/portal\/congresso\/wp-json\/wp\/v2\/types\/page"}],"author":[{"embeddable":true,"href":"https:\/\/eventos.ifbaiano.edu.br\/portal\/congresso\/wp-json\/wp\/v2\/users\/96"}],"replies":[{"embeddable":true,"href":"https:\/\/eventos.ifbaiano.edu.br\/portal\/congresso\/wp-json\/wp\/v2\/comments?post=3801"}],"version-history":[{"count":4,"href":"https:\/\/eventos.ifbaiano.edu.br\/portal\/congresso\/wp-json\/wp\/v2\/pages\/3801\/revisions"}],"predecessor-version":[{"id":4578,"href":"https:\/\/eventos.ifbaiano.edu.br\/portal\/congresso\/wp-json\/wp\/v2\/pages\/3801\/revisions\/4578"}],"wp:attachment":[{"href":"https:\/\/eventos.ifbaiano.edu.br\/portal\/congresso\/wp-json\/wp\/v2\/media?parent=3801"}],"curies":[{"name":"wp","href":"https:\/\/api.w.org\/{rel}","templated":true}]}}