{"id":3754,"date":"2024-10-30T15:00:34","date_gmt":"2024-10-30T18:00:34","guid":{"rendered":"https:\/\/eventos.ifbaiano.edu.br\/portal\/congresso\/?page_id=3754"},"modified":"2025-12-10T16:36:41","modified_gmt":"2025-12-10T19:36:41","slug":"premiados-2024","status":"publish","type":"page","link":"https:\/\/eventos.ifbaiano.edu.br\/portal\/congresso\/premiados-2024\/","title":{"rendered":"PREMIADOS 2024"},"content":{"rendered":"\n<h2 class=\"wp-block-heading has-text-align-center\">PIBIC GRADUA\u00c7\u00c3O<\/h2>\n\n\n\n<figure class=\"wp-block-table is-style-stripes\"><table><tbody><tr><td class=\"has-text-align-center\" data-align=\"center\">#<\/td><td class=\"has-text-align-center\" data-align=\"center\">Campus<\/td><td class=\"has-text-align-center\" data-align=\"center\">Nome do Projeto<\/td><td class=\"has-text-align-center\" data-align=\"center\">Orientador<\/td><td class=\"has-text-align-center\" data-align=\"center\">Discente<\/td><\/tr><tr><td class=\"has-text-align-center\" data-align=\"center\">1\u00aa<\/td><td class=\"has-text-align-center\" data-align=\"center\">Guanambi<\/td><td class=\"has-text-align-center\" data-align=\"center\"><a href=\"https:\/\/eventos.ifbaiano.edu.br\/portal\/congresso\/files\/2024\/10\/1o-lugar-MIC-ORAL.docx.pdf\">Caracteriza\u00e7\u00e3o Fenol\u00f3gica da Bananeira utilizando sensor multiespectral acoplado em aeronave remotamente pilotada<\/a><\/td><td class=\"has-text-align-center\" data-align=\"center\">Leandro Gon\u00e7alves dos Santos<\/td><td class=\"has-text-align-center\" data-align=\"center\">Aline Novaes de Souza<\/td><\/tr><tr><td class=\"has-text-align-center\" data-align=\"center\">2\u00aa<\/td><td class=\"has-text-align-center\" data-align=\"center\">Santa In\u00eas<\/td><td class=\"has-text-align-center\" data-align=\"center\"><a href=\"https:\/\/eventos.ifbaiano.edu.br\/portal\/congresso\/files\/2024\/10\/2o-lugar-MIC-ORAL.docx.pdf\">Caracteriza\u00e7\u00e3o de m\u00e9is de apis mell\u00edfera da regi\u00e3o do Vale do Jiquiri\u00e7a-BA para desenvolviemnto de bebida tipo hidromel<\/a><\/td><td class=\"has-text-align-center\" data-align=\"center\">Jessica Caroline Bigaski Ribeiro<\/td><td class=\"has-text-align-center\" data-align=\"center\">Inara Sales Costa<\/td><\/tr><tr><td class=\"has-text-align-center\" data-align=\"center\">3\u00aa<\/td><td class=\"has-text-align-center\" data-align=\"center\">Uru\u00e7uca<\/td><td class=\"has-text-align-center\" data-align=\"center\"><a href=\"https:\/\/eventos.ifbaiano.edu.br\/portal\/congresso\/files\/2024\/10\/3o-lugar-MIC-ORAL.docx.pdf\">Desenvolvimento de barra de cereal adiiconada da placenta do Cacau (Theobroma cacao L.) desidratada<\/a><\/td><td class=\"has-text-align-center\" data-align=\"center\">Luciano Bertollo Rusciolelli<\/td><td class=\"has-text-align-center\" data-align=\"center\">Gabriely Pasto Fran\u00e7a<\/td><\/tr><tr><td class=\"has-text-align-center\" data-align=\"center\">4\u00aa<\/td><td class=\"has-text-align-center\" data-align=\"center\">Bom Jesus da Lapa<\/td><td class=\"has-text-align-center\" data-align=\"center\"><a href=\"https:\/\/eventos.ifbaiano.edu.br\/portal\/congresso\/files\/2024\/10\/4o-lugar-MIC-ORAL.docx.pdf\">Gest\u00e3o do conhecimento, forma\u00e7\u00e3o de redes de colabora\u00e7\u00e3o solid\u00e1rias e desenvolvimento local: Uma abordagem a partir do movimento de mulheres rurais no territ\u00f3rio velho Chico-BA<\/a><\/td><td class=\"has-text-align-center\" data-align=\"center\">Ivna Herb\u00eania da Silva Souza<\/td><td class=\"has-text-align-center\" data-align=\"center\">Beatriz Silva<\/td><\/tr><tr><td class=\"has-text-align-center\" data-align=\"center\">5\u00aa<\/td><td class=\"has-text-align-center\" data-align=\"center\">Serrinha<\/td><td class=\"has-text-align-center\" data-align=\"center\"><a href=\"https:\/\/eventos.ifbaiano.edu.br\/portal\/congresso\/files\/2025\/04\/LEVANTAMENTO-DAS-ABORDAGENS-DA-GEOLOGIA-E-DA-PALEONTOLOGIA-NOA-LIVROS-DIDATICOS-DE-CIENCIA-ADOTADOS-PELA-REDE-MUNICIPAL-DE-EDUCACAO-DE-SERRINHA-BA.pdf\">Levantamento das abordagens da geologia e da palentologia nos livros did\u00e1ticos de ci\u00eancias adotados pela rede municipal de educa\u00e7\u00e3o de Serrinha-BA<\/a><\/td><td class=\"has-text-align-center\" data-align=\"center\">Maria Aparecida Brito Oliveira<\/td><td class=\"has-text-align-center\" data-align=\"center\">(<em>In memoriam<\/em><br>Waleska de Souza Guimar\u00e3es Arag\u00e3o)<br>Thiago Cunha de Oliveira Pinho<\/td><\/tr><tr><td class=\"has-text-align-center\" data-align=\"center\">6\u00aa<\/td><td class=\"has-text-align-center\" data-align=\"center\">Valen\u00e7a<\/td><td class=\"has-text-align-center\" data-align=\"center\"><a href=\"https:\/\/eventos.ifbaiano.edu.br\/portal\/congresso\/files\/2024\/10\/6o-lugar-MIC-ORAL.docx.pdf\">Monitoramento da qualidade das \u00e1guas dos estu\u00e1rios da APA Guaibim, em Valen\u00e7a Bahia<\/a><\/td><td class=\"has-text-align-center\" data-align=\"center\">Patricia Oliveira dos Santos<\/td><td class=\"has-text-align-center\" data-align=\"center\">Ingrid dos Santos Lemos<\/td><\/tr><\/tbody><\/table><\/figure>\n\n\n\n<h2 class=\"wp-block-heading has-text-align-center\">PIBIC ENSINO M\u00c9DIO<\/h2>\n\n\n\n<figure class=\"wp-block-table is-style-stripes\"><table><tbody><tr><td><\/td><td>Campus<\/td><td>Nome do Projeto<\/td><td>Orientador<\/td><td>Discente<\/td><\/tr><tr><td>1\u00aa<\/td><td>Valen\u00e7a<\/td><td><a href=\"https:\/\/eventos.ifbaiano.edu.br\/portal\/congresso\/files\/2024\/10\/MIC-POSTER-1o-lugar.docx.pdf\">Avalia\u00e7\u00e3o do potencial da casca de sururu (mytella sp) para uso em solo na produ\u00e7\u00e3o de alface (Lactuca sativa L)<\/a><\/td><td>Maria Iraildes de Almeida Silva Matias<\/td><td>Aquillis Shuji Goto Gon\u00e7alves<\/td><\/tr><tr><td>2\u00aa<\/td><td>Catu<\/td><td><a href=\"https:\/\/eventos.ifbaiano.edu.br\/portal\/congresso\/files\/2024\/10\/MIC-POSTER-2o-lugar.docx.pdf\">Carv\u00f5es ativado de desempenho aprimorado para descontamina\u00e7\u00e3o de \u00e1gua de abastecimento de comunidades rurais<\/a><\/td><td>Dalila dos Santos Monteiro<\/td><td>Andressa Evelyn Lima Santos<\/td><\/tr><tr><td>3\u00aa<\/td><td>Xique-Xique<\/td><td><a href=\"https:\/\/eventos.ifbaiano.edu.br\/portal\/congresso\/files\/2024\/10\/MIC-POSTER-3o-lugar.docx.pdf\">Xique-xique: imagens que contam hist\u00f3rias<\/a><\/td><td>Thiago Alberto Alves dos Santos<\/td><td>Pedro Lucas da Silva Cunha<\/td><\/tr><tr><td>4\u00aa<\/td><td>Serrinha<\/td><td><a href=\"https:\/\/eventos.ifbaiano.edu.br\/portal\/congresso\/files\/2024\/10\/MIC-POSTER-4o-lugar.docx.pdf\">Desenvolvimento de doce de leite pastoso diet\u00e9tico com diferentes concentra\u00e7\u00f5es de soro de leite<\/a><\/td><td>Maria Ant\u00f4nia Carvalho Lima de Jesus<\/td><td>Raillane Oliveira de Araujo<\/td><\/tr><tr><td>5\u00aa<\/td><td>Itaberaba<\/td><td><a href=\"https:\/\/eventos.ifbaiano.edu.br\/portal\/congresso\/files\/2024\/10\/MIC-POSTER-5o-lugar.docx.pdf\">Desenvolvimento de um sem\u00e1foro inteligente com utiliza\u00e7\u00e3o da plataforma de prototipagem arduino<\/a><\/td><td>Renato Batista dos Santos<\/td><td>Samuel Teles<\/td><\/tr><tr><td>6\u00aa<\/td><td>Teixeira de Freitas<\/td><td><a href=\"https:\/\/eventos.ifbaiano.edu.br\/portal\/congresso\/files\/2024\/10\/MIC-POSTER-6o-lugar.docx.pdf\">IFauna: levantamento faun\u00edstico em remanescente de mata atlantica no entorno do IF Baiano campus Teixeira de Freitas por meio de armadilhamento fotogr\u00e1fico<\/a><\/td><td>Rosane Silva dos Santos<\/td><td>Raquel da Silva Rocha<\/td><\/tr><\/tbody><\/table><\/figure>\n\n\n\n<h2 class=\"wp-block-heading has-text-align-center\">PIBIEX SUPERIOR<\/h2>\n\n\n\n<figure class=\"wp-block-table is-style-stripes\"><table><tbody><tr><td><\/td><td>Campus<\/td><td>Nome do Projeto<\/td><td>Discente<\/td><td>Orientador<\/td><\/tr><tr><td>1\u00aa<\/td><td>Bom Jesus da Lapa<\/td><td><a href=\"https:\/\/eventos.ifbaiano.edu.br\/portal\/congresso\/files\/2024\/10\/SEIC-ORAL-1o-lugar.docx.pdf\">ECOA &#8211; Incubadora de Organiza\u00e7\u00f5es Associativas Rurais<\/a><\/td><td>Graziele Oliveira Silva<\/td><td>Ivna Herb\u00eania da Silva Souza<\/td><\/tr><tr><td>2\u00aa<\/td><td>Guanambi<\/td><td><a href=\"https:\/\/eventos.ifbaiano.edu.br\/portal\/congresso\/files\/2024\/10\/SEIC-ORAL-2o-lugar.docx.pdf\">Oficina de rob\u00f3tica educacional: explorando a internet das coisas com estudantes de baixa renda em escola p\u00fablica<\/a><\/td><td>Larissa Souza Neves<\/td><td>Woquiton Lima Fernandes<\/td><\/tr><tr><td>3\u00aa<\/td><td>Serrinha<\/td><td><a href=\"https:\/\/eventos.ifbaiano.edu.br\/portal\/congresso\/files\/2024\/10\/SEIC-ORAL-3o-lugar.docx.pdf\">Sinalizar: intera\u00e7\u00e3o social em libras<\/a><\/td><td>Mateus Mota Leit\u00e3o<\/td><td>Jos\u00e9 Alexandre da Silva<\/td><\/tr><tr><td>4\u00aa<\/td><td>Bom Jesus da Lapa<\/td><td><a href=\"https:\/\/eventos.ifbaiano.edu.br\/portal\/congresso\/files\/2024\/10\/SEIC-ORAL-4o-lugar-.docx.pdf\">Jiu-Jitsu como meio de interven\u00e7\u00e3o da sa\u00fade f\u00edsica e mental: Valhalla Jiu-Jitsu<\/a><\/td><td>Eric Efrem Santos Castro<\/td><td>Taize Santos da Silva<\/td><\/tr><tr><td>5\u00aa<\/td><td>Teixeira de Freitas<\/td><td><a href=\"https:\/\/eventos.ifbaiano.edu.br\/portal\/congresso\/files\/2024\/10\/SEIC-ORAL-5o-lugar.docx.pdf\">Emprego de biotecnologias visando a produ\u00e7\u00e3o sustent\u00e1vel de passiflora edulis na regi\u00e3o do extremo Sul da Bahia<\/a><\/td><td>Anamaria Tigre Dias<\/td><td>Elen Sonia Maria Duarte Rosa<\/td><\/tr><\/tbody><\/table><\/figure>\n\n\n\n<h2 class=\"wp-block-heading has-text-align-center\">PIBIEX J\u00daNIOR<\/h2>\n\n\n\n<figure class=\"wp-block-table is-style-stripes\"><table><tbody><tr><td><\/td><td>Campus<\/td><td>Nome do Projeto<\/td><td>Discente<\/td><td>Orientador<\/td><\/tr><tr><td>1\u00aa<\/td><td>Xique-Xique<\/td><td><a href=\"https:\/\/eventos.ifbaiano.edu.br\/portal\/congresso\/files\/2024\/10\/SEIC-POSTER-1o-lugar.docx.pdf\">Xique-xique em fotos: Natureza, pessoas e cultura da cidade Ribeirinha<\/a><\/td><td>Taciana Santos da Concei\u00e7\u00e3o<\/td><td>Carolina Gonzales da Silva<\/td><\/tr><tr><td>2\u00aa<\/td><td>Guanambi<\/td><td><a href=\"https:\/\/eventos.ifbaiano.edu.br\/portal\/congresso\/files\/2024\/10\/SEIC-POSTER-2o-lugar-guanambi.docx.pdf\">Apoio na avalia\u00e7\u00e3o qu\u00edmica da qualidade da cacha\u00e7a artesanal a produtores na regi\u00e3o de Candiba-BA<\/a><\/td><td>Moema Pereira dos Santos<\/td><td>Enoc Lima do Rego<\/td><\/tr><tr><td>2\u00aa<\/td><td>Catu<\/td><td><a href=\"https:\/\/eventos.ifbaiano.edu.br\/portal\/congresso\/files\/2024\/10\/SEIC-POSTER-2o-lugar-catu.docx.pdf\">Livros Livres: o clube de leitura como estrat\u00e9gia de forma\u00e7\u00e3o de leitores em escola rural<\/a><\/td><td>Arielle Thuane da Silva Teixeira<\/td><td>Kelly Cristina Oliveira da Silva<\/td><\/tr><tr><td>3\u00aa<\/td><td>Bom Jesus da Lapa<\/td><td><a href=\"https:\/\/eventos.ifbaiano.edu.br\/portal\/congresso\/files\/2024\/10\/SEIC-POSTER-3o-lugar.docx.pdf\">EK\u00d3 \u00c8D\u00c8 YOR\u00d9B\u00c1: curso de l\u00edngua iorub\u00e1<\/a><\/td><td>Carla Franciele da Costa<\/td><td>Antonio Carlos Silva Costa de Souza<\/td><\/tr><tr><td>4\u00aa<\/td><td>Catu<\/td><td><a href=\"https:\/\/eventos.ifbaiano.edu.br\/portal\/congresso\/files\/2024\/10\/SEIC-POSTER-4o-lugar.docx.pdf\">Ciclo de palestras e debates sobre a mobilidade antirracista<\/a><\/td><td>Jo\u00e3o Pedro Sampaio Ferreira de Jesus<\/td><td>C\u00e9lio Jos\u00e9 dos Santos<\/td><\/tr><tr><td>5\u00aa<\/td><td>Itaberaba<\/td><td><a href=\"https:\/\/eventos.ifbaiano.edu.br\/portal\/congresso\/files\/2024\/10\/SEIC-POSTER-5o-lugar.docx.pdf\">A horta agroecol\u00f3gica como espa\u00e7o pedag\u00f3gico e terap\u00eautico: implanta\u00e7\u00e3o de um modelo sustent\u00e1vel no CRAS, Munic\u00edpio de Itaberaba-BA<\/a><\/td><td>Eli Cledson dos Santos Santana<\/td><td>Jefferson Oliveira de S\u00e1<\/td><\/tr><\/tbody><\/table><\/figure>\n\n\n\n<h2 class=\"wp-block-heading has-text-align-center\">PIBID\/PRP<\/h2>\n\n\n\n<figure class=\"wp-block-table is-style-stripes\"><table><tbody><tr><td><\/td><td>Campus<\/td><td>Nome do Projeto<\/td><td>Equipe<\/td><\/tr><tr><td>1\u00aa<\/td><td>Santa In\u00eas<\/td><td><a href=\"https:\/\/eventos.ifbaiano.edu.br\/portal\/congresso\/files\/2024\/10\/1o-lugar-PIBID_PRP.docx.pdf\">PIBID E RP EM A\u00c7\u00c3O: discutindo uso de agrot\u00f3xicos em escolas de educa\u00e7\u00e3o b\u00e1sica no Vale do Jiquiri\u00e7\u00e1<\/a><\/td><td>Mirele da Silva Felix, Jucileda Moreira Leandro, Michely F\u00e9lix Aline Lima<\/td><\/tr><tr><td>2\u00aa<\/td><td>Valen\u00e7a<\/td><td><a href=\"https:\/\/eventos.ifbaiano.edu.br\/portal\/congresso\/files\/2024\/10\/2o-lugar-PIBID_PRP.docx.pdf\">Concurso de fotografias atrav\u00e9s do olhar biol\u00f3gico: flores hermafroditas no IF Baiano &#8211; Campus Valen\u00e7a<\/a><\/td><td>Natal\u00ed de Jesus Santos, Perimar de Moura, Thecia Paes<\/td><\/tr><tr><td>3\u00aa<\/td><td>Valen\u00e7a<\/td><td><a href=\"https:\/\/eventos.ifbaiano.edu.br\/portal\/congresso\/files\/2024\/10\/3o-lugar-PIBID_PRP.docx.pdf\">O uso da ilustra\u00e7\u00e3o cient\u00edfica como uma proposta did\u00e1tico pedag\u00f3gica no ensino de biologia no Programa de Resid\u00eancia Pedag\u00f3gica no IF Baiano &#8211; Campus Valen\u00e7a<\/a><\/td><td>Eleiton C. de Jesus, Perimar de Moura, Thcecia Paes<\/td><\/tr><tr><td>4\u00aa<\/td><td>Catu<\/td><td><a href=\"https:\/\/eventos.ifbaiano.edu.br\/portal\/congresso\/files\/2024\/10\/4o-lugar-PIBID_PRP.docx.pdf\">An\u00e1lise de PH do Solo com indicador de repolho roxo: Relato de experi\u00eancia no curso t\u00e9cnico em meio ambiente do CEEP Pedro Ribeiro Pessoa<\/a><\/td><td>Juliana Catulino de Santana Costa, Helen Verena dos Santos Henrique, Saulo Capim<\/td><\/tr><tr><td>5\u00aa<\/td><td>Valen\u00e7a<\/td><td><a href=\"https:\/\/eventos.ifbaiano.edu.br\/portal\/congresso\/files\/2024\/10\/5o-lugar-PIBID_PRP.docx.pdf\">Desvendando c\u00e9lulas eucari\u00f3ticas com maquetes: uma abordagem did\u00e1tica para o ensino de biologia<\/a><\/td><td>Alessandra Concei\u00e7\u00e3o dos Santos Lima, Giulianne Nayara da Silva, Th\u00e9cia Paes<\/td><\/tr><tr><td>6\u00aa<\/td><td>Santa In\u00eas<\/td><td><a href=\"https:\/\/eventos.ifbaiano.edu.br\/portal\/congresso\/files\/2024\/10\/6o-lugar-PIBID_PRP.docx.pdf\">Caixa da Ci\u00eancia: Projeto de Interven\u00e7\u00e3o<\/a><\/td><td>Nubia Santos da Silva, Tiago Leite dos Santos, Adriana Teixeira<\/td><\/tr><\/tbody><\/table><\/figure>\n\n\n\n<h2 class=\"wp-block-heading has-text-align-center\"><strong>Trabalhos de discentes n\u00e3o bolsistas da P\u00f3s-gradua\u00e7\u00e3o<\/strong><\/h2>\n\n\n\n<figure class=\"wp-block-table is-style-stripes\"><table><tbody><tr><td><\/td><td>Campus<\/td><td>Nome do Projeto<\/td><td>Equipe<\/td><td>Orientador<\/td><td>Coorientador<\/td><\/tr><tr><td>1\u00aa<\/td><td>Catu<\/td><td><a href=\"https:\/\/eventos.ifbaiano.edu.br\/portal\/congresso\/files\/2025\/06\/1o-lugar-Oral-Pos.pdf\">Disserta\u00e7\u00e3o multipaper: Trilha metodologica para a constru\u00e7\u00e3o de um produto educacional<\/a><\/td><td>Carla Andreia Souza Nascimento<\/td><td>Camila Lima Santana e Santana<\/td><td>Cristiane Brito Machado<\/td><\/tr><tr><td>2\u00aa<\/td><td>Alagoinhas<\/td><td><a href=\"https:\/\/eventos.ifbaiano.edu.br\/portal\/congresso\/files\/2024\/10\/2o-lugar-ORAL-Pos.docx.pdf\">Os desafios da alfabetiza\u00e7\u00e3o ciet\u00edfica na educa\u00e7\u00e3o profissional: um relato de experi\u00eancia na doc\u00eancia de metodologico de pesquisa em cursos t\u00e9cnicos do senai-Alagoinhas<\/a><\/td><td>Julia dos Anjos Costa<\/td><td>Marcos Caijaiba Mendon\u00e7a<\/td><td><\/td><\/tr><tr><td>3\u00aa<\/td><td>Catu<\/td><td><a href=\"https:\/\/eventos.ifbaiano.edu.br\/portal\/congresso\/files\/2025\/06\/3o-lugar-ORAL-Pos.pdf\">Produtos Educacionais como instrumentos para registro da forma\u00e7\u00e3o humana integral na perspectiva do estudante participante do PIBIEX<\/a><\/td><td>Ana Paula Marques de Figueredo<\/td><td>Cristiane Brito Machado<\/td><td>Marcelo Souza Oliveira<\/td><\/tr><tr><td>4\u00aa<\/td><td>Alagoinhas<\/td><td><a href=\"https:\/\/eventos.ifbaiano.edu.br\/portal\/congresso\/files\/2024\/10\/4o-lugar-ORAL-Pos.docx.pdf\">Inclus\u00e3o de estudantes com defici\u00eancia auditiva e surdez no curso t\u00e9cnico em alimentos<\/a><\/td><td>Gabrielle Anjos de Oliveira<\/td><td>Valdineia A. A. Ramos<\/td><td><\/td><\/tr><tr><td>5\u00aa<\/td><td>Catu<\/td><td><a href=\"https:\/\/eventos.ifbaiano.edu.br\/portal\/congresso\/files\/2024\/10\/5o-lugar-ORAL-Pos.docx.pdf\">Intelig\u00eancia Artificial no Ensino M\u00e9dio Integrado: a \u00e9tica em foco<\/a><\/td><td>Girlane Nunes de Queiroz<\/td><td>Gilvan Martins Dur\u00e3es<\/td><td>Camila Lima Santana e Santana<\/td><\/tr><tr><td>6\u00aa<\/td><td>Catu<\/td><td><a href=\"https:\/\/eventos.ifbaiano.edu.br\/portal\/congresso\/files\/2024\/10\/6o-lugar-ORAL-Pos.docx.pdf\">Trilha pedag\u00f3gica gamificada (trip): contibui\u00e7\u00f5es para o atendiemnto pedagogica de discentes do ensino m\u00e9dio integrado no IF Baiano<\/a><\/td><td>Larissa de Queiroz Santos<\/td><td>Camila Lima Santana e Santana<\/td><td><\/td><\/tr><\/tbody><\/table><\/figure>\n\n\n\n<h2 class=\"wp-block-heading has-text-align-center\">INTERNOS E EXTERNOS AO IF BAIANO<\/h2>\n\n\n\n<figure class=\"wp-block-table is-style-stripes\"><table><tbody><tr><td><\/td><td>Modalidade<\/td><td>Nome do Projeto<\/td><td>Equipe<\/td><\/tr><tr><td>1\u00aa<\/td><td>UNB<\/td><td><a href=\"https:\/\/eventos.ifbaiano.edu.br\/portal\/congresso\/files\/2025\/02\/1o-lugar-Internos-e-Externos.docx-4.pdf\">A sa\u00fade coletiva na promo\u00e7\u00e3o de sustentabilidade ambiental na educa\u00e7\u00e3o infantil: a constru\u00e7\u00e3o de minhoc\u00e1rio como ferramenta l\u00fadica<\/a><\/td><td>Jaqueline Neri da Silva<\/td><\/tr><tr><td>2\u00aa<\/td><td>Senhor do Bonfim<\/td><td><a href=\"https:\/\/eventos.ifbaiano.edu.br\/portal\/congresso\/files\/2024\/10\/2o-lugar-Internos-e-Externos.docx.pdf\">NEON-Jogo de Soma: processo de desenvolvimento de um jogo educacional<\/a><\/td><td>Guilherme Teles Ribeiro<\/td><\/tr><tr><td>3\u00aa<\/td><td>Itapetinga<\/td><td><a href=\"https:\/\/eventos.ifbaiano.edu.br\/portal\/congresso\/files\/2024\/10\/3o-lugar-Internos-e-Externos.docx.pdf\">Desenvolvimento de um sistema colorim\u00e9trico utilizando a c\u00e2mera do celular para determina\u00e7\u00e3o de ferro em suplementos alimentares<\/a><\/td><td>Alice Barreto Oliveira<\/td><\/tr><tr><td>4\u00aa<\/td><td>Xique-Xique<\/td><td><a href=\"https:\/\/eventos.ifbaiano.edu.br\/portal\/congresso\/files\/2024\/10\/4o-lugar-Internos-e-Externos.docx.pdf\">Horta Pedag\u00f3gicas nas escolas, saberes agroecol\u00f3gicos para transformar a educa\u00e7\u00e3o<\/a><\/td><td>Dejane de Carvalho Santos<\/td><\/tr><tr><td>5\u00aa<\/td><td>UNB<\/td><td><a href=\"https:\/\/eventos.ifbaiano.edu.br\/portal\/congresso\/files\/2024\/10\/5o-lugar-Internos-e-Externos.docx.pdf\">Dos poderes locais para as pol\u00edticas p\u00fablicas: entendendo as din\u00e2micas territoriais do Parano\u00e1-DF<\/a><\/td><td>Lucy Marina de Souza Oliveira<\/td><\/tr><tr><td>6\u00aa<\/td><td>Universidade de Pernambuco<\/td><td><a href=\"https:\/\/eventos.ifbaiano.edu.br\/portal\/congresso\/files\/2024\/10\/6o-lugar-Internos-e-Externos.docx.pdf\">A pr\u00e1tica de campo como instrumento de ensino da Geografia &#8211; uma proposta para a Escola Municipal Jo\u00e3o Ferreira Matos em Jaguarari-BA<\/a><\/td><td>Karolaine Gon\u00e7alves da Silva<\/td><\/tr><\/tbody><\/table><\/figure>\n\n\n\n<h2 class=\"wp-block-heading has-text-align-center\">MOSTRATEC<\/h2>\n\n\n\n<figure class=\"wp-block-table is-style-stripes\"><table><tbody><tr><td><\/td><td>Modalidade<\/td><td>Nome do Projeto<\/td><td>Equipe<\/td><\/tr><tr><td>1\u00aa<\/td><td>MOSTRATEC<\/td><td><a href=\"https:\/\/eventos.ifbaiano.edu.br\/portal\/congresso\/files\/2024\/12\/certificado-premiacao-Iug.pdf\">Desenvolvimento de sistema de monitoramento e controle de n\u00edvel de \u00e1gua para esta\u00e7\u00f5es de bombeamento <\/a><\/td><td>Jhuliana M\u00e9rcia Assis Nascimeto, Rafael Souza Barbosa,Iug Lopes<\/td><\/tr><\/tbody><\/table><\/figure>\n","protected":false},"excerpt":{"rendered":"<p>PIBIC GRADUA\u00c7\u00c3O # Campus Nome do Projeto Orientador Discente 1\u00aa Guanambi Caracteriza\u00e7\u00e3o Fenol\u00f3gica da Bananeira utilizando sensor multiespectral acoplado em aeronave remotamente pilotada Leandro Gon\u00e7alves dos Santos Aline Novaes de Souza 2\u00aa Santa In\u00eas Caracteriza\u00e7\u00e3o de m\u00e9is de apis mell\u00edfera da regi\u00e3o do Vale do Jiquiri\u00e7a-BA para desenvolviemnto de bebida tipo hidromel Jessica Caroline Bigaski&hellip;&nbsp;<a href=\"https:\/\/eventos.ifbaiano.edu.br\/portal\/congresso\/premiados-2024\/\" rel=\"bookmark\">Continue a ler &raquo;<span class=\"screen-reader-text\">PREMIADOS 2024<\/span><\/a><\/p>\n","protected":false},"author":96,"featured_media":0,"parent":0,"menu_order":0,"comment_status":"closed","ping_status":"closed","template":"","meta":{"neve_meta_sidebar":"","neve_meta_container":"","neve_meta_enable_content_width":"","neve_meta_content_width":0,"neve_meta_title_alignment":"","neve_meta_author_avatar":"","neve_post_elements_order":"","neve_meta_disable_header":"","neve_meta_disable_footer":"","neve_meta_disable_title":"","footnotes":""},"_links":{"self":[{"href":"https:\/\/eventos.ifbaiano.edu.br\/portal\/congresso\/wp-json\/wp\/v2\/pages\/3754"}],"collection":[{"href":"https:\/\/eventos.ifbaiano.edu.br\/portal\/congresso\/wp-json\/wp\/v2\/pages"}],"about":[{"href":"https:\/\/eventos.ifbaiano.edu.br\/portal\/congresso\/wp-json\/wp\/v2\/types\/page"}],"author":[{"embeddable":true,"href":"https:\/\/eventos.ifbaiano.edu.br\/portal\/congresso\/wp-json\/wp\/v2\/users\/96"}],"replies":[{"embeddable":true,"href":"https:\/\/eventos.ifbaiano.edu.br\/portal\/congresso\/wp-json\/wp\/v2\/comments?post=3754"}],"version-history":[{"count":13,"href":"https:\/\/eventos.ifbaiano.edu.br\/portal\/congresso\/wp-json\/wp\/v2\/pages\/3754\/revisions"}],"predecessor-version":[{"id":4606,"href":"https:\/\/eventos.ifbaiano.edu.br\/portal\/congresso\/wp-json\/wp\/v2\/pages\/3754\/revisions\/4606"}],"wp:attachment":[{"href":"https:\/\/eventos.ifbaiano.edu.br\/portal\/congresso\/wp-json\/wp\/v2\/media?parent=3754"}],"curies":[{"name":"wp","href":"https:\/\/api.w.org\/{rel}","templated":true}]}}