{"id":3750,"date":"2024-10-30T14:22:11","date_gmt":"2024-10-30T17:22:11","guid":{"rendered":"https:\/\/eventos.ifbaiano.edu.br\/portal\/congresso\/?page_id=3750"},"modified":"2025-02-12T11:44:03","modified_gmt":"2025-02-12T14:44:03","slug":"certificados-2024","status":"publish","type":"page","link":"https:\/\/eventos.ifbaiano.edu.br\/portal\/congresso\/certificados-2024\/","title":{"rendered":"Certificados 2024"},"content":{"rendered":"\n<h3 class=\"wp-block-heading\"><a href=\"https:\/\/eventos.ifbaiano.edu.br\/portal\/congresso\/premiados-2024\/\">PREMIADOS 2024<\/a><\/h3>\n\n\n\n<h3 class=\"wp-block-heading\"><a href=\"https:\/\/eventos.ifbaiano.edu.br\/portal\/congresso\/palestrante-2024\/\">PALESTRANTE 2024<\/a><\/h3>\n\n\n\n<h3 class=\"wp-block-heading\"><a href=\"https:\/\/eventos.ifbaiano.edu.br\/portal\/congresso\/mediadores-2024\/\">MEDIADORES 2024<\/a><\/h3>\n\n\n\n<h3 class=\"wp-block-heading\"><a href=\"https:\/\/eventos.ifbaiano.edu.br\/portal\/congresso\/certificados-participacao-em-oficiina\/\">PARTICIPA\u00c7\u00c3O EM OFICINAS 2024<\/a><\/h3>\n\n\n\n<h3 class=\"wp-block-heading\"><a href=\"https:\/\/eventos.ifbaiano.edu.br\/portal\/congresso\/certificados-apresentacao-de-trabalhos-2024\/\">APRESENTA\u00c7\u00c3O DE TRABALHOS 2024<\/a><\/h3>\n\n\n\n<h3 class=\"wp-block-heading\"><a href=\"https:\/\/eventos.ifbaiano.edu.br\/portal\/congresso\/certificado-avaliadora-de-trabalhos-2024\/\">AVALIADOR(A) DE TRABALHOS 2024<\/a><\/h3>\n\n\n\n<p><\/p>\n","protected":false},"excerpt":{"rendered":"<p>PREMIADOS 2024 PALESTRANTE 2024 MEDIADORES 2024 PARTICIPA\u00c7\u00c3O EM OFICINAS 2024 APRESENTA\u00c7\u00c3O DE TRABALHOS 2024 AVALIADOR(A) DE TRABALHOS 2024<\/p>\n","protected":false},"author":96,"featured_media":0,"parent":0,"menu_order":0,"comment_status":"closed","ping_status":"closed","template":"","meta":{"neve_meta_sidebar":"","neve_meta_container":"","neve_meta_enable_content_width":"","neve_meta_content_width":0,"neve_meta_title_alignment":"","neve_meta_author_avatar":"","neve_post_elements_order":"","neve_meta_disable_header":"","neve_meta_disable_footer":"","neve_meta_disable_title":"","footnotes":""},"_links":{"self":[{"href":"https:\/\/eventos.ifbaiano.edu.br\/portal\/congresso\/wp-json\/wp\/v2\/pages\/3750"}],"collection":[{"href":"https:\/\/eventos.ifbaiano.edu.br\/portal\/congresso\/wp-json\/wp\/v2\/pages"}],"about":[{"href":"https:\/\/eventos.ifbaiano.edu.br\/portal\/congresso\/wp-json\/wp\/v2\/types\/page"}],"author":[{"embeddable":true,"href":"https:\/\/eventos.ifbaiano.edu.br\/portal\/congresso\/wp-json\/wp\/v2\/users\/96"}],"replies":[{"embeddable":true,"href":"https:\/\/eventos.ifbaiano.edu.br\/portal\/congresso\/wp-json\/wp\/v2\/comments?post=3750"}],"version-history":[{"count":10,"href":"https:\/\/eventos.ifbaiano.edu.br\/portal\/congresso\/wp-json\/wp\/v2\/pages\/3750\/revisions"}],"predecessor-version":[{"id":5085,"href":"https:\/\/eventos.ifbaiano.edu.br\/portal\/congresso\/wp-json\/wp\/v2\/pages\/3750\/revisions\/5085"}],"wp:attachment":[{"href":"https:\/\/eventos.ifbaiano.edu.br\/portal\/congresso\/wp-json\/wp\/v2\/media?parent=3750"}],"curies":[{"name":"wp","href":"https:\/\/api.w.org\/{rel}","templated":true}]}}