{"id":3654,"date":"2024-09-26T19:16:39","date_gmt":"2024-09-26T22:16:39","guid":{"rendered":"https:\/\/eventos.ifbaiano.edu.br\/portal\/congresso\/?page_id=3654"},"modified":"2025-09-15T10:51:42","modified_gmt":"2025-09-15T13:51:42","slug":"ordem-de-apresentacoes","status":"publish","type":"page","link":"https:\/\/eventos.ifbaiano.edu.br\/portal\/congresso\/ordem-de-apresentacoes\/","title":{"rendered":"Ordem de Apresenta\u00e7\u00f5es"},"content":{"rendered":"\n<p class=\"has-text-align-center has-medium-font-size\">Clique na categoria a qual submeteu seu trabalho e confira o seu <strong>dia<\/strong>, <strong>hora<\/strong> e <strong>local<\/strong> de apresenta\u00e7\u00e3o.<\/p>\n\n\n\n<div style=\"height:10px\" aria-hidden=\"true\" class=\"wp-block-spacer\"><\/div>\n\n\n\n<div class=\"wp-block-gutena-accordion gutena-accordion-block gutena-accordion-block-7935bb-2d is-layout-flow wp-block-accordion-is-layout-flow\" data-single=\"false\">\n<div class=\"wp-block-gutena-accordion-panel gutena-accordion-block__panel\">\n<div class=\"wp-block-gutena-accordion-panel-title gutena-accordion-block__panel-title\"><div class=\"gutena-accordion-block__panel-title-inner\">\n<p class=\"has-text-align-center\" style=\"font-size:32px\"><strong>Projetos com Fomento da PROPES (16\/09)<\/strong> <\/p>\n<div class=\"trigger-plus-minus\"><div class=\"horizontal\"><\/div><div class=\"vertical\"><\/div><\/div><\/div><\/div>\n\n\n\n<div class=\"wp-block-gutena-accordion-panel-content gutena-accordion-block__panel-content\"><div class=\"gutena-accordion-block__panel-content-inner\">\n<figure class=\"wp-block-table is-style-stripes\" style=\"font-size:25px\"><table class=\"has-nv-dark-bg-color has-text-color has-link-color\"><tbody><tr><td class=\"has-text-align-center\" data-align=\"center\">Apresenta\u00e7\u00f5es Orais (PIBIC, PIBITI e Ci\u00eancia por Elas)<\/td><\/tr><tr><td class=\"has-text-align-center\" data-align=\"center\"><a href=\"https:\/\/eventos.ifbaiano.edu.br\/portal\/congresso\/files\/2025\/09\/MIC-APRESENTACAO-ORAL-11.09.2025.pdf\" target=\"_blank\" rel=\"noreferrer noopener\">Cronograma de apresenta\u00e7\u00f5es<\/a><br><br>Apresenta\u00e7\u00f5es P\u00f4ster (PIBIC-EM)<\/td><\/tr><\/tbody><\/table><figcaption class=\"wp-element-caption\"><a href=\"https:\/\/eventos.ifbaiano.edu.br\/portal\/congresso\/files\/2025\/09\/MIC-Poster-11.09.2025.pdf\" target=\"_blank\" rel=\"noreferrer noopener\">Cronograma de apresenta\u00e7\u00f5es<\/a><\/figcaption><\/figure>\n<\/div><\/div>\n<\/div>\n\n\n\n<div class=\"wp-block-gutena-accordion-panel gutena-accordion-block__panel\">\n<div class=\"wp-block-gutena-accordion-panel-title gutena-accordion-block__panel-title\"><div class=\"gutena-accordion-block__panel-title-inner\">\n<p class=\"has-text-align-center\" style=\"font-size:32px\"><strong>Projetos com Fomento da PROEX<\/strong> <strong>(16\/09)<\/strong><\/p>\n<div class=\"trigger-plus-minus\"><div class=\"horizontal\"><\/div><div class=\"vertical\"><\/div><\/div><\/div><\/div>\n\n\n\n<div class=\"wp-block-gutena-accordion-panel-content gutena-accordion-block__panel-content\"><div class=\"gutena-accordion-block__panel-content-inner\">\n<figure class=\"wp-block-table is-style-stripes\" style=\"font-size:25px\"><table class=\"has-nv-dark-bg-color has-text-color has-link-color\"><tbody><tr><td class=\"has-text-align-center\" data-align=\"center\">Apresenta\u00e7\u00f5es Orais (PIBIEX SUPERIOR e Programa de Extens\u00e3o Tecnol\u00f3gica)<\/td><\/tr><tr><td class=\"has-text-align-center\" data-align=\"center\"><a href=\"https:\/\/eventos.ifbaiano.edu.br\/portal\/congresso\/files\/2025\/08\/SEIC-Apresentacao-Oral-Parte-1-1.pdf\" target=\"_blank\" rel=\"noreferrer noopener\">Cronograma de apresenta\u00e7\u00f5es<\/a><br><br>Apresenta\u00e7\u00f5es P\u00f4ster (PIBIEX J\u00daNIOR)<\/td><\/tr><\/tbody><\/table><figcaption class=\"wp-element-caption\"><a href=\"https:\/\/eventos.ifbaiano.edu.br\/portal\/congresso\/files\/2025\/08\/SEIC-Apresentacao-Poster-Parte-1-1.pdf\" target=\"_blank\" rel=\"noreferrer noopener\">Cronograma de apresenta\u00e7\u00f5es<\/a><\/figcaption><\/figure>\n<\/div><\/div>\n<\/div>\n\n\n\n<div class=\"wp-block-gutena-accordion-panel gutena-accordion-block__panel\">\n<div class=\"wp-block-gutena-accordion-panel-title gutena-accordion-block__panel-title\"><div class=\"gutena-accordion-block__panel-title-inner\">\n<p class=\"has-text-align-center\" style=\"font-size:32px\"><strong>Projetos de Editais da PROEN<\/strong> <strong>(16\/09)<\/strong><\/p>\n<div class=\"trigger-plus-minus\"><div class=\"horizontal\"><\/div><div class=\"vertical\"><\/div><\/div><\/div><\/div>\n\n\n\n<div class=\"wp-block-gutena-accordion-panel-content gutena-accordion-block__panel-content\"><div class=\"gutena-accordion-block__panel-content-inner\">\n<figure class=\"wp-block-table is-style-stripes\" style=\"font-size:25px\"><table class=\"has-nv-dark-bg-color has-text-color has-link-color\"><tbody><tr><td class=\"has-text-align-center\" data-align=\"center\">Apresenta\u00e7\u00f5es P\u00f4ster (PIBID E PRP)<\/td><\/tr><\/tbody><\/table><figcaption class=\"wp-element-caption\"><a href=\"https:\/\/eventos.ifbaiano.edu.br\/portal\/congresso\/files\/2025\/08\/PROEN-II.pdf\" target=\"_blank\" rel=\"noreferrer noopener\">Cronograma de apresenta\u00e7\u00f5es<\/a><\/figcaption><\/figure>\n<\/div><\/div>\n<\/div>\n\n\n\n<div class=\"wp-block-gutena-accordion-panel gutena-accordion-block__panel\">\n<div class=\"wp-block-gutena-accordion-panel-title gutena-accordion-block__panel-title\"><div class=\"gutena-accordion-block__panel-title-inner\">\n<p class=\"has-text-align-center\" style=\"font-size:32px\"><strong>Trabalhos de Discentes N\u00e3o Bolsistas da P\u00f3s-gradua\u00e7\u00e3o<\/strong> <strong>(16\/09)<\/strong><\/p>\n<div class=\"trigger-plus-minus\"><div class=\"horizontal\"><\/div><div class=\"vertical\"><\/div><\/div><\/div><\/div>\n\n\n\n<div class=\"wp-block-gutena-accordion-panel-content gutena-accordion-block__panel-content\"><div class=\"gutena-accordion-block__panel-content-inner\">\n<figure class=\"wp-block-table is-style-stripes\" style=\"font-size:25px\"><table class=\"has-nv-dark-bg-color has-text-color has-link-color\"><tbody><tr><td class=\"has-text-align-center\" data-align=\"center\">Apresenta\u00e7\u00f5es Oral<\/td><\/tr><\/tbody><\/table><figcaption class=\"wp-element-caption\"><a href=\"https:\/\/eventos.ifbaiano.edu.br\/portal\/congresso\/files\/2025\/09\/Pos-graduacao-Apresentacao-Oral-atualizado-11.09.2025.pdf\" target=\"_blank\" rel=\"noreferrer noopener\">Cronograma de apresenta\u00e7\u00f5es<\/a><\/figcaption><\/figure>\n<\/div><\/div>\n<\/div>\n\n\n\n<div class=\"wp-block-gutena-accordion-panel gutena-accordion-block__panel\">\n<div class=\"wp-block-gutena-accordion-panel-title gutena-accordion-block__panel-title\"><div class=\"gutena-accordion-block__panel-title-inner\">\n<p class=\"has-text-align-center\" style=\"font-size:32px\"><strong>Trabalhos Internos e Externos ao IF Baiano<\/strong> <strong>(16\/09)<\/strong><\/p>\n<div class=\"trigger-plus-minus\"><div class=\"horizontal\"><\/div><div class=\"vertical\"><\/div><\/div><\/div><\/div>\n\n\n\n<div class=\"wp-block-gutena-accordion-panel-content gutena-accordion-block__panel-content\"><div class=\"gutena-accordion-block__panel-content-inner\">\n<figure class=\"wp-block-table is-style-stripes\" style=\"font-size:25px\"><table class=\"has-nv-dark-bg-color has-text-color has-link-color\"><tbody><tr><td class=\"has-text-align-center\" data-align=\"center\">Apresenta\u00e7\u00f5es P\u00f4ster<\/td><\/tr><\/tbody><\/table><figcaption class=\"wp-element-caption\"><a href=\"https:\/\/eventos.ifbaiano.edu.br\/portal\/congresso\/files\/2025\/09\/Internos-e-Externos-Atualizado-em-11.09.2025.pdf\" target=\"_blank\" rel=\"noreferrer noopener\">Cronograma de apresenta\u00e7\u00f5es<\/a><\/figcaption><\/figure>\n<\/div><\/div>\n<\/div>\n\n\n\n<div class=\"wp-block-gutena-accordion-panel gutena-accordion-block__panel\">\n<div class=\"wp-block-gutena-accordion-panel-title gutena-accordion-block__panel-title\"><div class=\"gutena-accordion-block__panel-title-inner\">\n<p class=\"has-text-align-center\" style=\"font-size:32px\"><strong>Trabalhos MostraTec<\/strong> <strong>(16\/09)<\/strong><\/p>\n<div class=\"trigger-plus-minus\"><div class=\"horizontal\"><\/div><div class=\"vertical\"><\/div><\/div><\/div><\/div>\n\n\n\n<div class=\"wp-block-gutena-accordion-panel-content gutena-accordion-block__panel-content\"><div class=\"gutena-accordion-block__panel-content-inner\">\n<figure class=\"wp-block-table is-style-stripes\" style=\"font-size:25px\"><table class=\"has-nv-dark-bg-color has-text-color has-link-color\"><tbody><tr><td class=\"has-text-align-center\" data-align=\"center\">Apresenta\u00e7\u00f5es no Caminh\u00e3o E-Tec  (Hor\u00e1rio: 10h \u00e0s 12h) <\/td><\/tr><\/tbody><\/table><figcaption class=\"wp-element-caption\"><a href=\"https:\/\/eventos.ifbaiano.edu.br\/portal\/congresso\/files\/2025\/08\/MostraTEC-Caminhao-E-Tec-2.pdf\" target=\"_blank\" rel=\"noreferrer noopener\">Cronograma de apresenta\u00e7\u00f5es<\/a><\/figcaption><\/figure>\n<\/div><\/div>\n<\/div>\n\n\n\n<div class=\"wp-block-gutena-accordion-panel gutena-accordion-block__panel\">\n<div class=\"wp-block-gutena-accordion-panel-title gutena-accordion-block__panel-title\"><div class=\"gutena-accordion-block__panel-title-inner\">\n<p class=\"has-text-align-center\" style=\"font-size:32px\"><strong>Campeonato de Foguete<\/strong> <strong>(17\/09)<\/strong><\/p>\n<div class=\"trigger-plus-minus\"><div class=\"horizontal\"><\/div><div class=\"vertical\"><\/div><\/div><\/div><\/div>\n\n\n\n<div class=\"wp-block-gutena-accordion-panel-content gutena-accordion-block__panel-content\"><div class=\"gutena-accordion-block__panel-content-inner\">\n<figure class=\"wp-block-table is-style-stripes\" style=\"font-size:25px\"><table class=\"has-nv-dark-bg-color has-text-color has-link-color\"><tbody><tr><td class=\"has-text-align-center\" data-align=\"center\">Apresenta\u00e7\u00f5es<\/td><\/tr><\/tbody><\/table><figcaption class=\"wp-element-caption\"><a href=\"https:\/\/eventos.ifbaiano.edu.br\/portal\/congresso\/files\/2025\/08\/Campeonato-de-Foguete-2.pdf\" target=\"_blank\" rel=\"noreferrer noopener\">Cronograma de apresenta\u00e7\u00f5es<\/a><\/figcaption><\/figure>\n<\/div><\/div>\n<\/div>\n<\/div>\n\n\n\n<div style=\"height:35px\" aria-hidden=\"true\" class=\"wp-block-spacer\"><\/div>\n","protected":false},"excerpt":{"rendered":"<p>Clique na categoria a qual submeteu seu trabalho e confira o seu dia, hora e local de apresenta\u00e7\u00e3o.<\/p>\n","protected":false},"author":96,"featured_media":0,"parent":0,"menu_order":0,"comment_status":"closed","ping_status":"closed","template":"","meta":{"neve_meta_sidebar":"","neve_meta_container":"","neve_meta_enable_content_width":"","neve_meta_content_width":0,"neve_meta_title_alignment":"","neve_meta_author_avatar":"","neve_post_elements_order":"","neve_meta_disable_header":"","neve_meta_disable_footer":"","neve_meta_disable_title":"","footnotes":""},"_links":{"self":[{"href":"https:\/\/eventos.ifbaiano.edu.br\/portal\/congresso\/wp-json\/wp\/v2\/pages\/3654"}],"collection":[{"href":"https:\/\/eventos.ifbaiano.edu.br\/portal\/congresso\/wp-json\/wp\/v2\/pages"}],"about":[{"href":"https:\/\/eventos.ifbaiano.edu.br\/portal\/congresso\/wp-json\/wp\/v2\/types\/page"}],"author":[{"embeddable":true,"href":"https:\/\/eventos.ifbaiano.edu.br\/portal\/congresso\/wp-json\/wp\/v2\/users\/96"}],"replies":[{"embeddable":true,"href":"https:\/\/eventos.ifbaiano.edu.br\/portal\/congresso\/wp-json\/wp\/v2\/comments?post=3654"}],"version-history":[{"count":34,"href":"https:\/\/eventos.ifbaiano.edu.br\/portal\/congresso\/wp-json\/wp\/v2\/pages\/3654\/revisions"}],"predecessor-version":[{"id":4977,"href":"https:\/\/eventos.ifbaiano.edu.br\/portal\/congresso\/wp-json\/wp\/v2\/pages\/3654\/revisions\/4977"}],"wp:attachment":[{"href":"https:\/\/eventos.ifbaiano.edu.br\/portal\/congresso\/wp-json\/wp\/v2\/media?parent=3654"}],"curies":[{"name":"wp","href":"https:\/\/api.w.org\/{rel}","templated":true}]}}