{"id":34,"date":"2020-11-17T14:12:52","date_gmt":"2020-11-17T17:12:52","guid":{"rendered":"https:\/\/eventos.ifbaiano.edu.br\/portal\/congresso\/?page_id=34"},"modified":"2022-01-25T15:05:34","modified_gmt":"2022-01-25T18:05:34","slug":"documentos-2020","status":"publish","type":"page","link":"https:\/\/eventos.ifbaiano.edu.br\/portal\/congresso\/documentos-2020\/","title":{"rendered":"Documentos"},"content":{"rendered":"\n<p><strong><a href=\"https:\/\/eventos.ifbaiano.edu.br\/portal\/congresso\/files\/2020\/11\/ORIENTACOES-CONGRESSO.pdf\">Orienta\u00e7\u00f5es para submiss\u00e3o<\/a><\/strong><\/p>\n\n\n\n<p><a href=\"https:\/\/eventos.ifbaiano.edu.br\/portal\/congresso\/files\/2020\/11\/Termo-de-autorizacao-de-imagem-e-voz-IC.doc\">Autoriza\u00e7\u00e3o de uso de imagem e voz<\/a><\/p>\n\n\n\n<p><em>Script <\/em>&#8211; <a href=\"https:\/\/eventos.ifbaiano.edu.br\/portal\/congresso\/files\/2020\/11\/roteiro-video-Congresso-IF-Baiano.pdf\">Sugest\u00e3o<\/a><\/p>\n\n\n\n<p><em>Links<\/em><\/p>\n\n\n\n<p><a href=\"https:\/\/www.facebook.com\/196794283692774\/videos\/820004931868103\">https:\/\/www.facebook.com\/196794283692774\/videos\/820004931868103<\/a><\/p>\n\n\n\n<p><strong>MODELOS<\/strong><\/p>\n\n\n\n<p><em>Template <\/em>&#8211; <a href=\"https:\/\/eventos.ifbaiano.edu.br\/portal\/congresso\/files\/2020\/11\/resumo-congresso-do-instituto-federal-baiano-2020_corr-1.doc\">RESUMO<\/a><\/p>\n\n\n\n<p><em>Template &#8211; <\/em><a href=\"https:\/\/eventos.ifbaiano.edu.br\/portal\/congresso\/files\/2020\/11\/modelo-apresentacao-congresso-do-instituto-federal-baiano-2020.ppt\">APRESENTA\u00c7\u00c3O DE <em>SLIDES<\/em><\/a><\/p>\n","protected":false},"excerpt":{"rendered":"<p>Orienta\u00e7\u00f5es para submiss\u00e3o Autoriza\u00e7\u00e3o de uso de imagem e voz Script &#8211; Sugest\u00e3o Links https:\/\/www.facebook.com\/196794283692774\/videos\/820004931868103 MODELOS Template &#8211; RESUMO Template &#8211; APRESENTA\u00c7\u00c3O DE SLIDES<\/p>\n","protected":false},"author":20,"featured_media":0,"parent":0,"menu_order":0,"comment_status":"closed","ping_status":"closed","template":"","meta":{"neve_meta_sidebar":"full-width","neve_meta_container":"","neve_meta_enable_content_width":"on","neve_meta_content_width":100,"neve_meta_title_alignment":"","neve_meta_author_avatar":"","neve_post_elements_order":"","neve_meta_disable_header":"","neve_meta_disable_footer":"","neve_meta_disable_title":"","footnotes":""},"_links":{"self":[{"href":"https:\/\/eventos.ifbaiano.edu.br\/portal\/congresso\/wp-json\/wp\/v2\/pages\/34"}],"collection":[{"href":"https:\/\/eventos.ifbaiano.edu.br\/portal\/congresso\/wp-json\/wp\/v2\/pages"}],"about":[{"href":"https:\/\/eventos.ifbaiano.edu.br\/portal\/congresso\/wp-json\/wp\/v2\/types\/page"}],"author":[{"embeddable":true,"href":"https:\/\/eventos.ifbaiano.edu.br\/portal\/congresso\/wp-json\/wp\/v2\/users\/20"}],"replies":[{"embeddable":true,"href":"https:\/\/eventos.ifbaiano.edu.br\/portal\/congresso\/wp-json\/wp\/v2\/comments?post=34"}],"version-history":[{"count":10,"href":"https:\/\/eventos.ifbaiano.edu.br\/portal\/congresso\/wp-json\/wp\/v2\/pages\/34\/revisions"}],"predecessor-version":[{"id":146,"href":"https:\/\/eventos.ifbaiano.edu.br\/portal\/congresso\/wp-json\/wp\/v2\/pages\/34\/revisions\/146"}],"wp:attachment":[{"href":"https:\/\/eventos.ifbaiano.edu.br\/portal\/congresso\/wp-json\/wp\/v2\/media?parent=34"}],"curies":[{"name":"wp","href":"https:\/\/api.w.org\/{rel}","templated":true}]}}