{"id":3364,"date":"2024-07-03T09:37:10","date_gmt":"2024-07-03T12:37:10","guid":{"rendered":"https:\/\/eventos.ifbaiano.edu.br\/portal\/congresso\/?page_id=3364"},"modified":"2025-09-08T16:58:23","modified_gmt":"2025-09-08T19:58:23","slug":"evento-atual","status":"publish","type":"page","link":"https:\/\/eventos.ifbaiano.edu.br\/portal\/congresso\/evento-atual\/","title":{"rendered":"Evento Atual"},"content":{"rendered":"\n<p class=\"has-text-align-center\"><strong>4\u00aa Edi\u00e7\u00e3o do Congresso de Ensino, Pesquisa e Extens\u00e3o do IF Baiano <\/strong>\u2013 16 a 18 de setembro de 2025<\/p>\n\n\n\n<h5 class=\"wp-block-heading has-text-align-center has-background\" style=\"background-color:#b8ffbd\">Tema: Populariza\u00e7\u00e3o da Ci\u00eancia: Cultura e Territorialidade<\/h5>\n\n\n\n<hr class=\"wp-block-separator has-text-color has-nv-light-bg-color has-css-opacity has-nv-light-bg-background-color has-background is-style-wide\" \/>\n\n\n\n<div class=\"wp-block-columns is-layout-flex wp-container-core-columns-is-layout-1 wp-block-columns-is-layout-flex\">\n<div class=\"wp-block-column is-layout-flow wp-block-column-is-layout-flow\"><\/div>\n\n\n\n<div class=\"wp-block-column is-layout-flow wp-block-column-is-layout-flow\"><\/div>\n\n\n\n<div class=\"wp-block-column is-layout-flow wp-block-column-is-layout-flow\"><\/div>\n<\/div>\n\n\n\n<p>O Congresso de Ensino, Pesquisa e Extens\u00e3o do IF Baiano \u00e9 um evento acad\u00eamico-cient\u00edfico que objetiva divulgar a produ\u00e7\u00e3o de conhecimento entre discentes, extensionistas, profissionais da educa\u00e7\u00e3o, pesquisadores(as), gestores(as) e demais interessados(as).<\/p>\n\n\n\n<p>Visa fortalecer por meio de experi\u00eancias inovadoras a indissolubilidade entre ensino, pesquisa e extens\u00e3o, tendo como eixos de integra\u00e7\u00e3o o desenvolvimento territorial e institucional, contemplando diversidade, inclus\u00e3o, g\u00eanero, internacionaliza\u00e7\u00e3o e diferentes culturas.<\/p>\n\n\n\n<p>&#8220;Em sua 4\u00aa edi\u00e7\u00e3o, o congresso ser\u00e1 realizado de forma presencial na cidade de Santo Est\u00eav\u00e3o, no Col\u00e9gio Estadual de Tempo Integral de Santo Est\u00eav\u00e3o (Col\u00e9gio Polivalente), localizado na Rua Dr. An\u00edsio M. Alves, s\/n, Centro, Santo Est\u00eav\u00e3o \u2013 BA, CEP 44190-000. O evento acontecer\u00e1 entre os dias 16 e 18 de setembro de 2025, contemplando em sua programa\u00e7\u00e3o oficinas, minicursos, palestras, mesas-redondas, atra\u00e7\u00f5es art\u00edsticas, apresenta\u00e7\u00e3o de comunica\u00e7\u00f5es e premia\u00e7\u00f5es.<\/p>\n\n\n\n<p>Voc\u00ea \u00e9 nosso(a) convidado(a) para acompanhar, compartilhar experi\u00eancias e construir conhecimento neste espa\u00e7o que evidencia a ci\u00eancia, cultura e inova\u00e7\u00e3o.<\/p>\n\n\n\n<hr class=\"wp-block-separator has-text-color has-nv-light-bg-color has-css-opacity has-nv-light-bg-background-color has-background is-style-wide\" \/>\n","protected":false},"excerpt":{"rendered":"<p>4\u00aa Edi\u00e7\u00e3o do Congresso de Ensino, Pesquisa e Extens\u00e3o do IF Baiano \u2013 16 a 18 de setembro de 2025 Tema: Populariza\u00e7\u00e3o da Ci\u00eancia: Cultura e Territorialidade O Congresso de Ensino, Pesquisa e Extens\u00e3o do IF Baiano \u00e9 um evento acad\u00eamico-cient\u00edfico que objetiva divulgar a produ\u00e7\u00e3o de conhecimento entre discentes, extensionistas, profissionais da educa\u00e7\u00e3o, pesquisadores(as),&hellip;&nbsp;<a href=\"https:\/\/eventos.ifbaiano.edu.br\/portal\/congresso\/evento-atual\/\" rel=\"bookmark\">Continue a ler &raquo;<span class=\"screen-reader-text\">Evento Atual<\/span><\/a><\/p>\n","protected":false},"author":74,"featured_media":3519,"parent":0,"menu_order":0,"comment_status":"closed","ping_status":"closed","template":"","meta":{"neve_meta_sidebar":"","neve_meta_container":"","neve_meta_enable_content_width":"","neve_meta_content_width":0,"neve_meta_title_alignment":"","neve_meta_author_avatar":"","neve_post_elements_order":"","neve_meta_disable_header":"","neve_meta_disable_footer":"","neve_meta_disable_title":"","footnotes":""},"_links":{"self":[{"href":"https:\/\/eventos.ifbaiano.edu.br\/portal\/congresso\/wp-json\/wp\/v2\/pages\/3364"}],"collection":[{"href":"https:\/\/eventos.ifbaiano.edu.br\/portal\/congresso\/wp-json\/wp\/v2\/pages"}],"about":[{"href":"https:\/\/eventos.ifbaiano.edu.br\/portal\/congresso\/wp-json\/wp\/v2\/types\/page"}],"author":[{"embeddable":true,"href":"https:\/\/eventos.ifbaiano.edu.br\/portal\/congresso\/wp-json\/wp\/v2\/users\/74"}],"replies":[{"embeddable":true,"href":"https:\/\/eventos.ifbaiano.edu.br\/portal\/congresso\/wp-json\/wp\/v2\/comments?post=3364"}],"version-history":[{"count":11,"href":"https:\/\/eventos.ifbaiano.edu.br\/portal\/congresso\/wp-json\/wp\/v2\/pages\/3364\/revisions"}],"predecessor-version":[{"id":4943,"href":"https:\/\/eventos.ifbaiano.edu.br\/portal\/congresso\/wp-json\/wp\/v2\/pages\/3364\/revisions\/4943"}],"wp:featuredmedia":[{"embeddable":true,"href":"https:\/\/eventos.ifbaiano.edu.br\/portal\/congresso\/wp-json\/wp\/v2\/media\/3519"}],"wp:attachment":[{"href":"https:\/\/eventos.ifbaiano.edu.br\/portal\/congresso\/wp-json\/wp\/v2\/media?parent=3364"}],"curies":[{"name":"wp","href":"https:\/\/api.w.org\/{rel}","templated":true}]}}