{"id":3355,"date":"2024-06-27T14:28:56","date_gmt":"2024-06-27T17:28:56","guid":{"rendered":"https:\/\/eventos.ifbaiano.edu.br\/portal\/congresso\/?page_id=3355"},"modified":"2026-01-26T13:22:44","modified_gmt":"2026-01-26T16:22:44","slug":"anais-2","status":"publish","type":"page","link":"https:\/\/eventos.ifbaiano.edu.br\/portal\/congresso\/anais-2\/","title":{"rendered":"Anais"},"content":{"rendered":"\n<h3 class=\"wp-block-heading\">Apresenta\u00e7\u00e3o<\/h3>\n\n\n\n<p>O Congresso de Ensino, Pesquisa e Extens\u00e3o do IF Baiano \u00e9 um evento acad\u00eamico-cient\u00edfico que objetiva divulgar a produ\u00e7\u00e3o de conhecimento entre discentes, extensionistas, profissionais da educa\u00e7\u00e3o, pesquisadores(as), gestores(as) e demais interessados(as). Visa fortalecer por meio de experi\u00eancias inovadoras a indissolubilidade entre ensino, pesquisa e extens\u00e3o, tendo como eixos de integra\u00e7\u00e3o o desenvolvimento territorial e institucional, contemplando diversidade, inclus\u00e3o, g\u00eanero, internacionaliza\u00e7\u00e3o e diferentes culturas.<\/p>\n\n\n\n<p>A cada edi\u00e7\u00e3o do CEPEX, um livro digital (e-Book) \u00e9 publicado contendo os trabalhos apresentados no evento em edi\u00e7\u00e3o. Em sua quarta edi\u00e7\u00e3o, o Congresso de Ensino, Pesquisa e Extens\u00e3o do IF Baiano trar\u00e1 como tem\u00e1tica a Populariza\u00e7\u00e3o da Ci\u00eancia: Cultura e Territorialidade.<\/p>\n\n\n\n<p><\/p>\n\n\n\n<h3 class=\"wp-block-heading\">Anais das Edi\u00e7\u00f5es Anteriores<\/h3>\n\n\n\n<p><a href=\"https:\/\/eventos.ifbaiano.edu.br\/portal\/congresso\/anais-do-congresso-de-ensino-pesquisa-e-extensao-do-if-baiano-vol-i-outubro-de-2024\/\" data-type=\"page\" data-id=\"5216\">Anais do Congresso de Ensino, Pesquisa e Extens\u00e3o do IF Baiano &#8211; Vol I \/ Outubro de 2024<\/a><\/p>\n\n\n\n<p><a href=\"https:\/\/eventos.ifbaiano.edu.br\/portal\/congresso\/anais-2023-2\/\">Anais do Congresso de Ensino, Pesquisa e Extens\u00e3o do IF Baiano &#8211; Vol I \/ Outubro de 2023<\/a><\/p>\n\n\n\n<p><a href=\"https:\/\/eventos.ifbaiano.edu.br\/portal\/congresso\/anais-2022\/\">Anais do Congresso de Ensino, Pesquisa e Extens\u00e3o do IF Baiano &#8211; Vol I \/ Dezembro de 2022<\/a><\/p>\n\n\n\n<p><\/p>\n","protected":false},"excerpt":{"rendered":"<p>Apresenta\u00e7\u00e3o O Congresso de Ensino, Pesquisa e Extens\u00e3o do IF Baiano \u00e9 um evento acad\u00eamico-cient\u00edfico que objetiva divulgar a produ\u00e7\u00e3o de conhecimento entre discentes, extensionistas, profissionais da educa\u00e7\u00e3o, pesquisadores(as), gestores(as) e demais interessados(as). Visa fortalecer por meio de experi\u00eancias inovadoras a indissolubilidade entre ensino, pesquisa e extens\u00e3o, tendo como eixos de integra\u00e7\u00e3o o desenvolvimento territorial&hellip;&nbsp;<a href=\"https:\/\/eventos.ifbaiano.edu.br\/portal\/congresso\/anais-2\/\" rel=\"bookmark\">Continue a ler &raquo;<span class=\"screen-reader-text\">Anais<\/span><\/a><\/p>\n","protected":false},"author":74,"featured_media":0,"parent":0,"menu_order":0,"comment_status":"closed","ping_status":"closed","template":"","meta":{"neve_meta_sidebar":"left","neve_meta_container":"","neve_meta_enable_content_width":"","neve_meta_content_width":70,"neve_meta_title_alignment":"","neve_meta_author_avatar":"","neve_post_elements_order":"","neve_meta_disable_header":"","neve_meta_disable_footer":"","neve_meta_disable_title":"","footnotes":""},"_links":{"self":[{"href":"https:\/\/eventos.ifbaiano.edu.br\/portal\/congresso\/wp-json\/wp\/v2\/pages\/3355"}],"collection":[{"href":"https:\/\/eventos.ifbaiano.edu.br\/portal\/congresso\/wp-json\/wp\/v2\/pages"}],"about":[{"href":"https:\/\/eventos.ifbaiano.edu.br\/portal\/congresso\/wp-json\/wp\/v2\/types\/page"}],"author":[{"embeddable":true,"href":"https:\/\/eventos.ifbaiano.edu.br\/portal\/congresso\/wp-json\/wp\/v2\/users\/74"}],"replies":[{"embeddable":true,"href":"https:\/\/eventos.ifbaiano.edu.br\/portal\/congresso\/wp-json\/wp\/v2\/comments?post=3355"}],"version-history":[{"count":20,"href":"https:\/\/eventos.ifbaiano.edu.br\/portal\/congresso\/wp-json\/wp\/v2\/pages\/3355\/revisions"}],"predecessor-version":[{"id":5232,"href":"https:\/\/eventos.ifbaiano.edu.br\/portal\/congresso\/wp-json\/wp\/v2\/pages\/3355\/revisions\/5232"}],"wp:attachment":[{"href":"https:\/\/eventos.ifbaiano.edu.br\/portal\/congresso\/wp-json\/wp\/v2\/media?parent=3355"}],"curies":[{"name":"wp","href":"https:\/\/api.w.org\/{rel}","templated":true}]}}