{"id":3274,"date":"2024-05-20T09:13:43","date_gmt":"2024-05-20T12:13:43","guid":{"rendered":"https:\/\/eventos.ifbaiano.edu.br\/portal\/congresso\/?page_id=3274"},"modified":"2025-06-18T09:40:52","modified_gmt":"2025-06-18T12:40:52","slug":"seminario-do-programa-residencia-pedagogica","status":"publish","type":"page","link":"https:\/\/eventos.ifbaiano.edu.br\/portal\/congresso\/seminario-do-programa-residencia-pedagogica\/","title":{"rendered":"Campeonato de Lan\u00e7amento de Foguetes"},"content":{"rendered":"\n<p>O 1\u00ba Campeonato de Lan\u00e7amento de Foguetes  \u00e9 uma iniciativa inovadora do Instituto Federal Baiano (IF Baiano) que une educa\u00e7\u00e3o, ci\u00eancia e divers\u00e3o em um s\u00f3 evento! Voltado para docentes e estudantes do Ensino M\u00e9dio, o campeonato promove a experimenta\u00e7\u00e3o cient\u00edfica com foguetes constru\u00eddos a partir de garrafas PET, aliando criatividade, viabilidade t\u00e9cnica e sustentabilidade.<\/p>\n\n\n\n<p>Mais do que uma competi\u00e7\u00e3o, o evento \u00e9 uma oportunidade de popularizar o conhecimento cient\u00edfico de forma l\u00fadica, interdisciplinar e colaborativa, estimulando o pensamento cr\u00edtico e a resolu\u00e7\u00e3o de problemas a partir da pr\u00e1tica.<\/p>\n\n\n\n<p>Ao conectar teoria e pr\u00e1tica de maneira envolvente, o campeonato inspira jovens talentos e fortalece o papel da ci\u00eancia na constru\u00e7\u00e3o de um futuro mais consciente e inovador.<\/p>\n\n\n\n<p class=\"has-text-align-center\">Prepare seu foguete&#8230; e venha lan\u00e7ar conhecimento aos c\u00e9us!<\/p>\n","protected":false},"excerpt":{"rendered":"<p>O 1\u00ba Campeonato de Lan\u00e7amento de Foguetes \u00e9 uma iniciativa inovadora do Instituto Federal Baiano (IF Baiano) que une educa\u00e7\u00e3o, ci\u00eancia e divers\u00e3o em um s\u00f3 evento! Voltado para docentes e estudantes do Ensino M\u00e9dio, o campeonato promove a experimenta\u00e7\u00e3o cient\u00edfica com foguetes constru\u00eddos a partir de garrafas PET, aliando criatividade, viabilidade t\u00e9cnica e sustentabilidade.&hellip;&nbsp;<a href=\"https:\/\/eventos.ifbaiano.edu.br\/portal\/congresso\/seminario-do-programa-residencia-pedagogica\/\" rel=\"bookmark\">Continue a ler &raquo;<span class=\"screen-reader-text\">Campeonato de Lan\u00e7amento de Foguetes<\/span><\/a><\/p>\n","protected":false},"author":74,"featured_media":0,"parent":0,"menu_order":0,"comment_status":"closed","ping_status":"closed","template":"","meta":{"neve_meta_sidebar":"","neve_meta_container":"","neve_meta_enable_content_width":"","neve_meta_content_width":0,"neve_meta_title_alignment":"","neve_meta_author_avatar":"","neve_post_elements_order":"","neve_meta_disable_header":"","neve_meta_disable_footer":"","neve_meta_disable_title":"","footnotes":""},"_links":{"self":[{"href":"https:\/\/eventos.ifbaiano.edu.br\/portal\/congresso\/wp-json\/wp\/v2\/pages\/3274"}],"collection":[{"href":"https:\/\/eventos.ifbaiano.edu.br\/portal\/congresso\/wp-json\/wp\/v2\/pages"}],"about":[{"href":"https:\/\/eventos.ifbaiano.edu.br\/portal\/congresso\/wp-json\/wp\/v2\/types\/page"}],"author":[{"embeddable":true,"href":"https:\/\/eventos.ifbaiano.edu.br\/portal\/congresso\/wp-json\/wp\/v2\/users\/74"}],"replies":[{"embeddable":true,"href":"https:\/\/eventos.ifbaiano.edu.br\/portal\/congresso\/wp-json\/wp\/v2\/comments?post=3274"}],"version-history":[{"count":9,"href":"https:\/\/eventos.ifbaiano.edu.br\/portal\/congresso\/wp-json\/wp\/v2\/pages\/3274\/revisions"}],"predecessor-version":[{"id":4679,"href":"https:\/\/eventos.ifbaiano.edu.br\/portal\/congresso\/wp-json\/wp\/v2\/pages\/3274\/revisions\/4679"}],"wp:attachment":[{"href":"https:\/\/eventos.ifbaiano.edu.br\/portal\/congresso\/wp-json\/wp\/v2\/media?parent=3274"}],"curies":[{"name":"wp","href":"https:\/\/api.w.org\/{rel}","templated":true}]}}