{"id":3268,"date":"2024-05-20T09:13:43","date_gmt":"2024-05-20T12:13:43","guid":{"rendered":"https:\/\/eventos.ifbaiano.edu.br\/portal\/congresso\/?page_id=3268"},"modified":"2025-06-16T14:16:13","modified_gmt":"2025-06-16T17:16:13","slug":"mostra-de-iniciacao-cientifica","status":"publish","type":"page","link":"https:\/\/eventos.ifbaiano.edu.br\/portal\/congresso\/mostra-de-iniciacao-cientifica\/","title":{"rendered":"Mostra de Inicia\u00e7\u00e3o Cient\u00edfica"},"content":{"rendered":"\n<p>A Mostra de Inicia\u00e7\u00e3o Cient\u00edfica do IF Baiano \u00e9 um espa\u00e7o dedicado \u00e0 curiosidade, \u00e0 pesquisa e \u00e0 transforma\u00e7\u00e3o do saber em a\u00e7\u00e3o. O evento promovido pela Pr\u00f3-Reitoria de Pesquisa, Inova\u00e7\u00e3o e P\u00f3s-Gradua\u00e7\u00e3o, re\u00fane bolsistas e orientadores de diferentes campi da institui\u00e7\u00e3o, promovendo a troca de experi\u00eancias, a divulga\u00e7\u00e3o de resultados e o fortalecimento da cultura cient\u00edfica entre os jovens pesquisadores.<\/p>\n\n\n\n<p>Com foco no desenvolvimento do pensamento cr\u00edtico e investigativo, a mostra valoriza os projetos desenvolvidos no \u00e2mbito dos programas de inicia\u00e7\u00e3o cient\u00edfica, incentivando a produ\u00e7\u00e3o de conhecimento alinhado \u00e0s demandas da sociedade e aos Objetivos de Desenvolvimento Sustent\u00e1vel (ODS).<\/p>\n\n\n\n<p>Ao conectar teoria e pr\u00e1tica, a Mostra proporciona aos participantes a viv\u00eancia de um ambiente acad\u00eamico colaborativo, onde a ci\u00eancia \u00e9 celebrada como ferramenta de transforma\u00e7\u00e3o social.<\/p>\n\n\n\n<p class=\"has-text-align-center\">Seja para apresentar seu projeto, apoiar colegas ou se inspirar para novas descobertas, a Mostra de Inicia\u00e7\u00e3o Cient\u00edfica \u00e9 o lugar onde ideias ganham voz e futuro.<\/p>\n","protected":false},"excerpt":{"rendered":"<p>A Mostra de Inicia\u00e7\u00e3o Cient\u00edfica do IF Baiano \u00e9 um espa\u00e7o dedicado \u00e0 curiosidade, \u00e0 pesquisa e \u00e0 transforma\u00e7\u00e3o do saber em a\u00e7\u00e3o. O evento promovido pela Pr\u00f3-Reitoria de Pesquisa, Inova\u00e7\u00e3o e P\u00f3s-Gradua\u00e7\u00e3o, re\u00fane bolsistas e orientadores de diferentes campi da institui\u00e7\u00e3o, promovendo a troca de experi\u00eancias, a divulga\u00e7\u00e3o de resultados e o fortalecimento da&hellip;&nbsp;<a href=\"https:\/\/eventos.ifbaiano.edu.br\/portal\/congresso\/mostra-de-iniciacao-cientifica\/\" rel=\"bookmark\">Continue a ler &raquo;<span class=\"screen-reader-text\">Mostra de Inicia\u00e7\u00e3o Cient\u00edfica<\/span><\/a><\/p>\n","protected":false},"author":74,"featured_media":0,"parent":0,"menu_order":0,"comment_status":"closed","ping_status":"closed","template":"","meta":{"neve_meta_sidebar":"","neve_meta_container":"","neve_meta_enable_content_width":"","neve_meta_content_width":0,"neve_meta_title_alignment":"","neve_meta_author_avatar":"","neve_post_elements_order":"","neve_meta_disable_header":"","neve_meta_disable_footer":"","neve_meta_disable_title":"","footnotes":""},"_links":{"self":[{"href":"https:\/\/eventos.ifbaiano.edu.br\/portal\/congresso\/wp-json\/wp\/v2\/pages\/3268"}],"collection":[{"href":"https:\/\/eventos.ifbaiano.edu.br\/portal\/congresso\/wp-json\/wp\/v2\/pages"}],"about":[{"href":"https:\/\/eventos.ifbaiano.edu.br\/portal\/congresso\/wp-json\/wp\/v2\/types\/page"}],"author":[{"embeddable":true,"href":"https:\/\/eventos.ifbaiano.edu.br\/portal\/congresso\/wp-json\/wp\/v2\/users\/74"}],"replies":[{"embeddable":true,"href":"https:\/\/eventos.ifbaiano.edu.br\/portal\/congresso\/wp-json\/wp\/v2\/comments?post=3268"}],"version-history":[{"count":5,"href":"https:\/\/eventos.ifbaiano.edu.br\/portal\/congresso\/wp-json\/wp\/v2\/pages\/3268\/revisions"}],"predecessor-version":[{"id":4649,"href":"https:\/\/eventos.ifbaiano.edu.br\/portal\/congresso\/wp-json\/wp\/v2\/pages\/3268\/revisions\/4649"}],"wp:attachment":[{"href":"https:\/\/eventos.ifbaiano.edu.br\/portal\/congresso\/wp-json\/wp\/v2\/media?parent=3268"}],"curies":[{"name":"wp","href":"https:\/\/api.w.org\/{rel}","templated":true}]}}