{"id":3267,"date":"2024-05-20T09:13:43","date_gmt":"2024-05-20T12:13:43","guid":{"rendered":"https:\/\/eventos.ifbaiano.edu.br\/portal\/congresso\/?page_id=3267"},"modified":"2025-06-16T14:15:50","modified_gmt":"2025-06-16T17:15:50","slug":"v-seminario-de-extensao-inovacao-e-cultura","status":"publish","type":"page","link":"https:\/\/eventos.ifbaiano.edu.br\/portal\/congresso\/v-seminario-de-extensao-inovacao-e-cultura\/","title":{"rendered":"Semin\u00e1rio de Extens\u00e3o, Inova\u00e7\u00e3o e Cultura"},"content":{"rendered":"\n<p class=\"has-text-align-left\">O VII Semin\u00e1rio de Extens\u00e3o, Inova\u00e7\u00e3o e Cultura (VII SEIC) \u00e9 um espa\u00e7o aberto \u00e0 criatividade, ao conhecimento e ao di\u00e1logo entre a academia e a comunidade. O evento tem como principal objetivo dar visibilidade \u00e0s a\u00e7\u00f5es extensionistas desenvolvidas por estudantes do ensino m\u00e9dio e superior no \u00e2mbito dos projetos contemplados pelos Editais da Pr\u00f3-reitoria de Extens\u00e3o (PROEX), como o Programa Institucional de Bolsas de Inicia\u00e7\u00e3o em Extens\u00e3o, Cultura e Esportes e o Programa de Fomento \u00e0s A\u00e7\u00f5es de Extens\u00e3o do IF Baiano.<\/p>\n\n\n\n<p class=\"has-text-align-left\">Mais do que uma vitrine de projetos, o SEIC \u00e9 um convite \u00e0 reflex\u00e3o e \u00e0 troca de saberes. Ao reunir experi\u00eancias acad\u00eamicas e saberes populares, o semin\u00e1rio estimula o engajamento dos estudantes em iniciativas que dialogam diretamente com as necessidades da sociedade, promovendo solu\u00e7\u00f5es criativas, sustent\u00e1veis e transformadoras.<\/p>\n","protected":false},"excerpt":{"rendered":"<p>O VII Semin\u00e1rio de Extens\u00e3o, Inova\u00e7\u00e3o e Cultura (VII SEIC) \u00e9 um espa\u00e7o aberto \u00e0 criatividade, ao conhecimento e ao di\u00e1logo entre a academia e a comunidade. O evento tem como principal objetivo dar visibilidade \u00e0s a\u00e7\u00f5es extensionistas desenvolvidas por estudantes do ensino m\u00e9dio e superior no \u00e2mbito dos projetos contemplados pelos Editais da Pr\u00f3-reitoria&hellip;&nbsp;<a href=\"https:\/\/eventos.ifbaiano.edu.br\/portal\/congresso\/v-seminario-de-extensao-inovacao-e-cultura\/\" rel=\"bookmark\">Continue a ler &raquo;<span class=\"screen-reader-text\">Semin\u00e1rio de Extens\u00e3o, Inova\u00e7\u00e3o e Cultura<\/span><\/a><\/p>\n","protected":false},"author":74,"featured_media":0,"parent":0,"menu_order":0,"comment_status":"closed","ping_status":"closed","template":"","meta":{"neve_meta_sidebar":"","neve_meta_container":"","neve_meta_enable_content_width":"","neve_meta_content_width":0,"neve_meta_title_alignment":"","neve_meta_author_avatar":"","neve_post_elements_order":"","neve_meta_disable_header":"","neve_meta_disable_footer":"","neve_meta_disable_title":"","footnotes":""},"_links":{"self":[{"href":"https:\/\/eventos.ifbaiano.edu.br\/portal\/congresso\/wp-json\/wp\/v2\/pages\/3267"}],"collection":[{"href":"https:\/\/eventos.ifbaiano.edu.br\/portal\/congresso\/wp-json\/wp\/v2\/pages"}],"about":[{"href":"https:\/\/eventos.ifbaiano.edu.br\/portal\/congresso\/wp-json\/wp\/v2\/types\/page"}],"author":[{"embeddable":true,"href":"https:\/\/eventos.ifbaiano.edu.br\/portal\/congresso\/wp-json\/wp\/v2\/users\/74"}],"replies":[{"embeddable":true,"href":"https:\/\/eventos.ifbaiano.edu.br\/portal\/congresso\/wp-json\/wp\/v2\/comments?post=3267"}],"version-history":[{"count":10,"href":"https:\/\/eventos.ifbaiano.edu.br\/portal\/congresso\/wp-json\/wp\/v2\/pages\/3267\/revisions"}],"predecessor-version":[{"id":4648,"href":"https:\/\/eventos.ifbaiano.edu.br\/portal\/congresso\/wp-json\/wp\/v2\/pages\/3267\/revisions\/4648"}],"wp:attachment":[{"href":"https:\/\/eventos.ifbaiano.edu.br\/portal\/congresso\/wp-json\/wp\/v2\/media?parent=3267"}],"curies":[{"name":"wp","href":"https:\/\/api.w.org\/{rel}","templated":true}]}}