{"id":3246,"date":"2024-05-08T14:59:03","date_gmt":"2024-05-08T17:59:03","guid":{"rendered":"https:\/\/eventos.ifbaiano.edu.br\/portal\/congresso\/?page_id=3246"},"modified":"2025-09-15T18:31:58","modified_gmt":"2025-09-15T21:31:58","slug":"normas","status":"publish","type":"page","link":"https:\/\/eventos.ifbaiano.edu.br\/portal\/congresso\/normas\/","title":{"rendered":"Normas"},"content":{"rendered":"\n<p><strong>Das Orienta\u00e7\u00f5es Gerais<\/strong><br><br>1.1 Estas orienta\u00e7\u00f5es visam estabelecer o procedimento para inscri\u00e7\u00e3o, submiss\u00e3o e apresenta\u00e7\u00e3o de trabalhos no IV Congresso de Ensino, Pesquisa e Extens\u00e3o do IF Baiano (IV CEPEX), cujo tema ser\u00e1 Populariza\u00e7\u00e3o da Ci\u00eancia: Cultura e Territorialidade. O Congresso ocorrer\u00e1 de forma presencial, em Santo Estev\u00e3o, no per\u00edodo 16 a 18 de setembro de 2025, contemplando em sua programa\u00e7\u00e3o:<br>a) oficinas;<br>b) minicursos;<br>c) palestras;<br>d) mesas-redondas;<br>e) atra\u00e7\u00f5es art\u00edsticas;<br>f) apresenta\u00e7\u00e3o de trabalhos;<br>g) mostras cient\u00edficas; e<br>h) premia\u00e7\u00f5es.<\/p>\n\n\n\n<p><a href=\"https:\/\/eventos.ifbaiano.edu.br\/portal\/congresso\/files\/2025\/07\/Orientacoes-Gerais-IV-CEPEX-30.07.2025.docx.pdf\" target=\"_blank\" rel=\"noreferrer noopener\"><strong>Orienta\u00e7\u00f5es Gerais do IV CEPEX<\/strong><\/a><\/p>\n\n\n\n<p><strong><a href=\"https:\/\/eventos.ifbaiano.edu.br\/portal\/congresso\/files\/2025\/07\/Orientacoes-Gerais-do-Campeonato-de-Foguete-30.07.2025.docx.pdf\" target=\"_blank\" rel=\"noreferrer noopener\">Orienta\u00e7\u00f5es para o Campeonato de Foguete do IF Baiano<\/a><\/strong><\/p>\n\n\n\n<p><strong><a href=\"https:\/\/eventos.ifbaiano.edu.br\/portal\/congresso\/files\/2025\/07\/Orientacoes-Gerais-da-III-MOSTRATEC-30.07.2025.docx.pdf\" target=\"_blank\" rel=\"noreferrer noopener\">Orienta\u00e7\u00e3o para 3\u00aa MostraTec<\/a><\/strong><\/p>\n\n\n\n<p><a href=\"https:\/\/eventos.ifbaiano.edu.br\/portal\/congresso\/files\/2025\/06\/Template-do-Resumo-Expandido-2025-DOCX-.docx\" target=\"_blank\" rel=\"noreferrer noopener\"><strong>Template do Resumo Expandido<\/strong> <\/a><\/p>\n\n\n\n<p><strong><a href=\"https:\/\/eventos.ifbaiano.edu.br\/portal\/congresso\/files\/2025\/09\/CEPEX_banner_apresentacao.pptx\" target=\"_blank\" rel=\"noreferrer noopener\">Modelo do P\u00f4ster (Pesquisa, Extens\u00e3o e Ensino)<\/a><\/strong> <br><em><strong>Tamanho P\u00f4ster\/Banner<\/strong><\/em>: altura: 120cm e largura: 90cm<\/p>\n\n\n\n<p><strong><a href=\"https:\/\/eventos.ifbaiano.edu.br\/portal\/congresso\/files\/2025\/09\/IV-CEPEX-Orientacao-para-apresentacao-na-modalidade-poster.pdf\" data-type=\"link\" data-id=\"https:\/\/eventos.ifbaiano.edu.br\/portal\/congresso\/files\/2025\/09\/IV-CEPEX-Orientacao-para-apresentacao-na-modalidade-poster.pdf\" target=\"_blank\" rel=\"noreferrer noopener\">Orienta\u00e7\u00e3o para Apresenta\u00e7\u00e3o na Modalidade P\u00f4ster<\/a><\/strong><\/p>\n\n\n\n<p><strong><a href=\"https:\/\/eventos.ifbaiano.edu.br\/portal\/congresso\/files\/2025\/07\/CEPEX-2025_-Apresentacao.pptx\" target=\"_blank\" rel=\"noreferrer noopener\">Modelo para apresenta\u00e7\u00e3o oral <strong>(Pesquisa e Extens\u00e3o)<\/strong><\/a><\/strong> <\/p>\n\n\n\n<p><strong><a href=\"https:\/\/eventos.ifbaiano.edu.br\/portal\/congresso\/files\/2025\/09\/IV-CEPEX-Orientacao-para-Apresentacao-na-Modalidade-Oral.pdf\" data-type=\"link\" data-id=\"https:\/\/eventos.ifbaiano.edu.br\/portal\/congresso\/files\/2025\/09\/IV-CEPEX-Orientacao-para-Apresentacao-na-Modalidade-Oral.pdf\" target=\"_blank\" rel=\"noreferrer noopener\">Orienta\u00e7\u00e3o para Apresenta\u00e7\u00e3o na Modalidade Oral<\/a><\/strong><\/p>\n\n\n\n<p><strong><a href=\"https:\/\/www.canva.com\/design\/DAGqv-kQlu8\/m8p98KN_Tf-LfnPhaVd1Pw\/watch?utm_content=DAGqv-kQlu8&amp;utm_campaign=designshare&amp;utm_medium=link2&amp;utm_source=uniquelinks&amp;utlId=h54ad819c1f\" target=\"_blank\" rel=\"noreferrer noopener\">Orienta\u00e7\u00e3o para Submiss\u00e3o de Trabalhos via SUAP<\/a><\/strong><\/p>\n\n\n\n<p><a href=\"https:\/\/eventos.ifbaiano.edu.br\/portal\/congresso\/files\/2025\/09\/IV-CEPEX-Orientacoes-para-as-Equipes-Participantes-do-Campeonato-de-Foguete-VF.pdf\"><strong>Orienta\u00e7\u00e3o para as Equipes Participantes do Campeonato de Foguete<\/strong><\/a><\/p>\n\n\n\n<p><strong>Formul\u00e1rios de Avalia\u00e7\u00f5es dos Trabalhos<\/strong><\/p>\n\n\n\n<ul>\n<li><a href=\"https:\/\/eventos.ifbaiano.edu.br\/portal\/congresso\/files\/2025\/09\/Avaliacao-orais-IC-Graduacao-PROPES.docx.pdf\" target=\"_blank\" rel=\"noreferrer noopener\">Mostra de Inicia\u00e7\u00e3o Cient\u00edfica &#8211; Gradua\u00e7\u00e3o<\/a><\/li>\n\n\n\n<li><a href=\"https:\/\/eventos.ifbaiano.edu.br\/portal\/congresso\/files\/2025\/09\/Avaliacao-poster-IC-EM-PROPES.docx.pdf\" target=\"_blank\" rel=\"noreferrer noopener\">Monstra de Inicia\u00e7\u00e3o Cient\u00edfica &#8211; Ensino M\u00e9dio<\/a><\/li>\n\n\n\n<li><a href=\"https:\/\/eventos.ifbaiano.edu.br\/portal\/congresso\/files\/2025\/09\/Formulario-de-Avaliacao-de-trabalhos-SEIC.pdf\" target=\"_blank\" rel=\"noreferrer noopener\">Semin\u00e1rio de Extens\u00e3o Inova\u00e7\u00e3o e Cultura (Ensino M\u00e9dio e Gradua\u00e7\u00e3o)<\/a><\/li>\n\n\n\n<li><a href=\"https:\/\/eventos.ifbaiano.edu.br\/portal\/congresso\/files\/2025\/09\/Avaliacao-orais-Pos-PROPES.docx.pdf\" target=\"_blank\" rel=\"noreferrer noopener\">P\u00f3s-Gradua\u00e7\u00e3o<\/a><\/li>\n\n\n\n<li><a href=\"https:\/\/eventos.ifbaiano.edu.br\/portal\/congresso\/files\/2025\/09\/Avaliacao-poster-Interno-e-externo-EM-PROPES.docx.pdf\" target=\"_blank\" rel=\"noreferrer noopener\">Trabalhos Internos e Externos<\/a><\/li>\n<\/ul>\n\n\n\n<p><\/p>\n\n\n\n<figure class=\"wp-block-embed is-type-video is-provider-youtube wp-block-embed-youtube wp-embed-aspect-16-9 wp-has-aspect-ratio\"><div class=\"wp-block-embed__wrapper\">\n<div class=\"nv-iframe-embed\"><iframe loading=\"lazy\" title=\"Tutorial para Inscri\u00e7\u00e3o no IV Congresso de Ensino, Pesquisa e Extens\u00e3o do IF Baiano - IV CEPEX\" width=\"1200\" height=\"675\" src=\"https:\/\/www.youtube.com\/embed\/fLSwJZhVoTo?feature=oembed\" frameborder=\"0\" allow=\"accelerometer; autoplay; clipboard-write; encrypted-media; gyroscope; picture-in-picture; web-share\" referrerpolicy=\"strict-origin-when-cross-origin\" allowfullscreen><\/iframe><\/div>\n<\/div><\/figure>\n","protected":false},"excerpt":{"rendered":"<p>Das Orienta\u00e7\u00f5es Gerais 1.1 Estas orienta\u00e7\u00f5es visam estabelecer o procedimento para inscri\u00e7\u00e3o, submiss\u00e3o e apresenta\u00e7\u00e3o de trabalhos no IV Congresso de Ensino, Pesquisa e Extens\u00e3o do IF Baiano (IV CEPEX), cujo tema ser\u00e1 Populariza\u00e7\u00e3o da Ci\u00eancia: Cultura e Territorialidade. O Congresso ocorrer\u00e1 de forma presencial, em Santo Estev\u00e3o, no per\u00edodo 16 a 18 de setembro&hellip;&nbsp;<a href=\"https:\/\/eventos.ifbaiano.edu.br\/portal\/congresso\/normas\/\" rel=\"bookmark\">Continue a ler &raquo;<span class=\"screen-reader-text\">Normas<\/span><\/a><\/p>\n","protected":false},"author":74,"featured_media":0,"parent":0,"menu_order":0,"comment_status":"closed","ping_status":"closed","template":"","meta":{"neve_meta_sidebar":"","neve_meta_container":"","neve_meta_enable_content_width":"","neve_meta_content_width":0,"neve_meta_title_alignment":"","neve_meta_author_avatar":"","neve_post_elements_order":"","neve_meta_disable_header":"","neve_meta_disable_footer":"","neve_meta_disable_title":"","footnotes":""},"_links":{"self":[{"href":"https:\/\/eventos.ifbaiano.edu.br\/portal\/congresso\/wp-json\/wp\/v2\/pages\/3246"}],"collection":[{"href":"https:\/\/eventos.ifbaiano.edu.br\/portal\/congresso\/wp-json\/wp\/v2\/pages"}],"about":[{"href":"https:\/\/eventos.ifbaiano.edu.br\/portal\/congresso\/wp-json\/wp\/v2\/types\/page"}],"author":[{"embeddable":true,"href":"https:\/\/eventos.ifbaiano.edu.br\/portal\/congresso\/wp-json\/wp\/v2\/users\/74"}],"replies":[{"embeddable":true,"href":"https:\/\/eventos.ifbaiano.edu.br\/portal\/congresso\/wp-json\/wp\/v2\/comments?post=3246"}],"version-history":[{"count":58,"href":"https:\/\/eventos.ifbaiano.edu.br\/portal\/congresso\/wp-json\/wp\/v2\/pages\/3246\/revisions"}],"predecessor-version":[{"id":5011,"href":"https:\/\/eventos.ifbaiano.edu.br\/portal\/congresso\/wp-json\/wp\/v2\/pages\/3246\/revisions\/5011"}],"wp:attachment":[{"href":"https:\/\/eventos.ifbaiano.edu.br\/portal\/congresso\/wp-json\/wp\/v2\/media?parent=3246"}],"curies":[{"name":"wp","href":"https:\/\/api.w.org\/{rel}","templated":true}]}}