{"id":3243,"date":"2024-05-08T14:54:36","date_gmt":"2024-05-08T17:54:36","guid":{"rendered":"https:\/\/eventos.ifbaiano.edu.br\/portal\/congresso\/?page_id=3243"},"modified":"2025-07-24T02:09:50","modified_gmt":"2025-07-24T05:09:50","slug":"comissao-organizadora","status":"publish","type":"page","link":"https:\/\/eventos.ifbaiano.edu.br\/portal\/congresso\/comissao-organizadora\/","title":{"rendered":"Comiss\u00e3o Organizadora"},"content":{"rendered":"\n<p><strong>Comiss\u00e3o Organizadora da 4\u00aa Edi\u00e7\u00e3o do Congresso de Ensino, Pesquisa e Extens\u00e3o<\/strong> <strong>do IF Baiano<\/strong><\/p>\n\n\n\n<p>Rafael Oliva Trocoli Professor (Presidente)<br>Luis Henrique Alves Gomes (Vice-presidente)<br>Fernanda Alves de Santana<br>Diogo Pinho Santos Macedo<br>Milena Vergne de Abreu Oliveira e Sousa<br>Josuel Ferreira dos Santos <br>Ana Paula Marques de Figueredo<br>Thais Andrade de Sampaio Lopes<br>Uilma dos Santos Reis<br>Mateus Melo da Silva <br>Mercia Ramos Xavier<br>Cinira de Araujo Farias Fernandes<br>Vania Pimentel Luz<br>Katia de Fatima Vilela <br>Andreia Rego da Silva Reis<br>Rafaela Melo Magalhaes <br>Marlene Pereira Vilas Boas<br>Elielma Santana Fernandes<br>Cristina Mascarenhas Santos<br>Leonardo Carneiro Lapa <br>Jose Virolli Chaves <br>Diogo Soares de Melo Magalhaes<br><\/p>\n\n\n\n<p><a href=\"https:\/\/eventos.ifbaiano.edu.br\/portal\/congresso\/files\/2025\/07\/PORTARIA-281-2025-de-11-de-julho-de-2025.pdf\">PORTARIA 281\/2025 &#8211; RET-GAB\/RET\/IFBAIANO  &#8211; Constitui comiss\u00e3o para planejar e organizar o IV Congresso de Ensino, Pesquisa e Extens\u00e3o do IF BAIANO<\/a>.<\/p>\n","protected":false},"excerpt":{"rendered":"<p>Comiss\u00e3o Organizadora da 4\u00aa Edi\u00e7\u00e3o do Congresso de Ensino, Pesquisa e Extens\u00e3o do IF Baiano Rafael Oliva Trocoli Professor (Presidente)Luis Henrique Alves Gomes (Vice-presidente)Fernanda Alves de SantanaDiogo Pinho Santos MacedoMilena Vergne de Abreu Oliveira e SousaJosuel Ferreira dos Santos Ana Paula Marques de FigueredoThais Andrade de Sampaio LopesUilma dos Santos ReisMateus Melo da Silva Mercia&hellip;&nbsp;<a href=\"https:\/\/eventos.ifbaiano.edu.br\/portal\/congresso\/comissao-organizadora\/\" rel=\"bookmark\">Continue a ler &raquo;<span class=\"screen-reader-text\">Comiss\u00e3o Organizadora<\/span><\/a><\/p>\n","protected":false},"author":74,"featured_media":0,"parent":0,"menu_order":0,"comment_status":"closed","ping_status":"closed","template":"","meta":{"neve_meta_sidebar":"","neve_meta_container":"","neve_meta_enable_content_width":"","neve_meta_content_width":0,"neve_meta_title_alignment":"","neve_meta_author_avatar":"","neve_post_elements_order":"","neve_meta_disable_header":"","neve_meta_disable_footer":"","neve_meta_disable_title":"","footnotes":""},"_links":{"self":[{"href":"https:\/\/eventos.ifbaiano.edu.br\/portal\/congresso\/wp-json\/wp\/v2\/pages\/3243"}],"collection":[{"href":"https:\/\/eventos.ifbaiano.edu.br\/portal\/congresso\/wp-json\/wp\/v2\/pages"}],"about":[{"href":"https:\/\/eventos.ifbaiano.edu.br\/portal\/congresso\/wp-json\/wp\/v2\/types\/page"}],"author":[{"embeddable":true,"href":"https:\/\/eventos.ifbaiano.edu.br\/portal\/congresso\/wp-json\/wp\/v2\/users\/74"}],"replies":[{"embeddable":true,"href":"https:\/\/eventos.ifbaiano.edu.br\/portal\/congresso\/wp-json\/wp\/v2\/comments?post=3243"}],"version-history":[{"count":8,"href":"https:\/\/eventos.ifbaiano.edu.br\/portal\/congresso\/wp-json\/wp\/v2\/pages\/3243\/revisions"}],"predecessor-version":[{"id":4738,"href":"https:\/\/eventos.ifbaiano.edu.br\/portal\/congresso\/wp-json\/wp\/v2\/pages\/3243\/revisions\/4738"}],"wp:attachment":[{"href":"https:\/\/eventos.ifbaiano.edu.br\/portal\/congresso\/wp-json\/wp\/v2\/media?parent=3243"}],"curies":[{"name":"wp","href":"https:\/\/api.w.org\/{rel}","templated":true}]}}