{"id":32,"date":"2020-11-17T14:04:45","date_gmt":"2020-11-17T17:04:45","guid":{"rendered":"https:\/\/eventos.ifbaiano.edu.br\/portal\/congresso\/?page_id=32"},"modified":"2021-10-20T20:56:31","modified_gmt":"2021-10-20T23:56:31","slug":"programacao-2020","status":"publish","type":"page","link":"https:\/\/eventos.ifbaiano.edu.br\/portal\/congresso\/programacao-2020\/","title":{"rendered":"Programa\u00e7\u00e3o"},"content":{"rendered":"\n<figure class=\"wp-block-image size-large\"><img loading=\"lazy\" decoding=\"async\" width=\"905\" height=\"672\" src=\"https:\/\/eventos.ifbaiano.edu.br\/portal\/congresso\/files\/2020\/12\/Programacao-2.png\" alt=\"\" class=\"wp-image-467\" srcset=\"https:\/\/eventos.ifbaiano.edu.br\/portal\/congresso\/files\/2020\/12\/Programacao-2.png 905w, https:\/\/eventos.ifbaiano.edu.br\/portal\/congresso\/files\/2020\/12\/Programacao-2-300x223.png 300w, https:\/\/eventos.ifbaiano.edu.br\/portal\/congresso\/files\/2020\/12\/Programacao-2-768x570.png 768w\" sizes=\"(max-width: 905px) 100vw, 905px\" \/><\/figure>\n\n\n\n<p><\/p>\n\n\n\n<h3 class=\"has-text-align-center wp-block-heading\">15 de dezembro de 2020<\/h3>\n\n\n\n<p><strong>1. <a href=\"https:\/\/conferenciaweb.rnp.br\/webconf\/propes-ifbaiano\">Abertura Oficial<\/a><\/strong><br>Reitor Substituto: Marcelito Trindade Almeida<br>Secret\u00e1ria de Ci\u00eancia, Tecnologia e Inova\u00e7\u00e3o do Estado da Bahia: Ad\u00e9lia Maria Carvalho de Melo Pinheiro<br>Pr\u00f3-Reitor de Ensino: Ariomar Rodrigues dos Santos<br>Pr\u00f3-Reitora de Pesquisa e Inova\u00e7\u00e3o: Luciana Mazzutti<\/p>\n\n\n\n<p><strong>2<\/strong>. <strong><a href=\"https:\/\/conferenciaweb.rnp.br\/webconf\/propes-ifbaiano\">Confer\u00eancia de Abertura: Como um aluno de escola t\u00e9cnica virou um cientista estudando zika e microcefalias?<\/a><\/strong><br>Palestrante: Eduardo Both Sequerra (UFRN)<br>Mediadores: Gustavo de Ara\u00fajo Sabry (IF Baiano\/Valen\u00e7a), Leandro Silva Teixeira (IF Baiano\/Catu) e Hillary Nunes Santos (IF Baiano\/Valen\u00e7a)<\/p>\n\n\n\n<p><strong>3. Abertura Oficial do I SIP &#8211; <a href=\"https:\/\/conferenciaweb.rnp.br\/webconf\/cifbaiano2\">Pesquisar e inovar para recriar o viver: desafios da p\u00f3s-gradua\u00e7\u00e3o no Brasil<\/a><\/strong><br>Media\u00e7\u00e3o: Eduardo Perovano Santana (Coordenador Geral de P\u00f3s-Gradua\u00e7\u00e3o)<br>Palestrantes:<br>Giselle Ro\u00e7as (IFRJ)<br>Vin\u00edcius Martins (IFSul)<br>T\u00e2nia Fisher (UFBA)<\/p>\n\n\n\n<p><strong>Apresenta\u00e7\u00e3o de trabalhos<\/strong>: <strong><a href=\"https:\/\/eventos.ifbaiano.edu.br\/portal\/congresso\/submissao-de-trabalhos\/vii-mostra-de-iniciacao-cientifica\/\">MIC<\/a><\/strong> &#8211; Pr\u00e1ticas de inicia\u00e7\u00e3o cient\u00edfica: questionar \u00e9 preciso &#8211; IC Gradua\u00e7\u00e3o<br><strong>Apresenta\u00e7\u00e3o de trabalhos<\/strong>: <strong><a href=\"https:\/\/eventos.ifbaiano.edu.br\/portal\/congresso\/submissao-de-trabalhos\/i-seminario-institucional-de-pos-graduacao\/\">SIP<\/a><\/strong> &#8211; Trabalhos dos Programas de Mestrado Profissional<\/p>\n\n\n\n<p><strong><a href=\"https:\/\/conferenciaweb.rnp.br\/webconf\/cifbaiano10\">A arte do encontro: cultura, pesquisa e divers\u00e3o<\/a><\/strong><\/p>\n\n\n\n<p><strong>4.<\/strong> <strong><a href=\"https:\/\/conferenciaweb.rnp.br\/webconf\/cifbaiano10\">Abertura Oficial do PIBID: identidade docente na forma\u00e7\u00e3o inicial de professores por meio da articula\u00e7\u00e3o Ensino Superior e Educa\u00e7\u00e3o B\u00e1sica na contemporaneidade<\/a><\/strong><br>Coordena\u00e7\u00e3o Institucional: Lilian Teixeira<br>Palestrantes:<br>Leila Damiana dos Santos Souza (UFRB)<br>Hildonice de Souza Batista (IF Baiano)<\/p>\n\n\n\n<h3 class=\"has-text-align-center wp-block-heading\">16 de dezembro de 2020<\/h3>\n\n\n\n<p><strong>5.<\/strong> <strong><a href=\"https:\/\/conferenciaweb.rnp.br\/webconf\/cifbaiano1\">Ci\u00eancia: substantivo feminino<\/a><\/strong><br>Convidada: Eliana Alc\u00e2ntara Lisboa (IFBA)<br>Participantes:<br>Felizarda Viana Beb\u00e9 (Professora do IF Baiano &#8211; <em>Campus<\/em> Guanambi)<br>Ana Luiza de Souza dos Santos (Discente da Licenciatura de Qu\u00edmica do IF Baiano &#8211; <em>Campus <\/em>Catu)<br>Carolina Costa Silva (Discente do Curso T\u00e9cnico Integrado em Administra\u00e7\u00e3o do IF Baiano &#8211; <em>Campus <\/em>Teixeira de Freitas)<\/p>\n\n\n\n<p><strong>Apresenta\u00e7\u00e3o de trabalhos<\/strong>: <strong><a href=\"https:\/\/eventos.ifbaiano.edu.br\/portal\/congresso\/submissao-de-trabalhos\/vii-mostra-de-iniciacao-cientifica\/\">MIC<\/a> <\/strong>&#8211; Por uma educa\u00e7\u00e3o cient\u00edfica: o conhecimento no mundo jovem IC-EM<\/p>\n\n\n\n<p><strong>6.<\/strong> <strong><a href=\"https:\/\/conferenciaweb.rnp.br\/webconf\/cifbaiano2\">Tecnologias da leitura e da escrita ao longo do tempo: ler, escrever e pesquisar<\/a><\/strong><br>Palestrante: Roger Chartier (Historiador &#8211; Professor <em>Emeritus <\/em>do Coll\u00e8ge de France-Paris e Annenberg Visiting Professor da Universidade da Pennsylvania)<br>Coordenadoras de P\u00f3s-Gradua\u00e7\u00e3o\/ Mediadoras: Camila Duarte (IF Baiano &#8211; Itapetinga); Eliane Leite (IF Baiano &#8211; Governador Mangabeira) e Gabriele Belo (IF Baiano &#8211; Valen\u00e7a)<\/p>\n\n\n\n<p><strong>Apresenta\u00e7\u00e3o de trabalhos<\/strong>: <strong><a href=\"https:\/\/eventos.ifbaiano.edu.br\/portal\/congresso\/submissao-de-trabalhos\/vii-mostra-de-iniciacao-cientifica\/\">MIC<\/a><\/strong> &#8211; Pr\u00e1ticas de inicia\u00e7\u00e3o cient\u00edfica: questionar \u00e9 preciso &#8211; IC Gradua\u00e7\u00e3o<br><strong>Apresenta\u00e7\u00e3o de trabalhos<\/strong>: <strong><a href=\"https:\/\/eventos.ifbaiano.edu.br\/portal\/congresso\/submissao-de-trabalhos\/i-seminario-institucional-de-pos-graduacao\/\">SIP<\/a><\/strong> &#8211; Pesquisas em Ensino<\/p>\n\n\n\n<p><strong><a href=\"https:\/\/conferenciaweb.rnp.br\/webconf\/cifbaiano10\">A arte do encontro: cultura, pesquisa e divers\u00e3o<\/a><\/strong><\/p>\n\n\n\n<p><strong>7. <\/strong><a href=\"https:\/\/conferenciaweb.rnp.br\/webconf\/cifbaiano10\"><strong>Abertura Oficial O PRP:<\/strong> <strong>Rela\u00e7\u00e3o dial\u00f3gica entre o contexto dos alunos e o conhecimento sistematizado: uma proposta interdisciplinar para a forma\u00e7\u00e3o b\u00e1sica comum nacional<\/strong><\/a> &#8211; Lista de <a href=\"https:\/\/forms.gle\/au4HDZwN872vPX3d8\">presen\u00e7a aqui<\/a><br>Coordena\u00e7\u00e3o Institucional: Aline dos Santos Lima<br>Convidada: Profa. Dra. Fl\u00e1via Cristina de Mac\u00eado Santana &#8211; UEFS<\/p>\n\n\n\n<h3 class=\"has-text-align-center wp-block-heading\">17 de dezembro de 2020<\/h3>\n\n\n\n<p><strong>8. <a href=\"https:\/\/conferenciaweb.rnp.br\/webconf\/cifbaiano1\">Cidadania lingu\u00edstica, multilinguismo e racismo<\/a><\/strong><br>Palestrante: Gabriel Nascimento (UFSB)<br>Mediadores: Alexandra Bomfim de Oliveira (IF Baiano\/Teixeira de Freitas) e Ivo Ferreira de Jesus (IF Baiano\/Santa In\u00eas)<\/p>\n\n\n\n<p><strong>Apresenta\u00e7\u00e3o de trabalhos<\/strong>: <strong><a href=\"https:\/\/eventos.ifbaiano.edu.br\/portal\/congresso\/submissao-de-trabalhos\/vii-mostra-de-iniciacao-cientifica\/\">MIC<\/a><\/strong> &#8211; Por uma educa\u00e7\u00e3o cient\u00edfica: o conhecimento no mundo jovem IC-EM<\/p>\n\n\n\n<p><strong>9. <a href=\"https:\/\/conferenciaweb.rnp.br\/webconf\/cifbaiano10\">Roda de di\u00e1logos: quest\u00f5es da forma\u00e7\u00e3o de professores\/as para\/na Escola B\u00e1sica<\/a><\/strong><br>Jos\u00e9 Aurimar dos Santos Angelim IF Baiano campus Senhor do Bonfim\/ Docente Orientador PRP<br>Rosineide Braz Santos Fonseca IF Baiano campus Santa In\u00eas\/ Coordenadora de \u00c1rea PIBID<\/p>\n\n\n\n<p><strong>10.<\/strong> <strong><a href=\"https:\/\/conferenciaweb.rnp.br\/webconf\/cifbaiano2\">Pesquisa \u00e9 POP<\/a><\/strong><br>Mediador: Marcelo Souza Oliveira (IF Baiano &#8211; Catu)<br>Palestrantes:<br>Luiz Gustavo de Almeida (IQC) &#8211; <em><a href=\"https:\/\/pintofscience.com.br\/\">Pint of Science<\/a><\/em><br>Marco Ant\u00f4nio Amaral (UFSB) &#8211;<a href=\"https:\/\/ornitorrincocurioso.wordpress.com\/\"> Blog &#8220;Ornitorrinco curioso&#8221;<\/a><br>Ronaldo Marques &#8211; Gerente de Conte\u00fado do TikTok Brasil                                                                                                                                                                  <\/p>\n\n\n\n<p><strong>11. <a href=\"https:\/\/conferenciaweb.rnp.br\/webconf\/cifbaiano14\">I Semin\u00e1rio Interterritorial de Sanidade Animal<\/a><\/strong><br>Palestra 1:&nbsp;<strong>Defesa Sanit\u00e1ria Bovinocultura Leite<\/strong><br>Palestrante: Esp. Fernanda Almeida Pita<\/p>\n\n\n\n<p>Palestra 2:&nbsp;<strong>Mastite Bovina e Ordenha Higi\u00eanica<\/strong><br>Palestrante: DSc. Lizziane Arg\u00f4lo-Batista                                                                                                                                                                                                                                                                                                                                                            <br><\/p>\n\n\n\n<p><strong>Apresenta\u00e7\u00e3o de trabalhos<\/strong>: <strong><a href=\"https:\/\/eventos.ifbaiano.edu.br\/portal\/congresso\/submissao-de-trabalhos\/vii-mostra-de-iniciacao-cientifica\/\">MIC<\/a><\/strong> &#8211; Pr\u00e1ticas de inicia\u00e7\u00e3o cient\u00edfica: questionar \u00e9 preciso &#8211; IC Gradua\u00e7\u00e3o<br><strong>Apresenta\u00e7\u00e3o de trabalhos<\/strong>: <strong><a href=\"https:\/\/eventos.ifbaiano.edu.br\/portal\/congresso\/submissao-de-trabalhos\/i-seminario-institucional-de-pos-graduacao\/\">SIP<\/a><\/strong> &#8211; Pesquisas em Hist\u00f3ria, Educa\u00e7\u00e3o e Sociedade<\/p>\n\n\n\n<p><strong><a href=\"https:\/\/conferenciaweb.rnp.br\/webconf\/cifbaiano9\">A arte do encontro: cultura, pesquisa e divers\u00e3o<\/a><\/strong><\/p>\n\n\n\n<p><strong>12. <a href=\"https:\/\/conferenciaweb.rnp.br\/webconf\/cifbaiano9\">A pesquisa no IF Baiano: um panorama dos grupos de pesquisa em constru\u00e7\u00e3o<\/a><\/strong><br>Alexandra Souza de Carvalho (IF Baiano\/Catu)                                                                                                                                                                                      Felizarda Viana Beb\u00e9 (IF Baiano\/Guanambi)<br>Eliane Santos Leite da Silva (IF Baiano\/Governador Mangabeira)<br>Jos\u00e9 Rodrigues de Souza Filho (IF Baiano\/Catu)                                                                                                                                                                                    <\/p>\n\n\n\n<h3 class=\"has-text-align-center wp-block-heading\">18 de dezembro de 2020<\/h3>\n\n\n\n<p><strong>13. <a href=\"https:\/\/conferenciaweb.rnp.br\/webconf\/propes-ifbaiano\">Encontro anual do GENI &#8211; N\u00facleo de Estudos de G\u00eanero e Sexualidade do Instituto Federal de Educa\u00e7\u00e3o, Ci\u00eancia e Tecnologia Baiano<\/a><\/strong> <\/p>\n\n\n\n<p><strong>14. <a href=\"https:\/\/conferenciaweb.rnp.br\/webconf\/propes-ifbaiano\">Premia\u00e7\u00e3o dos Trabalhos apresentados (Inicia\u00e7\u00e3o Cient\u00edfica e Tecnol\u00f3gica e P\u00f3s-Gradua\u00e7\u00e3o)<\/a><\/strong><\/p>\n\n\n\n<p><strong>15. <a href=\"https:\/\/conferenciaweb.rnp.br\/webconf\/cifbaiano14\">I Semin\u00e1rio Interterritorial de Sanidade Animal<\/a><\/strong><br>Palestra 3: <strong>Bem-estar e sua influ\u00eancia sobre a sanidade e produ\u00e7\u00e3o de leite<\/strong><br>Palestrante: DSc. Jacqueline Firmino S\u00e1<\/p>\n\n\n\n<p>Palestra 4:&nbsp;<strong>Qualidade do leite bovino<\/strong><br>Palestrante: Esp. Vagner Freitas<\/p>\n\n\n\n<p><strong>16. <a href=\"https:\/\/conferenciaweb.rnp.br\/webconf\/propes-ifbaiano\">Da cultura tamb\u00e9m se faz Ci\u00eancia<\/a><\/strong><\/p>\n\n\n\n<p><br><\/p>\n","protected":false},"excerpt":{"rendered":"<p>15 de dezembro de 2020 1. Abertura OficialReitor Substituto: Marcelito Trindade AlmeidaSecret\u00e1ria de Ci\u00eancia, Tecnologia e Inova\u00e7\u00e3o do Estado da Bahia: Ad\u00e9lia Maria Carvalho de Melo PinheiroPr\u00f3-Reitor de Ensino: Ariomar Rodrigues dos SantosPr\u00f3-Reitora de Pesquisa e Inova\u00e7\u00e3o: Luciana Mazzutti 2. Confer\u00eancia de Abertura: Como um aluno de escola t\u00e9cnica virou um cientista estudando zika e&hellip;&nbsp;<a href=\"https:\/\/eventos.ifbaiano.edu.br\/portal\/congresso\/programacao-2020\/\" rel=\"bookmark\">Continue a ler &raquo;<span class=\"screen-reader-text\">Programa\u00e7\u00e3o<\/span><\/a><\/p>\n","protected":false},"author":20,"featured_media":0,"parent":0,"menu_order":0,"comment_status":"closed","ping_status":"closed","template":"","meta":{"neve_meta_sidebar":"full-width","neve_meta_container":"","neve_meta_enable_content_width":"on","neve_meta_content_width":100,"neve_meta_title_alignment":"","neve_meta_author_avatar":"","neve_post_elements_order":"","neve_meta_disable_header":"","neve_meta_disable_footer":"","neve_meta_disable_title":"","footnotes":""},"_links":{"self":[{"href":"https:\/\/eventos.ifbaiano.edu.br\/portal\/congresso\/wp-json\/wp\/v2\/pages\/32"}],"collection":[{"href":"https:\/\/eventos.ifbaiano.edu.br\/portal\/congresso\/wp-json\/wp\/v2\/pages"}],"about":[{"href":"https:\/\/eventos.ifbaiano.edu.br\/portal\/congresso\/wp-json\/wp\/v2\/types\/page"}],"author":[{"embeddable":true,"href":"https:\/\/eventos.ifbaiano.edu.br\/portal\/congresso\/wp-json\/wp\/v2\/users\/20"}],"replies":[{"embeddable":true,"href":"https:\/\/eventos.ifbaiano.edu.br\/portal\/congresso\/wp-json\/wp\/v2\/comments?post=32"}],"version-history":[{"count":49,"href":"https:\/\/eventos.ifbaiano.edu.br\/portal\/congresso\/wp-json\/wp\/v2\/pages\/32\/revisions"}],"predecessor-version":[{"id":468,"href":"https:\/\/eventos.ifbaiano.edu.br\/portal\/congresso\/wp-json\/wp\/v2\/pages\/32\/revisions\/468"}],"wp:attachment":[{"href":"https:\/\/eventos.ifbaiano.edu.br\/portal\/congresso\/wp-json\/wp\/v2\/media?parent=32"}],"curies":[{"name":"wp","href":"https:\/\/api.w.org\/{rel}","templated":true}]}}