{"id":3138,"date":"2024-04-24T15:29:11","date_gmt":"2024-04-24T18:29:11","guid":{"rendered":"https:\/\/eventos.ifbaiano.edu.br\/portal\/congresso\/?page_id=3138"},"modified":"2024-07-08T11:02:14","modified_gmt":"2024-07-08T14:02:14","slug":"anais-2022","status":"publish","type":"page","link":"https:\/\/eventos.ifbaiano.edu.br\/portal\/congresso\/anais-2022\/","title":{"rendered":"Anais do Congresso de Ensino, Pesquisa e Extens\u00e3o do IF Baiano &#8211; Vol I \/ Dezembro de 2022"},"content":{"rendered":"\n<div class=\"wp-block-media-text is-stacked-on-mobile\" style=\"grid-template-columns:21% auto\"><figure class=\"wp-block-media-text__media\"><img loading=\"lazy\" decoding=\"async\" width=\"724\" height=\"1024\" src=\"https:\/\/eventos.ifbaiano.edu.br\/portal\/congresso\/files\/2024\/07\/site-capas-congresso-IF-Baiano-06-724x1024.png\" alt=\"\" class=\"wp-image-3456 size-full\" srcset=\"https:\/\/eventos.ifbaiano.edu.br\/portal\/congresso\/files\/2024\/07\/site-capas-congresso-IF-Baiano-06-724x1024.png 724w, https:\/\/eventos.ifbaiano.edu.br\/portal\/congresso\/files\/2024\/07\/site-capas-congresso-IF-Baiano-06-212x300.png 212w, https:\/\/eventos.ifbaiano.edu.br\/portal\/congresso\/files\/2024\/07\/site-capas-congresso-IF-Baiano-06-768x1086.png 768w, https:\/\/eventos.ifbaiano.edu.br\/portal\/congresso\/files\/2024\/07\/site-capas-congresso-IF-Baiano-06-1086x1536.png 1086w, https:\/\/eventos.ifbaiano.edu.br\/portal\/congresso\/files\/2024\/07\/site-capas-congresso-IF-Baiano-06-1448x2048.png 1448w, https:\/\/eventos.ifbaiano.edu.br\/portal\/congresso\/files\/2024\/07\/site-capas-congresso-IF-Baiano-06.png 1671w\" sizes=\"(max-width: 724px) 100vw, 724px\" \/><\/figure><div class=\"wp-block-media-text__content\">\n<p class=\"has-small-font-size\">ANAIS do congresso de ensino, pesquisa e extens\u00e3o do IF Baiano &#8211; Volume I &#8230;<\/p>\n\n\n\n<p style=\"padding-top:var(--wp--preset--spacing--50);padding-right:0;padding-bottom:var(--wp--preset--spacing--50);padding-left:0\"><a href=\"https:\/\/eventos.ifbaiano.edu.br\/portal\/congresso\/files\/2024\/07\/ANAIS-2022-1-1.pdf\">Clique aqui para visualizar o conte\u00fado completo<\/a><\/p>\n<\/div><\/div>\n\n\n\n<div class=\"wp-block-media-text is-stacked-on-mobile\" style=\"grid-template-columns:21% auto\"><figure class=\"wp-block-media-text__media\"><img loading=\"lazy\" decoding=\"async\" width=\"724\" height=\"1024\" src=\"https:\/\/eventos.ifbaiano.edu.br\/portal\/congresso\/files\/2024\/07\/site-capas-congresso-IF-Baiano-06-724x1024.png\" alt=\"\" class=\"wp-image-3456 size-full\" srcset=\"https:\/\/eventos.ifbaiano.edu.br\/portal\/congresso\/files\/2024\/07\/site-capas-congresso-IF-Baiano-06-724x1024.png 724w, https:\/\/eventos.ifbaiano.edu.br\/portal\/congresso\/files\/2024\/07\/site-capas-congresso-IF-Baiano-06-212x300.png 212w, https:\/\/eventos.ifbaiano.edu.br\/portal\/congresso\/files\/2024\/07\/site-capas-congresso-IF-Baiano-06-768x1086.png 768w, https:\/\/eventos.ifbaiano.edu.br\/portal\/congresso\/files\/2024\/07\/site-capas-congresso-IF-Baiano-06-1086x1536.png 1086w, https:\/\/eventos.ifbaiano.edu.br\/portal\/congresso\/files\/2024\/07\/site-capas-congresso-IF-Baiano-06-1448x2048.png 1448w, https:\/\/eventos.ifbaiano.edu.br\/portal\/congresso\/files\/2024\/07\/site-capas-congresso-IF-Baiano-06.png 1671w\" sizes=\"(max-width: 724px) 100vw, 724px\" \/><\/figure><div class=\"wp-block-media-text__content\">\n<p>ANAIS do congresso de ensino, pesquisa e extens\u00e3o do IF Baiano &#8211; Volume I &#8230;<\/p>\n\n\n\n<p><a href=\"https:\/\/eventos.ifbaiano.edu.br\/portal\/congresso\/files\/2024\/07\/ANAIS-2022-2-1.pdf\">Clique aqui para visualizar o conte\u00fado completo<\/a><\/p>\n<\/div><\/div>\n\n\n\n<div class=\"wp-block-media-text is-stacked-on-mobile\" style=\"grid-template-columns:21% auto\"><figure class=\"wp-block-media-text__media\"><img loading=\"lazy\" decoding=\"async\" width=\"724\" height=\"1024\" src=\"https:\/\/eventos.ifbaiano.edu.br\/portal\/congresso\/files\/2024\/07\/site-capas-congresso-IF-Baiano-06-724x1024.png\" alt=\"\" class=\"wp-image-3456 size-full\" srcset=\"https:\/\/eventos.ifbaiano.edu.br\/portal\/congresso\/files\/2024\/07\/site-capas-congresso-IF-Baiano-06-724x1024.png 724w, https:\/\/eventos.ifbaiano.edu.br\/portal\/congresso\/files\/2024\/07\/site-capas-congresso-IF-Baiano-06-212x300.png 212w, https:\/\/eventos.ifbaiano.edu.br\/portal\/congresso\/files\/2024\/07\/site-capas-congresso-IF-Baiano-06-768x1086.png 768w, https:\/\/eventos.ifbaiano.edu.br\/portal\/congresso\/files\/2024\/07\/site-capas-congresso-IF-Baiano-06-1086x1536.png 1086w, https:\/\/eventos.ifbaiano.edu.br\/portal\/congresso\/files\/2024\/07\/site-capas-congresso-IF-Baiano-06-1448x2048.png 1448w, https:\/\/eventos.ifbaiano.edu.br\/portal\/congresso\/files\/2024\/07\/site-capas-congresso-IF-Baiano-06.png 1671w\" sizes=\"(max-width: 724px) 100vw, 724px\" \/><\/figure><div class=\"wp-block-media-text__content\">\n<p>ANAIS do congresso de ensino, pesquisa e extens\u00e3o do IF Baiano &#8211; Volume I \u2026<\/p>\n\n\n\n<p><a href=\"https:\/\/eventos.ifbaiano.edu.br\/portal\/congresso\/files\/2024\/07\/ANAIS-2022-3-1.pdf\">Clique aqui para visualizar o conte\u00fado completo<\/a><\/p>\n<\/div><\/div>\n\n\n\n<div class=\"wp-block-media-text is-stacked-on-mobile\" style=\"grid-template-columns:21% auto\"><figure class=\"wp-block-media-text__media\"><img loading=\"lazy\" decoding=\"async\" width=\"724\" height=\"1024\" src=\"https:\/\/eventos.ifbaiano.edu.br\/portal\/congresso\/files\/2024\/07\/site-capas-congresso-IF-Baiano-06-724x1024.png\" alt=\"\" class=\"wp-image-3456 size-full\" srcset=\"https:\/\/eventos.ifbaiano.edu.br\/portal\/congresso\/files\/2024\/07\/site-capas-congresso-IF-Baiano-06-724x1024.png 724w, https:\/\/eventos.ifbaiano.edu.br\/portal\/congresso\/files\/2024\/07\/site-capas-congresso-IF-Baiano-06-212x300.png 212w, https:\/\/eventos.ifbaiano.edu.br\/portal\/congresso\/files\/2024\/07\/site-capas-congresso-IF-Baiano-06-768x1086.png 768w, https:\/\/eventos.ifbaiano.edu.br\/portal\/congresso\/files\/2024\/07\/site-capas-congresso-IF-Baiano-06-1086x1536.png 1086w, https:\/\/eventos.ifbaiano.edu.br\/portal\/congresso\/files\/2024\/07\/site-capas-congresso-IF-Baiano-06-1448x2048.png 1448w, https:\/\/eventos.ifbaiano.edu.br\/portal\/congresso\/files\/2024\/07\/site-capas-congresso-IF-Baiano-06.png 1671w\" sizes=\"(max-width: 724px) 100vw, 724px\" \/><\/figure><div class=\"wp-block-media-text__content\">\n<p>ANAIS do congresso de ensino, pesquisa e extens\u00e3o do IF Baiano &#8211; Volume I \u2026<\/p>\n\n\n\n<p><a href=\"https:\/\/eventos.ifbaiano.edu.br\/portal\/congresso\/files\/2024\/07\/ANAIS-2022-4-1.pdf\">Clique aqui para visualizar o conte\u00fado completo<\/a><\/p>\n<\/div><\/div>\n","protected":false},"excerpt":{"rendered":"<p>ANAIS do congresso de ensino, pesquisa e extens\u00e3o do IF Baiano &#8211; Volume I &#8230; Clique aqui para visualizar o conte\u00fado completo ANAIS do congresso de ensino, pesquisa e extens\u00e3o do IF Baiano &#8211; Volume I &#8230; Clique aqui para visualizar o conte\u00fado completo ANAIS do congresso de ensino, pesquisa e extens\u00e3o do IF Baiano&hellip;&nbsp;<a href=\"https:\/\/eventos.ifbaiano.edu.br\/portal\/congresso\/anais-2022\/\" rel=\"bookmark\">Continue a ler &raquo;<span class=\"screen-reader-text\">Anais do Congresso de Ensino, Pesquisa e Extens\u00e3o do IF Baiano &#8211; Vol I \/ Dezembro de 2022<\/span><\/a><\/p>\n","protected":false},"author":74,"featured_media":0,"parent":0,"menu_order":0,"comment_status":"closed","ping_status":"closed","template":"","meta":{"neve_meta_sidebar":"default","neve_meta_container":"contained","neve_meta_enable_content_width":"on","neve_meta_content_width":100,"neve_meta_title_alignment":"","neve_meta_author_avatar":"","neve_post_elements_order":"","neve_meta_disable_header":"","neve_meta_disable_footer":"off","neve_meta_disable_title":"","footnotes":""},"_links":{"self":[{"href":"https:\/\/eventos.ifbaiano.edu.br\/portal\/congresso\/wp-json\/wp\/v2\/pages\/3138"}],"collection":[{"href":"https:\/\/eventos.ifbaiano.edu.br\/portal\/congresso\/wp-json\/wp\/v2\/pages"}],"about":[{"href":"https:\/\/eventos.ifbaiano.edu.br\/portal\/congresso\/wp-json\/wp\/v2\/types\/page"}],"author":[{"embeddable":true,"href":"https:\/\/eventos.ifbaiano.edu.br\/portal\/congresso\/wp-json\/wp\/v2\/users\/74"}],"replies":[{"embeddable":true,"href":"https:\/\/eventos.ifbaiano.edu.br\/portal\/congresso\/wp-json\/wp\/v2\/comments?post=3138"}],"version-history":[{"count":23,"href":"https:\/\/eventos.ifbaiano.edu.br\/portal\/congresso\/wp-json\/wp\/v2\/pages\/3138\/revisions"}],"predecessor-version":[{"id":3464,"href":"https:\/\/eventos.ifbaiano.edu.br\/portal\/congresso\/wp-json\/wp\/v2\/pages\/3138\/revisions\/3464"}],"wp:attachment":[{"href":"https:\/\/eventos.ifbaiano.edu.br\/portal\/congresso\/wp-json\/wp\/v2\/media?parent=3138"}],"curies":[{"name":"wp","href":"https:\/\/api.w.org\/{rel}","templated":true}]}}