{"id":2771,"date":"2024-01-22T16:40:40","date_gmt":"2024-01-22T19:40:40","guid":{"rendered":"https:\/\/eventos.ifbaiano.edu.br\/portal\/congresso\/?page_id=2771"},"modified":"2024-01-25T12:09:26","modified_gmt":"2024-01-25T15:09:26","slug":"pos","status":"publish","type":"page","link":"https:\/\/eventos.ifbaiano.edu.br\/portal\/congresso\/pos\/","title":{"rendered":"POS"},"content":{"rendered":"\n<figure class=\"wp-block-table is-style-stripes\"><table><tbody><tr><td class=\"has-text-align-center\" data-align=\"center\"><strong>CAMPUS<\/strong><\/td><td class=\"has-text-align-center\" data-align=\"center\"><strong>PROJETO<\/strong><\/td><td class=\"has-text-align-center\" data-align=\"center\"><strong>AUTOR<\/strong><\/td><\/tr><tr><td class=\"has-text-align-center\" data-align=\"center\">CAT<\/td><td class=\"has-text-align-center\" data-align=\"center\"><a href=\"https:\/\/eventos.ifbaiano.edu.br\/portal\/congresso\/files\/2024\/01\/A-experiencia-com-a-arte-no-processo-de-interacao-de-estudantes.pdf\">A experi\u00eancia com a arte no processo de intera\u00e7\u00e3o de estudantes com transtorno do Espectro Autista na Educa\u00e7\u00e3o Profissional Tecnol\u00f3gica do IFBA CAMPUS<\/a><\/td><td class=\"has-text-align-center\" data-align=\"center\">Luciane de Oliveira<\/td><\/tr><tr><td class=\"has-text-align-center\" data-align=\"center\">CAT<\/td><td class=\"has-text-align-center\" data-align=\"center\"><a href=\"https:\/\/eventos.ifbaiano.edu.br\/portal\/congresso\/files\/2024\/01\/A-politica-de-assistencia-estudantil.pdf\">A pol\u00edtica de assist\u00eancia estudantil: Rela\u00e7\u00e3o entre o recebimento dos aux\u00edlios financeiros e a perman\u00eancia dos estudantes do Ensino M\u00e9dio T\u00e9cnico Integrado ao Ensino M\u00e9dio<\/a><\/td><td class=\"has-text-align-center\" data-align=\"center\">Carlito Jos\u00e9 de Barros Filho<\/td><\/tr><tr><td class=\"has-text-align-center\" data-align=\"center\">CAT<\/td><td class=\"has-text-align-center\" data-align=\"center\"><a href=\"https:\/\/eventos.ifbaiano.edu.br\/portal\/congresso\/files\/2024\/01\/EMOCOES-NA-ESCOLA-COMO-LIDAR-PRINCIPAIS-PROBLEMAS-NA-PERSPECTIVA-DISCENTE.pdf\">Emo\u00e7\u00f5es na escola, como lidar? Principais problemas na perspectiva discente<\/a><\/td><td class=\"has-text-align-center\" data-align=\"center\">Mileide S. Carvalho<\/td><\/tr><tr><td class=\"has-text-align-center\" data-align=\"center\">CAT<\/td><td class=\"has-text-align-center\" data-align=\"center\"><a href=\"https:\/\/eventos.ifbaiano.edu.br\/portal\/congresso\/files\/2024\/01\/Festival-de-arte-e-musica-do-IF-Baiano.pdf\">Festival de Arte e M\u00fasica do IF BAIANO: Representa\u00e7\u00f5es sociais de estudantes do Ensino M\u00e9dio Integrado no campo da forma\u00e7\u00e3o humana integral<\/a><\/td><td class=\"has-text-align-center\" data-align=\"center\">Pollyanna de Salles Brasil Barbosa<\/td><\/tr><tr><td class=\"has-text-align-center\" data-align=\"center\">CAT<\/td><td class=\"has-text-align-center\" data-align=\"center\"><a href=\"https:\/\/eventos.ifbaiano.edu.br\/portal\/congresso\/files\/2024\/01\/Formacao-continuada-em-letramento-digital.pdf\">Forma\u00e7\u00e3o continuada em letramento digital para professores da educa\u00e7\u00e3o profissional e tecnol\u00f3gica<\/a><\/td><td class=\"has-text-align-center\" data-align=\"center\">Silvana Casais do Espirito Santos<\/td><\/tr><tr><td class=\"has-text-align-center\" data-align=\"center\">CAT<\/td><td class=\"has-text-align-center\" data-align=\"center\"><a href=\"https:\/\/eventos.ifbaiano.edu.br\/portal\/congresso\/files\/2024\/01\/Mapeamento-de-producoes-sobre-ingresso-de-estudantes.pdf\">Mapeamento de produ\u00e7\u00f5es sobre ingresso de estudantes na educa\u00e7\u00e3o profissional e tecnol\u00f3gica<\/a><\/td><td class=\"has-text-align-center\" data-align=\"center\">Carla Andr\u00e9ia Souza Nascimento<\/td><\/tr><tr><td class=\"has-text-align-center\" data-align=\"center\">CAT<\/td><td class=\"has-text-align-center\" data-align=\"center\"><a href=\"https:\/\/eventos.ifbaiano.edu.br\/portal\/congresso\/files\/2024\/01\/Narrativas-autobiograficas-de-egressas-negras-da-educacao-profissional.pdf\">Narrativas autobiogr\u00e1ficas de egressas negras da educa\u00e7\u00e3o profissional do Instituto Federal Baiano <em>campus<\/em> Serrinha<\/a><\/td><td class=\"has-text-align-center\" data-align=\"center\">Juciene Malaquias dos Santos<\/td><\/tr><tr><td class=\"has-text-align-center\" data-align=\"center\">CAT<\/td><td class=\"has-text-align-center\" data-align=\"center\"><a href=\"https:\/\/eventos.ifbaiano.edu.br\/portal\/congresso\/files\/2024\/01\/O-ensino-aprendizagem-das-plantas-medicinais-na-educacao-profissional.pdf\">O Ensino aprendizagem das plantas medicinais na educa\u00e7\u00e3o profissional<\/a><\/td><td class=\"has-text-align-center\" data-align=\"center\">Edmone Campos de E\u00e7a<\/td><\/tr><tr><td class=\"has-text-align-center\" data-align=\"center\">CAT<\/td><td class=\"has-text-align-center\" data-align=\"center\"><a href=\"https:\/\/eventos.ifbaiano.edu.br\/portal\/congresso\/files\/2024\/01\/O-programa-institucional-de-bolsas-de-iniciacao-em-extensao-do-IF-Baiano.pdf\">O Programa Institucional de bolsas de Inicia\u00e7\u00e3o em Extens\u00e3o do IF BAIANO: Resultados no processo formativo dos discentes<\/a><\/td><td class=\"has-text-align-center\" data-align=\"center\">Ana Paula Marques de Figueredo<\/td><\/tr><tr><td class=\"has-text-align-center\" data-align=\"center\">CAT<\/td><td class=\"has-text-align-center\" data-align=\"center\"><a href=\"https:\/\/eventos.ifbaiano.edu.br\/portal\/congresso\/files\/2024\/01\/O-SACRIFICIO-DE-IZAQUE.pdf\">O SACRIF\u00cdCIO DE IZAQUE: narrativas de egresses LGBTQIAP+ na Educa\u00e7\u00e3o Profissional T\u00e9cnica de N\u00edvel M\u00e9dio do Territ\u00f3rio do Sisal\/Bahia<\/a><\/td><td class=\"has-text-align-center\" data-align=\"center\">Viani da Silva Soares<\/td><\/tr><tr><td class=\"has-text-align-center\" data-align=\"center\">CAT<\/td><td class=\"has-text-align-center\" data-align=\"center\"><a href=\"https:\/\/eventos.ifbaiano.edu.br\/portal\/congresso\/files\/2024\/01\/PRATICAS-DE-LEITURA-DA-CULTURA-DIGITAL-NA-EDUCACAO-PROFISSIONAL-E-TECNOLOGICA-MEDIADAS-PELA-ROBOTICA-EDUCACIONAL.pdf\">Pr\u00e1ticas de leitura da cultura digital na Educa\u00e7\u00e3o Profissional e Tecnol\u00f3gica mediadas pela Rob\u00f3tica Educacional<\/a><\/td><td class=\"has-text-align-center\" data-align=\"center\">Miriam Laudic\u00e9a Leal Pereira<\/td><\/tr><tr><td class=\"has-text-align-center\" data-align=\"center\">CAT<\/td><td class=\"has-text-align-center\" data-align=\"center\"><a href=\"https:\/\/eventos.ifbaiano.edu.br\/portal\/congresso\/files\/2024\/01\/Sequencia-didatica-robotica-educativa.pdf\">Sequ\u00eancia Did\u00e1tica: Rob\u00f3tica educativa por meio da aprendizagem por projetos, estimulando o pensamento computacional<\/a><\/td><td class=\"has-text-align-center\" data-align=\"center\">Jos\u00e9 Honorato Ferreira Nunes<\/td><\/tr><tr><td class=\"has-text-align-center\" data-align=\"center\">CSI<\/td><td class=\"has-text-align-center\" data-align=\"center\"><a href=\"https:\/\/eventos.ifbaiano.edu.br\/portal\/congresso\/files\/2024\/01\/Producao-de-alimentos-no-Vale-do-Jiquirica.pdf\">Produ\u00e7\u00e3o de alimentos no Vale do Jiquiri\u00e7\u00e1<\/a><\/td><td class=\"has-text-align-center\" data-align=\"center\">Reinalda de Jesus Pedra<\/td><\/tr><tr><td class=\"has-text-align-center\" data-align=\"center\">CSI<\/td><td class=\"has-text-align-center\" data-align=\"center\"><a href=\"https:\/\/eventos.ifbaiano.edu.br\/portal\/congresso\/files\/2024\/01\/Proeja-no-campus-Santa-Ines-do-IF-Baiano.pdf\">Proeja no campus Santa In\u00eas do IF BAIANO: Concep\u00e7\u00e3o de EJA e a rela\u00e7\u00e3o com o ide\u00e1rio da educa\u00e7\u00e3o popular de acordo com seu PCC<\/a><\/td><td class=\"has-text-align-center\" data-align=\"center\">Marilete C\u00e2ndido de Mattos Previero<\/td><\/tr><tr><td class=\"has-text-align-center\" data-align=\"center\">URU<\/td><td class=\"has-text-align-center\" data-align=\"center\"><a href=\"https:\/\/eventos.ifbaiano.edu.br\/portal\/congresso\/files\/2024\/01\/Programa-Qualifica-Cacau.pdf\">Programa QUALIFICA CACAU<\/a><\/td><td class=\"has-text-align-center\" data-align=\"center\">Edivaldo Janes Santos da Silva<\/td><\/tr><tr><td class=\"has-text-align-center\" data-align=\"center\">SER<\/td><td class=\"has-text-align-center\" data-align=\"center\"><a href=\"https:\/\/eventos.ifbaiano.edu.br\/portal\/congresso\/files\/2024\/01\/SEGURANCA-HIDRICA-OFICINAS-DIDATICAS-EM-ESCOLAS-NO-SEMIARIDO-BAIANO.pdf\">Seguran\u00e7a H\u00eddrica: Oficinas did\u00e1ticas em escolas no semi\u00e1rido baiano<\/a><\/td><td class=\"has-text-align-center\" data-align=\"center\">David Dias de Andrade<\/td><\/tr><\/tbody><\/table><\/figure>\n","protected":false},"excerpt":{"rendered":"<p>CAMPUS PROJETO AUTOR CAT A experi\u00eancia com a arte no processo de intera\u00e7\u00e3o de estudantes com transtorno do Espectro Autista na Educa\u00e7\u00e3o Profissional Tecnol\u00f3gica do IFBA CAMPUS Luciane de Oliveira CAT A pol\u00edtica de assist\u00eancia estudantil: Rela\u00e7\u00e3o entre o recebimento dos aux\u00edlios financeiros e a perman\u00eancia dos estudantes do Ensino M\u00e9dio T\u00e9cnico Integrado ao Ensino&hellip;&nbsp;<a href=\"https:\/\/eventos.ifbaiano.edu.br\/portal\/congresso\/pos\/\" rel=\"bookmark\">Continue a ler &raquo;<span class=\"screen-reader-text\">POS<\/span><\/a><\/p>\n","protected":false},"author":74,"featured_media":0,"parent":0,"menu_order":0,"comment_status":"closed","ping_status":"closed","template":"","meta":{"neve_meta_sidebar":"","neve_meta_container":"","neve_meta_enable_content_width":"","neve_meta_content_width":0,"neve_meta_title_alignment":"","neve_meta_author_avatar":"","neve_post_elements_order":"","neve_meta_disable_header":"","neve_meta_disable_footer":"","neve_meta_disable_title":"","footnotes":""},"_links":{"self":[{"href":"https:\/\/eventos.ifbaiano.edu.br\/portal\/congresso\/wp-json\/wp\/v2\/pages\/2771"}],"collection":[{"href":"https:\/\/eventos.ifbaiano.edu.br\/portal\/congresso\/wp-json\/wp\/v2\/pages"}],"about":[{"href":"https:\/\/eventos.ifbaiano.edu.br\/portal\/congresso\/wp-json\/wp\/v2\/types\/page"}],"author":[{"embeddable":true,"href":"https:\/\/eventos.ifbaiano.edu.br\/portal\/congresso\/wp-json\/wp\/v2\/users\/74"}],"replies":[{"embeddable":true,"href":"https:\/\/eventos.ifbaiano.edu.br\/portal\/congresso\/wp-json\/wp\/v2\/comments?post=2771"}],"version-history":[{"count":3,"href":"https:\/\/eventos.ifbaiano.edu.br\/portal\/congresso\/wp-json\/wp\/v2\/pages\/2771\/revisions"}],"predecessor-version":[{"id":2792,"href":"https:\/\/eventos.ifbaiano.edu.br\/portal\/congresso\/wp-json\/wp\/v2\/pages\/2771\/revisions\/2792"}],"wp:attachment":[{"href":"https:\/\/eventos.ifbaiano.edu.br\/portal\/congresso\/wp-json\/wp\/v2\/media?parent=2771"}],"curies":[{"name":"wp","href":"https:\/\/api.w.org\/{rel}","templated":true}]}}