{"id":2676,"date":"2023-10-24T14:10:05","date_gmt":"2023-10-24T17:10:05","guid":{"rendered":"https:\/\/eventos.ifbaiano.edu.br\/portal\/congresso\/?page_id=2676"},"modified":"2024-02-20T08:24:54","modified_gmt":"2024-02-20T11:24:54","slug":"ii-cepex","status":"publish","type":"page","link":"https:\/\/eventos.ifbaiano.edu.br\/portal\/congresso\/ii-cepex\/","title":{"rendered":"II CEPEX"},"content":{"rendered":"\n<figure class=\"wp-block-table is-style-stripes\"><table><tbody><tr><td class=\"has-text-align-center\" data-align=\"center\"><strong>T\u00cdTULO DO PROJETO<\/strong><\/td><td class=\"has-text-align-center\" data-align=\"center\"><strong>COORDENADOR(<\/strong><strong>A)<\/strong><\/td><\/tr><tr><td class=\"has-text-align-center\" data-align=\"center\"><a href=\"https:\/\/eventos.ifbaiano.edu.br\/portal\/congresso\/files\/2024\/02\/A-APLICABILIDADE-DA-EDUCACAO-AMBIENTAL.docx-1.pdf\">A aplicabilidade da educa\u00e7\u00e3o ambiental enquanto ferramenta para a compreens\u00e3o das problem\u00e1ticas socioambientais provindas do lix\u00e3o no munic\u00edpio de Xique-Xique\/BAHIA<\/a><\/td><td class=\"has-text-align-center\" data-align=\"center\">Shauane Itainhara Freire Nunes<\/td><\/tr><tr><td class=\"has-text-align-center\" data-align=\"center\"><a href=\"https:\/\/eventos.ifbaiano.edu.br\/portal\/congresso\/files\/2024\/01\/A-inclusao-a-partir-do-relato-de-experiencia-de-um-tutor-por-pares.pdf\">A inclus\u00e3o a partir do relato de experi\u00eancia de um tutor por pares<\/a><\/td><td class=\"has-text-align-center\" data-align=\"center\">Eliane Mahl<\/td><\/tr><tr><td class=\"has-text-align-center\" data-align=\"center\"><a href=\"https:\/\/eventos.ifbaiano.edu.br\/portal\/congresso\/files\/2024\/01\/A-pratica-social-da-leitura-como-instrumento-ativo.pdf\">A pr\u00e1tica social da leitura como instrumento ativo para a cria\u00e7\u00e3o de subjetividades<\/a><\/td><td class=\"has-text-align-center\" data-align=\"center\">Ricardo Santos do Carmo Reis<\/td><\/tr><tr><td class=\"has-text-align-center\" data-align=\"center\"><a href=\"https:\/\/eventos.ifbaiano.edu.br\/portal\/congresso\/files\/2024\/01\/Analise-in-vitro-da-atividade-antimicrobiana-de-3-FENACILIDENO-2-INDOLINONA-frente-a-fungos-fitopatogenicos.pdf\">An\u00e1lise in vitro da atividade antimicrobiana de 3-FENACILIDENO 2- INDOLINONA frente a fungos fitopatog\u00eanicos<\/a><\/td><td class=\"has-text-align-center\" data-align=\"center\">Nat\u00e1lia Alves Fernandes<\/td><\/tr><tr><td class=\"has-text-align-center\" data-align=\"center\"><a href=\"https:\/\/eventos.ifbaiano.edu.br\/portal\/congresso\/files\/2024\/01\/As-Ciencias-na-Historia-do-Brasil-1.pdf\">As ci\u00eancias na hist\u00f3ria do Brasil<\/a><\/td><td class=\"has-text-align-center\" data-align=\"center\">Maria Am\u00e9lia Blanco<\/td><\/tr><tr><td class=\"has-text-align-center\" data-align=\"center\"><a href=\"https:\/\/eventos.ifbaiano.edu.br\/portal\/congresso\/files\/2024\/01\/Avaliacao-biometrica-de-tangerineira-\u2018\u2018PONKAN-CITRUS-RETICULATA-BLANCO-sobre-diferentes-porta-enxertos-em-cultivo-irrigado-e-sequeiro.pdf\">Avalia\u00e7\u00e3o biom\u00e9trica de tangerineira \u2018\u2018PONKAN\u2019\u2019 (CITRUS RETICULATA BLANCO) sobre diferentes porta-enxertos em cultivo irrigado e sequeiro<\/a><\/td><td class=\"has-text-align-center\" data-align=\"center\">Ednaldo da S. Dantas<\/td><\/tr><tr><td class=\"has-text-align-center\" data-align=\"center\"><a href=\"https:\/\/eventos.ifbaiano.edu.br\/portal\/congresso\/files\/2024\/01\/CICATRIBIO_-Producao-de-um-gel-creme-cicatrizante-para-o-tratamento-de-ferimento-cutaneos.pdf\">CICATRIBIO: Produ\u00e7\u00e3o de um gel-creme cicatrizante para o tratamento de ferimento cut\u00e2neos<\/a><\/td><td class=\"has-text-align-center\" data-align=\"center\">Saulo Luis Capim<\/td><\/tr><tr><td class=\"has-text-align-center\" data-align=\"center\"><a href=\"https:\/\/eventos.ifbaiano.edu.br\/portal\/congresso\/files\/2024\/01\/Com-Ciencia-negra-Contribuicoes-tecnologicas-do-tempo-da-escravidao-a-servico-do-ensino-de-fisica.pdf\">Com Ci\u00eancia negra &#8211; Contribui\u00e7\u00f5es tecnol\u00f3gicas do tempo da escravid\u00e3o a servi\u00e7o do ensino de f\u00edsica<\/a><\/td><td class=\"has-text-align-center\" data-align=\"center\">Denilson Vicente Gon\u00e7alves Silva<\/td><\/tr><tr><td class=\"has-text-align-center\" data-align=\"center\"><a href=\"https:\/\/eventos.ifbaiano.edu.br\/portal\/congresso\/files\/2024\/01\/Composicao-gravimetrica-dos-residuos-solidos.pdf\">Composi\u00e7\u00e3o gravim\u00e9trica dos res\u00edduos s\u00f3lidos produzidos no IF BAIANO <em>campus<\/em> Serrinha-BA<\/a><\/td><td class=\"has-text-align-center\" data-align=\"center\">Maria Auxiliadora Freitas dos Santos<\/td><\/tr><tr><td class=\"has-text-align-center\" data-align=\"center\"><a href=\"https:\/\/eventos.ifbaiano.edu.br\/portal\/congresso\/files\/2024\/01\/COMUNIF-SE-Comunicacao-Digital-no-Campus-Itaberaba.pdf\">COMUNIF-SE: Comunica\u00e7\u00e3o Digital no Campus Itaberaba<\/a><\/td><td class=\"has-text-align-center\" data-align=\"center\">Adelino Ferreira<\/td><\/tr><tr><td class=\"has-text-align-center\" data-align=\"center\"><a href=\"https:\/\/eventos.ifbaiano.edu.br\/portal\/congresso\/files\/2024\/01\/Das-semanas-pretas-e-indigenas-ao-NEABI_-Espacos-ambiente-e-lugar-de-Reexistencia-e-educacao-profissional-e-tecnologica-no-IFBA-SEABRA.pdf\">Das semanas pretas e ind\u00edgenas ao NEABI: Espa\u00e7os, ambiente e lugar de (Re)exist\u00eancia e educa\u00e7\u00e3o profissional e tecnol\u00f3gica no IFBA SEABRA<\/a><\/td><td class=\"has-text-align-center\" data-align=\"center\">Robson Luiz da Silva Menezes<\/td><\/tr><tr><td class=\"has-text-align-center\" data-align=\"center\"><a href=\"https:\/\/eventos.ifbaiano.edu.br\/portal\/congresso\/files\/2024\/01\/Desenvolvimento-de-bioplastico-a-partir-do-aproveitamento.pdf\">Desenvolvimento de biopl\u00e1sticos a partir dos aproveitamento da casca de maracuj\u00e1<\/a><\/td><td class=\"has-text-align-center\" data-align=\"center\">Cleidiene S. M. Fiuza<\/td><\/tr><tr><td class=\"has-text-align-center\" data-align=\"center\"><a href=\"https:\/\/eventos.ifbaiano.edu.br\/portal\/congresso\/files\/2024\/01\/Desenvolvimento-de-Filmes-Biodegradaveis-a-partir-do-aproveitamento-da-casca-da-banana-da-prata-e-terra.pdf\">Desenvolvimento de filmes biodegrad\u00e1veis a partir do aproveitamento da casca da banana da prata e da terra<\/a><\/td><td class=\"has-text-align-center\" data-align=\"center\">Cleidiene S. M. Fiuza<\/td><\/tr><tr><td class=\"has-text-align-center\" data-align=\"center\"><a href=\"https:\/\/eventos.ifbaiano.edu.br\/portal\/congresso\/files\/2024\/01\/Desenvolvimento-de-kit-portatil-para-avaliacao-de-fertilidade.pdf\">Desenvolvimento de KIT port\u00e1til para avalia\u00e7\u00e3o de fertilidade em solos<\/a><\/td><td class=\"has-text-align-center\" data-align=\"center\">Valdinei Santos de Souza<\/td><\/tr><tr><td class=\"has-text-align-center\" data-align=\"center\"><a href=\"https:\/\/eventos.ifbaiano.edu.br\/portal\/congresso\/files\/2024\/01\/Desordem-nutricional-em-mudas-de-ipe-amarelo-cascudo.pdf\">Desordem nutricional em mudas de ip\u00ea-amarelo-cascudo<\/a><\/td><td class=\"has-text-align-center\" data-align=\"center\">Ferreira Alves<\/td><\/tr><tr><td class=\"has-text-align-center\" data-align=\"center\"><a href=\"https:\/\/eventos.ifbaiano.edu.br\/portal\/congresso\/files\/2024\/01\/Dialogos-formativos-com-professores-do-baixo-sul-Baiano_-Promovendo-a-agenda-2030-e-os-objetivos-de-desenvolvimento-sustentavel-nas-escolas.pdf\">Di\u00e1logos formativos com professores do baixo sul Baiano: Promovendo a agenda 2030 e os objetivos de desenvolvimento sustent\u00e1vel nas escolas<\/a><\/td><td class=\"has-text-align-center\" data-align=\"center\">Helenadja Santos Mota<\/td><\/tr><tr><td class=\"has-text-align-center\" data-align=\"center\"><a href=\"https:\/\/eventos.ifbaiano.edu.br\/portal\/congresso\/files\/2024\/01\/Eficiencia-de-diferentes-substratos-na-germinacao-e-crescimento-inicial-do-tomate-cereja.pdf\">Efici\u00eancia de diferentes substratos na germina\u00e7\u00e3o e crescimento inicial do tomate cereja<\/a><\/td><td class=\"has-text-align-center\" data-align=\"center\">ROMEU DA SILVA LEITE<\/td><\/tr><tr><td class=\"has-text-align-center\" data-align=\"center\"><a href=\"https:\/\/eventos.ifbaiano.edu.br\/portal\/congresso\/files\/2024\/01\/El2.pdf\">EL2: A produ\u00e7\u00e3o de jogos de l\u00edngua inglesa na projeto ENGLISH LANGUAGE LABORATORY, do IF BAIANO <em>campus<\/em> Itaberaba<\/a><\/td><td class=\"has-text-align-center\" data-align=\"center\">ALEX SANTOS<\/td><\/tr><tr><td class=\"has-text-align-center\" data-align=\"center\"><a href=\"https:\/\/eventos.ifbaiano.edu.br\/portal\/congresso\/files\/2024\/01\/Empreendedorismo-solidario-e-difusao-do-conhecimento.pdf\">Empreendedorismo solid\u00e1rio e difus\u00e3o do conhecimento: Intersec\u00e7\u00f5es com os arranjos produtivos locais no territ\u00f3rio Velho Chico<\/a><\/td><td class=\"has-text-align-center\" data-align=\"center\">Iasmin Pinto<\/td><\/tr><tr><td class=\"has-text-align-center\" data-align=\"center\"><a href=\"https:\/\/eventos.ifbaiano.edu.br\/portal\/congresso\/files\/2024\/01\/English-language-laboratory.pdf\">ENGLISH LANGUAGE LABORATORY<\/a><\/td><td class=\"has-text-align-center\" data-align=\"center\">ALEX SANTOS<\/td><\/tr><tr><td class=\"has-text-align-center\" data-align=\"center\"><a href=\"https:\/\/eventos.ifbaiano.edu.br\/portal\/congresso\/files\/2024\/01\/ENTREQUILOMBOS_-perspectivas-da-educacao-escolar-quilombola-do-baixo-sul-da-Bahia.pdf\">ENTREQUILOMBOS: perspectivas da educa\u00e7\u00e3o escolar quilombola do baixo sul da Bahia<\/a><\/td><td class=\"has-text-align-center\" data-align=\"center\">Nelma Cristina Silva Barbosa de Mattos<\/td><\/tr><tr><td class=\"has-text-align-center\" data-align=\"center\"><a href=\"https:\/\/eventos.ifbaiano.edu.br\/portal\/congresso\/files\/2024\/01\/Hashtag-adolescer.pdf\">HASHTAG ADOLESCER: continuidade das pr\u00e1ticas de promo\u00e7\u00e3o \u00e0 sa\u00fade para adolescentes<\/a><\/td><td class=\"has-text-align-center\" data-align=\"center\">Crislaine Nascimento Moura<\/td><\/tr><tr><td class=\"has-text-align-center\" data-align=\"center\"><a href=\"https:\/\/eventos.ifbaiano.edu.br\/portal\/congresso\/files\/2024\/01\/Incubadoras-e-economia-solidaria.pdf\">INCUBADORAS E ECONOMIA SOLID\u00c1RIA: desafios da extens\u00e3o universit\u00e1ria uma a\u00e7\u00e3o transformadora<\/a><\/td><td class=\"has-text-align-center\" data-align=\"center\">Iasmin Pinto<\/td><\/tr><tr><td class=\"has-text-align-center\" data-align=\"center\"><a href=\"https:\/\/eventos.ifbaiano.edu.br\/portal\/congresso\/files\/2024\/01\/Jogos-didaticos-e-educacao-ambiental.pdf\">JOGOS DID\u00c1TICOS E EDUCA\u00c7\u00c3O AMBIENTAL: reflex\u00f5es sobre a\u00e7ude gravat\u00e1, Serrinha-BA<\/a><\/td><td class=\"has-text-align-center\" data-align=\"center\">Maria Auxiliadora Freitas dos Santos<\/td><\/tr><tr><td class=\"has-text-align-center\" data-align=\"center\"><a href=\"https:\/\/eventos.ifbaiano.edu.br\/portal\/congresso\/files\/2024\/01\/Mapeamento-dos-sistemas-religiosos-de-Santa-Ines_BA.pdf\">Mapeamento dos sistemas religiosos de Santa In\u00eas\/BA<\/a><\/td><td class=\"has-text-align-center\" data-align=\"center\">Cleomar Felipe Cabral de Andrade<\/td><\/tr><tr><td class=\"has-text-align-center\" data-align=\"center\"><a href=\"https:\/\/eventos.ifbaiano.edu.br\/portal\/congresso\/files\/2024\/01\/MEDIACAO-DE-LEITURA-E-FORMACAO-DE-LEITORES-EM-BIBLIOTECA-ESCOLAR-E-UNIVERSITARIA_-A-insercao-da-biblioteconomia-social-no-IF-BAIANO-campus-Bom-Jesus-da-Lapa-Bahia.pdf\">MEDIA\u00c7\u00c3O DE LEITURA E FORMA\u00c7\u00c3O DE LEITORES EM BIBLIOTECA ESCOLAR E UNIVERSIT\u00c1RIA: A inser\u00e7\u00e3o da biblioteconomia social no IF BAIANO campus Bom Jesus da Lapa &#8211; Bahia.<\/a><\/td><td class=\"has-text-align-center\" data-align=\"center\">CATARINA DE FREITAS BARBOSA ASSIS<\/td><\/tr><tr><td class=\"has-text-align-center\" data-align=\"center\"><a href=\"https:\/\/eventos.ifbaiano.edu.br\/portal\/congresso\/files\/2024\/01\/O-utilitarismo-classico-em-The-Good-Place_-uma-investigacao.pdf\">O utilitarismo cl\u00e1ssico em  The Good Place: uma investiga\u00e7\u00e3o<\/a><\/td><td class=\"has-text-align-center\" data-align=\"center\">Flavia Mascarenhas Sampaio<\/td><\/tr><tr><td class=\"has-text-align-center\" data-align=\"center\"><a href=\"https:\/\/eventos.ifbaiano.edu.br\/portal\/congresso\/files\/2024\/01\/Os-Letramentos-dos-movimentos-sociais-como-caminho.pdf\">Os letramentos dos movimentos sociais como caminho para a curriculariza\u00e7\u00e3o da extens\u00e3o nos INSTITUTOS FEDERAIS DE EDUCA\u00c7\u00c3O, CI\u00caNCIA E TECNOLOGIA<\/a><\/td><td class=\"has-text-align-center\" data-align=\"center\">Marcela Sacramento do Esp\u00edrito Santo<\/td><\/tr><tr><td class=\"has-text-align-center\" data-align=\"center\"><a href=\"https:\/\/eventos.ifbaiano.edu.br\/portal\/congresso\/files\/2024\/01\/Otimizacao-do-processo-de-obtencao-de-extrato-hidroalcoolico-de-Jenipapo-Genipa-Americana-para-fabricacao-de-licores.pdf\">Otimiza\u00e7\u00e3o do processo de obten\u00e7\u00e3o de extrato hidroalc\u00f3olico de Jenipapo (Genipa Americana) para fabrica\u00e7\u00e3o de licores<\/a><\/td><td class=\"has-text-align-center\" data-align=\"center\">Ed F\u00e1bio Silva Agapito<\/td><\/tr><tr><td class=\"has-text-align-center\" data-align=\"center\"><a href=\"https:\/\/eventos.ifbaiano.edu.br\/portal\/congresso\/files\/2024\/01\/Praticas-de-vivencia-emocional-na-escola.pdf\">Pr\u00e1ticas de viv\u00eancia emocional na escola<\/a><\/td><td class=\"has-text-align-center\" data-align=\"center\">Weslei De Jesus Santos Santana<\/td><\/tr><tr><td class=\"has-text-align-center\" data-align=\"center\">Remodelagem de empreendimentos do setor de alimentos localizados em Teixeira de Freitas \u2013 BA<\/td><td class=\"has-text-align-center\" data-align=\"center\">Aline Fonseca Gomes<\/td><\/tr><tr><td class=\"has-text-align-center\" data-align=\"center\"><a href=\"https:\/\/eventos.ifbaiano.edu.br\/portal\/congresso\/files\/2024\/01\/TRILHAS-NA-CAATINGA-conservacao-e-educacao-ambiental.pdf\">TRILHAS NA CAATINGA &#8211; conserva\u00e7\u00e3o e educa\u00e7\u00e3o ambiental<\/a><\/td><td class=\"has-text-align-center\" data-align=\"center\">Keyla Mirelly Nunes de Souza<\/td><\/tr><tr><td class=\"has-text-align-center\" data-align=\"center\"><a href=\"https:\/\/eventos.ifbaiano.edu.br\/portal\/congresso\/files\/2024\/01\/Tutoria-por-pares-como-ferramenta-pedagogica-para-a-inclusao.pdf\">Tutoria por pares como ferramenta pedag\u00f3gica para a inclus\u00e3o<\/a><\/td><td class=\"has-text-align-center\" data-align=\"center\">Eliane Mahl<\/td><\/tr><tr><td class=\"has-text-align-center\" data-align=\"center\"><a href=\"https:\/\/eventos.ifbaiano.edu.br\/portal\/congresso\/files\/2024\/01\/TUTORIA-POR-PARES_-relato-de-experiencia-sobre-inclusao-no-IF-Baiano-campus-Alagoinhas.pdf\">TUTORIA POR PARES: relato de experi\u00eancia sobre inclus\u00e3o no IF Baiano <em>campus <\/em>Alagoinhas<\/a><\/td><td class=\"has-text-align-center\" data-align=\"center\">Eliane Mahl<\/td><\/tr><\/tbody><\/table><\/figure>\n","protected":false},"excerpt":{"rendered":"<p>T\u00cdTULO DO PROJETO COORDENADOR(A) A aplicabilidade da educa\u00e7\u00e3o ambiental enquanto ferramenta para a compreens\u00e3o das problem\u00e1ticas socioambientais provindas do lix\u00e3o no munic\u00edpio de Xique-Xique\/BAHIA Shauane Itainhara Freire Nunes A inclus\u00e3o a partir do relato de experi\u00eancia de um tutor por pares Eliane Mahl A pr\u00e1tica social da leitura como instrumento ativo para a cria\u00e7\u00e3o de&hellip;&nbsp;<a href=\"https:\/\/eventos.ifbaiano.edu.br\/portal\/congresso\/ii-cepex\/\" rel=\"bookmark\">Continue a ler &raquo;<span class=\"screen-reader-text\">II CEPEX<\/span><\/a><\/p>\n","protected":false},"author":74,"featured_media":0,"parent":0,"menu_order":0,"comment_status":"closed","ping_status":"closed","template":"","meta":{"neve_meta_sidebar":"","neve_meta_container":"","neve_meta_enable_content_width":"","neve_meta_content_width":0,"neve_meta_title_alignment":"","neve_meta_author_avatar":"","neve_post_elements_order":"","neve_meta_disable_header":"","neve_meta_disable_footer":"","neve_meta_disable_title":"","footnotes":""},"_links":{"self":[{"href":"https:\/\/eventos.ifbaiano.edu.br\/portal\/congresso\/wp-json\/wp\/v2\/pages\/2676"}],"collection":[{"href":"https:\/\/eventos.ifbaiano.edu.br\/portal\/congresso\/wp-json\/wp\/v2\/pages"}],"about":[{"href":"https:\/\/eventos.ifbaiano.edu.br\/portal\/congresso\/wp-json\/wp\/v2\/types\/page"}],"author":[{"embeddable":true,"href":"https:\/\/eventos.ifbaiano.edu.br\/portal\/congresso\/wp-json\/wp\/v2\/users\/74"}],"replies":[{"embeddable":true,"href":"https:\/\/eventos.ifbaiano.edu.br\/portal\/congresso\/wp-json\/wp\/v2\/comments?post=2676"}],"version-history":[{"count":5,"href":"https:\/\/eventos.ifbaiano.edu.br\/portal\/congresso\/wp-json\/wp\/v2\/pages\/2676\/revisions"}],"predecessor-version":[{"id":3135,"href":"https:\/\/eventos.ifbaiano.edu.br\/portal\/congresso\/wp-json\/wp\/v2\/pages\/2676\/revisions\/3135"}],"wp:attachment":[{"href":"https:\/\/eventos.ifbaiano.edu.br\/portal\/congresso\/wp-json\/wp\/v2\/media?parent=2676"}],"curies":[{"name":"wp","href":"https:\/\/api.w.org\/{rel}","templated":true}]}}