{"id":2667,"date":"2023-10-24T14:07:35","date_gmt":"2023-10-24T17:07:35","guid":{"rendered":"https:\/\/eventos.ifbaiano.edu.br\/portal\/congresso\/?page_id=2667"},"modified":"2024-01-25T12:09:04","modified_gmt":"2024-01-25T15:09:04","slug":"i-mostratec-2","status":"publish","type":"page","link":"https:\/\/eventos.ifbaiano.edu.br\/portal\/congresso\/i-mostratec-2\/","title":{"rendered":"I MostraTec"},"content":{"rendered":"\n<figure class=\"wp-block-table is-style-stripes has-small-font-size\"><table><tbody><tr><td class=\"has-text-align-center\" data-align=\"center\"><strong>INVENTO<\/strong><\/td><td class=\"has-text-align-center\" data-align=\"center\"><strong>COORDENADOR<\/strong><\/td><\/tr><tr><td class=\"has-text-align-center\" data-align=\"center\"><a href=\"https:\/\/eventos.ifbaiano.edu.br\/portal\/congresso\/files\/2024\/01\/Sistema-Embarcado-para-Contabilizacao-e-Classificacao-de-Pragas-Agricolas.pdf\">Sistema Embarcado para Contabiliza\u00e7\u00e3o e Classifica\u00e7\u00e3o de Pragas Agricolas<\/a><\/td><td class=\"has-text-align-center\" data-align=\"center\">Reinaldo Monteiro Cotrim<\/td><\/tr><tr><td class=\"has-text-align-center\" data-align=\"center\"><a href=\"https:\/\/eventos.ifbaiano.edu.br\/portal\/congresso\/files\/2024\/01\/Drone-modular-para-robotica-educacional-e-competicoes-estudantis.pdf\">Drone modular para rob\u00f3tica educacional e competi\u00e7\u00f5es estudantis<\/a><\/td><td class=\"has-text-align-center\" data-align=\"center\">Leandro Gon\u00e7alves dos Santos<\/td><\/tr><tr><td class=\"has-text-align-center\" data-align=\"center\"><a href=\"https:\/\/eventos.ifbaiano.edu.br\/portal\/congresso\/files\/2024\/01\/Ecosoap-Sabao-ecologico-reciclado.pdf\">Ecosoap &#8211; Sab\u00e3o ecol\u00f3gico reciclado<\/a><\/td><td class=\"has-text-align-center\" data-align=\"center\">Juracir Silva Santos<\/td><\/tr><tr><td class=\"has-text-align-center\" data-align=\"center\"><a href=\"https:\/\/eventos.ifbaiano.edu.br\/portal\/congresso\/files\/2024\/01\/Sistema-embarcado-para-deteccao-e-alerta-de-sonolencia-em-motoristas.pdf\">Sistema embarcado para detec\u00e7\u00e3o e alerta de sonol\u00eancia em motoristas<\/a><\/td><td class=\"has-text-align-center\" data-align=\"center\">Reinaldo Monteiro Cotrim<\/td><\/tr><tr><td class=\"has-text-align-center\" data-align=\"center\"><a href=\"https:\/\/eventos.ifbaiano.edu.br\/portal\/congresso\/files\/2024\/01\/Callidus-Device.pdf\">Callidus Device<\/a><\/td><td class=\"has-text-align-center\" data-align=\"center\">Leandro Gon\u00e7alves dos Santos<\/td><\/tr><tr><td class=\"has-text-align-center\" data-align=\"center\"><a href=\"https:\/\/eventos.ifbaiano.edu.br\/portal\/congresso\/files\/2024\/01\/Camara-de-Processamento-Digital-de-Imagem-para-Analise-do.pdf\">C\u00e2mara de Processamento Digital de Imagem para An\u00e1lise do Desenvolvimento Micelial de Fungos<\/a><\/td><td class=\"has-text-align-center\" data-align=\"center\">Leandro Santos Peixouto<\/td><\/tr><tr><td class=\"has-text-align-center\" data-align=\"center\"><a href=\"https:\/\/eventos.ifbaiano.edu.br\/portal\/congresso\/files\/2024\/01\/Robo-para-auxilio-no-processo-de-alfabetizacao-das-criancas.pdf\">Rob\u00f4 para aux\u00edlio no processo de alfabetiza\u00e7\u00e3o das crian\u00e7as<\/a><\/td><td class=\"has-text-align-center\" data-align=\"center\">Reinaldo Monteiro Cotrim<\/td><\/tr><tr><td class=\"has-text-align-center\" data-align=\"center\"><a href=\"https:\/\/eventos.ifbaiano.edu.br\/portal\/congresso\/files\/2024\/01\/Aplicativo-EcoTuring.pdf\">Aplicativo EcoTuring<\/a><\/td><td class=\"has-text-align-center\" data-align=\"center\">Elisa Souza Menendez<\/td><\/tr><tr><td class=\"has-text-align-center\" data-align=\"center\"><a href=\"https:\/\/eventos.ifbaiano.edu.br\/portal\/congresso\/files\/2024\/01\/Cicatribio-Formulacao-Farmaceutica-para-o-tratamento-de-ferimentos.pdf\">Cicatribio: Formula\u00e7\u00e3o Farmac\u00eautica para o tratamento de ferimentos cut\u00e2neos<\/a><\/td><td class=\"has-text-align-center\" data-align=\"center\">Saulo Luis Capim<\/td><\/tr><tr><td class=\"has-text-align-center\" data-align=\"center\"><a href=\"https:\/\/eventos.ifbaiano.edu.br\/portal\/congresso\/files\/2024\/01\/Sensor-de-umidade-e-temperatura-do-solo-1.pdf\">Sensor de umidade e temperatura do solo<\/a><\/td><td class=\"has-text-align-center\" data-align=\"center\">Iug Lopes<\/td><\/tr><tr><td class=\"has-text-align-center\" data-align=\"center\"><a href=\"https:\/\/eventos.ifbaiano.edu.br\/portal\/congresso\/files\/2024\/01\/Sistema-de-aquisicao-e-transmissao-de-dados-via-rede-LoRa-1.pdf\">Sistema de aquisi\u00e7\u00e3o e transmiss\u00e3o de dados via rede LoRa<\/a><\/td><td class=\"has-text-align-center\" data-align=\"center\">Iug Lopes<\/td><\/tr><tr><td class=\"has-text-align-center\" data-align=\"center\"><a href=\"https:\/\/eventos.ifbaiano.edu.br\/portal\/congresso\/files\/2024\/01\/Semaforo-para-pessoas-com-deficiencia-visual-1.pdf\">Sem\u00e1foro para pessoas com defici\u00eancia visual<\/a><\/td><td class=\"has-text-align-center\" data-align=\"center\">Lourivaldo Barreto Pereira<\/td><\/tr><tr><td class=\"has-text-align-center\" data-align=\"center\"><a href=\"https:\/\/eventos.ifbaiano.edu.br\/portal\/congresso\/files\/2024\/01\/Sistema-embarcado-de-baixo-custo-para-automatizacao-do-manejo-de-irrigacao.pdf\">Sistema embarcado de baixo custo para automatiza\u00e7\u00e3o do manejo de irriga\u00e7\u00e3o localizada<\/a><\/td><td class=\"has-text-align-center\" data-align=\"center\">Marcelo Rocha dos Santos<\/td><\/tr><tr><td class=\"has-text-align-center\" data-align=\"center\"><a href=\"https:\/\/eventos.ifbaiano.edu.br\/portal\/congresso\/files\/2024\/01\/Controlador-de-Umidade.pdf\">Controlador de Umidade<\/a><\/td><td class=\"has-text-align-center\" data-align=\"center\">Lourivaldo Barreto Pereira<\/td><\/tr><tr><td class=\"has-text-align-center\" data-align=\"center\"><a href=\"https:\/\/eventos.ifbaiano.edu.br\/portal\/congresso\/files\/2024\/01\/Desidratador-de-alimentos-com-funcionamento-multi-energetico.pdf\">Desidratador de alimentos, com funcionamento multi energ\u00e9tico, dimensionado para demandas dom\u00e9sticas<\/a><\/td><td class=\"has-text-align-center\" data-align=\"center\">Ubiratan Oliveira Souza<\/td><\/tr><tr><td class=\"has-text-align-center\" data-align=\"center\"><a href=\"https:\/\/eventos.ifbaiano.edu.br\/portal\/congresso\/files\/2024\/01\/Um-Prototipo-de-Modulo-de-Fonte-Energia-Renovavel-Hibrida-de-Baixo-Custo.pdf\">Um Prot\u00f3tipo de M\u00f3dulo de Fonte Energia Renov\u00e1vel H\u00edbrida de Baixo Custo para Redes Sensores Sem Fio<\/a><\/td><td class=\"has-text-align-center\" data-align=\"center\">Marcos Yuzuru de Oliveira Camada<\/td><\/tr><\/tbody><\/table><\/figure>\n","protected":false},"excerpt":{"rendered":"<p>INVENTO COORDENADOR Sistema Embarcado para Contabiliza\u00e7\u00e3o e Classifica\u00e7\u00e3o de Pragas Agricolas Reinaldo Monteiro Cotrim Drone modular para rob\u00f3tica educacional e competi\u00e7\u00f5es estudantis Leandro Gon\u00e7alves dos Santos Ecosoap &#8211; Sab\u00e3o ecol\u00f3gico reciclado Juracir Silva Santos Sistema embarcado para detec\u00e7\u00e3o e alerta de sonol\u00eancia em motoristas Reinaldo Monteiro Cotrim Callidus Device Leandro Gon\u00e7alves dos Santos C\u00e2mara de&hellip;&nbsp;<a href=\"https:\/\/eventos.ifbaiano.edu.br\/portal\/congresso\/i-mostratec-2\/\" rel=\"bookmark\">Continue a ler &raquo;<span class=\"screen-reader-text\">I MostraTec<\/span><\/a><\/p>\n","protected":false},"author":74,"featured_media":0,"parent":0,"menu_order":0,"comment_status":"closed","ping_status":"closed","template":"","meta":{"neve_meta_sidebar":"","neve_meta_container":"","neve_meta_enable_content_width":"","neve_meta_content_width":0,"neve_meta_title_alignment":"","neve_meta_author_avatar":"","neve_post_elements_order":"","neve_meta_disable_header":"","neve_meta_disable_footer":"","neve_meta_disable_title":"","footnotes":""},"_links":{"self":[{"href":"https:\/\/eventos.ifbaiano.edu.br\/portal\/congresso\/wp-json\/wp\/v2\/pages\/2667"}],"collection":[{"href":"https:\/\/eventos.ifbaiano.edu.br\/portal\/congresso\/wp-json\/wp\/v2\/pages"}],"about":[{"href":"https:\/\/eventos.ifbaiano.edu.br\/portal\/congresso\/wp-json\/wp\/v2\/types\/page"}],"author":[{"embeddable":true,"href":"https:\/\/eventos.ifbaiano.edu.br\/portal\/congresso\/wp-json\/wp\/v2\/users\/74"}],"replies":[{"embeddable":true,"href":"https:\/\/eventos.ifbaiano.edu.br\/portal\/congresso\/wp-json\/wp\/v2\/comments?post=2667"}],"version-history":[{"count":6,"href":"https:\/\/eventos.ifbaiano.edu.br\/portal\/congresso\/wp-json\/wp\/v2\/pages\/2667\/revisions"}],"predecessor-version":[{"id":2886,"href":"https:\/\/eventos.ifbaiano.edu.br\/portal\/congresso\/wp-json\/wp\/v2\/pages\/2667\/revisions\/2886"}],"wp:attachment":[{"href":"https:\/\/eventos.ifbaiano.edu.br\/portal\/congresso\/wp-json\/wp\/v2\/media?parent=2667"}],"curies":[{"name":"wp","href":"https:\/\/api.w.org\/{rel}","templated":true}]}}