{"id":2665,"date":"2023-10-24T14:07:35","date_gmt":"2023-10-24T17:07:35","guid":{"rendered":"https:\/\/eventos.ifbaiano.edu.br\/portal\/congresso\/?page_id=2665"},"modified":"2024-01-25T12:08:58","modified_gmt":"2024-01-25T15:08:58","slug":"v-seic","status":"publish","type":"page","link":"https:\/\/eventos.ifbaiano.edu.br\/portal\/congresso\/v-seic\/","title":{"rendered":"V SEIC"},"content":{"rendered":"\n<h5 class=\"wp-block-heading has-text-align-center\"><strong>APRESENTADOS ORALMENTE<\/strong><\/h5>\n\n\n\n<figure class=\"wp-block-table is-style-stripes\"><table><tbody><tr><td class=\"has-text-align-center\" data-align=\"center\"><strong>T\u00cdTULO DO PROJETO<\/strong><\/td><td class=\"has-text-align-center\" data-align=\"center\"><strong>COORDENADOR<\/strong><\/td><\/tr><tr><td class=\"has-text-align-center\" data-align=\"center\"><a href=\"https:\/\/eventos.ifbaiano.edu.br\/portal\/congresso\/files\/2024\/01\/LABORATORIO.pdf\">Laborat\u00f3rio m\u00f3vel de superf\u00edcies virtuais como ferramenta para o aprendizado em escolas de ensino m\u00e9dio na Microrregi\u00e3o do Territ\u00f3rio Velho Chico<\/a><\/td><td class=\"has-text-align-center\" data-align=\"center\">Iug Lopes<\/td><\/tr><tr><td class=\"has-text-align-center\" data-align=\"center\"><a href=\"https:\/\/eventos.ifbaiano.edu.br\/portal\/congresso\/files\/2024\/01\/Silo-Cincho.pdf\">Silo Cincho: Uma Alternativa Para Produ\u00e7\u00e3o De Silagem Na Agricultura Familiar<\/a><\/td><td class=\"has-text-align-center\" data-align=\"center\">Viviane Correa Santos<\/td><\/tr><tr><td class=\"has-text-align-center\" data-align=\"center\"><a href=\"https:\/\/eventos.ifbaiano.edu.br\/portal\/congresso\/files\/2024\/01\/Quimaker.pdf\">Quimaker: modelagem 3D para o ensino inclusivo de Qu\u00edmica<\/a><\/td><td class=\"has-text-align-center\" data-align=\"center\">Radival da Costa Nery Junior<\/td><\/tr><tr><td class=\"has-text-align-center\" data-align=\"center\"><a href=\"https:\/\/eventos.ifbaiano.edu.br\/portal\/congresso\/files\/2024\/01\/Ciencias-da-natureza-inclusiva.pdf\">Ci\u00eancias Da Natureza Inclusiva E Contextualizada Para Professores E Licenciandos: Oficinas De Desenho Universal Para Aprendizagem<\/a><\/td><td class=\"has-text-align-center\" data-align=\"center\">Airam Oliveira Santos<\/td><\/tr><tr><td class=\"has-text-align-center\" data-align=\"center\"><a href=\"https:\/\/eventos.ifbaiano.edu.br\/portal\/congresso\/files\/2024\/01\/CRAF-curso-de-robotica.pdf\">CRAF &#8211; Curso de rob\u00f3tica para alunos do ensino fundamental 2<\/a><\/td><td class=\"has-text-align-center\" data-align=\"center\">Fabio dos Santos Lima<\/td><\/tr><tr><td class=\"has-text-align-center\" data-align=\"center\"><a href=\"https:\/\/eventos.ifbaiano.edu.br\/portal\/congresso\/files\/2024\/01\/Organico-Inteligente.pdf\">Org\u00e2nico Inteligente No Sert\u00e3o Produtivo<\/a><\/td><td class=\"has-text-align-center\" data-align=\"center\">Felizarda Viana Bebe<\/td><\/tr><tr><td class=\"has-text-align-center\" data-align=\"center\"><a href=\"https:\/\/eventos.ifbaiano.edu.br\/portal\/congresso\/files\/2024\/01\/Feminismo-em-rede-maternidade.pdf\">Feminismo em Rede: Maternidade<\/a><\/td><td class=\"has-text-align-center\" data-align=\"center\">Jorge Luiz Peixoto Bispo<\/td><\/tr><tr><td class=\"has-text-align-center\" data-align=\"center\"><a href=\"https:\/\/eventos.ifbaiano.edu.br\/portal\/congresso\/files\/2024\/01\/Implantacao-de-horta-comunitaria-como-estrategia-para-melhoria-da-saude-e-renda-de-fam.pdf\">Implanta\u00e7\u00e3o De Horta Comunit\u00e1ria Como Estrat\u00e9gia Para Melhoria Da Sa\u00fade E Renda De Fam\u00edlias Em Bom Jesus Da Lapa<\/a><\/td><td class=\"has-text-align-center\" data-align=\"center\">Heliselle Cristine Ramires da Rocha<\/td><\/tr><tr><td class=\"has-text-align-center\" data-align=\"center\"><a href=\"https:\/\/eventos.ifbaiano.edu.br\/portal\/congresso\/files\/2024\/01\/Gamificacao-na-sala-de-aula.pdf\">Gamifica\u00e7\u00e3o na sala de aula: metodologia ativa centrada nos processos educacionais dos alunos contempor\u00e2neos<\/a><\/td><td class=\"has-text-align-center\" data-align=\"center\">Jesse Nery Filho<\/td><\/tr><tr><td class=\"has-text-align-center\" data-align=\"center\"><a href=\"https:\/\/eventos.ifbaiano.edu.br\/portal\/congresso\/files\/2024\/01\/Ciencia-na-Feira.pdf\">Ci\u00eancia na Feira<\/a><\/td><td class=\"has-text-align-center\" data-align=\"center\">Romaria Pereira de Araujo<\/td><\/tr><tr><td class=\"has-text-align-center\" data-align=\"center\"><a href=\"https:\/\/eventos.ifbaiano.edu.br\/portal\/congresso\/files\/2024\/01\/Plantas-do-Vale.pdf\">Plantas do Vale: possibilidade dial\u00f3gica entre conhecimento cient\u00edfico e popular na aten\u00e7\u00e3o b\u00e1sica \u00e0 sa\u00fade<\/a><\/td><td class=\"has-text-align-center\" data-align=\"center\">Edilaine Andrade Melo<\/td><\/tr><tr><td class=\"has-text-align-center\" data-align=\"center\"><a href=\"https:\/\/eventos.ifbaiano.edu.br\/portal\/congresso\/files\/2024\/01\/Cultura-Maker.pdf\">CULTURA MAKER: Construindo projetos com uso da Rob\u00f3tica Educacional<\/a><\/td><td class=\"has-text-align-center\" data-align=\"center\">Phelipe Sena Oliveira<\/td><\/tr><tr><td class=\"has-text-align-center\" data-align=\"center\"><a href=\"https:\/\/eventos.ifbaiano.edu.br\/portal\/congresso\/files\/2024\/01\/O-potencial-da-educacao-ambiental.pdf\">O potencial da educa\u00e7\u00e3o ambiental para o controle de arboviroses na mudan\u00e7a de concep\u00e7\u00f5es de temas ligados ao meio ambiente.<\/a><\/td><td class=\"has-text-align-center\" data-align=\"center\">Jaqueline Figueredo Rosa<\/td><\/tr><tr><td class=\"has-text-align-center\" data-align=\"center\"><a href=\"https:\/\/eventos.ifbaiano.edu.br\/portal\/congresso\/files\/2024\/01\/Da-sala-de-aula-a-pratica.pdf\">Da sala de aula \u00e0 pr\u00e1tica: contribui\u00e7\u00f5es do ensino superior em unidades produtivas agroecol\u00f3gicas na comunidade de Nova Col\u00f4nia &#8211; Coribe Ba<\/a><\/td><td class=\"has-text-align-center\" data-align=\"center\">Adevanucia Nere Santos<\/td><\/tr><tr><td class=\"has-text-align-center\" data-align=\"center\"><a href=\"https:\/\/eventos.ifbaiano.edu.br\/portal\/congresso\/files\/2024\/01\/Condicoes-higienico-sanitarias.pdf\">Condi\u00e7\u00f5es Higi\u00eanico-Sanit\u00e1rias Das Feiras Livres Dos Munic\u00edpios De Caetit\u00e9 E Guanambi<\/a><\/td><td class=\"has-text-align-center\" data-align=\"center\">Aureluci Alves de Aquino<\/td><\/tr><tr><td class=\"has-text-align-center\" data-align=\"center\"><a href=\"https:\/\/eventos.ifbaiano.edu.br\/portal\/congresso\/files\/2024\/01\/Mundo-Maker-e-Aprendizagem-Criativa.pdf\">Mundo Maker e Aprendizagem Criativa: Modelagem e Impress\u00e3o de objetos 3D<\/a><\/td><td class=\"has-text-align-center\" data-align=\"center\">Mario Lucio Gomes de Queiroz Pierre Junior<\/td><\/tr><tr><td class=\"has-text-align-center\" data-align=\"center\"><a href=\"https:\/\/eventos.ifbaiano.edu.br\/portal\/congresso\/files\/2024\/01\/Implantacao-de-Unidade-Demonstrativa-de-Criacao-de-Galinhas-Poedeiras-em-Sistema-Livre-de-Gaiola.pdf\">Implanta\u00e7\u00e3o de Unidade Demonstrativa de Cria\u00e7\u00e3o de Galinhas Poedeiras em Sistema Livre de Gaiola<\/a><\/td><td class=\"has-text-align-center\" data-align=\"center\">Cleidida Barros de Carvalho<\/td><\/tr><tr><td class=\"has-text-align-center\" data-align=\"center\"><a href=\"https:\/\/eventos.ifbaiano.edu.br\/portal\/congresso\/files\/2024\/01\/Anatomia-E-Fisiologia-Animal-Ludica-Na-Escola.pdf\">Anatomia e Fisiologia Animal l\u00fadica na Escola<\/a><\/td><td class=\"has-text-align-center\" data-align=\"center\">Claudia Kazumi Kiya<\/td><\/tr><tr><td class=\"has-text-align-center\" data-align=\"center\"><a href=\"https:\/\/eventos.ifbaiano.edu.br\/portal\/congresso\/files\/2024\/01\/No-mundo-da-lua.pdf\">No mundo da lua: produ\u00e7\u00e3o de material did\u00e1tico na \u00e1rea de Astronomia como ferramenta para a divulga\u00e7\u00e3o da ci\u00eancia.<\/a><\/td><td class=\"has-text-align-center\" data-align=\"center\">Jefferson da Silva Pereira<\/td><\/tr><tr><td class=\"has-text-align-center\" data-align=\"center\"><a href=\"https:\/\/eventos.ifbaiano.edu.br\/portal\/congresso\/files\/2024\/01\/Unidades-demonstrativivas-de-producao-de-milho-crioulo.pdf\">Unidades demonstrativas de produ\u00e7\u00e3o de milho crioulo submetido ao manejo ecol\u00f3gico do solo no fortalecimento da agricultura familiar no Territ\u00f3rio de Identidade velho Chico<\/a><\/td><td class=\"has-text-align-center\" data-align=\"center\">Eurileny Lucas de Almeida<\/td><\/tr><tr><td class=\"has-text-align-center\" data-align=\"center\"><a href=\"https:\/\/eventos.ifbaiano.edu.br\/portal\/congresso\/files\/2024\/01\/Taekwondo-como-saude-fisica^J-mental-e-emocional.pdf\">Taekwondo como saude f\u00edsica, mental e emocional<\/a><\/td><td class=\"has-text-align-center\" data-align=\"center\">Taidio Pereira de Oliveira<\/td><\/tr><tr><td class=\"has-text-align-center\" data-align=\"center\"><a href=\"https:\/\/eventos.ifbaiano.edu.br\/portal\/congresso\/files\/2024\/01\/PROJETO-MARGARIDAS.pdf\">Projeto Margaridas<\/a><\/td><td class=\"has-text-align-center\" data-align=\"center\">Dolores Setuval Assaritti<\/td><\/tr><tr><td class=\"has-text-align-center\" data-align=\"center\"><a href=\"https:\/\/eventos.ifbaiano.edu.br\/portal\/congresso\/files\/2024\/01\/o-Expressao-e-apreciacao-no-processo-de-aprendizagem-da-arte-O-teatro-Escola.pdf\">IF em Cena: express\u00e3o e aprecia\u00e7\u00e3o no processo de aprendizagem da arte<\/a><\/td><td class=\"has-text-align-center\" data-align=\"center\">Junio Batista Custodio<\/td><\/tr><tr><td class=\"has-text-align-center\" data-align=\"center\"><a href=\"https:\/\/eventos.ifbaiano.edu.br\/portal\/congresso\/files\/2024\/01\/Experiencias-de-uma-bolsista-do-projeto-de-extensao-do-campus-senhor-do-bonfim-formacao-1.pdf\">A pr\u00e1tica do speaking na forma\u00e7\u00e3o continuada de professores de ingl\u00eas<\/a><\/td><td class=\"has-text-align-center\" data-align=\"center\">Aldenice de Jesus Cardoso de Almeida<\/td><\/tr><tr><td class=\"has-text-align-center\" data-align=\"center\"><a href=\"https:\/\/eventos.ifbaiano.edu.br\/portal\/congresso\/files\/2024\/01\/Disseminacao-da-utilizacao-de-2.pdf\">Dissemina\u00e7\u00e3o da utiliza\u00e7\u00e3o de 2 (dois) novos clones de cacau no extremo sul da Bahia em acordo com recomenda\u00e7\u00e3o especializada<\/a><\/td><td class=\"has-text-align-center\" data-align=\"center\">Priscila Ferreira de Oliveira<\/td><\/tr><tr><td class=\"has-text-align-center\" data-align=\"center\"><a href=\"https:\/\/eventos.ifbaiano.edu.br\/portal\/congresso\/files\/2024\/01\/Hortas-PANC.pdf\">Hortas PANC: Um resgate a alimenta\u00e7\u00e3o saud\u00e1vel e sustent\u00e1vel<\/a><\/td><td class=\"has-text-align-center\" data-align=\"center\">Vanessa de Carvalho Cayres Pamponet<\/td><\/tr><tr><td class=\"has-text-align-center\" data-align=\"center\"><a href=\"https:\/\/eventos.ifbaiano.edu.br\/portal\/congresso\/files\/2024\/01\/Todxs-por-Elxs.pdf\">Todxs por Elxs<\/a><\/td><td class=\"has-text-align-center\" data-align=\"center\">Lucas Britto Landim<\/td><\/tr><tr><td class=\"has-text-align-center\" data-align=\"center\"><a href=\"https:\/\/eventos.ifbaiano.edu.br\/portal\/congresso\/files\/2024\/01\/Aguas-do-Sisal.pdf\">\u00c1guas do Sisal: An\u00e1lise da Qualidade<\/a><\/td><td class=\"has-text-align-center\" data-align=\"center\">Jorge Luiz Peixoto Bispo<\/td><\/tr><tr><td class=\"has-text-align-center\" data-align=\"center\"><a href=\"https:\/\/eventos.ifbaiano.edu.br\/portal\/congresso\/files\/2024\/01\/Automatizacao-na-Agricultura-Agroecologica.pdf\">Automatiza\u00e7\u00e3o na Agricultura Agroecol\u00f3gica &#8211; Transfer\u00eancia de composteira e sistema para micropropaga\u00e7\u00e3o<\/a><\/td><td class=\"has-text-align-center\" data-align=\"center\">Eduardo Perovano Santana<\/td><\/tr><tr><td class=\"has-text-align-center\" data-align=\"center\"><a href=\"https:\/\/eventos.ifbaiano.edu.br\/portal\/congresso\/files\/2024\/01\/Avaliacao-de-protocolo-de-cultivo-para-as-alfazemas.pdf\">Avalia\u00e7\u00e3o de protocolo de cultivo para as Alfazemas produzidas e comercializadas na Aldeia Boca da Mata<\/a><\/td><td class=\"has-text-align-center\" data-align=\"center\">Andressa Vieira de Castro<\/td><\/tr><\/tbody><\/table><\/figure>\n\n\n\n<h5 class=\"wp-block-heading has-text-align-center\"><strong>APRESENTADOS EM P\u00d4STER<\/strong><\/h5>\n\n\n\n<figure class=\"wp-block-table is-style-stripes\"><table><tbody><tr><td class=\"has-text-align-center\" data-align=\"center\"><strong>T\u00cdTULO DO PROJETO<\/strong><\/td><td class=\"has-text-align-center\" data-align=\"center\"><strong>COORDENADOR<\/strong><\/td><\/tr><tr><td class=\"has-text-align-center\" data-align=\"center\"><a href=\"https:\/\/eventos.ifbaiano.edu.br\/portal\/congresso\/files\/2024\/01\/IF-Chess-O-Xadrez-como-Ferramenta-Educacional.pdf\">IF-Chess: O Xadrez como Ferramenta Educacional<\/a><\/td><td class=\"has-text-align-center\" data-align=\"center\">Rudhero Monteiro dos Santos<\/td><\/tr><tr><td class=\"has-text-align-center\" data-align=\"center\"><a href=\"https:\/\/eventos.ifbaiano.edu.br\/portal\/congresso\/files\/2024\/01\/Um-aplicativo-para-auxiliar.pdf\">Um aplicativo para auxiliar a experi\u00eancia em trilhas autoguiadas<\/a><\/td><td class=\"has-text-align-center\" data-align=\"center\">Elisa Souza Menendez<\/td><\/tr><tr><td class=\"has-text-align-center\" data-align=\"center\"><a href=\"https:\/\/eventos.ifbaiano.edu.br\/portal\/congresso\/files\/2024\/01\/Botanica-na-Escola.pdf\">Bot\u00e2nica na Escola<\/a><\/td><td class=\"has-text-align-center\" data-align=\"center\">Tiago Yamazaki Izumida Andrade<\/td><\/tr><tr><td class=\"has-text-align-center\" data-align=\"center\"><a href=\"https:\/\/eventos.ifbaiano.edu.br\/portal\/congresso\/files\/2024\/01\/Educacao-ambiental-em-trilhas-ecologicas.pdf\">Educa\u00e7\u00e3o ambiental em trilhas ecol\u00f3gicas: nos caminhos da \u201cMatinha\u201d no IF Baiano \u2013 em ritmos, cores e versos<\/a><\/td><td class=\"has-text-align-center\" data-align=\"center\">Gilvania Nunes Chaves dos Anjos<\/td><\/tr><tr><td class=\"has-text-align-center\" data-align=\"center\"><a href=\"https:\/\/eventos.ifbaiano.edu.br\/portal\/congresso\/files\/2024\/01\/Libras-como-Meio-de-Difusao-da-Informatica-Basica-para-Pessoas-Surdas.pdf\">Libras como Meio de Difus\u00e3o da Inform\u00e1tica B\u00e1sica para Pessoas Surdas<\/a><\/td><td class=\"has-text-align-center\" data-align=\"center\">Luciana Pereira Cardial Teixeira<\/td><\/tr><tr><td class=\"has-text-align-center\" data-align=\"center\"><a href=\"https:\/\/eventos.ifbaiano.edu.br\/portal\/congresso\/files\/2024\/01\/Mais-Livreiro-Itinerante.pdf\">Mais Livreiro Itinerante<\/a><\/td><td class=\"has-text-align-center\" data-align=\"center\">Verena Santos Abreu<\/td><\/tr><tr><td class=\"has-text-align-center\" data-align=\"center\"><a href=\"https:\/\/eventos.ifbaiano.edu.br\/portal\/congresso\/files\/2024\/01\/Producao-em-escala-comercial-de-umbu-gigante-no-territorio-de-Irece.pdf\">Produ\u00e7\u00e3o em escala comercial de umbu gigante (Spondias tuberosa Arr. C\u00e2m), no Territ\u00f3rio de Irec\u00ea<\/a><\/td><td class=\"has-text-align-center\" data-align=\"center\">Jorge Ivan Ribeiro de Souza<\/td><\/tr><tr><td class=\"has-text-align-center\" data-align=\"center\"><a href=\"https:\/\/eventos.ifbaiano.edu.br\/portal\/congresso\/files\/2024\/01\/IF-na-Rede.pdf\">IF na Rede: divulga\u00e7\u00e3o cient\u00edfica e presen\u00e7a digital do campus Xique-Xique<\/a><\/td><td class=\"has-text-align-center\" data-align=\"center\">Priscila Bessa Meira Nascimento<\/td><\/tr><tr><td class=\"has-text-align-center\" data-align=\"center\"><a href=\"https:\/\/eventos.ifbaiano.edu.br\/portal\/congresso\/files\/2024\/01\/QUINTAIS-FRUTIFEROS-II.pdf\">Quintais Frut\u00edferos II<\/a><\/td><td class=\"has-text-align-center\" data-align=\"center\">Jorge Luiz Peixoto Bispo<\/td><\/tr><tr><td class=\"has-text-align-center\" data-align=\"center\"><a href=\"https:\/\/eventos.ifbaiano.edu.br\/portal\/congresso\/files\/2024\/01\/Jardim-Sensorial-Como-Instrumento-De-Educacao-Ambiental.pdf\">Jardim Sensorial Como Instrumento De Educa\u00e7\u00e3o Ambiental<\/a><\/td><td class=\"has-text-align-center\" data-align=\"center\">Ariana Reis Messias Fernandes de Oliveira<\/td><\/tr><tr><td class=\"has-text-align-center\" data-align=\"center\"><a href=\"https:\/\/eventos.ifbaiano.edu.br\/portal\/congresso\/files\/2024\/01\/Cine-Quirico-N.pdf\">&#8220;Cine Quiric\u00f3&#8221;: Imagens Sobre Comportamento E Modos De Vida Da Popula\u00e7\u00e3o Jovem No Cinema<\/a><\/td><td class=\"has-text-align-center\" data-align=\"center\">Rodrigo Oliveira Lessa<\/td><\/tr><tr><td class=\"has-text-align-center\" data-align=\"center\"><a href=\"https:\/\/eventos.ifbaiano.edu.br\/portal\/congresso\/files\/2024\/01\/Stand-de-Quimica-divulgando-e-popularizando-a-ciencia-no-Vale.pdf\">Stand de Qu\u00edmica: divulgando e popularizando a ci\u00eancia no Vale<\/a><\/td><td class=\"has-text-align-center\" data-align=\"center\">Jeferson do Rosario Almeida<\/td><\/tr><tr><td class=\"has-text-align-center\" data-align=\"center\"><a href=\"https:\/\/eventos.ifbaiano.edu.br\/portal\/congresso\/files\/2024\/01\/VEM-PRO-IF-construindo-a-identidade-da-instituicao-junto-a-comunidade.pdf\">VEM PRO IF: construindo a identidade da institui\u00e7\u00e3o junto \u00e0 comunidade<\/a><\/td><td class=\"has-text-align-center\" data-align=\"center\">Tiago Yamazaki Izumida Andrade<\/td><\/tr><tr><td class=\"has-text-align-center\" data-align=\"center\"><a href=\"https:\/\/eventos.ifbaiano.edu.br\/portal\/congresso\/files\/2024\/01\/Recipa-Reciclando-Papel^J-Educando-E-Preservando.pdf\">Recipa: Reciclando Papel, Educando E Preservando.<\/a><\/td><td class=\"has-text-align-center\" data-align=\"center\">Marcia Silveira Netto Machado<\/td><\/tr><tr><td class=\"has-text-align-center\" data-align=\"center\"><a href=\"https:\/\/eventos.ifbaiano.edu.br\/portal\/congresso\/files\/2024\/01\/Let_s-talk-in-English.pdf\">Let&#8217;s talk in English! Oficinas de l\u00edngua inglesa nas escola p\u00fablicas de Itaberaba.<\/a><\/td><td class=\"has-text-align-center\" data-align=\"center\">Alex Sandro Batista dos Santos<\/td><\/tr><tr><td class=\"has-text-align-center\" data-align=\"center\"><a href=\"https:\/\/eventos.ifbaiano.edu.br\/portal\/congresso\/files\/2024\/01\/Cine-Baiano.pdf\">Cine Baiano<\/a><\/td><td class=\"has-text-align-center\" data-align=\"center\">Juliana de Oliveira Almeida<\/td><\/tr><tr><td class=\"has-text-align-center\" data-align=\"center\"><a href=\"https:\/\/eventos.ifbaiano.edu.br\/portal\/congresso\/files\/2024\/01\/Incubadora-de-ideias-empreendedoras-para-egressos-do-campus-Governador-Mangabeira.pdf\">Incubadora de ideias empreendedoras para egressos do campus Governador Mangabeira<\/a><\/td><td class=\"has-text-align-center\" data-align=\"center\">Rita Vieira Garcia<\/td><\/tr><tr><td class=\"has-text-align-center\" data-align=\"center\"><a href=\"https:\/\/eventos.ifbaiano.edu.br\/portal\/congresso\/files\/2024\/01\/Descobrindo-Novos-Horizontes-Atraves-Das-Trilhas.pdf\">Descobrindo Novos Horizontes Atrav\u00e9s Das Trilhas Do Saber.<\/a><\/td><td class=\"has-text-align-center\" data-align=\"center\">Clovis Costa dos Santos<\/td><\/tr><tr><td class=\"has-text-align-center\" data-align=\"center\"><a href=\"https:\/\/eventos.ifbaiano.edu.br\/portal\/congresso\/files\/2024\/01\/AGROEC1.pdf\">Agroecologia E Horta Escolar Como Ferramentas De Educa\u00e7\u00e3o Ambiental E Alimenta\u00e7\u00e3o Saud\u00e1vel<\/a><\/td><td class=\"has-text-align-center\" data-align=\"center\">Carla da Silva Sousa<\/td><\/tr><tr><td class=\"has-text-align-center\" data-align=\"center\"><a href=\"https:\/\/eventos.ifbaiano.edu.br\/portal\/congresso\/files\/2024\/01\/CINCIA1.pdf\">Ci\u00eancia e tecnologia: inova\u00e7\u00e3o e qualidade no setor de alimentos para a comunidade catuense<\/a><\/td><td class=\"has-text-align-center\" data-align=\"center\">Paula Bacelar Leite<\/td><\/tr><tr><td class=\"has-text-align-center\" data-align=\"center\"><a href=\"https:\/\/eventos.ifbaiano.edu.br\/portal\/congresso\/files\/2024\/01\/Arvorecer-Negro-E-Geladeiroteca.pdf\">Arvorecer Negro E Geladeiroteca: Leituras E Partilhas Antirracistas<\/a><\/td><td class=\"has-text-align-center\" data-align=\"center\">Dhanyane Alves Castro<\/td><\/tr><tr><td class=\"has-text-align-center\" data-align=\"center\"><a href=\"https:\/\/eventos.ifbaiano.edu.br\/portal\/congresso\/files\/2024\/01\/IFMaker-Mulheres-em-Acao.pdf\">IFMaker &#8211; Mulheres em A\u00e7\u00e3o<\/a><\/td><td class=\"has-text-align-center\" data-align=\"center\">Gustavo de Araujo Sabry<\/td><\/tr><tr><td class=\"has-text-align-center\" data-align=\"center\"><a href=\"https:\/\/eventos.ifbaiano.edu.br\/portal\/congresso\/files\/2024\/01\/Xadrez-na-Escola.pdf\">Xadrez Na Escola: Desenvolvendo Criatividade E Autonomia<\/a><\/td><td class=\"has-text-align-center\" data-align=\"center\">Patricia Correa Santos<\/td><\/tr><tr><td class=\"has-text-align-center\" data-align=\"center\"><a href=\"https:\/\/eventos.ifbaiano.edu.br\/portal\/congresso\/files\/2024\/01\/Linguagens-de-si-e-pobreza-menstrual.pdf\">Linguagens De Si E Probreza Menstrual<\/a><\/td><td class=\"has-text-align-center\" data-align=\"center\">Luciana Helena Cajas Mazzutti<\/td><\/tr><tr><td class=\"has-text-align-center\" data-align=\"center\"><a href=\"https:\/\/eventos.ifbaiano.edu.br\/portal\/congresso\/files\/2024\/01\/Orientar-para-melhorar.pdf\">Orientar para melhorar: assist\u00eancia t\u00e9cnica para pequenos criadores de bovinos, ovinos e caprinos de Xique-Xique\/BA\u201d<\/a><\/td><td class=\"has-text-align-center\" data-align=\"center\">Romeu da Silva Leite<\/td><\/tr><\/tbody><\/table><\/figure>\n","protected":false},"excerpt":{"rendered":"<p>APRESENTADOS ORALMENTE T\u00cdTULO DO PROJETO COORDENADOR Laborat\u00f3rio m\u00f3vel de superf\u00edcies virtuais como ferramenta para o aprendizado em escolas de ensino m\u00e9dio na Microrregi\u00e3o do Territ\u00f3rio Velho Chico Iug Lopes Silo Cincho: Uma Alternativa Para Produ\u00e7\u00e3o De Silagem Na Agricultura Familiar Viviane Correa Santos Quimaker: modelagem 3D para o ensino inclusivo de Qu\u00edmica Radival da Costa&hellip;&nbsp;<a href=\"https:\/\/eventos.ifbaiano.edu.br\/portal\/congresso\/v-seic\/\" rel=\"bookmark\">Continue a ler &raquo;<span class=\"screen-reader-text\">V SEIC<\/span><\/a><\/p>\n","protected":false},"author":74,"featured_media":0,"parent":0,"menu_order":0,"comment_status":"closed","ping_status":"closed","template":"","meta":{"neve_meta_sidebar":"","neve_meta_container":"","neve_meta_enable_content_width":"","neve_meta_content_width":0,"neve_meta_title_alignment":"","neve_meta_author_avatar":"","neve_post_elements_order":"","neve_meta_disable_header":"","neve_meta_disable_footer":"","neve_meta_disable_title":"","footnotes":""},"_links":{"self":[{"href":"https:\/\/eventos.ifbaiano.edu.br\/portal\/congresso\/wp-json\/wp\/v2\/pages\/2665"}],"collection":[{"href":"https:\/\/eventos.ifbaiano.edu.br\/portal\/congresso\/wp-json\/wp\/v2\/pages"}],"about":[{"href":"https:\/\/eventos.ifbaiano.edu.br\/portal\/congresso\/wp-json\/wp\/v2\/types\/page"}],"author":[{"embeddable":true,"href":"https:\/\/eventos.ifbaiano.edu.br\/portal\/congresso\/wp-json\/wp\/v2\/users\/74"}],"replies":[{"embeddable":true,"href":"https:\/\/eventos.ifbaiano.edu.br\/portal\/congresso\/wp-json\/wp\/v2\/comments?post=2665"}],"version-history":[{"count":3,"href":"https:\/\/eventos.ifbaiano.edu.br\/portal\/congresso\/wp-json\/wp\/v2\/pages\/2665\/revisions"}],"predecessor-version":[{"id":2865,"href":"https:\/\/eventos.ifbaiano.edu.br\/portal\/congresso\/wp-json\/wp\/v2\/pages\/2665\/revisions\/2865"}],"wp:attachment":[{"href":"https:\/\/eventos.ifbaiano.edu.br\/portal\/congresso\/wp-json\/wp\/v2\/media?parent=2665"}],"curies":[{"name":"wp","href":"https:\/\/api.w.org\/{rel}","templated":true}]}}