{"id":2222,"date":"2023-05-24T14:57:58","date_gmt":"2023-05-24T17:57:58","guid":{"rendered":"https:\/\/eventos.ifbaiano.edu.br\/portal\/congresso\/?page_id=2222"},"modified":"2023-09-30T15:03:44","modified_gmt":"2023-09-30T18:03:44","slug":"v-seminario-de-extensao-inovacao-e-cultura","status":"publish","type":"page","link":"https:\/\/eventos.ifbaiano.edu.br\/portal\/congresso\/cepex2023\/v-seminario-de-extensao-inovacao-e-cultura\/","title":{"rendered":"V Semin\u00e1rio de Extens\u00e3o, Inova\u00e7\u00e3o e Cultura"},"content":{"rendered":"\n<figure class=\"wp-block-table is-style-stripes\"><table><tbody><tr><td><a href=\"https:\/\/eventos.ifbaiano.edu.br\/portal\/congresso\/files\/2023\/09\/apresentacao-dia-03.10-seic-oral.pdf\"><img decoding=\"async\" src=\"https:\/\/eventos.ifbaiano.edu.br\/portal\/congresso\/files\/2023\/09\/4-1-1024x576.png\" alt=\"\"><\/a><\/td><td><a href=\"https:\/\/eventos.ifbaiano.edu.br\/portal\/congresso\/files\/2023\/09\/apresentacao-dia-04.10-seic-oral.pdf\"><img decoding=\"async\" src=\"https:\/\/eventos.ifbaiano.edu.br\/portal\/congresso\/files\/2023\/09\/5-2-1024x576.png\" alt=\"\"><\/a><\/td><td><a href=\"https:\/\/eventos.ifbaiano.edu.br\/portal\/congresso\/files\/2023\/09\/apresentacao-dia-05.10-seic-oral.pdf\"><img decoding=\"async\" src=\"https:\/\/eventos.ifbaiano.edu.br\/portal\/congresso\/files\/2023\/09\/6-1-1024x576.png\" alt=\"\"><\/a><\/td><\/tr><\/tbody><\/table><\/figure>\n\n\n\n<figure class=\"wp-block-table is-style-stripes\"><table><tbody><tr><td class=\"has-text-align-center\" data-align=\"center\"><a href=\"https:\/\/eventos.ifbaiano.edu.br\/portal\/congresso\/files\/2023\/09\/apresentacao-dia-04.10-seic-poster.pdf\"><img decoding=\"async\" style=\"width: 436px\" src=\"https:\/\/eventos.ifbaiano.edu.br\/portal\/congresso\/files\/2023\/09\/2-3-1024x576.png\" alt=\"\"><\/a><\/td><td><a href=\"https:\/\/eventos.ifbaiano.edu.br\/portal\/congresso\/files\/2023\/09\/apresentacao-05.10-cepex.pdf\"><img decoding=\"async\" style=\"width: 435px\" src=\"https:\/\/eventos.ifbaiano.edu.br\/portal\/congresso\/files\/2023\/09\/3-3-1024x576.png\" alt=\"\"><\/a><\/td><\/tr><\/tbody><\/table><\/figure>\n","protected":false},"excerpt":{"rendered":"","protected":false},"author":20,"featured_media":0,"parent":2206,"menu_order":0,"comment_status":"closed","ping_status":"closed","template":"","meta":{"neve_meta_sidebar":"","neve_meta_container":"","neve_meta_enable_content_width":"","neve_meta_content_width":0,"neve_meta_title_alignment":"","neve_meta_author_avatar":"","neve_post_elements_order":"","neve_meta_disable_header":"","neve_meta_disable_footer":"","neve_meta_disable_title":"","footnotes":""},"_links":{"self":[{"href":"https:\/\/eventos.ifbaiano.edu.br\/portal\/congresso\/wp-json\/wp\/v2\/pages\/2222"}],"collection":[{"href":"https:\/\/eventos.ifbaiano.edu.br\/portal\/congresso\/wp-json\/wp\/v2\/pages"}],"about":[{"href":"https:\/\/eventos.ifbaiano.edu.br\/portal\/congresso\/wp-json\/wp\/v2\/types\/page"}],"author":[{"embeddable":true,"href":"https:\/\/eventos.ifbaiano.edu.br\/portal\/congresso\/wp-json\/wp\/v2\/users\/20"}],"replies":[{"embeddable":true,"href":"https:\/\/eventos.ifbaiano.edu.br\/portal\/congresso\/wp-json\/wp\/v2\/comments?post=2222"}],"version-history":[{"count":12,"href":"https:\/\/eventos.ifbaiano.edu.br\/portal\/congresso\/wp-json\/wp\/v2\/pages\/2222\/revisions"}],"predecessor-version":[{"id":2631,"href":"https:\/\/eventos.ifbaiano.edu.br\/portal\/congresso\/wp-json\/wp\/v2\/pages\/2222\/revisions\/2631"}],"up":[{"embeddable":true,"href":"https:\/\/eventos.ifbaiano.edu.br\/portal\/congresso\/wp-json\/wp\/v2\/pages\/2206"}],"wp:attachment":[{"href":"https:\/\/eventos.ifbaiano.edu.br\/portal\/congresso\/wp-json\/wp\/v2\/media?parent=2222"}],"curies":[{"name":"wp","href":"https:\/\/api.w.org\/{rel}","templated":true}]}}