{"id":2214,"date":"2023-05-24T14:55:44","date_gmt":"2023-05-24T17:55:44","guid":{"rendered":"https:\/\/eventos.ifbaiano.edu.br\/portal\/congresso\/?page_id=2214"},"modified":"2023-09-30T15:13:20","modified_gmt":"2023-09-30T18:13:20","slug":"x-mostra-de-iniciacao-cientifica","status":"publish","type":"page","link":"https:\/\/eventos.ifbaiano.edu.br\/portal\/congresso\/cepex2023\/x-mostra-de-iniciacao-cientifica\/","title":{"rendered":"X Mostra de Inicia\u00e7\u00e3o Cient\u00edfica"},"content":{"rendered":"\n<figure class=\"wp-block-table is-style-stripes\"><table><tbody><tr><td><a href=\"https:\/\/eventos.ifbaiano.edu.br\/portal\/congresso\/files\/2023\/09\/apresentacao-dia-03.10-mic-oral.pdf\"><img decoding=\"async\" src=\"https:\/\/eventos.ifbaiano.edu.br\/portal\/congresso\/files\/2023\/09\/1-3-1024x576.png\" alt=\"\"><\/a><\/td><td><a href=\"https:\/\/eventos.ifbaiano.edu.br\/portal\/congresso\/files\/2023\/09\/apresentacao-dia-04.10-mic-oral.pdf\"><img decoding=\"async\" src=\"https:\/\/eventos.ifbaiano.edu.br\/portal\/congresso\/files\/2023\/09\/2-2-1024x576.png\" alt=\"\"><\/a><\/td><td><a href=\"https:\/\/eventos.ifbaiano.edu.br\/portal\/congresso\/files\/2023\/09\/apresentacao-dia-05.10-mic-oral.pdf\"><img decoding=\"async\" src=\"https:\/\/eventos.ifbaiano.edu.br\/portal\/congresso\/files\/2023\/09\/3-2-1024x576.png\" alt=\"\"><\/a><\/td><\/tr><\/tbody><\/table><\/figure>\n\n\n\n<figure class=\"wp-block-table is-style-stripes\"><table><tbody><tr><td> <figure class=\"wp-block-image size-large\"><a href=\"https:\/\/eventos.ifbaiano.edu.br\/portal\/congresso\/files\/2023\/09\/apresentacao-dia-03.10-mic-poster.pdf\"><img loading=\"lazy\" decoding=\"async\" width=\"1024\" height=\"576\" class=\"wp-image-2481\" src=\"https:\/\/eventos.ifbaiano.edu.br\/portal\/congresso\/files\/2023\/09\/1-4-1024x576.png\" alt=\"\" srcset=\"https:\/\/eventos.ifbaiano.edu.br\/portal\/congresso\/files\/2023\/09\/1-4-1024x576.png 1024w, https:\/\/eventos.ifbaiano.edu.br\/portal\/congresso\/files\/2023\/09\/1-4-300x169.png 300w, https:\/\/eventos.ifbaiano.edu.br\/portal\/congresso\/files\/2023\/09\/1-4-768x432.png 768w, https:\/\/eventos.ifbaiano.edu.br\/portal\/congresso\/files\/2023\/09\/1-4-1536x864.png 1536w, https:\/\/eventos.ifbaiano.edu.br\/portal\/congresso\/files\/2023\/09\/1-4.png 1920w\" sizes=\"(max-width: 1024px) 100vw, 1024px\" \/><\/a><\/figure> <\/td><td><a href=\"https:\/\/eventos.ifbaiano.edu.br\/portal\/congresso\/files\/2023\/09\/apresentacao-05.10-cepex.pdf\"><img decoding=\"async\" src=\"https:\/\/eventos.ifbaiano.edu.br\/portal\/congresso\/files\/2023\/09\/3-3-1024x576.png\" alt=\"\"><\/a><\/td><\/tr><\/tbody><\/table><\/figure>\n","protected":false},"excerpt":{"rendered":"","protected":false},"author":20,"featured_media":0,"parent":2206,"menu_order":0,"comment_status":"closed","ping_status":"closed","template":"","meta":{"neve_meta_sidebar":"","neve_meta_container":"","neve_meta_enable_content_width":"","neve_meta_content_width":0,"neve_meta_title_alignment":"","neve_meta_author_avatar":"","neve_post_elements_order":"","neve_meta_disable_header":"","neve_meta_disable_footer":"","neve_meta_disable_title":"","footnotes":""},"_links":{"self":[{"href":"https:\/\/eventos.ifbaiano.edu.br\/portal\/congresso\/wp-json\/wp\/v2\/pages\/2214"}],"collection":[{"href":"https:\/\/eventos.ifbaiano.edu.br\/portal\/congresso\/wp-json\/wp\/v2\/pages"}],"about":[{"href":"https:\/\/eventos.ifbaiano.edu.br\/portal\/congresso\/wp-json\/wp\/v2\/types\/page"}],"author":[{"embeddable":true,"href":"https:\/\/eventos.ifbaiano.edu.br\/portal\/congresso\/wp-json\/wp\/v2\/users\/20"}],"replies":[{"embeddable":true,"href":"https:\/\/eventos.ifbaiano.edu.br\/portal\/congresso\/wp-json\/wp\/v2\/comments?post=2214"}],"version-history":[{"count":11,"href":"https:\/\/eventos.ifbaiano.edu.br\/portal\/congresso\/wp-json\/wp\/v2\/pages\/2214\/revisions"}],"predecessor-version":[{"id":2635,"href":"https:\/\/eventos.ifbaiano.edu.br\/portal\/congresso\/wp-json\/wp\/v2\/pages\/2214\/revisions\/2635"}],"up":[{"embeddable":true,"href":"https:\/\/eventos.ifbaiano.edu.br\/portal\/congresso\/wp-json\/wp\/v2\/pages\/2206"}],"wp:attachment":[{"href":"https:\/\/eventos.ifbaiano.edu.br\/portal\/congresso\/wp-json\/wp\/v2\/media?parent=2214"}],"curies":[{"name":"wp","href":"https:\/\/api.w.org\/{rel}","templated":true}]}}