{"id":2206,"date":"2023-05-24T14:48:31","date_gmt":"2023-05-24T17:48:31","guid":{"rendered":"https:\/\/eventos.ifbaiano.edu.br\/portal\/congresso\/?page_id=2206"},"modified":"2024-07-03T11:39:00","modified_gmt":"2024-07-03T14:39:00","slug":"cepex2023","status":"publish","type":"page","link":"https:\/\/eventos.ifbaiano.edu.br\/portal\/congresso\/cepex2023\/","title":{"rendered":"2\u00aa Congresso de Ensino, Pesquisa e Extens\u00e3o do IF Baiano &#8211; Ano 2023"},"content":{"rendered":"\n<p><strong>2\u00aa Congresso de Ensino, Pesquisa e Extens\u00e3o do IF Baiano <\/strong>&#8211; 02 a 05 de outubro de 2023<\/p>\n\n\n\n<h5 class=\"wp-block-heading has-text-align-center has-background\" style=\"background-color:#b8ffbd\">Ci\u00eancia, Diversidade e Tecnologia: 15 anos do IF Baiano<\/h5>\n\n\n\n<hr class=\"wp-block-separator has-text-color has-nv-light-bg-color has-css-opacity has-nv-light-bg-background-color has-background is-style-wide\" \/>\n\n\n\n<p>O II Congresso de Ensino, Pesquisa e Extens\u00e3o do IF Baiano \u00e9 um evento acad\u00eamico-cient\u00edfico que objetiva divulgar a produ\u00e7\u00e3o de conhecimento entre discentes, extensionistas, profissionais da educa\u00e7\u00e3o, pesquisadores(as), gestores(as) e demais interessados(as).<\/p>\n\n\n\n<p>Visa fortalecer por meio de experi\u00eancias inovadoras a indissolubilidade entre ensino, pesquisa e extens\u00e3o, tendo como eixos de integra\u00e7\u00e3o o desenvolvimento territorial e institucional, contemplando diversidade, inclus\u00e3o, g\u00eanero, internacionaliza\u00e7\u00e3o e diferentes culturas.<\/p>\n\n\n\n<p>O congresso ser\u00e1 sediado no Campus Bom Jesus da Lapa, de forma presencial, no per\u00edodo 02 a 05 de outubro de 2023, contemplando em sua programa\u00e7\u00e3o oficinas, minicursos, palestras, mesas-redondas, atra\u00e7\u00f5es art\u00edsticas, apresenta\u00e7\u00e3o de comunica\u00e7\u00f5es e premia\u00e7\u00f5es.<\/p>\n\n\n\n<p>Voc\u00ea \u00e9 nosso(a) convidado(a) para acompanhar, compartilhar experi\u00eancias e construir conhecimento neste espa\u00e7o que evidencia a ci\u00eancia, cultura e inova\u00e7\u00e3o.<\/p>\n\n\n\n<figure class=\"wp-block-embed is-type-video is-provider-youtube wp-block-embed-youtube wp-embed-aspect-16-9 wp-has-aspect-ratio\"><div class=\"wp-block-embed__wrapper\">\n<div class=\"nv-iframe-embed\"><iframe loading=\"lazy\" title=\"Congresso do IF Baiano - Abertura\" width=\"1200\" height=\"675\" src=\"https:\/\/www.youtube.com\/embed\/GRHIGcYm5mk?feature=oembed\" frameborder=\"0\" allow=\"accelerometer; autoplay; clipboard-write; encrypted-media; gyroscope; picture-in-picture; web-share\" referrerpolicy=\"strict-origin-when-cross-origin\" allowfullscreen><\/iframe><\/div>\n<\/div><\/figure>\n\n\n\n<hr class=\"wp-block-separator has-text-color has-nv-light-bg-color has-css-opacity has-nv-light-bg-background-color has-background is-style-wide\" \/>\n\n\n\n<div class=\"wp-block-columns is-layout-flex wp-container-core-columns-is-layout-1 wp-block-columns-is-layout-flex\">\n<div class=\"wp-block-column is-layout-flow wp-block-column-is-layout-flow\"><div class=\"wp-block-image\">\n<figure class=\"aligncenter size-full\"><img loading=\"lazy\" decoding=\"async\" width=\"300\" height=\"200\" src=\"https:\/\/eventos.ifbaiano.edu.br\/portal\/congresso\/files\/2023\/05\/marca-mic.png\" alt=\"\" class=\"wp-image-2175\" \/><\/figure><\/div><\/div>\n\n\n\n<div class=\"wp-block-column is-layout-flow wp-block-column-is-layout-flow\"><div class=\"wp-block-image\">\n<figure class=\"aligncenter size-full\"><img loading=\"lazy\" decoding=\"async\" width=\"300\" height=\"200\" src=\"https:\/\/eventos.ifbaiano.edu.br\/portal\/congresso\/files\/2023\/05\/marca-srp.png\" alt=\"\" class=\"wp-image-2244\" \/><\/figure><\/div><\/div>\n\n\n\n<div class=\"wp-block-column is-layout-flow wp-block-column-is-layout-flow\"><div class=\"wp-block-image\">\n<figure class=\"aligncenter size-full\"><img loading=\"lazy\" decoding=\"async\" width=\"300\" height=\"200\" src=\"https:\/\/eventos.ifbaiano.edu.br\/portal\/congresso\/files\/2023\/05\/marca-sip.png\" alt=\"\" class=\"wp-image-2179\" \/><\/figure><\/div><\/div>\n<\/div>\n\n\n\n<div class=\"wp-block-columns is-layout-flex wp-container-core-columns-is-layout-2 wp-block-columns-is-layout-flex\">\n<div class=\"wp-block-column is-layout-flow wp-block-column-is-layout-flow\"><div class=\"wp-block-image\">\n<figure class=\"aligncenter size-full\"><img loading=\"lazy\" decoding=\"async\" width=\"300\" height=\"200\" src=\"https:\/\/eventos.ifbaiano.edu.br\/portal\/congresso\/files\/2023\/05\/marca-sinter.png\" alt=\"\" class=\"wp-image-2178\" \/><\/figure><\/div><\/div>\n\n\n\n<div class=\"wp-block-column is-layout-flow wp-block-column-is-layout-flow\"><div class=\"wp-block-image\">\n<figure class=\"aligncenter size-full\"><img loading=\"lazy\" decoding=\"async\" width=\"300\" height=\"200\" src=\"https:\/\/eventos.ifbaiano.edu.br\/portal\/congresso\/files\/2023\/05\/marca-seminario-pibid.png\" alt=\"\" class=\"wp-image-2246\" \/><\/figure><\/div><\/div>\n\n\n\n<div class=\"wp-block-column is-layout-flow wp-block-column-is-layout-flow\"><div class=\"wp-block-image\">\n<figure class=\"aligncenter size-full\"><img loading=\"lazy\" decoding=\"async\" width=\"300\" height=\"200\" src=\"https:\/\/eventos.ifbaiano.edu.br\/portal\/congresso\/files\/2023\/05\/marca-seic.png\" alt=\"\" class=\"wp-image-2247\" \/><\/figure><\/div><\/div>\n\n\n\n<div class=\"wp-block-column is-layout-flow wp-block-column-is-layout-flow\"><div class=\"wp-block-image\">\n<figure class=\"aligncenter size-full\"><img loading=\"lazy\" decoding=\"async\" width=\"300\" height=\"200\" src=\"https:\/\/eventos.ifbaiano.edu.br\/portal\/congresso\/files\/2023\/09\/1mostratec-web2.png\" alt=\"\" class=\"wp-image-2403\" \/><\/figure><\/div><\/div>\n<\/div>\n\n\n\n<div class=\"wp-block-buttons is-content-justification-center is-layout-flex wp-container-core-buttons-is-layout-1 wp-block-buttons-is-layout-flex\">\n<div class=\"wp-block-button has-custom-width wp-block-button__width-25 has-custom-font-size is-style-primary has-small-font-size\"><a class=\"wp-block-button__link has-midnight-gradient-background has-background wp-element-button\" href=\"https:\/\/eventos.ifbaiano.edu.br\/portal\/congresso\/cepex2023\/programacao\/\" style=\"border-radius:100px\">PROGRAMA\u00c7\u00c3O &#8211; ANO 2023<\/a><\/div>\n\n\n\n<div class=\"wp-block-button has-custom-font-size is-style-primary has-small-font-size\"><a class=\"wp-block-button__link has-nv-site-bg-color has-midnight-gradient-background has-text-color has-background has-link-color wp-element-button\" href=\"https:\/\/eventos.ifbaiano.edu.br\/portal\/congresso\/cepex2023\/comissao-geral-do-evento\/\" style=\"border-radius:100px\">COMISS\u00c3O DO EVENTO &#8211; ANO 2023<\/a><\/div>\n\n\n\n<div class=\"wp-block-button has-custom-font-size\" style=\"font-size:16px\"><a class=\"wp-block-button__link has-midnight-gradient-background has-background wp-element-button\" href=\"https:\/\/eventos.ifbaiano.edu.br\/portal\/congresso\/premiados-2023\/\" style=\"border-radius:100px\">CERTIFICADOS PREMIADOS EM 2023<\/a><\/div>\n\n\n\n<div class=\"wp-block-button has-custom-width wp-block-button__width-25 is-style-default\"><a class=\"wp-block-button__link has-midnight-gradient-background has-background wp-element-button\" href=\"https:\/\/eventos.ifbaiano.edu.br\/portal\/congresso\/x-mic\/\" style=\"border-radius:100px\">CERTIFICADOS &#8211; MIC<\/a><\/div>\n\n\n\n<div class=\"wp-block-button\"><a class=\"wp-block-button__link has-midnight-gradient-background has-background wp-element-button\" href=\"https:\/\/eventos.ifbaiano.edu.br\/portal\/congresso\/v-seic\/\" style=\"border-radius:100px\">CERTIFICADOS &#8211; VSEIC<\/a><\/div>\n\n\n\n<div class=\"wp-block-button\"><a class=\"wp-block-button__link has-midnight-gradient-background has-background wp-element-button\" href=\"https:\/\/eventos.ifbaiano.edu.br\/portal\/congresso\/i-mostratec-2\/\" style=\"border-radius:100px\">CERTIFICADOS &#8211; MostraTec<\/a><\/div>\n\n\n\n<div class=\"wp-block-button\"><a class=\"wp-block-button__link has-midnight-gradient-background has-background wp-element-button\" href=\"https:\/\/eventos.ifbaiano.edu.br\/portal\/congresso\/viii-pibid-iii-prp\/\" style=\"border-radius:100px\">CERTIFICADOS &#8211; VIII PIBID \/ III PRP<\/a><\/div>\n\n\n\n<div class=\"wp-block-button\"><a class=\"wp-block-button__link has-midnight-gradient-background has-background wp-element-button\" href=\"https:\/\/eventos.ifbaiano.edu.br\/portal\/congresso\/ii-cepex\/\" style=\"border-style:none;border-width:0px;border-radius:100px\">CERTIFICADOS &#8211; II CEPEX<\/a><\/div>\n\n\n\n<div class=\"wp-block-button\"><a class=\"wp-block-button__link has-midnight-gradient-background has-background wp-element-button\" href=\"https:\/\/eventos.ifbaiano.edu.br\/portal\/congresso\/pos\/\" style=\"border-radius:100px\">CERTIFICADOS &#8211; P\u00d3S-GRADUA\u00c7\u00c3O<\/a><\/div>\n\n\n\n<div class=\"wp-block-button has-custom-font-size\" style=\"font-size:17px\"><a class=\"wp-block-button__link has-midnight-gradient-background has-background wp-element-button\" href=\"https:\/\/eventos.ifbaiano.edu.br\/portal\/congresso\/anais-2023-2\/\" style=\"border-radius:100px\">ANAIS 2023<\/a><\/div>\n<\/div>\n","protected":false},"excerpt":{"rendered":"<p>2\u00aa Congresso de Ensino, Pesquisa e Extens\u00e3o do IF Baiano &#8211; 02 a 05 de outubro de 2023 Ci\u00eancia, Diversidade e Tecnologia: 15 anos do IF Baiano O II Congresso de Ensino, Pesquisa e Extens\u00e3o do IF Baiano \u00e9 um evento acad\u00eamico-cient\u00edfico que objetiva divulgar a produ\u00e7\u00e3o de conhecimento entre discentes, extensionistas, profissionais da educa\u00e7\u00e3o,&hellip;&nbsp;<a href=\"https:\/\/eventos.ifbaiano.edu.br\/portal\/congresso\/cepex2023\/\" rel=\"bookmark\">Continue a ler &raquo;<span class=\"screen-reader-text\">2\u00aa Congresso de Ensino, Pesquisa e Extens\u00e3o do IF Baiano &#8211; Ano 2023<\/span><\/a><\/p>\n","protected":false},"author":20,"featured_media":0,"parent":0,"menu_order":0,"comment_status":"closed","ping_status":"closed","template":"","meta":{"neve_meta_sidebar":"","neve_meta_container":"","neve_meta_enable_content_width":"","neve_meta_content_width":0,"neve_meta_title_alignment":"","neve_meta_author_avatar":"","neve_post_elements_order":"","neve_meta_disable_header":"","neve_meta_disable_footer":"","neve_meta_disable_title":"","footnotes":""},"_links":{"self":[{"href":"https:\/\/eventos.ifbaiano.edu.br\/portal\/congresso\/wp-json\/wp\/v2\/pages\/2206"}],"collection":[{"href":"https:\/\/eventos.ifbaiano.edu.br\/portal\/congresso\/wp-json\/wp\/v2\/pages"}],"about":[{"href":"https:\/\/eventos.ifbaiano.edu.br\/portal\/congresso\/wp-json\/wp\/v2\/types\/page"}],"author":[{"embeddable":true,"href":"https:\/\/eventos.ifbaiano.edu.br\/portal\/congresso\/wp-json\/wp\/v2\/users\/20"}],"replies":[{"embeddable":true,"href":"https:\/\/eventos.ifbaiano.edu.br\/portal\/congresso\/wp-json\/wp\/v2\/comments?post=2206"}],"version-history":[{"count":5,"href":"https:\/\/eventos.ifbaiano.edu.br\/portal\/congresso\/wp-json\/wp\/v2\/pages\/2206\/revisions"}],"predecessor-version":[{"id":3420,"href":"https:\/\/eventos.ifbaiano.edu.br\/portal\/congresso\/wp-json\/wp\/v2\/pages\/2206\/revisions\/3420"}],"wp:attachment":[{"href":"https:\/\/eventos.ifbaiano.edu.br\/portal\/congresso\/wp-json\/wp\/v2\/media?parent=2206"}],"curies":[{"name":"wp","href":"https:\/\/api.w.org\/{rel}","templated":true}]}}