{"id":2198,"date":"2023-05-24T14:38:13","date_gmt":"2023-05-24T17:38:13","guid":{"rendered":"https:\/\/eventos.ifbaiano.edu.br\/portal\/congresso\/?page_id=2198"},"modified":"2024-07-03T11:39:33","modified_gmt":"2024-07-03T14:39:33","slug":"2022-2","status":"publish","type":"page","link":"https:\/\/eventos.ifbaiano.edu.br\/portal\/congresso\/2022-2\/","title":{"rendered":"1\u00aa Edi\u00e7\u00e3o do Congresso de Ensino, Pesquisa e Extens\u00e3o do IF Baiano &#8211; Ano 2022"},"content":{"rendered":"\n<p><strong>1\u00aa Edi\u00e7\u00e3o do Congresso de Ensino, Pesquisa e Extens\u00e3o do IF Baiano <\/strong>&#8211; 06 a 08 de dezembro de 2022<\/p>\n\n\n\n<h5 class=\"wp-block-heading has-text-align-center has-background\" style=\"background-color:#c6e3bb\">Educar para vida: o papel do Ensino, Pesquisa e Extens\u00e3o nos institutos federais<\/h5>\n\n\n\n<hr class=\"wp-block-separator has-text-color has-nv-light-bg-color has-css-opacity has-nv-light-bg-background-color has-background is-style-wide\" \/>\n\n\n\n<p>O I Congresso de Ensino, Pesquisa e Extens\u00e3o do IF Baiano \u00e9 um evento acad\u00eamico-cient\u00edfico que objetiva divulgar a produ\u00e7\u00e3o de conhecimento entre discentes, extensionistas, profissionais da educa\u00e7\u00e3o, pesquisadores(as), gestores(as) e demais interessados(as).<\/p>\n\n\n\n<p>Visa fortalecer por meio de experi\u00eancias inovadoras a indissolubilidade entre ensino, pesquisa e extens\u00e3o, tendo como eixos de integra\u00e7\u00e3o o desenvolvimento territorial e institucional, contemplando diversidade, inclus\u00e3o, g\u00eanero, internacionaliza\u00e7\u00e3o e diferentes culturas.<\/p>\n\n\n\n<p>Essa 1\u00aa edi\u00e7\u00e3o, apresenta o tema &#8211; Educar para vida: o papel do ensino, pesquisa e extens\u00e3o nos institutos federais. E est\u00e1 sendo elaborada de forma conjunta com a Pr\u00f3-Reitoria de Pesquisa e Inova\u00e7\u00e3o, Pr\u00f3-Reitoria de Ensino, Pr\u00f3-Reitoria de Extens\u00e3o, Pr\u00f3-Reitoria de Desenvolvimento Institucional, Campus Catu e gerenciadas pela Reitoria do IF Baiano.<\/p>\n\n\n\n<p>Por se constituir em um espa\u00e7o de troca e divulga\u00e7\u00e3o do conhecimento ser\u00e3o realizados os seguintes eventos: o <strong>Semin\u00e1rio de Extens\u00e3o, Inova\u00e7\u00e3o e Cultura<\/strong> (IV SEIC), o <strong>Simp\u00f3sio de Internacionaliza\u00e7\u00e3o<\/strong> (III Sinter), a <strong>Mostra de Inicia\u00e7\u00e3o Cient\u00edfica<\/strong> (MIC 2022), al\u00e9m de outros temas agregados.<\/p>\n\n\n\n<p>O congresso ser\u00e1 sediado no Campus Catu, de forma presencial, no per\u00edodo 06 a 08 de dezembro de 2022, contemplando em sua programa\u00e7\u00e3o oficinas, minicursos, palestras, mesas-redondas, atra\u00e7\u00f5es art\u00edsticas, apresenta\u00e7\u00e3o de comunica\u00e7\u00f5es e premia\u00e7\u00f5es.<\/p>\n\n\n\n<p>Voc\u00ea \u00e9 nosso(a) convidado(a) para acompanhar, compartilhar experi\u00eancias e construir conhecimento neste espa\u00e7o que evidencia a ci\u00eancia, cultura e inova\u00e7\u00e3o.<\/p>\n\n\n\n<hr class=\"wp-block-separator has-text-color has-nv-light-bg-color has-css-opacity has-nv-light-bg-background-color has-background is-style-wide\" \/>\n\n\n\n<div class=\"wp-block-columns has-background is-layout-flex wp-container-core-columns-is-layout-1 wp-block-columns-is-layout-flex\" style=\"background-color:#263445\">\n<div class=\"wp-block-column is-layout-flow wp-block-column-is-layout-flow\">\n<figure class=\"wp-block-image size-full\"><img loading=\"lazy\" decoding=\"async\" width=\"500\" height=\"197\" src=\"https:\/\/eventos.ifbaiano.edu.br\/portal\/congresso\/files\/2022\/10\/marca-mic-2022-site-congresso.png\" alt=\"\" class=\"wp-image-1689\" srcset=\"https:\/\/eventos.ifbaiano.edu.br\/portal\/congresso\/files\/2022\/10\/marca-mic-2022-site-congresso.png 500w, https:\/\/eventos.ifbaiano.edu.br\/portal\/congresso\/files\/2022\/10\/marca-mic-2022-site-congresso-300x118.png 300w\" sizes=\"(max-width: 500px) 100vw, 500px\" \/><\/figure>\n<\/div>\n\n\n\n<div class=\"wp-block-column is-layout-flow wp-block-column-is-layout-flow\">\n<figure class=\"wp-block-image size-full\"><img loading=\"lazy\" decoding=\"async\" width=\"500\" height=\"197\" src=\"https:\/\/eventos.ifbaiano.edu.br\/portal\/congresso\/files\/2022\/10\/marca-seic-2022-site-congresso.png\" alt=\"\" class=\"wp-image-1690\" srcset=\"https:\/\/eventos.ifbaiano.edu.br\/portal\/congresso\/files\/2022\/10\/marca-seic-2022-site-congresso.png 500w, https:\/\/eventos.ifbaiano.edu.br\/portal\/congresso\/files\/2022\/10\/marca-seic-2022-site-congresso-300x118.png 300w\" sizes=\"(max-width: 500px) 100vw, 500px\" \/><\/figure>\n<\/div>\n\n\n\n<div class=\"wp-block-column is-layout-flow wp-block-column-is-layout-flow\">\n<figure class=\"wp-block-image size-full\"><img loading=\"lazy\" decoding=\"async\" width=\"500\" height=\"197\" src=\"https:\/\/eventos.ifbaiano.edu.br\/portal\/congresso\/files\/2022\/10\/marca-sinter-2022-site-congresso.png\" alt=\"\" class=\"wp-image-1691\" srcset=\"https:\/\/eventos.ifbaiano.edu.br\/portal\/congresso\/files\/2022\/10\/marca-sinter-2022-site-congresso.png 500w, https:\/\/eventos.ifbaiano.edu.br\/portal\/congresso\/files\/2022\/10\/marca-sinter-2022-site-congresso-300x118.png 300w\" sizes=\"(max-width: 500px) 100vw, 500px\" \/><\/figure>\n<\/div>\n<\/div>\n\n\n\n<div class=\"wp-block-columns is-layout-flex wp-container-core-columns-is-layout-2 wp-block-columns-is-layout-flex\">\n<div class=\"wp-block-column is-layout-flow wp-block-column-is-layout-flow\">\n<p><a href=\"https:\/\/eventos.ifbaiano.edu.br\/portal\/congresso\/apresentacao-de-trabalhos-2021\/https-eventos-ifbaiano-edu-br-portal-congresso-apresentacao-de-trabalhos-2021-anais\/anais-2021\/\" target=\"_blank\" rel=\"noreferrer noopener\">Anais<\/a><\/p>\n\n\n\n<p><a rel=\"noreferrer noopener\" href=\"https:\/\/eventos.ifbaiano.edu.br\/portal\/congresso\/comissao-2021\/\" target=\"_blank\">Comiss\u00e3o Geral do Evento<\/a><\/p>\n\n\n\n<p><a rel=\"noreferrer noopener\" href=\"https:\/\/eventos.ifbaiano.edu.br\/portal\/congresso\/certificados\/\" target=\"_blank\">Certificados<\/a><\/p>\n<\/div>\n\n\n\n<div class=\"wp-block-column is-layout-flow wp-block-column-is-layout-flow\">\n<p><a href=\"https:\/\/eventos.ifbaiano.edu.br\/portal\/congresso\/comissao-2021\/\" target=\"_blank\" rel=\"noreferrer noopener\">Expediente<\/a><\/p>\n\n\n\n<p><a href=\"https:\/\/eventos.ifbaiano.edu.br\/portal\/congresso\/programacao-2022\/\" target=\"_blank\" rel=\"noreferrer noopener\">Programa\u00e7\u00e3o<\/a><\/p>\n<\/div>\n\n\n\n<div class=\"wp-block-column is-layout-flow wp-block-column-is-layout-flow\">\n<p><a href=\"https:\/\/eventos.ifbaiano.edu.br\/portal\/congresso\/documentos-2021\/\" target=\"_blank\" rel=\"noreferrer noopener\">Normas<\/a><\/p>\n\n\n\n<p><a href=\"https:\/\/eventos.ifbaiano.edu.br\/portal\/congresso\/iv-seminario-de-extensao-inovacao-e-cultura\/\" target=\"_blank\" rel=\"noreferrer noopener\">IV Semin\u00e1rio de Extens\u00e3o, Inova\u00e7\u00e3o e Cultura<\/a><br><a href=\"https:\/\/eventos.ifbaiano.edu.br\/portal\/congresso\/ix-mostra-de-iniciacao-cientifica\/\" target=\"_blank\" rel=\"noreferrer noopener\">IX Mostra de Inicia\u00e7\u00e3o Cient\u00edfica<\/a><br><a rel=\"noreferrer noopener\" href=\"https:\/\/eventos.ifbaiano.edu.br\/portal\/congresso\/3-simposio-de-internacionalizacao-2022\/\" target=\"_blank\">III Simp\u00f3sio de Internacionaliza\u00e7\u00e3o<\/a><br><\/p>\n<\/div>\n<\/div>\n","protected":false},"excerpt":{"rendered":"<p>1\u00aa Edi\u00e7\u00e3o do Congresso de Ensino, Pesquisa e Extens\u00e3o do IF Baiano &#8211; 06 a 08 de dezembro de 2022 Educar para vida: o papel do Ensino, Pesquisa e Extens\u00e3o nos institutos federais O I Congresso de Ensino, Pesquisa e Extens\u00e3o do IF Baiano \u00e9 um evento acad\u00eamico-cient\u00edfico que objetiva divulgar a produ\u00e7\u00e3o de conhecimento&hellip;&nbsp;<a href=\"https:\/\/eventos.ifbaiano.edu.br\/portal\/congresso\/2022-2\/\" rel=\"bookmark\">Continue a ler &raquo;<span class=\"screen-reader-text\">1\u00aa Edi\u00e7\u00e3o do Congresso de Ensino, Pesquisa e Extens\u00e3o do IF Baiano &#8211; Ano 2022<\/span><\/a><\/p>\n","protected":false},"author":20,"featured_media":0,"parent":0,"menu_order":0,"comment_status":"closed","ping_status":"closed","template":"","meta":{"neve_meta_sidebar":"","neve_meta_container":"","neve_meta_enable_content_width":"","neve_meta_content_width":0,"neve_meta_title_alignment":"","neve_meta_author_avatar":"","neve_post_elements_order":"","neve_meta_disable_header":"","neve_meta_disable_footer":"","neve_meta_disable_title":"","footnotes":""},"_links":{"self":[{"href":"https:\/\/eventos.ifbaiano.edu.br\/portal\/congresso\/wp-json\/wp\/v2\/pages\/2198"}],"collection":[{"href":"https:\/\/eventos.ifbaiano.edu.br\/portal\/congresso\/wp-json\/wp\/v2\/pages"}],"about":[{"href":"https:\/\/eventos.ifbaiano.edu.br\/portal\/congresso\/wp-json\/wp\/v2\/types\/page"}],"author":[{"embeddable":true,"href":"https:\/\/eventos.ifbaiano.edu.br\/portal\/congresso\/wp-json\/wp\/v2\/users\/20"}],"replies":[{"embeddable":true,"href":"https:\/\/eventos.ifbaiano.edu.br\/portal\/congresso\/wp-json\/wp\/v2\/comments?post=2198"}],"version-history":[{"count":5,"href":"https:\/\/eventos.ifbaiano.edu.br\/portal\/congresso\/wp-json\/wp\/v2\/pages\/2198\/revisions"}],"predecessor-version":[{"id":3422,"href":"https:\/\/eventos.ifbaiano.edu.br\/portal\/congresso\/wp-json\/wp\/v2\/pages\/2198\/revisions\/3422"}],"wp:attachment":[{"href":"https:\/\/eventos.ifbaiano.edu.br\/portal\/congresso\/wp-json\/wp\/v2\/media?parent=2198"}],"curies":[{"name":"wp","href":"https:\/\/api.w.org\/{rel}","templated":true}]}}